
{"id":10973,"date":"2022-10-25T08:18:04","date_gmt":"2022-10-25T08:18:04","guid":{"rendered":"https:\/\/lenard.tech\/sostenibilidad\/"},"modified":"2025-10-09T10:01:51","modified_gmt":"2025-10-09T10:01:51","slug":"nachhaltigkeit","status":"publish","type":"page","link":"https:\/\/lenard.tech\/de\/nachhaltigkeit\/","title":{"rendered":"NACHHALTIGKEIT"},"content":{"rendered":"<section class=\"wpb-content-wrapper\"><p>[vc_row full_width=&#8221;stretch_row&#8221; woodmart_bg_position=&#8221;center-top&#8221; css=&#8221;.vc_custom_1695818946378{margin-top: -40px !important;background: #ffffff url(https:\/\/lenard.tech\/wp-content\/uploads\/2023\/03\/img_cap_SOST.jpg?id=7972) !important;}&#8221; mobile_bg_img_hidden=&#8221;no&#8221; tablet_bg_img_hidden=&#8221;no&#8221; woodmart_parallax=&#8221;0&#8243; woodmart_gradient_switch=&#8221;no&#8221; row_reverse_mobile=&#8221;0&#8243; row_reverse_tablet=&#8221;0&#8243; woodmart_disable_overflow=&#8221;0&#8243; wd_z_index=&#8221;no&#8221; woodmart_css_id=&#8221;651424bc91851&#8243; responsive_spacing=&#8221;eyJwYXJhbV90eXBlIjoid29vZG1hcnRfcmVzcG9uc2l2ZV9zcGFjaW5nIiwic2VsZWN0b3JfaWQiOiI2NTE0MjRiYzkxODUxIiwic2hvcnRjb2RlIjoidmNfcm93IiwiZGF0YSI6eyJ0YWJsZXQiOnsibWFyZ2luLXRvcCI6IjE4MHB4In0sIm1vYmlsZSI6e319fQ==&#8221; woodmart_box_shadow=&#8221;no&#8221;][vc_column css=&#8221;.vc_custom_1581946195131{padding-top: 0px !important;}&#8221; mobile_bg_img_hidden=&#8221;no&#8221; tablet_bg_img_hidden=&#8221;no&#8221; woodmart_parallax=&#8221;0&#8243; woodmart_sticky_column=&#8221;false&#8221; parallax_scroll=&#8221;no&#8221; mobile_reset_margin=&#8221;no&#8221; tablet_reset_margin=&#8221;no&#8221;]\t\t<div id=\"wd-64906661ac469\" class=\"wd-text-block wd-wpb reset-last-child wd-rs-64906661ac469 text-left wd-fontsize-custom vc_custom_1687185016208\">\n\t\t\t<h5 style=\"text-align: center;\"><strong>Bei Lenard haben wir schon lange die Energiewende eingeleitet.<\/strong><\/h5>\n<h5 style=\"text-align: center;\"><strong>Dank der SDGs und der Agenda 2030 machen wir t\u00e4glich Fortschritte von einem traditionellen industriellen Produktionsmodell zu einem nachhaltigen und Kreislauf-Modell.<\/strong><\/h5>\n<h5 style=\"text-align: center;\"><\/h5>\n\t\t<\/div>\n\t\t[vc_empty_space height=&#8221;100px&#8221; woodmart_hide_large=&#8221;0&#8243; woodmart_hide_medium=&#8221;0&#8243; woodmart_hide_small=&#8221;0&#8243;][\/vc_column][\/vc_row][vc_row full_width=&#8221;stretch_row&#8221; css=&#8221;.vc_custom_1759132456413{padding-top: 40px !important;padding-bottom: 40px !important;background: #ffffff url(https:\/\/lenard.tech\/wp-content\/uploads\/2025\/09\/Imatge1.png?id=17970) !important;background-position: center !important;background-repeat: no-repeat !important;background-size: cover !important;}&#8221; woodmart_css_id=&#8221;68da3af9580cf&#8221; responsive_spacing=&#8221;eyJwYXJhbV90eXBlIjoid29vZG1hcnRfcmVzcG9uc2l2ZV9zcGFjaW5nIiwic2VsZWN0b3JfaWQiOiI2OGRhM2FmOTU4MGNmIiwic2hvcnRjb2RlIjoidmNfcm93IiwiZGF0YSI6eyJ0YWJsZXQiOnt9LCJtb2JpbGUiOnt9fX0=&#8221; mobile_bg_img_hidden=&#8221;no&#8221; tablet_bg_img_hidden=&#8221;no&#8221; woodmart_parallax=&#8221;0&#8243; woodmart_gradient_switch=&#8221;no&#8221; woodmart_box_shadow=&#8221;no&#8221; wd_z_index=&#8221;no&#8221; woodmart_disable_overflow=&#8221;0&#8243; row_reverse_mobile=&#8221;0&#8243; row_reverse_tablet=&#8221;0&#8243;][vc_column width=&#8221;1\/2&#8243;]\n\t\t<div id=\"wd-6490667e2eb6a\" class=\"title-wrapper wd-wpb set-mb-s reset-last-child  wd-rs-6490667e2eb6a wd-title-color-primary wd-title-style-default text-left  wd-underline-colored\">\n\t\t\t\n\t\t\t<div class=\"liner-continer\">\n\t\t\t\t<h4 class=\"woodmart-title-container title  wd-font-weight- wd-fontsize-m\" >NACHHALTIGKEITSBERICHT<\/h4>\n\t\t\t\t\t\t\t<\/div>\n\t\t\t\n\t\t\t\n\t\t\t\n\t\t<\/div>\n\t\t\n\t\t[vc_row_inner][vc_column_inner]\t\t<div id=\"wd-68da3a439ea91\" class=\"wd-text-block wd-wpb reset-last-child wd-rs-68da3a439ea91 text-left wd-fontsize-custom vc_custom_1759132241764\">\n\t\t\t<p>In einer Welt, in der \u00f6kologische, soziale und wirtschaftliche Herausforderungen immer dringlicher werden, ist es unerl\u00e4sslich, dass unser Handeln und unsere Entscheidungen ein starkes Bekenntnis zur Nachhaltigkeit widerspiegeln. Dieses Engagement ist nicht nur eine ethische Verantwortung, sondern auch eine entscheidende Strategie, um unser langfristiges Wachstum und unseren Erfolg zu sichern.<\/p>\n<p>Aus diesen Gr\u00fcnden ist Nachhaltigkeit f\u00fcr Lenard keine Option, sondern eine Notwendigkeit. Die Integration nachhaltiger Praktiken in unsere Gesch\u00e4ftst\u00e4tigkeit erm\u00f6glicht es uns, Risiken im Zusammenhang mit dem Klimawandel und der Ressourcenknappheit zu mindern, die operative Effizienz zu steigern und Kosten zu senken, Innovationen zu f\u00f6rdern und Produkte und Dienstleistungen zu entwickeln, die den Bed\u00fcrfnissen unserer Kunden entsprechen. Dar\u00fcber hinaus st\u00e4rkt sie unseren Unternehmensimage und erh\u00f6ht das Vertrauen und die Loyalit\u00e4t unserer Kunden, Investoren und anderer Interessengruppen.<\/p>\n<p>Wir befinden uns derzeit in der Erstellung unseres zweiten Nachhaltigkeitsberichts. Diese Initiative spiegelt unser festes Bekenntnis zu Transparenz, \u00f6kologischer und sozialer Verantwortung sowie unser Ziel wider, weiterhin f\u00fchrend im Bereich Nachhaltigkeit in unserer Branche zu sein. Der Nachhaltigkeitsbericht ist ein wertvolles Instrument, das es uns erm\u00f6glicht, unsere Bem\u00fchungen und Erfolge im Bereich Nachhaltigkeit w\u00e4hrend des Jahres zu dokumentieren und zu kommunizieren. Er bietet uns die Gelegenheit, unsere Leistung zu reflektieren, Verbesserungsbereiche zu identifizieren und neue ehrgeizige Ziele f\u00fcr die Zukunft festzulegen.<\/p>\n\t\t<\/div>\n\t\t[\/vc_column_inner][\/vc_row_inner][vc_video link=&#8221;https:\/\/youtu.be\/h7jFbah7AEY&#8221; el_width=&#8221;50&#8243; align=&#8221;center&#8221; woodmart_css_id=&#8221;68e785541ea9a&#8221; image_poster_switch=&#8221;no&#8221;][\/vc_column][vc_column width=&#8221;1\/4&#8243;][vc_row_inner css=&#8221;.vc_custom_1678350376164{margin-top: 80px !important;padding-right: 20px !important;padding-left: 20px !important;background-color: #0a6c3f !important;}&#8221; woodmart_css_id=&#8221;640998205a0a7&#8243; responsive_spacing=&#8221;eyJwYXJhbV90eXBlIjoid29vZG1hcnRfcmVzcG9uc2l2ZV9zcGFjaW5nIiwic2VsZWN0b3JfaWQiOiI2NDA5OTgyMDVhMGE3Iiwic2hvcnRjb2RlIjoidmNfcm93X2lubmVyIiwiZGF0YSI6eyJ0YWJsZXQiOnt9LCJtb2JpbGUiOnt9fX0=&#8221; mobile_bg_img_hidden=&#8221;no&#8221; tablet_bg_img_hidden=&#8221;no&#8221; woodmart_parallax=&#8221;0&#8243; woodmart_gradient_switch=&#8221;no&#8221; woodmart_box_shadow=&#8221;no&#8221; wd_z_index=&#8221;no&#8221; woodmart_disable_overflow=&#8221;0&#8243; row_reverse_mobile=&#8221;0&#8243; row_reverse_tablet=&#8221;0&#8243;][vc_column_inner woodmart_css_id=&#8221;640844fad16d9&#8243; parallax_scroll=&#8221;no&#8221; woodmart_sticky_column=&#8221;false&#8221; wd_collapsible_content_switcher=&#8221;no&#8221; wd_column_role_offcanvas_desktop=&#8221;no&#8221; wd_column_role_offcanvas_tablet=&#8221;no&#8221; wd_column_role_offcanvas_mobile=&#8221;no&#8221; wd_column_role_content_desktop=&#8221;no&#8221; wd_column_role_content_tablet=&#8221;no&#8221; wd_column_role_content_mobile=&#8221;no&#8221; mobile_bg_img_hidden=&#8221;no&#8221; tablet_bg_img_hidden=&#8221;no&#8221; woodmart_parallax=&#8221;0&#8243; woodmart_box_shadow=&#8221;no&#8221; responsive_spacing=&#8221;eyJwYXJhbV90eXBlIjoid29vZG1hcnRfcmVzcG9uc2l2ZV9zcGFjaW5nIiwic2VsZWN0b3JfaWQiOiI2NDA4NDRmYWQxNmQ5Iiwic2hvcnRjb2RlIjoidmNfY29sdW1uX2lubmVyIiwiZGF0YSI6eyJ0YWJsZXQiOnt9LCJtb2JpbGUiOnt9fX0=&#8221; wd_z_index=&#8221;no&#8221; css=&#8221;.vc_custom_1678263561876{padding-right: 20px !important;padding-bottom: 20px !important;padding-left: 20px !important;}&#8221;]\t\t<div id=\"wd-64ca319cc4db9\" class=\"wd-text-block wd-wpb reset-last-child wd-rs-64ca319cc4db9 text-left wd-fontsize-custom vc_custom_1690972634401\">\n\t\t\t<p><span style=\"color: #ffffff;\">Unser vollst\u00e4ndiger Nachhaltigkeitsbericht steht Ihnen zur Verf\u00fcgung, Sie m\u00fcssen ihn nur per E-Mail (info@lenard.tech), per Post (LENARD BCN, SL, Avda. Arag\u00f3n, 37, 22520 Fraga-HUESCA) oder \u00fcber unser Vertriebsnetz anfordern.<\/span><\/p>\n\t\t<\/div>\n\t\t<div id=\"wd-68e788019cfd8\" class=\" wd-rs-68e788019cfd8 vc_custom_1760004106777 wd-button-wrapper text-left\"><a href=\"https:\/\/lenard.tech\/wp-content\/uploads\/2025\/10\/triptico-DE.pdf\" title=\"\" target=\"_blank\" class=\"btn btn-color-white btn-style-bordered btn-style-rectangle btn-size-default btn-full-width\">ZERTIFIKAT (PDF)<\/a><\/div>[\/vc_column_inner][\/vc_row_inner][vc_row_inner woodmart_css_id=&#8221;64099832ea2a1&#8243; responsive_spacing=&#8221;eyJwYXJhbV90eXBlIjoid29vZG1hcnRfcmVzcG9uc2l2ZV9zcGFjaW5nIiwic2VsZWN0b3JfaWQiOiI2NDA5OTgzMmVhMmExIiwic2hvcnRjb2RlIjoidmNfcm93X2lubmVyIiwiZGF0YSI6eyJ0YWJsZXQiOnt9LCJtb2JpbGUiOnt9fX0=&#8221; mobile_bg_img_hidden=&#8221;no&#8221; tablet_bg_img_hidden=&#8221;no&#8221; woodmart_parallax=&#8221;0&#8243; woodmart_gradient_switch=&#8221;no&#8221; woodmart_box_shadow=&#8221;no&#8221; wd_z_index=&#8221;no&#8221; woodmart_disable_overflow=&#8221;0&#8243; row_reverse_mobile=&#8221;0&#8243; row_reverse_tablet=&#8221;0&#8243; css=&#8221;.vc_custom_1678350394138{margin-top: 0px !important;padding-right: 20px !important;padding-left: 20px !important;}&#8221;][vc_column_inner woodmart_css_id=&#8221;6408454af0bf9&#8243; parallax_scroll=&#8221;no&#8221; woodmart_sticky_column=&#8221;false&#8221; wd_collapsible_content_switcher=&#8221;no&#8221; wd_column_role_offcanvas_desktop=&#8221;no&#8221; wd_column_role_offcanvas_tablet=&#8221;no&#8221; wd_column_role_offcanvas_mobile=&#8221;no&#8221; wd_column_role_content_desktop=&#8221;no&#8221; wd_column_role_content_tablet=&#8221;no&#8221; wd_column_role_content_mobile=&#8221;no&#8221; mobile_bg_img_hidden=&#8221;no&#8221; tablet_bg_img_hidden=&#8221;no&#8221; woodmart_parallax=&#8221;0&#8243; woodmart_box_shadow=&#8221;no&#8221; responsive_spacing=&#8221;eyJwYXJhbV90eXBlIjoid29vZG1hcnRfcmVzcG9uc2l2ZV9zcGFjaW5nIiwic2VsZWN0b3JfaWQiOiI2NDA4NDU0YWYwYmY5Iiwic2hvcnRjb2RlIjoidmNfY29sdW1uX2lubmVyIiwiZGF0YSI6eyJ0YWJsZXQiOnt9LCJtb2JpbGUiOnt9fX0=&#8221; wd_z_index=&#8221;no&#8221; css=&#8221;.vc_custom_1678263632921{padding-right: 20px !important;padding-left: 20px !important;}&#8221;]\t\t<div id=\"wd-649066df72c7d\" class=\"wd-text-block wd-wpb reset-last-child wd-rs-649066df72c7d text-left wd-fontsize-custom vc_custom_1687185136099\">\n\t\t\t<p>Sie k\u00f6nnen auch eine Kopie unseres Nachhaltigkeitszertifikats herunterladen:<\/p>\n\t\t<\/div>\n\t\t<div id=\"wd-68da3cf03f932\" class=\" wd-rs-68da3cf03f932 vc_custom_1759132919711 wd-button-wrapper text-left\"><a href=\"https:\/\/lenard.tech\/wp-content\/uploads\/2025\/09\/Certificado-GRI-eng-LENARD-BCN_signed.pdf\" title=\"\" target=\"_blank\" class=\"btn btn-color-primary btn-style-bordered btn-style-rectangle btn-size-default btn-full-width\">ZERTIFIKAT (PDF)<\/a><\/div>[vc_empty_space woodmart_hide_large=&#8221;0&#8243; woodmart_hide_medium=&#8221;0&#8243; woodmart_hide_small=&#8221;0&#8243;][\/vc_column_inner][\/vc_row_inner][vc_single_image image=&#8221;18336&#8243; img_size=&#8221;medium&#8221; alignment=&#8221;center&#8221; parallax_scroll=&#8221;no&#8221; woodmart_inline=&#8221;no&#8221;][\/vc_column][vc_column width=&#8221;1\/4&#8243; css=&#8221;.vc_custom_1678263970195{padding-left: 0px !important;}&#8221; woodmart_css_id=&#8221;6408469bc0443&#8243; parallax_scroll=&#8221;no&#8221; woodmart_sticky_column=&#8221;false&#8221; wd_collapsible_content_switcher=&#8221;no&#8221; wd_column_role_offcanvas_desktop=&#8221;no&#8221; wd_column_role_offcanvas_tablet=&#8221;no&#8221; wd_column_role_offcanvas_mobile=&#8221;no&#8221; wd_column_role_content_desktop=&#8221;no&#8221; wd_column_role_content_tablet=&#8221;no&#8221; wd_column_role_content_mobile=&#8221;no&#8221; mobile_bg_img_hidden=&#8221;no&#8221; tablet_bg_img_hidden=&#8221;no&#8221; woodmart_parallax=&#8221;0&#8243; woodmart_box_shadow=&#8221;no&#8221; responsive_spacing=&#8221;eyJwYXJhbV90eXBlIjoid29vZG1hcnRfcmVzcG9uc2l2ZV9zcGFjaW5nIiwic2VsZWN0b3JfaWQiOiI2NDA4NDY5YmMwNDQzIiwic2hvcnRjb2RlIjoidmNfY29sdW1uIiwiZGF0YSI6eyJ0YWJsZXQiOnt9LCJtb2JpbGUiOnt9fX0=&#8221; mobile_reset_margin=&#8221;no&#8221; tablet_reset_margin=&#8221;no&#8221; wd_z_index=&#8221;no&#8221;][vc_single_image image=&#8221;18340&#8243; img_size=&#8221;full&#8221; style=&#8221;vc_box_shadow&#8221; parallax_scroll=&#8221;no&#8221; woodmart_inline=&#8221;no&#8221; css=&#8221;.vc_custom_1760003496148{padding-top: 60px !important;}&#8221;][\/vc_column][\/vc_row][vc_row full_width=&#8221;stretch_row&#8221; css=&#8221;.vc_custom_1678265965386{padding-top: 40px !important;padding-bottom: 40px !important;background-color: #ffffff !important;}&#8221; woodmart_css_id=&#8221;64084e6671960&#8243; responsive_spacing=&#8221;eyJwYXJhbV90eXBlIjoid29vZG1hcnRfcmVzcG9uc2l2ZV9zcGFjaW5nIiwic2VsZWN0b3JfaWQiOiI2NDA4NGU2NjcxOTYwIiwic2hvcnRjb2RlIjoidmNfcm93IiwiZGF0YSI6eyJ0YWJsZXQiOnt9LCJtb2JpbGUiOnt9fX0=&#8221; mobile_bg_img_hidden=&#8221;no&#8221; tablet_bg_img_hidden=&#8221;no&#8221; woodmart_parallax=&#8221;0&#8243; woodmart_gradient_switch=&#8221;no&#8221; woodmart_box_shadow=&#8221;no&#8221; wd_z_index=&#8221;no&#8221; woodmart_disable_overflow=&#8221;0&#8243; row_reverse_mobile=&#8221;0&#8243; row_reverse_tablet=&#8221;0&#8243;][vc_column]\n\t\t<div id=\"wd-68da3ace94b60\" class=\"title-wrapper wd-wpb set-mb-s reset-last-child  wd-rs-68da3ace94b60 wd-title-color-primary wd-title-style-default text-left  wd-underline-colored\">\n\t\t\t\n\t\t\t<div class=\"liner-continer\">\n\t\t\t\t<h4 class=\"woodmart-title-container title  wd-font-weight- wd-fontsize-m\" >ETHIK- UND VERHALTENSKODEX<\/h4>\n\t\t\t\t\t\t\t<\/div>\n\t\t\t\n\t\t\t\n\t\t\t\n\t\t<\/div>\n\t\t\n\t\t[vc_row_inner][vc_column_inner]\t\t<div id=\"wd-68da3ab9995f3\" class=\"wd-text-block wd-wpb reset-last-child wd-rs-68da3ab9995f3 text-left wd-fontsize-custom vc_custom_1759132358605\">\n\t\t\t<p>Bei Lenard BCN, SL produzieren wir Schutz. Wir engagieren uns zu 100 % f\u00fcr die Ziele unserer Kunden und werden damit nicht nur ihr Lieferant, sondern auch ihr bester Partner im Bereich Arbeitsschutz.<\/p>\n<p>Alle Aktivit\u00e4ten von Lenard BCN, SL sind auf unsere Mitarbeiter und Kunden ausgerichtet, die jederzeit Integrit\u00e4t und professionelles Verhalten erwarten. Das Ziel von Lenard BCN, SL ist es, mit allen unseren Gesch\u00e4ftspartnern eine Unternehmenskultur zu schaffen, die Nachhaltigkeit, einen klaren und transparenten Dialog und vor allem Zuverl\u00e4ssigkeit betont.<\/p>\n\t\t<\/div>\n\t\t[\/vc_column_inner][\/vc_row_inner][\/vc_column][\/vc_row][vc_row full_width=&#8221;stretch_row&#8221; css=&#8221;.vc_custom_1693998042572{margin-bottom: -40px !important;padding-top: 40px !important;padding-bottom: 40px !important;background-color: #f4f4f4 !important;}&#8221; woodmart_css_id=&#8221;64f85bd6470d6&#8243; responsive_spacing=&#8221;eyJwYXJhbV90eXBlIjoid29vZG1hcnRfcmVzcG9uc2l2ZV9zcGFjaW5nIiwic2VsZWN0b3JfaWQiOiI2NGY4NWJkNjQ3MGQ2Iiwic2hvcnRjb2RlIjoidmNfcm93IiwiZGF0YSI6eyJ0YWJsZXQiOnt9LCJtb2JpbGUiOnt9fX0=&#8221; mobile_bg_img_hidden=&#8221;no&#8221; tablet_bg_img_hidden=&#8221;no&#8221; woodmart_parallax=&#8221;0&#8243; woodmart_gradient_switch=&#8221;no&#8221; woodmart_box_shadow=&#8221;no&#8221; wd_z_index=&#8221;no&#8221; woodmart_disable_overflow=&#8221;0&#8243; row_reverse_mobile=&#8221;0&#8243; row_reverse_tablet=&#8221;0&#8243;][vc_column]\n\t\t<div id=\"wd-68da3adc9d6e7\" class=\"title-wrapper wd-wpb set-mb-s reset-last-child  wd-rs-68da3adc9d6e7 wd-title-color-primary wd-title-style-default text-left  wd-underline-colored\">\n\t\t\t\n\t\t\t<div class=\"liner-continer\">\n\t\t\t\t<h4 class=\"woodmart-title-container title  wd-font-weight- wd-fontsize-m\" >HANDLUNGSPROTOKOLL BEI MOBBING UND SEXUELLER BEL\u00c4STIGUNG<\/h4>\n\t\t\t\t\t\t\t<\/div>\n\t\t\t\n\t\t\t\n\t\t\t\n\t\t<\/div>\n\t\t\n\t\t[vc_row_inner][vc_column_inner]\t\t<div id=\"wd-68da3ae784cbf\" class=\"wd-text-block wd-wpb reset-last-child wd-rs-68da3ae784cbf text-left wd-fontsize-custom vc_custom_1759132398096\">\n\t\t\t<p>Bei LENARD BCN, S.L. verf\u00fcgen wir \u00fcber ein Protokoll zur Pr\u00e4vention und zum Vorgehen bei Mobbing und sexueller Bel\u00e4stigung, das ein sicheres, respektvolles und integratives Arbeitsumfeld gew\u00e4hrleistet.<\/p>\n<p>Unser Protokoll legt Pr\u00e4ventionsma\u00dfnahmen, vertrauliche Beschwerdekan\u00e4le und klare Verfahren f\u00fcr das Handeln in jeder Bel\u00e4stigungssituation fest und stellt den Schutz und die Vertraulichkeit der betroffenen Personen sicher. Dar\u00fcber hinaus f\u00f6rdern wir die kontinuierliche Schulung unseres Teams in den Bereichen Respekt, Gleichberechtigung und Pr\u00e4vention unangemessenen Verhaltens.<\/p>\n<p>Mit diesen Ma\u00dfnahmen bekr\u00e4ftigen wir unser Bekenntnis zur W\u00fcrde, zum Respekt und zur Integrit\u00e4t aller Personen, die Teil unserer Organisation sind.<\/p>\n\t\t<\/div>\n\t\t[\/vc_column_inner][\/vc_row_inner][\/vc_column][\/vc_row]<\/p>\n<\/section>","protected":false},"excerpt":{"rendered":"<p>[vc_row full_width=&#8221;stretch_row&#8221; woodmart_bg_position=&#8221;center-top&#8221; css=&#8221;.vc_custom_1695818946378{margin-top: -40px !important;background: #ffffff url(https:\/\/lenard.tech\/wp-content\/uploads\/2023\/03\/img_cap_SOST.jpg?id=7972) !important;}&#8221; mobile_bg_img_hidden=&#8221;no&#8221; tablet_bg_img_hidden=&#8221;no&#8221; woodmart_parallax=&#8221;0&#8243; woodmart_gradient_switch=&#8221;no&#8221; row_reverse_mobile=&#8221;0&#8243; row_reverse_tablet=&#8221;0&#8243; woodmart_disable_overflow=&#8221;0&#8243; wd_z_index=&#8221;no&#8221; woodmart_css_id=&#8221;651424bc91851&#8243; responsive_spacing=&#8221;eyJwYXJhbV90eXBlIjoid29vZG1hcnRfcmVzcG9uc2l2ZV9zcGFjaW5nIiwic2VsZWN0b3JfaWQiOiI2NTE0MjRiYzkxODUxIiwic2hvcnRjb2RlIjoidmNfcm93IiwiZGF0YSI6eyJ0YWJsZXQiOnsibWFyZ2luLXRvcCI6IjE4MHB4In0sIm1vYmlsZSI6e319fQ==&#8221; woodmart_box_shadow=&#8221;no&#8221;][vc_column<\/p>\n","protected":false},"author":1,"featured_media":0,"parent":0,"menu_order":0,"comment_status":"closed","ping_status":"closed","template":"","meta":{"_mi_skip_tracking":false,"_monsterinsights_sitenote_active":false,"_monsterinsights_sitenote_note":"","_monsterinsights_sitenote_category":0,"footnotes":""},"class_list":["post-10973","page","type-page","status-publish","hentry"],"acf":[],"_links":{"self":[{"href":"https:\/\/lenard.tech\/de\/wp-json\/wp\/v2\/pages\/10973","targetHints":{"allow":["GET"]}}],"collection":[{"href":"https:\/\/lenard.tech\/de\/wp-json\/wp\/v2\/pages"}],"about":[{"href":"https:\/\/lenard.tech\/de\/wp-json\/wp\/v2\/types\/page"}],"author":[{"embeddable":true,"href":"https:\/\/lenard.tech\/de\/wp-json\/wp\/v2\/users\/1"}],"replies":[{"embeddable":true,"href":"https:\/\/lenard.tech\/de\/wp-json\/wp\/v2\/comments?post=10973"}],"version-history":[{"count":18,"href":"https:\/\/lenard.tech\/de\/wp-json\/wp\/v2\/pages\/10973\/revisions"}],"predecessor-version":[{"id":18353,"href":"https:\/\/lenard.tech\/de\/wp-json\/wp\/v2\/pages\/10973\/revisions\/18353"}],"wp:attachment":[{"href":"https:\/\/lenard.tech\/de\/wp-json\/wp\/v2\/media?parent=10973"}],"curies":[{"name":"wp","href":"https:\/\/api.w.org\/{rel}","templated":true}]}}