
{"id":10979,"date":"2022-07-26T09:06:31","date_gmt":"2022-07-26T09:06:31","guid":{"rendered":"https:\/\/lenard.tech\/productos\/"},"modified":"2023-10-09T14:49:37","modified_gmt":"2023-10-09T14:49:37","slug":"produkte","status":"publish","type":"page","link":"https:\/\/lenard.tech\/de\/produkte\/","title":{"rendered":"PRODUKTE"},"content":{"rendered":"<section class=\"wpb-content-wrapper\"><p>[vc_row css=&#8221;.vc_custom_1658824261127{margin-top: 50px !important;margin-bottom: 20px !important;background-color: #f8f7f6 !important;}&#8221; mobile_bg_img_hidden=&#8221;no&#8221; tablet_bg_img_hidden=&#8221;no&#8221; woodmart_parallax=&#8221;0&#8243; woodmart_gradient_switch=&#8221;no&#8221; row_reverse_mobile=&#8221;0&#8243; row_reverse_tablet=&#8221;0&#8243; woodmart_disable_overflow=&#8221;0&#8243; wd_z_index=&#8221;no&#8221; woodmart_css_id=&#8221;62dfa634f179b&#8221; responsive_spacing=&#8221;eyJwYXJhbV90eXBlIjoid29vZG1hcnRfcmVzcG9uc2l2ZV9zcGFjaW5nIiwic2VsZWN0b3JfaWQiOiI2MmRmYTYzNGYxNzliIiwic2hvcnRjb2RlIjoidmNfcm93IiwiZGF0YSI6eyJ0YWJsZXQiOnsibWFyZ2luLXRvcCI6IjE4MHB4In0sIm1vYmlsZSI6e319fQ==&#8221; woodmart_box_shadow=&#8221;no&#8221;][vc_column css=&#8221;.vc_custom_1581946195131{padding-top: 0px !important;}&#8221; mobile_bg_img_hidden=&#8221;no&#8221; tablet_bg_img_hidden=&#8221;no&#8221; woodmart_parallax=&#8221;0&#8243; woodmart_sticky_column=&#8221;false&#8221; parallax_scroll=&#8221;no&#8221; mobile_reset_margin=&#8221;no&#8221; tablet_reset_margin=&#8221;no&#8221;]\n\t\t<div id=\"wd-64905b9c6e27a\" class=\"title-wrapper wd-wpb set-mb-s reset-last-child  wd-rs-64905b9c6e27a wd-title-color-default wd-title-style-default text-center  wd-width-custom wd-underline-colored\">\n\t\t\t\n\t\t\t<div class=\"liner-continer\">\n\t\t\t\t<h4 class=\"woodmart-title-container title  wd-font-weight- wd-fontsize-l\" >STOFFE<\/h4>\n\t\t\t\t\t\t\t<\/div>\n\t\t\t\n\t\t\t\n\t\t\t\n\t\t<\/div>\n\t\t\n\t\t[vc_empty_space height=&#8221;40px&#8221; woodmart_hide_large=&#8221;0&#8243; woodmart_hide_medium=&#8221;0&#8243; woodmart_hide_small=&#8221;0&#8243;][vc_row_inner][vc_column_inner width=&#8221;1\/4&#8243;]\t\t\t<div class=\"info-box-wrapper\">\n\t\t\t\t<div id=\"wd-6509b378f1ec0\" class=\" wd-rs-6509b378f1ec0 cursor-pointer wd-info-box wd-wpb text-left box-icon-align-top box-style- color-scheme-dark wd-bg-none \"  onclick=\"window.location.href=&quot;https:\/\/lenard.tech\/de\/gewebe\/filters\/categoria\/feuerhemmende-stoffe-de\/&quot;\"  >\n\t\t\t\t\t\t\t\t\t\t\t<div class=\"box-icon-wrapper  box-with-icon box-icon-simple\">\n\t\t\t\t\t\t\t<div class=\"info-box-icon\">\n\n\t\t\t\t\t\t\t\n\t\t\t\t\t\t\t\t\t\t\t\t\t\t\t\t\t<img loading=\"lazy\" decoding=\"async\" width=\"600\" height=\"400\" src=\"https:\/\/lenard.tech\/wp-content\/uploads\/2023\/07\/Productos-ignifugos.jpg\" class=\"attachment-800x600 size-800x600\" alt=\"\" srcset=\"https:\/\/lenard.tech\/wp-content\/uploads\/2023\/07\/Productos-ignifugos.jpg 600w, https:\/\/lenard.tech\/wp-content\/uploads\/2023\/07\/Productos-ignifugos-400x267.jpg 400w, https:\/\/lenard.tech\/wp-content\/uploads\/2023\/07\/Productos-ignifugos-430x287.jpg 430w, https:\/\/lenard.tech\/wp-content\/uploads\/2023\/07\/Productos-ignifugos-150x100.jpg 150w\" sizes=\"auto, (max-width: 600px) 100vw, 600px\" \/>\t\t\t\t\t\t\t\t\t\t\t\t\t\t\t\n\t\t\t\t\t\t\t<\/div>\n\t\t\t\t\t\t<\/div>\n\t\t\t\t\t\t\t\t\t\t<div class=\"info-box-content\">\n\t\t\t\t\t\t<h4 class=\"info-box-title title box-title-style-default wd-fontsize-m\">FLAMMHEMMEND<\/h4>\t\t\t\t\t\t<div class=\"info-box-inner set-cont-mb-s reset-last-child\"><p>Dauerhafte inh\u00e4rente Eigenschaften in vier Gewebeserien (Serie 4, 6, 8 und 9).<\/p>\n<p>Multinorm und zertifiziert nach 50 industriellen Waschg\u00e4ngen.<\/p>\n<\/div>\n\n\t\t\t\t\t\t\t\t\t\t\t<\/div>\n\n\t\t\t\t\t\t\t\t\t<\/div>\n\t\t\t<\/div>\n\t\t[\/vc_column_inner][vc_column_inner width=&#8221;1\/4&#8243;]\t\t\t<div class=\"info-box-wrapper\">\n\t\t\t\t<div id=\"wd-6509b382daffc\" class=\" wd-rs-6509b382daffc cursor-pointer wd-info-box wd-wpb text-left box-icon-align-top box-style- color-scheme-dark wd-bg-none \"  onclick=\"window.location.href=&quot;https:\/\/lenard.tech\/de\/gewebe\/filters\/categoria\/aluminisiert\/&quot;\"  >\n\t\t\t\t\t\t\t\t\t\t\t<div class=\"box-icon-wrapper  box-with-icon box-icon-simple\">\n\t\t\t\t\t\t\t<div class=\"info-box-icon\">\n\n\t\t\t\t\t\t\t\n\t\t\t\t\t\t\t\t\t\t\t\t\t\t\t\t\t<img loading=\"lazy\" decoding=\"async\" width=\"600\" height=\"400\" src=\"https:\/\/lenard.tech\/wp-content\/uploads\/2022\/07\/fotos_PROD_aluminizados.jpg\" class=\"attachment-800x600 size-800x600\" alt=\"\" srcset=\"https:\/\/lenard.tech\/wp-content\/uploads\/2022\/07\/fotos_PROD_aluminizados.jpg 600w, https:\/\/lenard.tech\/wp-content\/uploads\/2022\/07\/fotos_PROD_aluminizados-430x287.jpg 430w, https:\/\/lenard.tech\/wp-content\/uploads\/2022\/07\/fotos_PROD_aluminizados-150x100.jpg 150w, https:\/\/lenard.tech\/wp-content\/uploads\/2022\/07\/fotos_PROD_aluminizados-400x267.jpg 400w\" sizes=\"auto, (max-width: 600px) 100vw, 600px\" \/>\t\t\t\t\t\t\t\t\t\t\t\t\t\t\t\n\t\t\t\t\t\t\t<\/div>\n\t\t\t\t\t\t<\/div>\n\t\t\t\t\t\t\t\t\t\t<div class=\"info-box-content\">\n\t\t\t\t\t\t<h4 class=\"info-box-title title box-title-style-default wd-fontsize-m\">ALUMINISIERT<\/h4>\t\t\t\t\t\t<div class=\"info-box-inner set-cont-mb-s reset-last-child\"><p>Schutzschirm gegen hohe Temperaturen (Strahlungsw\u00e4rme).<\/p>\n<\/div>\n\n\t\t\t\t\t\t\t\t\t\t\t<\/div>\n\n\t\t\t\t\t\t\t\t\t<\/div>\n\t\t\t<\/div>\n\t\t[\/vc_column_inner][vc_column_inner width=&#8221;1\/4&#8243;]\t\t\t<div class=\"info-box-wrapper\">\n\t\t\t\t<div id=\"wd-6509b3927d531\" class=\" wd-rs-6509b3927d531 cursor-pointer wd-info-box wd-wpb text-left box-icon-align-top box-style- color-scheme-dark wd-bg-none \"  onclick=\"window.location.href=&quot;https:\/\/lenard.tech\/de\/gewebe\/filters\/categoria\/hi-vis\/&quot;\"  >\n\t\t\t\t\t\t\t\t\t\t\t<div class=\"box-icon-wrapper  box-with-icon box-icon-simple\">\n\t\t\t\t\t\t\t<div class=\"info-box-icon\">\n\n\t\t\t\t\t\t\t\n\t\t\t\t\t\t\t\t\t\t\t\t\t\t\t\t\t<img loading=\"lazy\" decoding=\"async\" width=\"600\" height=\"400\" src=\"https:\/\/lenard.tech\/wp-content\/uploads\/2023\/07\/productos-AV.jpg\" class=\"attachment-800x600 size-800x600\" alt=\"\" srcset=\"https:\/\/lenard.tech\/wp-content\/uploads\/2023\/07\/productos-AV.jpg 600w, https:\/\/lenard.tech\/wp-content\/uploads\/2023\/07\/productos-AV-400x267.jpg 400w, https:\/\/lenard.tech\/wp-content\/uploads\/2023\/07\/productos-AV-430x287.jpg 430w, https:\/\/lenard.tech\/wp-content\/uploads\/2023\/07\/productos-AV-150x100.jpg 150w\" sizes=\"auto, (max-width: 600px) 100vw, 600px\" \/>\t\t\t\t\t\t\t\t\t\t\t\t\t\t\t\n\t\t\t\t\t\t\t<\/div>\n\t\t\t\t\t\t<\/div>\n\t\t\t\t\t\t\t\t\t\t<div class=\"info-box-content\">\n\t\t\t\t\t\t<h4 class=\"info-box-title title box-title-style-default wd-fontsize-m\">FLAMMHEMMEND MIT WARNSCHUTZ<\/h4>\t\t\t\t\t\t<div class=\"info-box-inner set-cont-mb-s reset-last-child\"><p>Warnschutz in GELB, ORANGE und ROT. Gewebe mit EN 20471-Zertifizierung (alle Farben) nach 50 W\u00e4schen und RIS 3279-TOM-Zertifizierung (orange und rot).<\/p>\n<\/div>\n\n\t\t\t\t\t\t\t\t\t\t\t<\/div>\n\n\t\t\t\t\t\t\t\t\t<\/div>\n\t\t\t<\/div>\n\t\t[\/vc_column_inner][vc_column_inner width=&#8221;1\/4&#8243;]\t\t\t<div class=\"info-box-wrapper\">\n\t\t\t\t<div id=\"wd-6509b3a8dae32\" class=\" wd-rs-6509b3a8dae32 cursor-pointer wd-info-box wd-wpb text-left box-icon-align-top box-style- color-scheme-dark wd-bg-none \"  onclick=\"window.location.href=&quot;https:\/\/lenard.tech\/de\/gewebe\/filters\/categoria\/antiestaticos-de\/&quot;\"  >\n\t\t\t\t\t\t\t\t\t\t\t<div class=\"box-icon-wrapper  box-with-icon box-icon-simple\">\n\t\t\t\t\t\t\t<div class=\"info-box-icon\">\n\n\t\t\t\t\t\t\t\n\t\t\t\t\t\t\t\t\t\t\t\t\t\t\t\t\t<img loading=\"lazy\" decoding=\"async\" width=\"600\" height=\"400\" src=\"https:\/\/lenard.tech\/wp-content\/uploads\/2022\/07\/fotos_PROD_Antistatic.jpg\" class=\"attachment-800x600 size-800x600\" alt=\"\" srcset=\"https:\/\/lenard.tech\/wp-content\/uploads\/2022\/07\/fotos_PROD_Antistatic.jpg 600w, https:\/\/lenard.tech\/wp-content\/uploads\/2022\/07\/fotos_PROD_Antistatic-430x287.jpg 430w, https:\/\/lenard.tech\/wp-content\/uploads\/2022\/07\/fotos_PROD_Antistatic-150x100.jpg 150w, https:\/\/lenard.tech\/wp-content\/uploads\/2022\/07\/fotos_PROD_Antistatic-400x267.jpg 400w\" sizes=\"auto, (max-width: 600px) 100vw, 600px\" \/>\t\t\t\t\t\t\t\t\t\t\t\t\t\t\t\n\t\t\t\t\t\t\t<\/div>\n\t\t\t\t\t\t<\/div>\n\t\t\t\t\t\t\t\t\t\t<div class=\"info-box-content\">\n\t\t\t\t\t\t<h4 class=\"info-box-title title box-title-style-default wd-fontsize-m\">ANTISTATIK<\/h4>\t\t\t\t\t\t<div class=\"info-box-inner set-cont-mb-s reset-last-child\"><p>Umfassende Auswahl an ESD-Geweben (Reinraum) und Geweben zum Schutz vor elektrostatischer Entladung in verschiedenen Grammaturen und Kompositionen.<\/p>\n<\/div>\n\n\t\t\t\t\t\t\t\t\t\t\t<\/div>\n\n\t\t\t\t\t\t\t\t\t<\/div>\n\t\t\t<\/div>\n\t\t[\/vc_column_inner][\/vc_row_inner][vc_row_inner][vc_column_inner width=&#8221;1\/4&#8243;]\t\t\t<div class=\"info-box-wrapper\">\n\t\t\t\t<div id=\"wd-6509b3c9ebff0\" class=\" wd-rs-6509b3c9ebff0 cursor-pointer wd-info-box wd-wpb text-left box-icon-align-top box-style- color-scheme-dark wd-bg-none \"  onclick=\"window.location.href=&quot;https:\/\/lenard.tech\/de\/gewebe\/filters\/categoria\/saeurenschutz\/&quot;\"  >\n\t\t\t\t\t\t\t\t\t\t\t<div class=\"box-icon-wrapper  box-with-icon box-icon-simple\">\n\t\t\t\t\t\t\t<div class=\"info-box-icon\">\n\n\t\t\t\t\t\t\t\n\t\t\t\t\t\t\t\t\t\t\t\t\t\t\t\t\t<img loading=\"lazy\" decoding=\"async\" width=\"600\" height=\"400\" src=\"https:\/\/lenard.tech\/wp-content\/uploads\/2023\/07\/productos-AntiAcid.jpg\" class=\"attachment-800x600 size-800x600\" alt=\"\" srcset=\"https:\/\/lenard.tech\/wp-content\/uploads\/2023\/07\/productos-AntiAcid.jpg 600w, https:\/\/lenard.tech\/wp-content\/uploads\/2023\/07\/productos-AntiAcid-400x267.jpg 400w, https:\/\/lenard.tech\/wp-content\/uploads\/2023\/07\/productos-AntiAcid-430x287.jpg 430w, https:\/\/lenard.tech\/wp-content\/uploads\/2023\/07\/productos-AntiAcid-150x100.jpg 150w\" sizes=\"auto, (max-width: 600px) 100vw, 600px\" \/>\t\t\t\t\t\t\t\t\t\t\t\t\t\t\t\n\t\t\t\t\t\t\t<\/div>\n\t\t\t\t\t\t<\/div>\n\t\t\t\t\t\t\t\t\t\t<div class=\"info-box-content\">\n\t\t\t\t\t\t<h4 class=\"info-box-title title box-title-style-default wd-fontsize-m\">PERMANENTE CHEMIKALIENSCHUTZ-EIGENSCHAFTEN. HOHE STANDZEIT<\/h4>\t\t\t\t\t\t<div class=\"info-box-inner set-cont-mb-s reset-last-child\"><p>Anti-S\u00e4ure- und Anti-Haft-Eigenschaften. Maximale Qualit\u00e4t und Standzeit<\/p>\n<\/div>\n\n\t\t\t\t\t\t\t\t\t\t\t<\/div>\n\n\t\t\t\t\t\t\t\t\t<\/div>\n\t\t\t<\/div>\n\t\t[\/vc_column_inner][vc_column_inner width=&#8221;1\/4&#8243;]\t\t\t<div class=\"info-box-wrapper\">\n\t\t\t\t<div id=\"wd-6509b40a43ea5\" class=\" wd-rs-6509b40a43ea5 cursor-pointer wd-info-box wd-wpb text-left box-icon-align-top box-style- color-scheme-dark wd-bg-none \"  onclick=\"window.location.href=&quot;https:\/\/lenard.tech\/de\/gewebe\/filters\/categoria\/schnittfest\/&quot;\"  >\n\t\t\t\t\t\t\t\t\t\t\t<div class=\"box-icon-wrapper  box-with-icon box-icon-simple\">\n\t\t\t\t\t\t\t<div class=\"info-box-icon\">\n\n\t\t\t\t\t\t\t\n\t\t\t\t\t\t\t\t\t\t\t\t\t\t\t\t\t<img loading=\"lazy\" decoding=\"async\" width=\"600\" height=\"400\" src=\"https:\/\/lenard.tech\/wp-content\/uploads\/2022\/07\/fotos_PROD_Anticurte.jpg\" class=\"attachment-800x600 size-800x600\" alt=\"\" srcset=\"https:\/\/lenard.tech\/wp-content\/uploads\/2022\/07\/fotos_PROD_Anticurte.jpg 600w, https:\/\/lenard.tech\/wp-content\/uploads\/2022\/07\/fotos_PROD_Anticurte-430x287.jpg 430w, https:\/\/lenard.tech\/wp-content\/uploads\/2022\/07\/fotos_PROD_Anticurte-150x100.jpg 150w, https:\/\/lenard.tech\/wp-content\/uploads\/2022\/07\/fotos_PROD_Anticurte-400x267.jpg 400w\" sizes=\"auto, (max-width: 600px) 100vw, 600px\" \/>\t\t\t\t\t\t\t\t\t\t\t\t\t\t\t\n\t\t\t\t\t\t\t<\/div>\n\t\t\t\t\t\t<\/div>\n\t\t\t\t\t\t\t\t\t\t<div class=\"info-box-content\">\n\t\t\t\t\t\t<h4 class=\"info-box-title title box-title-style-default wd-fontsize-m\">SCHNITTSCHUTZ<\/h4>\t\t\t\t\t\t<div class=\"info-box-inner set-cont-mb-s reset-last-child\"><p>Leichtes Gewebe zum Schutz gegen Schnittverletzungen durch scharfe Gegenst\u00e4nde, zum Schutz gegen Einrei\u00dfen und Durchstechen.<\/p>\n<p>Geeignet f\u00fcr den Lebensmittelbereich.<\/p>\n<\/div>\n\n\t\t\t\t\t\t\t\t\t\t\t<\/div>\n\n\t\t\t\t\t\t\t\t\t<\/div>\n\t\t\t<\/div>\n\t\t[\/vc_column_inner][vc_column_inner width=&#8221;1\/4&#8243;]\t\t\t<div class=\"info-box-wrapper\">\n\t\t\t\t<div id=\"wd-6509b438b83c8\" class=\" wd-rs-6509b438b83c8 cursor-pointer wd-info-box wd-wpb text-left box-icon-align-top box-style- color-scheme-dark wd-bg-none \"  onclick=\"window.location.href=&quot;https:\/\/lenard.tech\/de\/gewebe\/filters\/categoria\/zubehoer-de\/&quot;\"  >\n\t\t\t\t\t\t\t\t\t\t\t<div class=\"box-icon-wrapper  box-with-icon box-icon-simple\">\n\t\t\t\t\t\t\t<div class=\"info-box-icon\">\n\n\t\t\t\t\t\t\t\n\t\t\t\t\t\t\t\t\t\t\t\t\t\t\t\t\t<img loading=\"lazy\" decoding=\"async\" width=\"600\" height=\"400\" src=\"https:\/\/lenard.tech\/wp-content\/uploads\/2023\/07\/productos-complementos.jpg\" class=\"attachment-800x600 size-800x600\" alt=\"\" srcset=\"https:\/\/lenard.tech\/wp-content\/uploads\/2023\/07\/productos-complementos.jpg 600w, https:\/\/lenard.tech\/wp-content\/uploads\/2023\/07\/productos-complementos-400x267.jpg 400w, https:\/\/lenard.tech\/wp-content\/uploads\/2023\/07\/productos-complementos-430x287.jpg 430w, https:\/\/lenard.tech\/wp-content\/uploads\/2023\/07\/productos-complementos-150x100.jpg 150w\" sizes=\"auto, (max-width: 600px) 100vw, 600px\" \/>\t\t\t\t\t\t\t\t\t\t\t\t\t\t\t\n\t\t\t\t\t\t\t<\/div>\n\t\t\t\t\t\t<\/div>\n\t\t\t\t\t\t\t\t\t\t<div class=\"info-box-content\">\n\t\t\t\t\t\t<h4 class=\"info-box-title title box-title-style-default wd-fontsize-m\">ZUBEH\u00d6R<\/h4>\t\t\t\t\t\t<div class=\"info-box-inner set-cont-mb-s reset-last-child\"><p>B\u00fcndchen, Kragen und sogar die Garne m\u00fcssen nicht nur die gleiche Qualit\u00e4t und den gleichen Komfort bieten, sondern vor allem auch den gleichen Schutz wie der Rest des Kleidungsst\u00fccks<\/p>\n<\/div>\n\n\t\t\t\t\t\t\t\t\t\t\t<\/div>\n\n\t\t\t\t\t\t\t\t\t<\/div>\n\t\t\t<\/div>\n\t\t[\/vc_column_inner][vc_column_inner width=&#8221;1\/4&#8243;][\/vc_column_inner][\/vc_row_inner][vc_empty_space height=&#8221;40px&#8221; woodmart_hide_large=&#8221;0&#8243; woodmart_hide_medium=&#8221;0&#8243; woodmart_hide_small=&#8221;0&#8243;]<div id=\"wd-64905c70ceb5d\" class=\" wd-rs-64905c70ceb5d  wd-button-wrapper text-center\"><a href=\"#\" title=\"\" class=\"btn btn-color-primary btn-style-bordered btn-style-rectangle btn-size-default\">STOFFFINDER<\/a><\/div>[\/vc_column][\/vc_row][vc_row full_width=&#8221;stretch_row&#8221; css=&#8221;.vc_custom_1658829102793{margin-top: 50px !important;margin-bottom: -40px !important;background-color: #ffffff !important;}&#8221; mobile_bg_img_hidden=&#8221;no&#8221; tablet_bg_img_hidden=&#8221;no&#8221; woodmart_parallax=&#8221;0&#8243; woodmart_gradient_switch=&#8221;no&#8221; row_reverse_mobile=&#8221;0&#8243; row_reverse_tablet=&#8221;0&#8243; woodmart_disable_overflow=&#8221;0&#8243; wd_z_index=&#8221;no&#8221; woodmart_css_id=&#8221;62dfb92a7aae2&#8243; responsive_spacing=&#8221;eyJwYXJhbV90eXBlIjoid29vZG1hcnRfcmVzcG9uc2l2ZV9zcGFjaW5nIiwic2VsZWN0b3JfaWQiOiI2MmRmYjkyYTdhYWUyIiwic2hvcnRjb2RlIjoidmNfcm93IiwiZGF0YSI6eyJ0YWJsZXQiOnsibWFyZ2luLXRvcCI6IjE4MHB4In0sIm1vYmlsZSI6e319fQ==&#8221; woodmart_box_shadow=&#8221;no&#8221;][vc_column css=&#8221;.vc_custom_1581946195131{padding-top: 0px !important;}&#8221; mobile_bg_img_hidden=&#8221;no&#8221; tablet_bg_img_hidden=&#8221;no&#8221; woodmart_parallax=&#8221;0&#8243; woodmart_sticky_column=&#8221;false&#8221; parallax_scroll=&#8221;no&#8221; mobile_reset_margin=&#8221;no&#8221; tablet_reset_margin=&#8221;no&#8221;][vc_empty_space height=&#8221;60px&#8221; woodmart_hide_large=&#8221;0&#8243; woodmart_hide_medium=&#8221;0&#8243; woodmart_hide_small=&#8221;0&#8243;]\n\t\t<div id=\"wd-64905c88a3d22\" class=\"title-wrapper wd-wpb set-mb-s reset-last-child  wd-rs-64905c88a3d22 wd-title-color-default wd-title-style-default text-center  wd-width-custom wd-underline-colored\">\n\t\t\t\n\t\t\t<div class=\"liner-continer\">\n\t\t\t\t<h4 class=\"woodmart-title-container title  wd-font-weight- wd-fontsize-l\" >STRICKWAREN<\/h4>\n\t\t\t\t\t\t\t<\/div>\n\t\t\t\n\t\t\t\n\t\t\t\n\t\t<\/div>\n\t\t\n\t\t[vc_empty_space height=&#8221;40px&#8221; woodmart_hide_large=&#8221;0&#8243; woodmart_hide_medium=&#8221;0&#8243; woodmart_hide_small=&#8221;0&#8243;][vc_row_inner][vc_column_inner width=&#8221;1\/4&#8243;]\t\t\t<div class=\"info-box-wrapper\">\n\t\t\t\t<div id=\"wd-64905cb617d4e\" class=\" wd-rs-64905cb617d4e wd-info-box wd-wpb text-left box-icon-align-top box-style- color-scheme-dark wd-bg-none \"  >\n\t\t\t\t\t\t\t\t\t\t\t<div class=\"box-icon-wrapper  box-with-icon box-icon-simple\">\n\t\t\t\t\t\t\t<div class=\"info-box-icon\">\n\n\t\t\t\t\t\t\t\n\t\t\t\t\t\t\t\t\t\t\t\t\t\t\t\t\t<img loading=\"lazy\" decoding=\"async\" width=\"800\" height=\"600\" src=\"https:\/\/lenard.tech\/wp-content\/uploads\/2022\/06\/826-2-800x600.jpg\" class=\"attachment-800x600 size-800x600\" alt=\"\" \/>\t\t\t\t\t\t\t\t\t\t\t\t\t\t\t\n\t\t\t\t\t\t\t<\/div>\n\t\t\t\t\t\t<\/div>\n\t\t\t\t\t\t\t\t\t\t<div class=\"info-box-content\">\n\t\t\t\t\t\t<h4 class=\"info-box-title title box-title-style-default wd-fontsize-m\">UNTERKLEIDUNG<\/h4>\t\t\t\t\t\t<div class=\"info-box-inner set-cont-mb-s reset-last-child\"><p>Dieses zweiteilige Set aus T-Shirt und Hose bietet maximalen Schutz gegen Feuer, elektrostatische Aufladung und Lichtbogen. Die marineblaue Farbe verleiht Bekleidungsteil ein professionelles, diskretes Bild, das sich f\u00fcr verschiedene Bereiche eignet.<\/p>\n<\/div>\n\n\t\t\t\t\t\t\t\t\t\t\t<\/div>\n\n\t\t\t\t\t\t\t\t\t<\/div>\n\t\t\t<\/div>\n\t\t[\/vc_column_inner][vc_column_inner width=&#8221;1\/4&#8243;]\t\t\t<div class=\"info-box-wrapper\">\n\t\t\t\t<div id=\"wd-64905cd147703\" class=\" wd-rs-64905cd147703 wd-info-box wd-wpb text-left box-icon-align-top box-style- color-scheme-dark wd-bg-none \"  >\n\t\t\t\t\t\t\t\t\t\t\t<div class=\"box-icon-wrapper  box-with-icon box-icon-simple\">\n\t\t\t\t\t\t\t<div class=\"info-box-icon\">\n\n\t\t\t\t\t\t\t\n\t\t\t\t\t\t\t\t\t\t\t\t\t\t\t\t\t<img loading=\"lazy\" decoding=\"async\" width=\"800\" height=\"600\" src=\"https:\/\/lenard.tech\/wp-content\/uploads\/2022\/06\/fotos_LKWW_625-1-800x600.jpg\" class=\"attachment-800x600 size-800x600\" alt=\"\" \/>\t\t\t\t\t\t\t\t\t\t\t\t\t\t\t\n\t\t\t\t\t\t\t<\/div>\n\t\t\t\t\t\t<\/div>\n\t\t\t\t\t\t\t\t\t\t<div class=\"info-box-content\">\n\t\t\t\t\t\t<h4 class=\"info-box-title title box-title-style-default wd-fontsize-m\">OBERBEKLEIDUNG<\/h4>\t\t\t\t\t\t<div class=\"info-box-inner set-cont-mb-s reset-last-child\"><p>Komfort und Sicherheit vereint in atmungsaktiver Kleidung, die Schutz vor elektrostatischer Aufladung, Lichtbogen und Flammen bietet.<\/p>\n<p>Die hohe Sichtbarkeit wird durch die Farben Gelb und HV-Orange noch verst\u00e4rkt.<\/p>\n<\/div>\n\n\t\t\t\t\t\t\t\t\t\t\t<\/div>\n\n\t\t\t\t\t\t\t\t\t<\/div>\n\t\t\t<\/div>\n\t\t[\/vc_column_inner][vc_column_inner width=&#8221;1\/4&#8243;]\t\t\t<div class=\"info-box-wrapper\">\n\t\t\t\t<div id=\"wd-64905ce72b841\" class=\" wd-rs-64905ce72b841 wd-info-box wd-wpb text-left box-icon-align-top box-style- color-scheme-dark wd-bg-none \"  >\n\t\t\t\t\t\t\t\t\t\t\t<div class=\"box-icon-wrapper  box-with-icon box-icon-simple\">\n\t\t\t\t\t\t\t<div class=\"info-box-icon\">\n\n\t\t\t\t\t\t\t\n\t\t\t\t\t\t\t\t\t\t\t\t\t\t\t\t\t<img loading=\"lazy\" decoding=\"async\" width=\"800\" height=\"600\" src=\"https:\/\/lenard.tech\/wp-content\/uploads\/2022\/06\/camiseta-anticorte-800x600.jpg\" class=\"attachment-800x600 size-800x600\" alt=\"\" \/>\t\t\t\t\t\t\t\t\t\t\t\t\t\t\t\n\t\t\t\t\t\t\t<\/div>\n\t\t\t\t\t\t<\/div>\n\t\t\t\t\t\t\t\t\t\t<div class=\"info-box-content\">\n\t\t\t\t\t\t<h4 class=\"info-box-title title box-title-style-default wd-fontsize-m\">ANTI-CUT<\/h4>\t\t\t\t\t\t<div class=\"info-box-inner set-cont-mb-s reset-last-child\"><p>Die Anti-Cut-T-Shirts wurden f\u00fcr Arbeiten entwickelt, bei denen ein zus\u00e4tzlicher Schutz gegen Schnitte und Einstiche an Brust und \u00c4rmeln erforderlich ist, ohne dass der Tragekomfort darunter leidet. Hergestellt aus unserem Schnittschutzgewebe 330, zertifiziert und eingestuft in die Stufe E nach EN 388.<\/p>\n<\/div>\n\n\t\t\t\t\t\t\t\t\t\t\t<\/div>\n\n\t\t\t\t\t\t\t\t\t<\/div>\n\t\t\t<\/div>\n\t\t[\/vc_column_inner][vc_column_inner width=&#8221;1\/4&#8243;]\t\t\t<div class=\"info-box-wrapper\">\n\t\t\t\t<div id=\"wd-64905d08812cc\" class=\" wd-rs-64905d08812cc wd-info-box wd-wpb text-left box-icon-align-top box-style- color-scheme-dark wd-bg-none \"  >\n\t\t\t\t\t\t\t\t\t\t\t<div class=\"box-icon-wrapper  box-with-icon box-icon-simple\">\n\t\t\t\t\t\t\t<div class=\"info-box-icon\">\n\n\t\t\t\t\t\t\t\n\t\t\t\t\t\t\t\t\t\t\t\t\t\t\t\t\t<img loading=\"lazy\" decoding=\"async\" width=\"800\" height=\"600\" src=\"https:\/\/lenard.tech\/wp-content\/uploads\/2022\/06\/Braga-polar-800x600.jpg\" class=\"attachment-800x600 size-800x600\" alt=\"\" \/>\t\t\t\t\t\t\t\t\t\t\t\t\t\t\t\n\t\t\t\t\t\t\t<\/div>\n\t\t\t\t\t\t<\/div>\n\t\t\t\t\t\t\t\t\t\t<div class=\"info-box-content\">\n\t\t\t\t\t\t<h4 class=\"info-box-title title box-title-style-default wd-fontsize-m\">ZUBEH\u00d6R<\/h4>\t\t\t\t\t\t<div class=\"info-box-inner set-cont-mb-s reset-last-child\"><p>Manschetten, Kragen und auch die Garne m\u00fcssen nicht nur die gleiche Qualit\u00e4t und den gleichen Tragekomfort, sondern vor allem auch den gleichen Schutz bieten wie der Rest des Kleidungsst\u00fccks.<\/p>\n<\/div>\n\n\t\t\t\t\t\t\t\t\t\t\t<\/div>\n\n\t\t\t\t\t\t\t\t\t<\/div>\n\t\t\t<\/div>\n\t\t[\/vc_column_inner][\/vc_row_inner][vc_empty_space height=&#8221;40px&#8221; woodmart_hide_large=&#8221;0&#8243; woodmart_hide_medium=&#8221;0&#8243; woodmart_hide_small=&#8221;0&#8243;]<div id=\"wd-64905daf44676\" class=\" wd-rs-64905daf44676  wd-button-wrapper text-center\"><a href=\"https:\/\/lenard.tech\/prendas-de-punto\/\" title=\"\" class=\"btn btn-color-primary btn-style-bordered btn-style-rectangle btn-size-default\">SIEHE BEKLEIDUNGSKATALOG<\/a><\/div>[vc_empty_space height=&#8221;40px&#8221; woodmart_hide_large=&#8221;0&#8243; woodmart_hide_medium=&#8221;0&#8243; woodmart_hide_small=&#8221;0&#8243;][\/vc_column][\/vc_row]<\/p>\n<\/section>","protected":false},"excerpt":{"rendered":"<p>[vc_row css=&#8221;.vc_custom_1658824261127{margin-top: 50px !important;margin-bottom: 20px !important;background-color: #f8f7f6 !important;}&#8221; mobile_bg_img_hidden=&#8221;no&#8221; tablet_bg_img_hidden=&#8221;no&#8221; woodmart_parallax=&#8221;0&#8243; woodmart_gradient_switch=&#8221;no&#8221; row_reverse_mobile=&#8221;0&#8243; row_reverse_tablet=&#8221;0&#8243; woodmart_disable_overflow=&#8221;0&#8243; wd_z_index=&#8221;no&#8221; woodmart_css_id=&#8221;62dfa634f179b&#8221; responsive_spacing=&#8221;eyJwYXJhbV90eXBlIjoid29vZG1hcnRfcmVzcG9uc2l2ZV9zcGFjaW5nIiwic2VsZWN0b3JfaWQiOiI2MmRmYTYzNGYxNzliIiwic2hvcnRjb2RlIjoidmNfcm93IiwiZGF0YSI6eyJ0YWJsZXQiOnsibWFyZ2luLXRvcCI6IjE4MHB4In0sIm1vYmlsZSI6e319fQ==&#8221; woodmart_box_shadow=&#8221;no&#8221;][vc_column css=&#8221;.vc_custom_1581946195131{padding-top:<\/p>\n","protected":false},"author":1,"featured_media":0,"parent":0,"menu_order":0,"comment_status":"closed","ping_status":"closed","template":"","meta":{"_mi_skip_tracking":false,"_monsterinsights_sitenote_active":false,"_monsterinsights_sitenote_note":"","_monsterinsights_sitenote_category":0,"footnotes":""},"class_list":["post-10979","page","type-page","status-publish","hentry"],"acf":[],"_links":{"self":[{"href":"https:\/\/lenard.tech\/de\/wp-json\/wp\/v2\/pages\/10979","targetHints":{"allow":["GET"]}}],"collection":[{"href":"https:\/\/lenard.tech\/de\/wp-json\/wp\/v2\/pages"}],"about":[{"href":"https:\/\/lenard.tech\/de\/wp-json\/wp\/v2\/types\/page"}],"author":[{"embeddable":true,"href":"https:\/\/lenard.tech\/de\/wp-json\/wp\/v2\/users\/1"}],"replies":[{"embeddable":true,"href":"https:\/\/lenard.tech\/de\/wp-json\/wp\/v2\/comments?post=10979"}],"version-history":[{"count":13,"href":"https:\/\/lenard.tech\/de\/wp-json\/wp\/v2\/pages\/10979\/revisions"}],"predecessor-version":[{"id":14407,"href":"https:\/\/lenard.tech\/de\/wp-json\/wp\/v2\/pages\/10979\/revisions\/14407"}],"wp:attachment":[{"href":"https:\/\/lenard.tech\/de\/wp-json\/wp\/v2\/media?parent=10979"}],"curies":[{"name":"wp","href":"https:\/\/api.w.org\/{rel}","templated":true}]}}