
{"id":11033,"date":"2022-05-23T14:30:38","date_gmt":"2022-05-23T14:30:38","guid":{"rendered":"https:\/\/lenard.tech\/politica-de-cookies\/"},"modified":"2025-01-30T15:29:49","modified_gmt":"2025-01-30T15:29:49","slug":"cookie-richtlinie","status":"publish","type":"page","link":"https:\/\/lenard.tech\/de\/cookie-richtlinie\/","title":{"rendered":"Cookie-Richtlinie"},"content":{"rendered":"<section class=\"wpb-content-wrapper\"><p>[vc_row css=&#8221;.vc_custom_1666863058389{padding-top: 80px !important;}&#8221; woodmart_css_id=&#8221;635a4fce0ec6d&#8221; responsive_spacing=&#8221;eyJwYXJhbV90eXBlIjoid29vZG1hcnRfcmVzcG9uc2l2ZV9zcGFjaW5nIiwic2VsZWN0b3JfaWQiOiI2MzVhNGZjZTBlYzZkIiwic2hvcnRjb2RlIjoidmNfcm93IiwiZGF0YSI6eyJ0YWJsZXQiOnt9LCJtb2JpbGUiOnt9fX0=&#8221; mobile_bg_img_hidden=&#8221;no&#8221; tablet_bg_img_hidden=&#8221;no&#8221; woodmart_parallax=&#8221;0&#8243; woodmart_gradient_switch=&#8221;no&#8221; woodmart_box_shadow=&#8221;no&#8221; wd_z_index=&#8221;no&#8221; woodmart_disable_overflow=&#8221;0&#8243; row_reverse_mobile=&#8221;0&#8243; row_reverse_tablet=&#8221;0&#8243;][vc_column][vc_column_text woodmart_inline=&#8221;no&#8221; text_larger=&#8221;no&#8221;]<strong>EINLEITUNG<\/strong><\/p>\n<p>Die Website von <strong>LENARD BCN, S.L.<\/strong> Es verwendet eigene Cookies und Cookies von Drittanbietern. Ein Cookie ist eine Datei, die auf Ihren Computer heruntergeladen wird, wenn Sie auf bestimmte Websites zugreifen. Cookies erm\u00f6glichen es einer Website unter anderem, das ordnungsgem\u00e4\u00dfe Funktionieren der Seite zu gew\u00e4hrleisten, dem Benutzer einen schnelleren Zugriff auf die ausgew\u00e4hlten Dienste zu erm\u00f6glichen, Informationen \u00fcber die Surfgewohnheiten eines Benutzers oder seines Computers zu speichern und abzurufen und sogar, abh\u00e4ngig von den darin enthaltenen Informationen und der Art und Weise, wie er seinen Computer verwendet,\u00a0\u00a0\u00a0 kann verwendet werden, um den Benutzer zu erkennen. Cookies werden nur mit einem anonymen Benutzer und seinem Computer oder Ger\u00e4t in Verbindung gebracht und liefern keine Hinweise, die es uns erm\u00f6glichen, seine pers\u00f6nlichen Daten zu kennen, es sei denn, der Benutzer hat dies ausdr\u00fccklich genehmigt.<\/p>\n<p>Der Benutzer kann jederzeit die installierten Cookies akzeptieren oder ablehnen, die f\u00fcr das ordnungsgem\u00e4\u00dfe Funktionieren der Website und den Zugriff des Benutzers auf ihre Dienste nicht unbedingt erforderlich sind, und zwar \u00fcber das auf unserer Website bereitgestellte Cookie-Einstellungsfeld. Ebenso k\u00f6nnen sie ihren Browser jederzeit konfigurieren, ohne dass die F\u00e4higkeit des Benutzers, auf Inhalte zuzugreifen, beeintr\u00e4chtigt wird. Wir weisen Sie jedoch darauf hin, dass die Ablehnung von Cookies das ordnungsgem\u00e4\u00dfe Funktionieren der Website beeintr\u00e4chtigen kann.<\/p>\n<p><strong>REGULIERTE UND AUSGENOMMENE COOKIES<\/strong><\/p>\n<p>In \u00dcbereinstimmung mit der EU-Richtlinie handelt es sich bei den Cookies, die die informierte Zustimmung des Benutzers erfordern, um Analyse-, Werbe- und Affiliate-Cookies, mit Ausnahme derjenigen technischer Art und derjenigen, die f\u00fcr den Betrieb der Website oder die Erbringung von Dienstleistungen erforderlich sind, die vom Benutzer ausdr\u00fccklich angefordert wurden.<\/p>\n<p><strong>ART DER COOKIES<\/strong><\/p>\n<ol>\n<li>a) Abh\u00e4ngig von der<strong> Stelle, die sie verwaltet<\/strong>, gibt es <strong>Erstanbieter-Cookies<\/strong> (solche, die von einem Computer oder einer Dom\u00e4ne, die vom Herausgeber selbst verwaltet wird und von der aus der vom Benutzer angeforderte Dienst bereitgestellt wird, an das Endger\u00e4t des Benutzers gesendet werden) und <strong>Cookies von Drittanbietern <\/strong>\u00a0(diejenigen, die von einem Computer oder einer Dom\u00e4ne, die nicht vom Herausgeber verwaltet wird, sondern von einer anderen Stelle, die die durch Cookies erhaltenen Daten verarbeitet, an das Endger\u00e4t des Benutzers gesendet werden).<\/li>\n<li>b) Abh\u00e4ngig von der <strong>Zeit, die sie aktiv bleiben<\/strong>, gibt es <strong>Session-Cookies <\/strong>(die dazu dienen, Daten anzufordern und zu speichern, w\u00e4hrend der Benutzer auf eine Website zugreift) und <strong>dauerhafte Cookies <\/strong>\u00a0(bei denen die Daten auf dem Endger\u00e4t gespeichert werden und f\u00fcr einen vom f\u00fcr die Verarbeitung Verantwortlichen festgelegten Zeitraum &#8211; er kann von einigen Minuten bis zu mehreren Jahren reichen &#8211; abgerufen und verarbeitet werden k\u00f6nnen).<\/li>\n<li>c) Je nach dem <strong>Zweck<\/strong> , f\u00fcr den sie die von ihnen gesammelten Informationen verarbeiten, k\u00f6nnen dies sein:<\/li>\n<\/ol>\n<ul>\n<li><strong>Technische Cookies<\/strong> (notwendig f\u00fcr die Nutzung der Website und die Erbringung der vertraglich vereinbarten Dienstleistung);<\/li>\n<li><strong>Personalisierungs-Cookies<\/strong> (die es dem Benutzer erm\u00f6glichen, auf den Dienst mit vordefinierten Merkmalen wie Sprache, Browsertyp, regionaler Konfiguration usw. zuzugreifen);<\/li>\n<li><strong>Analyse-Cookies<\/strong> (sie sammeln Informationen \u00fcber die Nutzung der Website);<\/li>\n<li><strong>Werbe-Cookies<\/strong> (sammeln Informationen \u00fcber die pers\u00f6nlichen Vorlieben und Entscheidungen der Nutzer);<\/li>\n<li><strong>Affiliate-Cookies<\/strong> (erm\u00f6glichen es Ihnen, Besuche auf anderen Websites zu verfolgen, mit denen die Website einen Affiliate-Vertrag hat).<\/li>\n<\/ul>\n<p><strong>ART DER COOKIES, DIE F\u00dcR DIESE WEBSITE VERWENDET WERDEN<\/strong><\/p>\n<p>Wenn Sie auf unserer Website surfen, k\u00f6nnen Cookies von unseren sozialen Netzwerken in Ihrem Browser platziert werden. Nachfolgend finden Sie die Links zu den Social-Media-Cookies, die wir auf dieser Website verwenden:<\/p>\n<ul>\n<li>YouTube-Cookies, weitere Informationen finden Sie in der <a href=\"https:\/\/policies.google.com\/technologies\/cookies?hl=es\">Cookie-Richtlinie<\/a><\/li>\n<li>LinkedIn-Cookies, weitere Informationen finden Sie in deren <a href=\"https:\/\/www.linkedin.com\/legal\/cookie-policy?_l=es_ES\">Cookie-Richtlinie<\/a><\/li>\n<\/ul>\n<p><strong>WIDERRUF<\/strong><\/p>\n<p>Sie k\u00f6nnen jederzeit auf die Einstellungen Ihres Browsers zugreifen, indem Sie alle Cookies akzeptieren oder ablehnen oder ausw\u00e4hlen, welche von der Installation akzeptiert werden und welche nicht, indem Sie eines der folgenden Verfahren befolgen, das vom von Ihnen verwendeten Browser abh\u00e4ngt:<\/p>\n<p><strong>Google Chrome<\/strong> (im Men\u00fc Extras):<\/p>\n<p>Einstellungen&gt; Erweiterte Optionen anzeigen&gt; Datenschutz (Inhaltseinstellungen)&gt; Cookies:<\/p>\n<p>https:\/\/support.google.com\/chrome\/answer\/95647?co=GENIE.Platform%3DDesktop&#038;hl=es<\/p>\n<p><strong>Microsoft Edge<\/strong> (im Men\u00fc Einstellungen):<\/p>\n<p>Cookie-&gt;Einstellungen und Website-Berechtigungen:<\/p>\n<p><a href=\"edge:\/\/settings\/content\/cookies\">edge:\/\/settings\/content\/cookies<\/a><\/p>\n<p><strong>Firefox:<\/strong><\/p>\n<p>Wahlm\u00f6glichkeiten&gt; Datenschutz&gt; Cookies:<\/p>\n<p>https:\/\/support.mozilla.org\/es\/kb\/habilitar-y-deshabilitar-cookies-sitios-web-rastrear-preferencias<\/p>\n<p><strong>Safari, iPad und iPhone :<\/strong><\/p>\n<p>Einstellungen&gt; Datenschutz<\/p>\n<p>https:\/\/support.apple.com\/kb\/ph21411?locale=es_ES<\/p>\n<p><strong>Werk:<\/strong><\/p>\n<p>Einstellungen&gt; Optionen&gt; Erweitert&gt; Cookies<\/p>\n<p>http:\/\/help.opera.com\/Windows\/12.00\/es-ES\/cookies.html<\/p>\n<p>Diese Browser k\u00f6nnen sich \u00e4ndern oder modifizieren, so dass wir nicht garantieren k\u00f6nnen, dass sie vollst\u00e4ndig mit Ihrer Browserversion kompatibel sind. M\u00f6glicherweise verwenden Sie auch einen anderen Browser, der nicht von diesen Links abgedeckt wird, z. B. Konqueror, Arora, Flock usw. Um diese Inkonsistenzen zu vermeiden, k\u00f6nnen Sie direkt \u00fcber die Optionen Ihres Browsers darauf zugreifen, in der Regel im Men\u00fc &#8220;Optionen&#8221; im Abschnitt &#8220;Datenschutz&#8221; (weitere Informationen finden Sie in der Hilfe Ihres Browsers).<\/p>\n<p><strong>\u00c4NDERUNGEN AN DIESER COOKIE-RICHTLINIE<\/strong><\/p>\n<p><strong>LENARD BCN, S.L.<\/strong> beh\u00e4lt sich das Recht vor, diese Richtlinie zu \u00e4ndern, um sie an neue Gesetze oder Rechtsprechung anzupassen.<\/p>\n<p><strong>DEAKTIVIEREN \/ AKTIVIEREN UND L\u00d6SCHEN VON COOKIES<\/strong><\/p>\n<p>Um Cookies einzuschr\u00e4nken oder zu blockieren, erfolgt dies \u00fcber Ihre Browsereinstellungen.<\/p>\n<p>Wenn Sie nicht m\u00f6chten, dass Websites Cookies auf Ihrem Computer platzieren, k\u00f6nnen Sie Ihre Browsereinstellungen so anpassen, dass Sie benachrichtigt werden, bevor Cookies platziert werden. Ebenso k\u00f6nnen Sie die Einstellungen so anpassen, dass der Browser alle Cookies oder nur Cookies von Drittanbietern ablehnt. Sie k\u00f6nnen auch alle Cookies l\u00f6schen, die sich bereits auf Ihrem Computer befinden. Beachten Sie, dass die Einstellungen f\u00fcr jeden Browser und Computer, den Sie verwenden, separat angepasst werden m\u00fcssen.<\/p>\n<p>Bitte beachten Sie, dass wir ohne den Erhalt von Cookies nicht mehr garantieren k\u00f6nnen, dass unsere Website wie vorgesehen funktioniert. Einige Websitefunktionen gehen m\u00f6glicherweise verloren und Sie k\u00f6nnen bestimmte Websites nicht mehr anzeigen. Die Ablehnung von Cookies bedeutet auch nicht, dass Sie keine Werbung mehr sehen. Die Anzeigen entsprechen einfach nicht Ihren Interessen und wiederholen sich h\u00e4ufiger.<\/p>\n<p>Jeder Browser hat eine andere Methode zum Anpassen der Einstellungen. Informieren Sie sich ggf. \u00fcber die Hilfefunktion Ihres Browsers, um die richtigen Einstellungen vorzunehmen.<\/p>\n<p>Um Cookies auf Ihrem Mobiltelefon zu deaktivieren, lesen Sie bitte das Handbuch Ihres Ger\u00e4ts, um weitere Informationen zu erhalten.<\/p>\n<p>Weitere Informationen zu Cookies finden Sie im Internet: <a href=\"http:\/\/www.aboutcookies.org\/\">http:\/\/www.aboutcookies.org\/<\/a>.<\/p>\n<p>Aufgrund der Funktionsweise des Internets und der Websites haben wir nicht immer Informationen \u00fcber Cookies, die von Dritten auf unserer Website platziert werden. Dies gilt insbesondere f\u00fcr die F\u00e4lle, in denen die Website sogenannte eingebettete Elemente enth\u00e4lt: Texte, Dokumente, Bilder oder Kurzfilme, die an anderer Stelle gespeichert sind, aber auf oder \u00fcber unsere Website angezeigt werden.<\/p>\n<p>Wenn Sie auf dieser Website auf solche Cookies sto\u00dfen und diese oben nicht aufgef\u00fchrt sind, teilen Sie uns dies bitte mit. Sie k\u00f6nnen sich auch direkt an den Drittanbieter wenden, um Informationen \u00fcber die von ihm platzierten Cookies, den Zweck und die Dauer des Cookies und die Art und Weise, wie er Ihre Privatsph\u00e4re gesch\u00fctzt hat, anzufordern.<\/p>\n<p><strong>INFORMATIONEN \u00dcBER DIE VERARBEITUNG PERSONENBEZOGENER DATEN (ART. 13 DSGVO)<\/strong><\/p>\n<p><strong>Wer ist f\u00fcr die Verarbeitung Ihrer personenbezogenen Daten verantwortlich?<\/strong><\/p>\n<p><strong>LENARD BCN, S.L.<\/strong> ist der Datenverantwortliche f\u00fcr die personenbezogenen Daten, die Sie uns zur Verf\u00fcgung stellen, mit Sitz in Pol. Ind. Sot dels Pradals &#8211; C\/ Sabadell, 3, 08500, Vic, Barcelona und bei CIF B61223590. Rufen Sie 93 886 92 12 an und kontaktieren Sie info@lenard.tech per E-Mail.<\/p>\n<p><strong>Zu welchen Zwecken verwenden wir Ihre personenbezogenen Daten?<\/strong><\/p>\n<p>Die durch Erstanbieter-Cookies (Sitzungs- und Benutzereingabe-Cookies) gesammelten Informationen werden in der Regel verwendet, um die Aktionen des Benutzers beim Ausf\u00fcllen von Online-Formularen auf verschiedenen Seiten zu verfolgen, oder als Warenkorb, um die Artikel zu verfolgen, die der Benutzer auf Knopfdruck ausgew\u00e4hlt hat, oder um die Benutzeroberfl\u00e4che beim Besuch der Website anzupassen.<\/p>\n<p>Die Informationen, die durch Cookies von Drittanbietern gesammelt werden, lauten wie folgt:<\/p>\n<ul>\n<li>Durch analytische Cookies werden Ihre Surfgewohnheiten analysiert, um die angebotenen Dienste zu verbessern.<\/li>\n<li>Durch Verhaltens-Cookies werden Informationen \u00fcber die Pr\u00e4ferenzen des Nutzers gesammelt, um Werbefl\u00e4chen so effizient wie m\u00f6glich zu verwalten; und<\/li>\n<li>Werbe-Cookies messen die Leistung von Werbeanzeigen und geben Produktempfehlungen auf der Grundlage statistischer Daten.<\/li>\n<\/ul>\n<p>Um genau zu erfahren, wie Cookies verwendet werden, sehen Sie sich die Tabelle \u00fcber die Verwendung von Cookies auf dieser Website an.<\/p>\n<p><strong>Was ist die Rechtsgrundlage f\u00fcr die Verarbeitung Ihrer personenbezogenen Daten?<\/strong><\/p>\n<p>Die Legitimit\u00e4t der Verarbeitung Ihrer personenbezogenen Daten ergibt sich aus Ihrer zum Zeitpunkt der Kontaktaufnahme erteilten Einwilligung zur Verwendung von Analyse-, Verhaltens- und Werbe-Cookies; Bei Session- oder Personalisierungs-Cookies ist die Legitimit\u00e4t der Verarbeitung durch das berechtigte Interesse des Anbieters (Verantwortlichen) gegeben.<\/p>\n<p><strong>An wen geben wir Ihre Daten weiter?<\/strong><\/p>\n<p>Es werden keine Daten an Dritte weitergegeben oder weitergegeben, es sei denn, es besteht eine gesetzliche Verpflichtung oder an die angegebenen Dritten im Falle der Verwendung von Cookies, die von ihnen verwaltet werden.<\/p>\n<p><strong>Wie lange werden Ihre Daten aufbewahrt?<\/strong><\/p>\n<p>Die Speicherdauer der gesammelten Daten ist die in der Tabelle \u00fcber die Verwendung von Cookies auf dieser Website angegebene.<\/p>\n<p><strong>Welche Rechte haben Sie?<\/strong><\/p>\n<p>Die Rechte, die den Nutzer sch\u00fctzen, sind die Rechte auf Zugang, Berichtigung, L\u00f6schung, \u00dcbertragbarkeit, Widerruf der Einwilligung (ohne Beeintr\u00e4chtigung der Rechtm\u00e4\u00dfigkeit der vor dem Widerruf gew\u00e4hrten Verarbeitung), Widerspruch gegen die Verarbeitung, Einschr\u00e4nkung (unter bestimmten Umst\u00e4nden) und Einreichung einer Beschwerde bei der Aufsichtsbeh\u00f6rde (der spanischen Datenschutzbeh\u00f6rde,\u00a0\u00a0 <a href=\"http:\/\/www.aepd.es\">www.aepd.es<\/a>).[\/vc_column_text][\/vc_column][\/vc_row]<\/p>\n<\/section>","protected":false},"excerpt":{"rendered":"<p>[vc_row css=&#8221;.vc_custom_1666863058389{padding-top: 80px !important;}&#8221; woodmart_css_id=&#8221;635a4fce0ec6d&#8221; responsive_spacing=&#8221;eyJwYXJhbV90eXBlIjoid29vZG1hcnRfcmVzcG9uc2l2ZV9zcGFjaW5nIiwic2VsZWN0b3JfaWQiOiI2MzVhNGZjZTBlYzZkIiwic2hvcnRjb2RlIjoidmNfcm93IiwiZGF0YSI6eyJ0YWJsZXQiOnt9LCJtb2JpbGUiOnt9fX0=&#8221; mobile_bg_img_hidden=&#8221;no&#8221; tablet_bg_img_hidden=&#8221;no&#8221; woodmart_parallax=&#8221;0&#8243; woodmart_gradient_switch=&#8221;no&#8221; woodmart_box_shadow=&#8221;no&#8221; wd_z_index=&#8221;no&#8221; woodmart_disable_overflow=&#8221;0&#8243; row_reverse_mobile=&#8221;0&#8243; row_reverse_tablet=&#8221;0&#8243;][vc_column][vc_column_text woodmart_inline=&#8221;no&#8221; text_larger=&#8221;no&#8221;]EINLEITUNG Die Website von<\/p>\n","protected":false},"author":1,"featured_media":0,"parent":0,"menu_order":0,"comment_status":"closed","ping_status":"closed","template":"","meta":{"_mi_skip_tracking":false,"_monsterinsights_sitenote_active":false,"_monsterinsights_sitenote_note":"","_monsterinsights_sitenote_category":0,"footnotes":""},"class_list":["post-11033","page","type-page","status-publish","hentry"],"acf":[],"_links":{"self":[{"href":"https:\/\/lenard.tech\/de\/wp-json\/wp\/v2\/pages\/11033","targetHints":{"allow":["GET"]}}],"collection":[{"href":"https:\/\/lenard.tech\/de\/wp-json\/wp\/v2\/pages"}],"about":[{"href":"https:\/\/lenard.tech\/de\/wp-json\/wp\/v2\/types\/page"}],"author":[{"embeddable":true,"href":"https:\/\/lenard.tech\/de\/wp-json\/wp\/v2\/users\/1"}],"replies":[{"embeddable":true,"href":"https:\/\/lenard.tech\/de\/wp-json\/wp\/v2\/comments?post=11033"}],"version-history":[{"count":2,"href":"https:\/\/lenard.tech\/de\/wp-json\/wp\/v2\/pages\/11033\/revisions"}],"predecessor-version":[{"id":16434,"href":"https:\/\/lenard.tech\/de\/wp-json\/wp\/v2\/pages\/11033\/revisions\/16434"}],"wp:attachment":[{"href":"https:\/\/lenard.tech\/de\/wp-json\/wp\/v2\/media?parent=11033"}],"curies":[{"name":"wp","href":"https:\/\/api.w.org\/{rel}","templated":true}]}}