
{"id":11036,"date":"2022-05-23T14:29:56","date_gmt":"2022-05-23T14:29:56","guid":{"rendered":"https:\/\/lenard.tech\/aviso-legal\/"},"modified":"2025-01-30T15:36:04","modified_gmt":"2025-01-30T15:36:04","slug":"rechtlicher-hinweis","status":"publish","type":"page","link":"https:\/\/lenard.tech\/de\/rechtlicher-hinweis\/","title":{"rendered":"RECHTLICHER HINWEIS"},"content":{"rendered":"<section class=\"wpb-content-wrapper\"><p>[vc_row css=&#8221;.vc_custom_1666862994549{padding-top: 80px !important;}&#8221; woodmart_css_id=&#8221;635a4f8d85e40&#8243; responsive_spacing=&#8221;eyJwYXJhbV90eXBlIjoid29vZG1hcnRfcmVzcG9uc2l2ZV9zcGFjaW5nIiwic2VsZWN0b3JfaWQiOiI2MzVhNGY4ZDg1ZTQwIiwic2hvcnRjb2RlIjoidmNfcm93IiwiZGF0YSI6eyJ0YWJsZXQiOnt9LCJtb2JpbGUiOnt9fX0=&#8221; mobile_bg_img_hidden=&#8221;no&#8221; tablet_bg_img_hidden=&#8221;no&#8221; woodmart_parallax=&#8221;0&#8243; woodmart_gradient_switch=&#8221;no&#8221; woodmart_box_shadow=&#8221;no&#8221; wd_z_index=&#8221;no&#8221; woodmart_disable_overflow=&#8221;0&#8243; row_reverse_mobile=&#8221;0&#8243; row_reverse_tablet=&#8221;0&#8243;][vc_column][vc_column_text woodmart_inline=&#8221;no&#8221; text_larger=&#8221;no&#8221;]Um Artikel 10 des Gesetzes 34\/2002 \u00fcber die Dienste der Informationsgesellschaft und den elektronischen Gesch\u00e4ftsverkehr zu erf\u00fcllen, informieren wir die Nutzer \u00fcber unsere Daten:<\/p>\n<p>Name der Firma: <strong>LENARD BCN, S.L.<br \/>\n<\/strong>Domicilio Social : <strong>Pol. Ind. Sot dels Pradals &#8211; C\/ Sabadell, 3, 08500, Vic, Barcelona<br \/>\n<\/strong>Steueridentifikationsnummer: <strong>B61223590<br \/>\n<\/strong>Telefon: <strong>93 886 92 12<br \/>\n<\/strong>Courriel : <strong>info@lenard.tech<br \/>\n<\/strong>Webseite : <strong>www.lenard.tech<br \/>\n<\/strong>Registrierungsdaten: <strong>Dieses Unternehmen ist im Handelsregister von Huesca, Band 648, Folio 1, Seite hu-13221 eingetragen.<\/strong><\/p>\n<ol>\n<li><strong>OBJEKT<\/strong><\/li>\n<\/ol>\n<p><strong>LENARD BCN, S.L. <\/strong>(im Folgenden auch der Anbieter) als Verantwortlicher f\u00fcr die Website stellt den Nutzern dieses Dokument zur Verf\u00fcgung, das die Nutzung der <strong>www.lenard.tech Website regelt<\/strong>, mit der wir beabsichtigen, die im Gesetz 34\/2002 \u00fcber die Dienste der Informationsgesellschaft und den elektronischen Gesch\u00e4ftsverkehr (LSSICE oder LSSI) festgelegten Verpflichtungen zu erf\u00fcllen und alle Benutzer der Website \u00fcber die Nutzungsbedingungen der Website zu informieren.<\/p>\n<p>\u00dcber die Website kann <strong>LENARD BCN, S.L. <\/strong>Es erleichtert den Nutzern den Zugriff auf und die Nutzung verschiedener Dienste und Inhalte.<\/p>\n<p>Jede Person, die auf diese Website zugreift, \u00fcbernimmt die Rolle des Nutzers (im Folgenden der Benutzer) und impliziert die vollst\u00e4ndige und vorbehaltlose Annahme aller in diesem rechtlichen Hinweis enthaltenen Bestimmungen sowie aller anderen anwendbaren gesetzlichen Bestimmungen.<\/p>\n<p>Als Nutzer sollten Sie diesen rechtlichen Hinweis bei jedem Besuch der Website sorgf\u00e4ltig lesen, da er ge\u00e4ndert werden kann. Der Anbieter hat das Recht, \u00c4nderungen an den auf der Website enthaltenen Informationen vorzunehmen, um den Vorschriften zu entsprechen oder diese Richtlinie zu aktualisieren. Der Anbieter ist nicht verpflichtet, die Nutzer im Voraus \u00fcber vorgenommene \u00c4nderungen zu informieren, und deren Ver\u00f6ffentlichung auf der Website ist ausreichend.<\/p>\n<ol start=\"2\">\n<li><strong> BEDINGUNGEN F\u00dcR DEN ZUGANG UND DIE NUTZUNG DER WEBSITE<\/strong><\/li>\n<\/ol>\n<p><strong>2.1. Freier Zugang zu und Nutzung der Website<\/strong><\/p>\n<p>Die Erbringung von Dienstleistungen durch <strong>LENARD BCN, S.L.<\/strong> Es ist f\u00fcr alle Benutzer kostenlos.<\/p>\n<p><strong>2.2. Registrierung des Nutzers<\/strong><\/p>\n<p>Im Allgemeinen ist f\u00fcr die Bereitstellung der Dienste kein vorheriges Abonnement oder eine Registrierung der Nutzer erforderlich.<\/p>\n<p><strong>2.3. Richtigkeit der Informationen<\/strong><\/p>\n<p>Alle vom Nutzer gemachten Angaben m\u00fcssen wahrheitsgem\u00e4\u00df sein. Zu diesem Zweck garantiert der Nutzer die Echtheit der Daten, die \u00fcber die Anmeldeformulare f\u00fcr die Dienste mitgeteilt werden. Es liegt in der Verantwortung des Benutzers, alle Informationen, die <strong>LENARD BCN, S.L.<\/strong> zur Verf\u00fcgung gestellt werden, aufzubewahren. st\u00e4ndig aktualisiert, damit es jederzeit auf seine reale Situation reagiert. In jedem Fall ist der Nutzer allein verantwortlich f\u00fcr falsche oder ungenaue Angaben und f\u00fcr Sch\u00e4den, die dem Anbieter oder Dritten entstehen.<\/p>\n<p><strong>2.4. Minderj\u00e4hrige<\/strong><\/p>\n<p>Um die Dienste nutzen zu k\u00f6nnen, m\u00fcssen Minderj\u00e4hrige immer die vorherige Zustimmung ihrer Eltern, Erziehungsberechtigten oder gesetzlichen Vertreter einholen, die letztendlich f\u00fcr alle Handlungen verantwortlich sind, die von den Minderj\u00e4hrigen in ihrer Obhut vorgenommen werden. Es liegt in ihrer Verantwortung, die spezifischen Inhalte zu bestimmen, zu denen Minderj\u00e4hrige Zugang haben, weshalb f\u00fcr den Fall, dass sie auf Inhalte zugreifen, die nicht f\u00fcr das Internet geeignet sind, auf ihren Computern Mechanismen eingerichtet werden m\u00fcssen, insbesondere Computerprogramme, Filter und Bl\u00f6cke, die es erm\u00f6glichen, die verf\u00fcgbaren Inhalte einzuschr\u00e4nken, und\u00a0 Sie sind zwar nicht narrensicher, aber besonders n\u00fctzlich, um die Materialien, auf die Bergleute zugreifen k\u00f6nnen, zu kontrollieren und einzuschr\u00e4nken.<\/p>\n<p><strong>2.5. Pflicht zur korrekten Nutzung der Website<\/strong><\/p>\n<p>Der Nutzer verpflichtet sich, die Website in \u00dcbereinstimmung mit dem Gesetz und diesem rechtlichen Hinweis sowie mit der Moral und den guten Sitten zu nutzen. In der Tat wird der Benutzer die Nutzung der Website f\u00fcr illegale oder verbotene Zwecke unterlassen, die die Rechte und Interessen Dritter beeintr\u00e4chtigen oder die in irgendeiner Weise die normale Nutzung der Computerausr\u00fcstung oder von Dokumenten, Dateien und allen Arten von Inhalten, die auf der Computerausr\u00fcstung des Anbieters gespeichert sind, besch\u00e4digen, deaktivieren, \u00fcberlasten, verschlechtern oder behindern k\u00f6nnten.<\/p>\n<p>Insbesondere und beispielhaft, aber nicht abschlie\u00dfend, verpflichtet sich der Nutzer, keine Informationen, Daten, Inhalte, Nachrichten, Grafiken, Zeichnungen, Ton- oder Bilddateien, Fotos, Aufzeichnungen, Software und allgemein jede Art von Material, das:<\/p>\n<p>(A) gegen die Grundrechte verst\u00f6\u00dft, diese verunglimpft oder verletzt und verfassungsm\u00e4\u00dfig anerkannten \u00f6ffentlichen Freiheiten, in v\u00f6lkerrechtlichen Vertr\u00e4gen und\u00a0 andere anwendbare Vorschriften;<\/p>\n<p>(B) kriminelle, ver\u00e4chtliche, verleumderische, \u00a0 gewaltt\u00e4tig oder im Allgemeinen gegen das Gesetz, die guten Sitten und die \u00f6ffentliche Ordnung versto\u00dfend;<\/p>\n<p>(C) diskriminierende Handlungen, Einstellungen oder Gedanken hervorruft, anregt oder f\u00f6rdert aus Gr\u00fcnden des Geschlechts, der Rasse, der Religion, des Glaubens, des Alters oder des Zustands;<\/p>\n<p>(D) gegen das Recht auf Ehre, die pers\u00f6nliche oder famili\u00e4re Privatsph\u00e4re oder gegen die eigene das Bild von Menschen;<\/p>\n<p>(E) die Glaubw\u00fcrdigkeit des Lieferanten oder Dritter in irgendeiner Weise zu sch\u00e4digen; und<\/p>\n<p>(F) illegale, irref\u00fchrende oder unlautere Werbung darstellt.<\/p>\n<ol start=\"3\">\n<li><strong> AUSSCHLUSS VON GEW\u00c4HRLEISTUNGEN UND HAFTUNG<\/strong><\/li>\n<\/ol>\n<p>Der Anbieter ist von jeglicher Haftung befreit, die sich aus den auf unserer Website ver\u00f6ffentlichten Informationen ergibt, sofern diese Informationen von einem externen Dritten manipuliert oder eingef\u00fchrt wurden.<\/p>\n<p>Diese Website wurde \u00fcberpr\u00fcft und getestet, um ordnungsgem\u00e4\u00df zu funktionieren. Prinzipiell kann das einwandfreie Funktionieren 365 Tage im Jahr, 24 Stunden am Tag gew\u00e4hrleistet werden. Der Anbieter schlie\u00dft jedoch nicht aus, dass bestimmte Programmierfehler vorliegen oder dass h\u00f6here Gewalt, Naturkatastrophen, Streiks oder \u00e4hnliche Umst\u00e4nde vorliegen, die den Zugriff auf die Website unm\u00f6glich machen.<\/p>\n<p><strong>LENARD BCN, S.L.<\/strong> \u00fcbernimmt keine Garantie und haftet in keiner Weise f\u00fcr Sch\u00e4den jeglicher Art, die sich aus der mangelnden Verf\u00fcgbarkeit, Wartung und effektiven Funktion der Website oder ihrer Dienste und Inhalte, dem Vorhandensein von Viren, b\u00f6sartigen oder sch\u00e4dlichen Programmen in den Inhalten, der illegalen, fahrl\u00e4ssigen, betr\u00fcgerischen Nutzung oder der Verwendung ergeben k\u00f6nnen, die gegen diesen rechtlichen Hinweis und die Nutzungsbedingungen verst\u00f6\u00dft,\u00a0 oder mangelnde Rechtm\u00e4\u00dfigkeit, Qualit\u00e4t, Zuverl\u00e4ssigkeit, N\u00fctzlichkeit und Verf\u00fcgbarkeit der von Dritten bereitgestellten und den Nutzern auf der Website zur Verf\u00fcgung gestellten Dienste.<\/p>\n<p>Der Anbieter haftet in keiner Weise f\u00fcr Sch\u00e4den, die aus der rechtswidrigen oder missbr\u00e4uchlichen Nutzung dieser Website resultieren k\u00f6nnen.<\/p>\n<ol start=\"4\">\n<li><strong> KEKSE<\/strong><\/li>\n<\/ol>\n<p>Die Website des Anbieters kann Cookies (kleine Informationsdateien, die der Server an den Computer der Person sendet, die auf die Seite zugreift) verwenden, um bestimmte Funktionen auszuf\u00fchren, die f\u00fcr das ordnungsgem\u00e4\u00dfe Funktionieren und die Anzeige der Website als wesentlich angesehen werden. Die verwendeten Cookies sind in jedem Fall tempor\u00e4r, mit dem alleinigen Zweck, das Surfen effizienter zu gestalten, und verschwinden am Ende der Sitzung des Benutzers. Unter keinen Umst\u00e4nden werden Cookies verwendet, um pers\u00f6nliche Informationen zu sammeln. Weitere Informationen finden Sie in unserer <u>Cookie-Richtlinie<\/u>\u00a0.<\/p>\n<ol start=\"5\">\n<li><strong> UMARMUNGEN <em>(LINKS)<\/em><\/strong><\/li>\n<\/ol>\n<p>Von der Website aus werden Sie m\u00f6glicherweise zu gesponserten Inhalten, Anzeigen und\/oder Links von verbundenen Unternehmen und\/oder Dritten weitergeleitet.<\/p>\n<p>Unter den bereitgestellten Links ist es m\u00f6glich, \u00fcber Produkte und\/oder Dienstleistungen Dritter zu informieren oder darauf zu verweisen. Da wir die Inhalte, die von Dritten auf der Website eingegeben werden, nicht kontrollieren k\u00f6nnen, hat LENARD <strong>BCN, S.L.<\/strong> Sie \u00fcbernimmt keine Verantwortung f\u00fcr diese Inhalte und garantiert auch nicht die Erfahrung, Integrit\u00e4t oder Qualit\u00e4t ihrer Produkte. In jedem Fall erkl\u00e4rt der Anbieter, dass er Weiterleitungen auf Websites, deren Inhalte gegen nationale oder internationale Gesetze, die Moral oder die \u00f6ffentliche Ordnung versto\u00dfen k\u00f6nnen, unverz\u00fcglich entfernen und die zust\u00e4ndigen Beh\u00f6rden \u00fcber solche Inhalte informieren wird.<\/p>\n<p><strong>LENARD BCN, S.L.<\/strong> Diese Links werden ver\u00f6ffentlicht, bis sie vom Anbieter oder vom Werbetreibenden entfernt oder gesperrt werden, und sind nicht haftbar, obwohl diese Anzeigen von anderen Suchmaschinen au\u00dferhalb dieser Website indiziert werden k\u00f6nnen.<\/p>\n<p>Der Anbieter ist nicht verantwortlich f\u00fcr die gespeicherten Informationen und Inhalte, einschlie\u00dflich, aber nicht beschr\u00e4nkt auf Foren, Chats, Blog-Builder, Kommentare, soziale Netzwerke oder andere Mittel, die es Dritten erm\u00f6glichen, Inhalte unabh\u00e4ngig auf der Website des Anbieters zu ver\u00f6ffentlichen. In \u00dcbereinstimmung mit den Bestimmungen der Artikel 11 und 16 des LSSICE stellt sich der Anbieter jedoch allen Nutzern, Beh\u00f6rden und Sicherheitskr\u00e4ften zur Verf\u00fcgung und wirkt aktiv an der Entfernung oder gegebenenfalls Sperrung aller Inhalte mit, die die nationale Gesetzgebung beeintr\u00e4chtigen oder gegen diese versto\u00dfen k\u00f6nnen.\u00a0 oder das V\u00f6lkerrecht, die Rechte Dritter oder die Moral und die \u00f6ffentliche Ordnung. F\u00fcr den Fall, dass der Nutzer der Ansicht ist, dass es Inhalte geben k\u00f6nnte, die f\u00fcr diese Einstufung anf\u00e4llig sein k\u00f6nnten, muss er den Administrator der Website unverz\u00fcglich informieren.<\/p>\n<p><strong>LENARD BCN, S.L.<\/strong> Wir weisen Sie darauf hin, dass jede vertragliche oder au\u00dfervertragliche Beziehung, die der Nutzer mit diesen Dritten, verbundenen Unternehmen oder Werbetreibenden \u00fcber den auf dieser Website bereitgestellten Link eingeht, ausschlie\u00dflich und ausschlie\u00dflich zwischen dem Nutzer und dem Werbetreibenden und\/oder dem Dritten und <strong>LENARD BCN, S.L. gilt.<\/strong> Er haftet nicht f\u00fcr Sch\u00e4den, die durch die Erbringung von Dienstleistungen und\/oder die vertraglichen oder au\u00dfervertraglichen Beziehungen zwischen dem Nutzer und den \u00fcber dieses Portal kontaktierten Werbetreibenden oder Dritten verursacht werden k\u00f6nnen, da der Anbieter nur als Vermittler oder Werbetr\u00e4ger auftritt.<\/p>\n<ol start=\"6\">\n<li><strong> SCHUTZ PERSONENBEZOGENER DATEN<\/strong><\/li>\n<\/ol>\n<p>Der Anbieter verpflichtet sich zutiefst zur Einhaltung der Vorschriften zum Schutz personenbezogener Daten und garantiert die vollst\u00e4ndige Einhaltung der Verpflichtungen sowie die Umsetzung der in der Europ\u00e4ischen Datenschutzverordnung und den spanischen Datenschutzbestimmungen vorgesehenen Sicherheitsma\u00dfnahmen. Weitere Informationen finden Sie in unserer <u>Datenschutzerkl\u00e4rung<\/u>\u00a0.<\/p>\n<ol start=\"7\">\n<li><strong> GEISTIGES UND GEWERBLICHES EIGENTUM<\/strong><\/li>\n<\/ol>\n<p>Die Website, einschlie\u00dflich, aber nicht beschr\u00e4nkt auf: Programmierung, Bearbeitung, Zusammenstellung und andere Elemente, die f\u00fcr ihren Betrieb erforderlich sind, Designs, Logos, Texte, Fotos und\/oder Grafiken sind Eigentum des Anbieters oder haben gegebenenfalls die Lizenz oder die ausdr\u00fcckliche Genehmigung der Autoren. Alle Inhalte der Website sind durch die Vorschriften \u00fcber geistiges und gewerbliches Eigentum ordnungsgem\u00e4\u00df gesch\u00fctzt.<\/p>\n<p>Unabh\u00e4ngig von ihrem Verwendungszweck bed\u00fcrfen die vollst\u00e4ndige oder teilweise Vervielf\u00e4ltigung, Nutzung, Verbreitung und \u00f6ffentliche Wiedergabe der vorherigen schriftlichen Genehmigung des Diensteanbieters. Jede Nutzung, die nicht zuvor vom Anbieter genehmigt wurde, wird als schwerwiegende Verletzung der geistigen oder gewerblichen Eigentumsrechte des Autors angesehen.<\/p>\n<p>Die Designs, Logos, Texte und\/oder Grafiken, die nicht Teil des Anbieters sind und die auf der Website erscheinen k\u00f6nnen, sind Eigentum ihrer jeweiligen Eigent\u00fcmer, die selbst f\u00fcr m\u00f6gliche Kontroversen verantwortlich sind, die in Bezug auf sie entstehen k\u00f6nnen. In jedem Fall hat der Lieferant die ausdr\u00fcckliche und vorherige Genehmigung des Lieferanten.<\/p>\n<p>Der Anbieter erkennt die entsprechenden gewerblichen und geistigen Eigentumsrechte zugunsten ihrer Eigent\u00fcmer an, ohne dass die Erw\u00e4hnung oder das Erscheinen auf der Website \u00fcber das Bestehen von Rechten oder Pflichten des Anbieters \u00fcber diese oder die Unterst\u00fctzung, das Sponsoring oder die Empfehlung derselben impliziert wird.<\/p>\n<p>Um irgendeine Art von Bemerkungen in Bezug auf m\u00f6gliche Verletzungen von Rechten an geistigem oder gewerblichem Eigentum sowie gegen den Inhalt der Website zu machen, k\u00f6nnen Sie dies \u00fcber die oben genannte E-Mail tun.<\/p>\n<ol start=\"8\">\n<li><strong> ANWENDBARES RECHT UND GERICHTSSTAND<\/strong><\/li>\n<\/ol>\n<p>F\u00fcr die Beilegung von Streitigkeiten oder Fragen in Bezug auf diese Website oder die darauf durchgef\u00fchrten Aktivit\u00e4ten gilt die spanische Gesetzgebung, der sich die Parteien ausdr\u00fccklich unterwerfen, und die Gerichte von Tarragona sind f\u00fcr die Beilegung aller Konflikte zust\u00e4ndig, die sich aus oder im Zusammenhang mit ihrer Nutzung ergeben.<\/p>\n<p>Rechtlicher Hinweis, erstellt und validiert von <strong>PymeLegal, S.L.<\/strong> \u2013 <a href=\"http:\/\/www.pymelegal.es\">www.pymelegal.es<\/a>[\/vc_column_text][\/vc_column][\/vc_row]<\/p>\n<\/section>","protected":false},"excerpt":{"rendered":"<p>[vc_row css=&#8221;.vc_custom_1666862994549{padding-top: 80px !important;}&#8221; woodmart_css_id=&#8221;635a4f8d85e40&#8243; responsive_spacing=&#8221;eyJwYXJhbV90eXBlIjoid29vZG1hcnRfcmVzcG9uc2l2ZV9zcGFjaW5nIiwic2VsZWN0b3JfaWQiOiI2MzVhNGY4ZDg1ZTQwIiwic2hvcnRjb2RlIjoidmNfcm93IiwiZGF0YSI6eyJ0YWJsZXQiOnt9LCJtb2JpbGUiOnt9fX0=&#8221; mobile_bg_img_hidden=&#8221;no&#8221; tablet_bg_img_hidden=&#8221;no&#8221; woodmart_parallax=&#8221;0&#8243; woodmart_gradient_switch=&#8221;no&#8221; woodmart_box_shadow=&#8221;no&#8221; wd_z_index=&#8221;no&#8221; woodmart_disable_overflow=&#8221;0&#8243; row_reverse_mobile=&#8221;0&#8243; row_reverse_tablet=&#8221;0&#8243;][vc_column][vc_column_text woodmart_inline=&#8221;no&#8221; text_larger=&#8221;no&#8221;]Um Artikel 10 des<\/p>\n","protected":false},"author":1,"featured_media":0,"parent":0,"menu_order":0,"comment_status":"closed","ping_status":"closed","template":"","meta":{"_mi_skip_tracking":false,"_monsterinsights_sitenote_active":false,"_monsterinsights_sitenote_note":"","_monsterinsights_sitenote_category":0,"footnotes":""},"class_list":["post-11036","page","type-page","status-publish","hentry"],"acf":[],"_links":{"self":[{"href":"https:\/\/lenard.tech\/de\/wp-json\/wp\/v2\/pages\/11036","targetHints":{"allow":["GET"]}}],"collection":[{"href":"https:\/\/lenard.tech\/de\/wp-json\/wp\/v2\/pages"}],"about":[{"href":"https:\/\/lenard.tech\/de\/wp-json\/wp\/v2\/types\/page"}],"author":[{"embeddable":true,"href":"https:\/\/lenard.tech\/de\/wp-json\/wp\/v2\/users\/1"}],"replies":[{"embeddable":true,"href":"https:\/\/lenard.tech\/de\/wp-json\/wp\/v2\/comments?post=11036"}],"version-history":[{"count":3,"href":"https:\/\/lenard.tech\/de\/wp-json\/wp\/v2\/pages\/11036\/revisions"}],"predecessor-version":[{"id":16436,"href":"https:\/\/lenard.tech\/de\/wp-json\/wp\/v2\/pages\/11036\/revisions\/16436"}],"wp:attachment":[{"href":"https:\/\/lenard.tech\/de\/wp-json\/wp\/v2\/media?parent=11036"}],"curies":[{"name":"wp","href":"https:\/\/api.w.org\/{rel}","templated":true}]}}