
{"id":11087,"date":"2022-05-02T15:04:43","date_gmt":"2022-05-02T15:04:43","guid":{"rendered":"https:\/\/lenard.tech\/politica-de-privacidad\/"},"modified":"2025-01-30T15:32:25","modified_gmt":"2025-01-30T15:32:25","slug":"datenschutz-bestimmungen","status":"publish","type":"page","link":"https:\/\/lenard.tech\/de\/datenschutz-bestimmungen\/","title":{"rendered":"DATENSCHUTZ-BESTIMMUNGEN"},"content":{"rendered":"<section class=\"wpb-content-wrapper\"><p>[vc_row css=&#8221;.vc_custom_1666863019499{padding-top: 80px !important;}&#8221; woodmart_css_id=&#8221;635a4fa7b1784&#8243; responsive_spacing=&#8221;eyJwYXJhbV90eXBlIjoid29vZG1hcnRfcmVzcG9uc2l2ZV9zcGFjaW5nIiwic2VsZWN0b3JfaWQiOiI2MzVhNGZhN2IxNzg0Iiwic2hvcnRjb2RlIjoidmNfcm93IiwiZGF0YSI6eyJ0YWJsZXQiOnt9LCJtb2JpbGUiOnt9fX0=&#8221; mobile_bg_img_hidden=&#8221;no&#8221; tablet_bg_img_hidden=&#8221;no&#8221; woodmart_parallax=&#8221;0&#8243; woodmart_gradient_switch=&#8221;no&#8221; woodmart_box_shadow=&#8221;no&#8221; wd_z_index=&#8221;no&#8221; woodmart_disable_overflow=&#8221;0&#8243; row_reverse_mobile=&#8221;0&#8243; row_reverse_tablet=&#8221;0&#8243;][vc_column][vc_column_text woodmart_inline=&#8221;no&#8221; text_larger=&#8221;no&#8221;]Ihre Privatsph\u00e4re ist uns wichtig, weshalb wir in diesem Dokument unter anderem erl\u00e4utern, welche Daten wir von den Nutzern sammeln, wie wir sie verwenden und zu welchen Zwecken.<\/p>\n<p>Zu Ihrer Information, wir werden niemals mehr Informationen anfordern, als wir tats\u00e4chlich f\u00fcr die erforderlichen Dienstleistungen ben\u00f6tigen. Wir werden sie niemals an Dritte weitergeben, es sei denn, es besteht eine gesetzliche Verpflichtung oder Ihre vorherige Genehmigung; und wir werden Ihre Daten niemals f\u00fcr andere als die oben genannten Zwecke verwenden.<\/p>\n<p>Als Nutzer sollten Sie diese Datenschutzerkl\u00e4rung regelm\u00e4\u00dfig und jedes Mal, wenn Sie Ihre personenbezogenen Daten eingeben, sorgf\u00e4ltig lesen, da diese ge\u00e4ndert werden k\u00f6nnen. Der Anbieter hat das Recht, \u00c4nderungen an den auf der Website enthaltenen Informationen vorzunehmen, um den Vorschriften zu entsprechen oder diese Richtlinie zu aktualisieren. Der Anbieter ist nicht verpflichtet, die Nutzer im Voraus \u00fcber vorgenommene \u00c4nderungen zu informieren, und deren Ver\u00f6ffentlichung auf der Website ist ausreichend.<strong>\u00a0<\/strong><\/p>\n<p><strong>VERANTWORTLICHER F\u00dcR DIE DATENVERARBEITUNG:<br \/>\n<\/strong>Identit\u00e4t: <strong>LENARD BCN, S.L. <\/strong>(auch der Lieferant)<br \/>\nNIF :<strong> B61223590<br \/>\n<\/strong>Postanschrift:<strong>Pol. Ind. Sot dels Pradals &#8211; C\/ Sabadell, 3, 08500, Vic, Barcelona<br \/>\n<\/strong>Courriel : <strong>info@lenard.tech<\/strong><\/p>\n<p><strong>LENARD BCN, S.L.<\/strong>als Verantwortlicher f\u00fcr die Website gem\u00e4\u00df den Bestimmungen der Verordnung (EU) 2016\/679 vom 27. April 2016 (DSGVO) zum Schutz nat\u00fcrlicher Personen bei der Verarbeitung personenbezogener Daten und zum freien Datenverkehr und anderen geltenden Vorschriften zum Schutz personenbezogener Daten,\u00a0 und das Gesetz 34\/2002 vom 11. Juli \u00fcber die Dienste der Informationsgesellschaft und den elektronischen Gesch\u00e4ftsverkehr (LSSICE), informiert Sie dar\u00fcber, dass es die notwendigen Sicherheitsma\u00dfnahmen technischer und organisatorischer Art ergriffen hat, um die Vertraulichkeit, Integrit\u00e4t und Verf\u00fcgbarkeit der eingegebenen Daten zu gew\u00e4hrleisten und zu sch\u00fctzen.<\/p>\n<p><strong>WIE WIR DATEN ERHALTEN, WELCHE DATEN WIR ERHEBEN UND ZU WELCHEM ZWECK:<\/strong><\/p>\n<p>Die Daten, die wir sammeln, wie wir sie erhalten und der Zweck der Verarbeitung sind wie folgt:<\/p>\n<ol>\n<li><strong>Kontaktformular und\/oder Informationsanfrage:<\/strong>\n<ul>\n<li>Erforderliche Daten: Name, E-Mail;<\/li>\n<li>Zweck: Beantwortung von Fragen und\/oder Bereitstellung der vom Benutzer angeforderten Informationen;<\/li>\n<li>Legitimation: Einwilligung des Nutzers.<\/li>\n<\/ul>\n<\/li>\n<li><strong>Newsletter-Anmeldeformular<\/strong> :\n<ul>\n<li>Erforderliche Daten: E-Mail;<\/li>\n<li>Zweck: dem Nutzer kommerzielle Informationen \u00fcber unsere Produkte und\/oder Dienstleistungen per E-Mail, SMS, Social Communities oder auf andere elektronische oder physische Weise zu senden, sofern der Nutzer dem ausdr\u00fccklich zugestimmt hat;<\/li>\n<li>Legitimation: Einwilligung des Nutzers.<\/li>\n<\/ul>\n<\/li>\n<li><strong>Blog-Kommentare:<\/strong>\n<ul>\n<li>Erforderliche Daten: Name, E-Mail;<\/li>\n<li>Zweck: Der Benutzer kann den Blog kommentieren, um Fragen zu stellen und Fragen zu beantworten.<\/li>\n<li>Legitimation: Einwilligung des Nutzers.<\/li>\n<\/ul>\n<\/li>\n<li><strong>Online-Chat<\/strong> :\n<ul>\n<li>Erforderliche Daten: Informationen, die der Benutzer uns freiwillig und freiwillig zur Verf\u00fcgung stellt;<\/li>\n<li>Zweck: schnelle und unverz\u00fcgliche Beantwortung Ihrer Informationsanfrage;<\/li>\n<li>Legitimation: berechtigtes Interesse des Verantwortlichen.<\/li>\n<\/ul>\n<\/li>\n<li><strong>Durchf\u00fchrung des Vertragsverh\u00e4ltnisses und \u00e4hnlicher administrativer, steuerlicher und buchhalterischer Verfahren <\/strong>, die nach den geltenden Rechtsvorschriften erforderlich sind\n<ul>\n<li>Erforderliche Daten: Vor- und Nachname, Telefonnummer, Adresse, Personalausweis, E-Mail, Unterschrift;<\/li>\n<li>Zweck: Sicherstellung der internen kaufm\u00e4nnischen, steuerlichen und administrativen Verwaltung;<\/li>\n<li>Legitimation: Zustimmung des Interessenten und Vertragsverh\u00e4ltnis.<\/li>\n<\/ul>\n<\/li>\n<li><strong>WhatsApp <\/strong>: Die Verwendung wird im Abschnitt &#8220;WhatsApp&#8221; dieser Richtlinie ausf\u00fchrlich beschrieben.<\/li>\n<\/ol>\n<p>Die Fotos, die auf der Website ver\u00f6ffentlicht werden, sind Eigentum von <strong>LENARD BCN, S.L.<\/strong><\/p>\n<p>Sie k\u00f6nnen Ihre Einwilligung jederzeit widerrufen, indem Sie in der oben genannten E-Mail einen Brief mit dem Betreff &#8220;Abmelden&#8221; senden.<\/p>\n<p>Nach Angaben der LSSICE hat <strong>Lenard BCN, S.L.<\/strong> Es beteiligt sich nicht an SPAM-Praktiken und versendet daher keine kommerziellen Mitteilungen per E-Mail, die nicht zuvor vom Benutzer angefordert oder genehmigt wurden. Daher hat der Nutzer in allen Mitteilungen, die er vom Anbieter erh\u00e4lt, die M\u00f6glichkeit, seine ausdr\u00fcckliche Einwilligung zum Erhalt unserer Mitteilungen zu widerrufen.<\/p>\n<p>Wir werden Ihre personenbezogenen Daten nicht f\u00fcr andere als die beschriebenen Zwecke verarbeiten, es sei denn, es liegt eine gesetzliche Verpflichtung oder ein Gerichtsbeschluss vor.<\/p>\n<p>Ihre personenbezogenen Daten werden nicht zu Zwecken der automatisierten Entscheidungsfindung verarbeitet.<\/p>\n<p><strong><u>DAUER DER DATENSPEICHERUNG:<\/u><\/strong><\/p>\n<p>Ihre Daten werden f\u00fcr die Dauer des Zwecks, f\u00fcr den sie erhoben wurden, aufgrund einer gesetzlichen Verpflichtung oder einer gerichtlichen Anforderung aufbewahrt und so lange, wie Sie Ihre Einwilligung nicht widerrufen oder bis Sie von Ihrem Recht auf L\u00f6schung oder Widerspruch oder auf Einschr\u00e4nkung der Verarbeitung Gebrauch machen. Wir speichern Ihre Daten jedoch f\u00fcr die in den geltenden Bestimmungen gesetzlich vorgesehenen Zeitr\u00e4ume.<\/p>\n<p><strong><u>EMPF\u00c4NGER VON AUFTR\u00c4GEN ODER \u00dcBERTRAGUNGEN:<\/u><\/strong><\/p>\n<p><strong>LENARD BCN, S.L.<\/strong> Sie werden Informationen nur aufgrund eines Gerichtsbeschlusses oder einer gesetzlichen Verpflichtungspflicht an Sicherheitskr\u00e4fte und -beh\u00f6rden weitergeben, unbeschadet der M\u00f6glichkeit, ihr Konto zu sperren oder zu l\u00f6schen, wenn es Hinweise auf die Begehung einer Straftat durch den Benutzer geben k\u00f6nnte. Es werden nur die Informationen zur Verf\u00fcgung gestellt, die dem Lieferanten zu diesem Zeitpunkt zur Verf\u00fcgung standen.<\/p>\n<p>Die Informationen, die Sie uns \u00fcber diese Website zur Verf\u00fcgung stellen, werden auf den Servern von <strong>LENARD BCN, S.L. gehostet.<\/strong>, die mit dem Unternehmen abgeschlossen wurde, das den Webhosting-Service erbringt. Die Verarbeitung der Daten des Unternehmens wird durch einen Unterauftragsvertrag zwischen dem Lieferanten und diesem Unternehmen geregelt.<\/p>\n<p>In \u00e4hnlicher Weise verwendet der Anbieter bestimmte Tools, um die f\u00fcr die Entwicklung des Gesch\u00e4fts erforderlichen Dienstleistungen zu erbringen, indem er Ihre Daten speichern kann. Zu diesen Tools geh\u00f6ren:<\/p>\n<p><strong>Google Analytics <\/strong>: um die Nutzung der Website durch die Benutzer mithilfe von Cookies zu analysieren und zu messen. Die durch diese Nutzungs-Cookies erzeugten und gesammelten Informationen (einschlie\u00dflich der IP-Adresse) werden direkt an Google, Inc. mit Sitz in Delaware, 1600 Amphitheatre Parkway, Montar\u00e9 View (Kalifornien), CA 94043 in den USA (&#8220;Google&#8221;) \u00fcbertragen und dort auf ihren Servern in den USA gespeichert. Google, Inc. h\u00e4lt sich an das EU-US Privacy Framework, das von der Europ\u00e4ischen Kommission genehmigt wurde.<\/p>\n<p><strong><u>RECHTE DER BETROFFENEN PERSONEN:<\/u><\/strong><\/p>\n<p>Als betroffene Person k\u00f6nnen Sie von <strong>LENARD BCN, S.L. <\/strong>\u00a0die Aus\u00fcbung der folgenden Rechte verlangen:durch Senden eines Briefes an die im Briefkopf angegebene Postanschrift oder durch Senden einer E-Mail an info@lenard.tech mit dem Betreff: &#8220;DATENSCHUTZ: RECHTE DER BETROFFENEN PERSONEN&#8221;.<\/p>\n<p>Rechte:<\/p>\n<ul>\n<li><strong>Auskunftsrecht:<\/strong> erm\u00f6glicht es dem Interessenten, Informationen \u00fcber die Verarbeitung seiner personenbezogenen Daten zu erhalten und zu erhalten.<\/li>\n<li><strong>Recht auf Berichtigung <\/strong>: erm\u00f6glicht es Ihnen, Fehler zu korrigieren und Daten zu \u00e4ndern, die ungenau oder unvollst\u00e4ndig sind<\/li>\n<li><strong>Recht auf L\u00f6schung<\/strong> : erm\u00f6glicht die L\u00f6schung unangemessener oder \u00fcberm\u00e4\u00dfiger Daten<\/li>\n<li><strong>Widerspruchsrecht<\/strong> : das Recht des Betroffenen, die Verarbeitung seiner personenbezogenen Daten nicht durchzuf\u00fchren oder einzustellen.<\/li>\n<li><strong>Einschr\u00e4nkung der Verarbeitung <\/strong>: beinhaltet die Markierung der gespeicherten personenbezogenen Daten, um ihre zuk\u00fcnftige Verarbeitung einzuschr\u00e4nken, zur Aus\u00fcbung oder Verteidigung von Rechtsanspr\u00fcchen.<\/li>\n<li><strong>Daten\u00fcbertragbarkeit <\/strong>: Bereitstellung der betroffenen Person f\u00fcr die Verarbeitung der betroffenen Person, damit die betroffene Person sie ungehindert an einen anderen f\u00fcr die Verarbeitung Verantwortlichen \u00fcbermitteln kann.<\/li>\n<li><strong>Recht, nicht automatisierten Einzelentscheidungen (einschlie\u00dflich Profiling) unterworfen zu werden: <\/strong>das Recht, nicht einer auf einer automatisierten Verarbeitung beruhenden Entscheidung unterworfen zu werden, die Auswirkungen hat oder erhebliche Auswirkungen hat.<\/li>\n<\/ul>\n<p>Als Nutzer haben Sie das Recht, die erteilte Einwilligung jederzeit zu widerrufen. Durch den Widerruf der Einwilligung wird die Rechtm\u00e4\u00dfigkeit der zuvor erfolgten Verarbeitung nicht ber\u00fchrt.<\/p>\n<p>Sie haben auch das Recht, sich bei der Aufsichtsbeh\u00f6rde zu beschweren, wenn Sie der Ansicht sind, dass Ihre datenschutzrechtlichen Anspr\u00fcche verletzt worden sein k\u00f6nnten (aepd.es).<\/p>\n<p><strong><u>ZUSATZINFORMATION<\/u><\/strong><\/p>\n<p><strong>SICHERHEITSMASSNAHMEN:<\/strong><\/p>\n<p>Die von Ihnen zur Verf\u00fcgung gestellten Daten werden vertraulich behandelt. Der Anbieter hat alle erforderlichen technischen und organisatorischen Ma\u00dfnahmen und Schutzniveaus getroffen, um die Sicherheit der Verarbeitung der Daten zu gew\u00e4hrleisten und deren \u00c4nderung, Verlust, Diebstahl, Verarbeitung oder unbefugten Zugriff in \u00dcbereinstimmung mit dem Stand der Technik und der Art der gespeicherten Daten zu verhindern. Ebenso wird garantiert, dass die Verarbeitung und Aufzeichnung in den Dateien, Programmen, Systemen oder Ger\u00e4ten, R\u00e4umlichkeiten und Zentren den Anforderungen und Bedingungen f\u00fcr Integrit\u00e4t und Sicherheit entspricht, die in den geltenden Vorschriften festgelegt sind.<\/p>\n<p><strong>ZUNGE<\/strong><\/p>\n<p>Die f\u00fcr diese Datenschutzrichtlinie geltende Sprache ist Spanisch. Im Falle eines Widerspruchs in einer der in anderen Sprachen bereitgestellten Versionen ist daher die spanische Version ma\u00dfgebend.<\/p>\n<p><strong>SOZIALE MEDIEN<\/strong><\/p>\n<p>Wir informieren Sie, dass <strong>LENARD BCN, S.L.<\/strong> Kann in sozialen Netzwerken pr\u00e4sent sein. Die Verarbeitung von Daten, die von Personen durchgef\u00fchrt werden, die Abonnenten in sozialen Netzwerken werden (und\/oder eine Handlung der Verkn\u00fcpfung oder Verbindung \u00fcber soziale Netzwerke durchf\u00fchren) der offiziellen Seiten von <strong>LENARD BCN, S.L. <\/strong>Sie unterliegt diesem Abschnitt sowie den Nutzungsbedingungen, Datenschutzrichtlinien und Zugriffsregeln, die jeweils dem jeweiligen sozialen Netzwerk zustehen und zuvor vom Nutzer akzeptiert wurden.<\/p>\n<p><strong>LENARD BCN, S.L.<\/strong> verarbeitet Ihre Daten zum Zwecke der ordnungsgem\u00e4\u00dfen Verwaltung Ihrer Pr\u00e4senz im sozialen Netzwerk, um Sie \u00fcber die Aktivit\u00e4ten, Produkte oder Dienstleistungen des Anbieters zu informieren, sowie f\u00fcr jeden anderen Zweck, der nach den Vorschriften f\u00fcr soziale Netzwerke zul\u00e4ssig ist.<\/p>\n<p>Die Ver\u00f6ffentlichung von Inhalten ist untersagt:<\/p>\n<ul>\n<li>Dass sie nach nationalen, europ\u00e4ischen oder internationalen Vorschriften illegal sind oder dass sie Aktivit\u00e4ten ausf\u00fchren, die angeblich illegal sind oder gegen die Grunds\u00e4tze von Treu und Glauben versto\u00dfen.<\/li>\n<li>Die gegen die Grundrechte des Einzelnen versto\u00dfen, mangelnde H\u00f6flichkeit im Netzwerk, \u00e4rgern oder negative Meinungen bei unseren Nutzern oder Dritten hervorrufen k\u00f6nnen, und im Allgemeinen alle Inhalte, die LENARD BCN, S.L. f\u00fcr unangemessen h\u00e4lt.<\/li>\n<li>Und im Allgemeinen, die gegen die Grunds\u00e4tze der Rechtm\u00e4\u00dfigkeit, der Ehrlichkeit, der Verantwortung, des Schutzes der Menschenw\u00fcrde, des Schutzes von Minderj\u00e4hrigen, des Schutzes der \u00f6ffentlichen Ordnung, des Schutzes der Privatsph\u00e4re, des Verbraucherschutzes sowie der Rechte an geistigem und gewerblichem Eigentum versto\u00dfen.<\/li>\n<\/ul>\n<p>Ebenso hat <strong>LENARD BCN, S.L.<\/strong> Er beh\u00e4lt sich das Recht vor, Inhalte, die als unangemessen erachtet werden, ohne Vorank\u00fcndigung von der Website oder dem sozialen Unternehmensnetzwerk zu entfernen.<\/p>\n<p>Wenn Sie personenbezogene Daten \u00fcber das soziale Netzwerk senden, ist LENARD BCN, S.L. in jedem Fall von jeglicher Verantwortung in Bezug auf die f\u00fcr diese Plattform geltenden Sicherheitsma\u00dfnahmen befreit; und der Nutzer, wenn er sie kennenlernen m\u00f6chte, muss die entsprechenden spezifischen Bedingungen des betreffenden Netzwerks konsultieren.<\/p>\n<p><strong>POSTEN SIE IHREN KOMMENTAR<\/strong><\/p>\n<p>F\u00fcr den Fall, dass der Benutzer seinen Kommentar auf der Website ver\u00f6ffentlichen m\u00f6chte, informieren wir ihn, dass die bereitgestellten Daten verarbeitet werden, um auf Vorschl\u00e4ge, Vorschl\u00e4ge oder Meinungen zu den auf der Website zu ver\u00f6ffentlichenden Produkten zu antworten und so anderen Benutzern helfen zu k\u00f6nnen. Die Daten werden so lange aufbewahrt, wie ein beiderseitiges Interesse an der Aufrechterhaltung des Zwecks der Verarbeitung besteht, und wenn sie f\u00fcr diesen Zweck nicht mehr erforderlich sind, werden sie mit geeigneten Sicherheitsma\u00dfnahmen gel\u00f6scht, um die Pseudonymisierung der Daten oder die vollst\u00e4ndige Vernichtung der Daten zu gew\u00e4hrleisten. Die Zeugnisse werden auf unserer Website ver\u00f6ffentlicht. Die einzigen personenbezogenen Daten, die ver\u00f6ffentlicht werden, sind Ihr Name\u00a0.<\/p>\n<p><strong>REMARKETING UND REMARKETING<\/strong><\/p>\n<p>Remarketing ist ein System, mit dem Sie ma\u00dfgeschneiderte oder personalisierte Anzeigen f\u00fcr Benutzer erstellen k\u00f6nnen, die bereits eine Website und in diesem Fall unsere Website besucht haben. Es handelt sich um eine L\u00f6sung, die mit Google AdWords verbunden ist, mit dem Ziel, einen besseren Return on Investment (ROI) zu erzielen. Beim Remarketing wird ein Cookie auf dem Rechner des Nutzers platziert und auf den mit Google Adsense verbundenen Seiten mit Display-Anzeigen wird ein Banner des Anbieters angezeigt.<\/p>\n<p>Retargeting ist die Technik, die verwendet wird, um auf anderen Websites \u00fcber ein Tracking-System Anzeigen f\u00fcr einen Benutzer zu schalten, der unsere Website verlassen hat, ohne einen Prozess abzuschlie\u00dfen, den wir abschlie\u00dfen wollten (Registrierung, Kauf, Bewerbung usw.), diese Anzeigen m\u00fcssen haupts\u00e4chlich darauf abzielen, den Zweck unserer Website zu konvertieren.<\/p>\n<p>Die Informationen, die wir \u00fcber diese Funktionen sammeln, werden von Google AdWords-Cookies gesammelt. Weitere Informationen zu den von diesen Cookies gesammelten Daten finden Sie in den folgenden Datenschutzrichtlinien der einzelnen Dienste:<\/p>\n<ul>\n<li>Google AdWords<\/li>\n<\/ul>\n<p>Wenn Sie nicht m\u00f6chten, dass diese Informationen von diesen Cookies gesammelt werden, deaktivieren Sie bitte die Verwendung von Google-Cookies \u00fcber die Werbeeinstellungen von Google. Sie k\u00f6nnen die Verwendung von Cookies eines Drittanbieters auch \u00fcber die Opt-out-Seite der Network Advertising Initiative deaktivieren.<\/p>\n<p>Diese Art von Dienst erm\u00f6glicht es Ihnen, mit sozialen Netzwerken oder anderen externen Plattformen zu interagieren. Die Interaktionen und Informationen, die der Anbieter erh\u00e4lt, unterliegen immer den Datenschutzeinstellungen des Nutzers in jedem sozialen Netzwerk. F\u00fcr den Fall, dass ein Dienst installiert ist, der die Interaktion mit sozialen Netzwerken erm\u00f6glicht, ist es m\u00f6glich, dass auch wenn Benutzer den Dienst nicht nutzen, Webverkehrsdaten in Bezug auf die Seiten gesammelt werden, auf denen sie installiert sind.<\/p>\n<p><strong>GOOGLE ADWORDS<\/strong><\/p>\n<p><strong>AdWords<\/strong> ist eine Google-Plattform f\u00fcr WERBETREIBENDE, die bei GOOGLE werben m\u00f6chten. Der Anbieter verwendet Google AdWords, die Werbeplattform von Google. Auf diese Weise k\u00f6nnen Sie Kampagnen und Anzeigen erstellen, die auf anderen Websites angezeigt werden. Wenn du eine Werbeanzeige erstellst, kannst du deine Zielgruppe wie folgt segmentieren:<\/p>\n<ul>\n<li>Ort;<\/li>\n<li>Demografische Daten (Alter, Geschlecht usw.);<\/li>\n<li>Interessen (Aktivit\u00e4ten, Hobbys usw.);<\/li>\n<li>Was sie online und \u00fcber andere Kan\u00e4le kaufen;<\/li>\n<li>Etc.<\/li>\n<\/ul>\n<p>Ab dem Zeitpunkt, an dem der Nutzer seine Daten im aktivierten Formular hinterl\u00e4sst, um den Abonnement-Newsletter zu abonnieren, unterliegen die \u00fcber Google AdWords erhaltenen Daten dieser Datenschutzrichtlinie. Unter keinen Umst\u00e4nden werden die Informationen von Google f\u00fcr andere Zwecke verwendet.<\/p>\n<p>Der Anbieter kann Kundenreferenzen zu den Diensten ausw\u00e4hlen und ver\u00f6ffentlichen. Diese Cookies k\u00f6nnen personenbezogene Daten enthalten, wie z. B. Ihren Namen und\/oder Ihre Stadt, Ihr Bundesland oder das Land, in dem Sie leben. Wenn Sie m\u00f6chten, dass Ihr Name oder Ihr Erfahrungsbericht von der Website entfernt wird, wenden Sie sich bitte \u00a0unter den oben genannten Kontaktdaten an den Anbieter.<\/p>\n<p><strong>WHATSAPP<\/strong><\/p>\n<p>Die Verarbeitung von Daten, die \u00fcber Personen durchgef\u00fchrt werden, die eine Beratung \u00fcber WhatsApp von <strong>LENARD BCN, S.L. durchf\u00fchren. <\/strong>Sie richtet sich nach diesem Abschnitt sowie nach den f\u00fcr die Anwendung geltenden und jeweils geltenden Nutzungsbedingungen, Datenschutzrichtlinien und Zugangsregelungen, die zuvor vom Nutzer akzeptiert wurden. <strong>LENARD BCN, S.L.<\/strong> Sie verarbeitet Ihre Daten, um Ihre Anfrage ordnungsgem\u00e4\u00df zu bearbeiten, sowie f\u00fcr jeden anderen Zweck der administrativen Verwaltung des Dienstes. Deine Daten werden an WhatsApp Ireland Limited weitergegeben, deren technische Sicherheitsma\u00dfnahmen die Vertraulichkeit, Integrit\u00e4t und Verf\u00fcgbarkeit deiner Daten gew\u00e4hrleisten, wie in ihrer eigenen Datenschutzrichtlinie dargelegt. Eine weitere \u00dcbertragung ist nicht geplant, es sei denn, es liegt eine gesetzliche Verpflichtung oder ein Gerichtsbeschluss vor. Ihre Daten werden f\u00fcr die Dauer des Zwecks, f\u00fcr den sie erhoben wurden, aufbewahrt und sobald sie nicht mehr ben\u00f6tigt werden, ordnungsgem\u00e4\u00df gesperrt, archiviert und f\u00fcr den gesetzlich festgelegten Zeitraum aufbewahrt. Die Nutzung von WhatsApp durch <strong>LENARD BCN, S.L.<\/strong> ist verboten f\u00fcr das Versenden von Inhalten, die f\u00fcr die Beantwortung der Konsultation nicht erforderlich sind und die aufgrund nationaler oder internationaler Vorschriften, die die Grundrechte des Einzelnen verletzen, illegal sind und im Allgemeinen gegen die Grunds\u00e4tze der Rechtm\u00e4\u00dfigkeit, Ehrlichkeit, Verantwortung, des Schutzes der Privatsph\u00e4re, des Verbraucherschutzes sowie der Rechte an geistigem und gewerblichem Eigentum versto\u00dfen.<\/p>\n<p><strong>\u00c4NDERUNGEN AN DIESER DATENSCHUTZRICHTLINIE<\/strong><\/p>\n<p><strong>LENARD BCN, S.L.<\/strong> beh\u00e4lt sich das Recht vor, diese Richtlinie zu \u00e4ndern, um sie an neue Gesetze oder Rechtsprechung anzupassen.<\/p>\n<p><strong>WIDERRUFBARKEIT<\/strong><\/p>\n<p>Die erteilte Einwilligung, sowohl f\u00fcr die Verarbeitung als auch f\u00fcr die \u00dcbermittlung der Daten der interessierten Parteien, kann jederzeit widerrufen werden, indem sie LENARD <strong>BCN, S.L. mitgeteilt wird.<\/strong> unter den in dieser Richtlinie f\u00fcr die Aus\u00fcbung von Rechten festgelegten Bedingungen. Dieser Widerruf wird in keinem Fall r\u00fcckwirkend wirksam.<\/p>\n<p><strong>GESETZGEBUNG<\/strong><\/p>\n<p>Im Allgemeinen ist die Beziehung zwischen <strong>LENARD BCN, S.L.<\/strong> Die Gerichte und Tribunale von Tarragona unterliegen der spanischen Gesetzgebung und der Gerichtsbarkeit, der sich die Parteien ausdr\u00fccklich unterwerfen, und sind f\u00fcr die Beilegung aller Konflikte zust\u00e4ndig, die sich aus oder im Zusammenhang mit ihrer Nutzung durch die Gerichte von Tarragona ergeben.[\/vc_column_text][\/vc_column][\/vc_row]<\/p>\n<\/section>","protected":false},"excerpt":{"rendered":"<p>[vc_row css=&#8221;.vc_custom_1666863019499{padding-top: 80px !important;}&#8221; woodmart_css_id=&#8221;635a4fa7b1784&#8243; responsive_spacing=&#8221;eyJwYXJhbV90eXBlIjoid29vZG1hcnRfcmVzcG9uc2l2ZV9zcGFjaW5nIiwic2VsZWN0b3JfaWQiOiI2MzVhNGZhN2IxNzg0Iiwic2hvcnRjb2RlIjoidmNfcm93IiwiZGF0YSI6eyJ0YWJsZXQiOnt9LCJtb2JpbGUiOnt9fX0=&#8221; mobile_bg_img_hidden=&#8221;no&#8221; tablet_bg_img_hidden=&#8221;no&#8221; woodmart_parallax=&#8221;0&#8243; woodmart_gradient_switch=&#8221;no&#8221; woodmart_box_shadow=&#8221;no&#8221; wd_z_index=&#8221;no&#8221; woodmart_disable_overflow=&#8221;0&#8243; row_reverse_mobile=&#8221;0&#8243; row_reverse_tablet=&#8221;0&#8243;][vc_column][vc_column_text woodmart_inline=&#8221;no&#8221; text_larger=&#8221;no&#8221;]Ihre Privatsph\u00e4re ist uns<\/p>\n","protected":false},"author":1,"featured_media":0,"parent":0,"menu_order":0,"comment_status":"closed","ping_status":"closed","template":"","meta":{"_mi_skip_tracking":false,"_monsterinsights_sitenote_active":false,"_monsterinsights_sitenote_note":"","_monsterinsights_sitenote_category":0,"footnotes":""},"class_list":["post-11087","page","type-page","status-publish","hentry"],"acf":[],"_links":{"self":[{"href":"https:\/\/lenard.tech\/de\/wp-json\/wp\/v2\/pages\/11087","targetHints":{"allow":["GET"]}}],"collection":[{"href":"https:\/\/lenard.tech\/de\/wp-json\/wp\/v2\/pages"}],"about":[{"href":"https:\/\/lenard.tech\/de\/wp-json\/wp\/v2\/types\/page"}],"author":[{"embeddable":true,"href":"https:\/\/lenard.tech\/de\/wp-json\/wp\/v2\/users\/1"}],"replies":[{"embeddable":true,"href":"https:\/\/lenard.tech\/de\/wp-json\/wp\/v2\/comments?post=11087"}],"version-history":[{"count":3,"href":"https:\/\/lenard.tech\/de\/wp-json\/wp\/v2\/pages\/11087\/revisions"}],"predecessor-version":[{"id":16435,"href":"https:\/\/lenard.tech\/de\/wp-json\/wp\/v2\/pages\/11087\/revisions\/16435"}],"wp:attachment":[{"href":"https:\/\/lenard.tech\/de\/wp-json\/wp\/v2\/media?parent=11087"}],"curies":[{"name":"wp","href":"https:\/\/api.w.org\/{rel}","templated":true}]}}