
{"id":11205,"date":"2023-03-31T09:24:54","date_gmt":"2023-03-31T09:24:54","guid":{"rendered":"https:\/\/lenard.tech\/producto\/une-en-iso-9151\/"},"modified":"2025-10-02T14:22:03","modified_gmt":"2025-10-02T14:22:03","slug":"une-en-iso-91512018","status":"publish","type":"product","link":"https:\/\/lenard.tech\/de\/producto\/une-en-iso-91512018\/","title":{"rendered":"UNE-EN ISO 9151:2018"},"content":{"rendered":"<section class=\"wpb-content-wrapper\"><p>[vc_row][vc_column][vc_column_text woodmart_inline=&#8221;no&#8221; text_larger=&#8221;no&#8221;]SCHUTZKLEIDUNG GEGEN HITZE UND FLAMMEN[\/vc_column_text][vc_tta_tabs title_tag=&#8221;h3&#8243; section_title_tag=&#8221;h3&#8243; style=&#8221;modern&#8221; color=&#8221;white&#8221; active_section=&#8221;1&#8243; no_fill_content_area=&#8221;true&#8221;][vc_tta_section title=&#8221;DEFINITIONEN&#8221; tab_id=&#8221;1685522856916-22531c7c-aaf1eedf-6941&#8243;][vc_column_text woodmart_inline=&#8221;no&#8221; text_larger=&#8221;no&#8221;]<\/p>\n<ul>\n<li>Diese Norm beschreibt ein Verfahren zur Bestimmung des W\u00e4rmedurchgangs durch Materialien oder Materialgruppen, die in Schutzkleidung verwendet werden.Diese Norm beschreibt ein Verfahren zur Bestimmung des W\u00e4rmedurchgangs durch Materialien oder Materialgruppen, die in Schutzkleidung verwendet werden. Die Klassifizierung der Materialien erfolgt durch die Berechnung eines W\u00e4rme\u00fcbergangsindex, der einen Hinweis auf den relativen Schutz unter bestimmten Pr\u00fcfbedingungen gibt. Der W\u00e4rme\u00fcbergangsindex sollte nicht als Ma\u00df f\u00fcr die Schutzzeit angesehen werden, die das zu pr\u00fcfende Material unter realen Einsatzbedingungen bietet.<\/li>\n<\/ul>\n<p>[\/vc_column_text][\/vc_tta_section][vc_tta_section title=&#8221;METHODE &#8221; tab_id=&#8221;1686208646249-584b0624-858d&#8221;][vc_column_text woodmart_inline=&#8221;no&#8221; text_larger=&#8221;no&#8221;]<\/p>\n<ul>\n<li>Konditionierung der Probe: 24 h 20 \u00b0C 65% RH<\/li>\n<li>Pr\u00fcfatmosph\u00e4re: 23 \u00b0C 15-80% relative Luftfeuchtigkeit<\/li>\n<li>Die Probe wird mit der Au\u00dfenseite nach unten auf den Probenhalter gelegt<\/li>\n<li>Besteht die Probe aus mehreren Schichten und sind die Schichten nicht zusammengesetzt, so werden die aufeinanderfolgenden Schichten in der Reihenfolge und Ausrichtung zusammengesetzt, in der sie in der Baugruppe verwendet werden. Das Gewicht der Kalorimeter-Positionierungsplatte wird ohne zus\u00e4tzlichen Druck verwendet, um jede Schicht miteinander in Kontakt zu halten<\/li>\n<li>Sobald die letzte (innerste) Schicht zusammengebaut ist, wird die Positionierplatte wieder angebracht und das Kalorimeter in das Loch in der Platte platziert, so dass die Kupferscheibe mit der Oberseite der innersten Schicht in Kontakt steht.<\/li>\n<li>Das Feuerzeug wird schnell und gleichm\u00e4\u00dfig in Position gebracht, und der Verschluss, falls vorhanden, unter der Probe wird sofort ge\u00f6ffnet, oder die Probe wird schnell \u00fcber die Flamme bewegt. Das Aufnahmeger\u00e4t wird eingeschaltet, w\u00e4hrend die Probe gleichzeitig der Feuerzeugflamme ausgesetzt wird<\/li>\n<li>Der Test wird so lange fortgesetzt, bis ein Temperaturanstieg von mindestens 24 \u00b0C festgestellt wird. Die Ausstellung endet mit der Demontage des Feuerzeugs<\/li>\n<li>Erfasst wird die Zeit, die in Sekunden ben\u00f6tigt wird, um einen Temperaturanstieg des Kalorimeters um 24 \u00b0C zu erreichen<\/li>\n<\/ul>\n<p>&nbsp;<\/p>\n<p>F\u00fcr jedes Material oder jeden Materialsatz werden mindestens drei Proben getestet.[\/vc_column_text][\/vc_tta_section][vc_tta_section title=&#8221;MUSTER UND APPARATE&#8221; tab_id=&#8221;1685524433844-5372b319-8d81eedf-6941&#8243;][vc_column_text woodmart_inline=&#8221;no&#8221; text_larger=&#8221;no&#8221;]<\/p>\n<ul>\n<li>Pr\u00fcfmuster: Besteht aus allen Schichten aus Stoff oder anderen Materialien, die in der in der Praxis verwendeten Reihenfolge und Ausrichtung angeordnet sind, gegebenenfalls auch aus Unterw\u00e4sche. Die Probe sollte Abmessungen von 140 mm <u>+<\/u> 140 mm haben und mehr als 50 mm von der Kante der Materialteile und von fehlerfreien Bereichen entnommen werden.<\/li>\n<li>Einfallende W\u00e4rmestromdichte, Q<\/li>\n<li>Heat Transfer Index, HTI: (Flammen-)mittlere Zeit, tm auf die Sekunde gerundet, die erforderlich ist, um einen Temperaturanstieg von (24 \u00b1 0,2) \u00b0C zu erreichen, wenn nach diesem Verfahren unter Verwendung einer Kupferscheibe mit einer Masse von (18 \u00b1 0,05) g und einem einfallenden W\u00e4rmestrom von (80 \u00b1 2) kW\/m2 von einer 95%igen Propanbrennerflamme getestet wird.<\/li>\n<li><\/li>\n<\/ul>\n<p>[\/vc_column_text][vc_single_image image=&#8221;18312&#8243; img_size=&#8221;FULL&#8221; alignment=&#8221;center&#8221; parallax_scroll=&#8221;no&#8221; woodmart_inline=&#8221;no&#8221;][\/vc_tta_section][vc_tta_section title=&#8221;BEFUND&#8221; tab_id=&#8221;1686223981199-0b6112f0-8b62&#8243;][vc_column_text woodmart_inline=&#8221;no&#8221; text_larger=&#8221;no&#8221;]INTERPRETATION DER ERGEBNISSE GEM\u00c4SS EN11612 NACH VORVERARBEITUNG DER PROBE<\/p>\n<table>\n<tbody>\n<tr>\n<td width=\"179\">LEISTUNGSNIVEAU<\/td>\n<td width=\"217\">HTI\u00aa24(s) WERTEBEREICH<\/td>\n<\/tr>\n<tr>\n<td width=\"179\">B1<\/td>\n<td width=\"217\">4.00 &lt; 10.0<\/td>\n<\/tr>\n<tr>\n<td width=\"179\">B2<\/td>\n<td width=\"217\">10,0 &lt; 20,0<\/td>\n<\/tr>\n<tr>\n<td width=\"179\">B3<\/td>\n<td width=\"217\">20,0 &gt;<\/td>\n<\/tr>\n<tr>\n<td colspan=\"2\" width=\"397\">\u00aa: W\u00e4rme\u00fcbergangsindex nach ISO EN 9151<\/td>\n<\/tr>\n<\/tbody>\n<\/table>\n<p>[\/vc_column_text][\/vc_tta_section][\/vc_tta_tabs][\/vc_column][\/vc_row]<\/p>\n<\/section>","protected":false},"excerpt":{"rendered":"<p>SCHUTZKLEIDUNG GEGEN HITZE UND FLAMMEN<\/p>\n","protected":false},"featured_media":0,"comment_status":"open","ping_status":"closed","template":"","meta":{"_mi_skip_tracking":false,"_monsterinsights_sitenote_active":false,"_monsterinsights_sitenote_note":"","_monsterinsights_sitenote_category":0},"product_cat":[885],"product_tag":[],"class_list":["post-11205","product","type-product","status-publish","hentry","product_cat-normativ"],"acf":[],"_links":{"self":[{"href":"https:\/\/lenard.tech\/de\/wp-json\/wp\/v2\/product\/11205","targetHints":{"allow":["GET"]}}],"collection":[{"href":"https:\/\/lenard.tech\/de\/wp-json\/wp\/v2\/product"}],"about":[{"href":"https:\/\/lenard.tech\/de\/wp-json\/wp\/v2\/types\/product"}],"replies":[{"embeddable":true,"href":"https:\/\/lenard.tech\/de\/wp-json\/wp\/v2\/comments?post=11205"}],"wp:attachment":[{"href":"https:\/\/lenard.tech\/de\/wp-json\/wp\/v2\/media?parent=11205"}],"wp:term":[{"taxonomy":"product_cat","embeddable":true,"href":"https:\/\/lenard.tech\/de\/wp-json\/wp\/v2\/product_cat?post=11205"},{"taxonomy":"product_tag","embeddable":true,"href":"https:\/\/lenard.tech\/de\/wp-json\/wp\/v2\/product_tag?post=11205"}],"curies":[{"name":"wp","href":"https:\/\/api.w.org\/{rel}","templated":true}]}}