
{"id":11211,"date":"2023-03-31T09:21:03","date_gmt":"2023-03-31T09:21:03","guid":{"rendered":"https:\/\/lenard.tech\/producto\/une-en-iso-6330\/"},"modified":"2023-09-08T13:37:01","modified_gmt":"2023-09-08T13:37:01","slug":"une-en-iso-6330","status":"publish","type":"product","link":"https:\/\/lenard.tech\/de\/producto\/une-en-iso-6330\/","title":{"rendered":"UNE-EN ISO 6330:2022"},"content":{"rendered":"<section class=\"wpb-content-wrapper\"><p>[vc_row][vc_column][vc_column_text woodmart_inline=&#8221;no&#8221; text_larger=&#8221;no&#8221;]WASCH- UND TROCKNUNGSVERFAHREN IM HAUSHALT F\u00dcR TEXTILPR\u00dcFUNGEN[\/vc_column_text][\/vc_column][\/vc_row][vc_row][vc_column][vc_tta_tabs title_tag=&#8221;h3&#8243; section_title_tag=&#8221;h3&#8243; style=&#8221;modern&#8221; color=&#8221;white&#8221; active_section=&#8221;1&#8243; no_fill_content_area=&#8221;true&#8221;][vc_tta_section title=&#8221;ZIEL&#8221; tab_id=&#8221;1685522856905-7d802a20-a20ae3bf-ea08&#8243; el_class=&#8221;Bold&#8221;][vc_column_text woodmart_inline=&#8221;no&#8221; text_larger=&#8221;no&#8221;]Diese Norm legt h\u00e4usliche Wasch- und Trocknungsverfahren f\u00fcr Textilpr\u00fcfungen fest. Die Verfahren gelten f\u00fcr Stoffe, Kleidungsst\u00fccke oder andere Textilartikel, die geeigneten Kombinationen von Haushaltswasch- und Trocknungsverfahren unterzogen werden.[\/vc_column_text][\/vc_tta_section][vc_tta_section title=&#8221;MATERIALIEN UND AUSR\u00dcSTUNG&#8221; tab_id=&#8221;1685522856916-22531c7c-aaf1e3bf-ea08&#8243;][vc_column_text woodmart_inline=&#8221;no&#8221; text_larger=&#8221;no&#8221;]<\/p>\n<ul>\n<li>ECE-98 phosphatfreies Referenzwaschmittel (ohne optische Aufheller).<\/li>\n<li>IEC-A phosphatfreies Referenzwaschmittel (mit optischem Aufheller).<\/li>\n<li>ATCC-Fl\u00fcssigwaschmittel<\/li>\n<li>Phosphatfreies Waschpulver mit enzymfreiem optischem Aufheller<\/li>\n<li>JISK 3371 Reinigungsmittel ohne Phosphate und mit optischem Aufheller<\/li>\n<li>Fl\u00fcssigwaschmittel f\u00fcr Wolle\/Seide in Schonwaschg\u00e4ngen<\/li>\n<li>AATCC 1993 Waschmittel mit und ohne optischen Aufheller<\/li>\n<li>Wasser, dessen H\u00e4rte, bestimmt nach ISO 6059:1984, 0,002 % (20 ppm), ausgedr\u00fcckt als Calciumcarbonat, nicht \u00fcberschreitet.<\/li>\n<li>Maschine Typ A: Frontlader, horizontale Trommelwaschmaschine<\/li>\n<\/ul>\n<p>TESTS. Perfekt in Form einer Tabelle gekennzeichnet, um den Schrumpf in Kette und Schuss von Textilien zu bestimmen (Die Anzahl der Pr\u00fcfst\u00fccke, die den in dieser internationalen Norm festgelegten Wasch- und Trocknungsverfahren unterzogen werden, richtet sich nach dem Zweck, f\u00fcr den das Material bestimmt ist gebraucht). wird getestet.)[\/vc_column_text][\/vc_tta_section][vc_tta_section title=&#8221;WASCHVERFAHREN&#8221; tab_id=&#8221;1685522905490-667bc0bb-5e1ae3bf-ea08&#8243;][vc_column_text woodmart_inline=&#8221;no&#8221; text_larger=&#8221;no&#8221;]<\/p>\n<ul>\n<li>Erhalten Sie eine Gesamttrockenlast von 2 kg (Pr\u00fcfst\u00fccke + Gegengewichte). Pr\u00fcfst\u00fccke sollten nicht mehr als die H\u00e4lfte der Waschladung ausmachen.<\/li>\n<li>Vorgemischte und gel\u00f6ste Reinigungsmittel anwenden:\n<ul>\n<li>Pulverwaschmittelbasis<\/li>\n<li>Natriumtetrahydratisiertes Perborat<\/li>\n<li>Der optische Aufheller Tetraacetylendiamin<\/li>\n<\/ul>\n<\/li>\n<li>Waschtemperatur und -zeit gem\u00e4\u00df Tabelle 1:<\/li>\n<\/ul>\n<p>[\/vc_column_text][vc_single_image image=&#8221;14088&#8243; img_size=&#8221;FULL&#8221; alignment=&#8221;center&#8221; parallax_scroll=&#8221;no&#8221; woodmart_inline=&#8221;no&#8221;][vc_single_image image=&#8221;14092&#8243; img_size=&#8221;FULL&#8221; alignment=&#8221;center&#8221; parallax_scroll=&#8221;no&#8221; woodmart_inline=&#8221;no&#8221;][\/vc_tta_section][vc_tta_section title=&#8221;TROCKNUNGSVERFAHREN&#8221; tab_id=&#8221;1686210480276-5f9e48af-d200&#8243;][vc_column_text woodmart_inline=&#8221;no&#8221; text_larger=&#8221;no&#8221;]<\/p>\n<ul>\n<li>Verfahren A Linientrocknung<\/li>\n<li>Verfahren B Tropftrocknung<\/li>\n<li>Verfahren C Liegend trocknen<\/li>\n<li>Verfahren D B\u00fcgeleisentrocknung<\/li>\n<li>Verfahren E Trommeltrocknung<\/li>\n<\/ul>\n<p>[\/vc_column_text][\/vc_tta_section][vc_tta_section title=&#8221;TROMMELTROCKNUNGSVERFAHREN&#8221; tab_id=&#8221;1686210525203-d554ee43-ae16&#8243;][vc_column_text woodmart_inline=&#8221;no&#8221; text_larger=&#8221;no&#8221;]<\/p>\n<ul>\n<li>W\u00e4schetrockner mit gleicher Ladung<\/li>\n<li>Die Ma\u00dfe des Materials werden bestimmt, und die Trocknung wird fortgesetzt, so dass die endg\u00fcltige Feuchtigkeit der Ladung erreicht werden muss<\/li>\n<\/ul>\n<p>\uf02d2 % f\u00fcr synthetische Textilien oder \uf02d5 % f\u00fcr Zellulosetextilien.<\/p>\n<ul>\n<li>Die Temperatur der aus der Trommel evakuierten Luft wird auf einen Wert geregelt, der 70 \u00baC f\u00fcr normale Textilien und 50 \u00baC f\u00fcr empfindliche Textilien nicht \u00fcberschreitet<\/li>\n<li>Die Verwendung der Trocknungsgeschwindigkeit a f\u00fcr die gesch\u00e4tzte Zeit des letzten Testzyklus kann einen untersch\u00e4tzten Wert von 5 % ergeben, weshalb der Vorgang wiederholt werden muss, um die k\u00fcrzere Dauer auszugleichen. Es wird empfohlen, dass die Trocknungsgeschwindigkeit b nur einmal bestimmt wird, wenn die Umgebungsbedingungen hinsichtlich Temperatur und relativer Feuchtigkeit einigerma\u00dfen konstant sind, aber im Falle einer Abweichung die Trocknungsgeschwindigkeit unter den neuen Bedingungen bestimmt werden sollte.<\/li>\n<\/ul>\n<p>Die gesch\u00e4tzte Zykluszeit nach dieser Methode entspricht 2 % der tats\u00e4chlichen Zeit, die mit einer geeigneten Skala gemessen wird. Dieses Ma\u00df an Genauigkeit ist angesichts der zwangsl\u00e4ufig willk\u00fcrlichen Natur der \u00dcbertrocknungsfaktoren von Fasern unterschiedlicher Art innerhalb derselben Ladung angemessen.[\/vc_column_text][\/vc_tta_section][vc_tta_section title=&#8221;SCHLUSSPUNKT&#8221; tab_id=&#8221;1686210624429-bc17d2a4-0b96&#8243;][vc_column_text woodmart_inline=&#8221;no&#8221; text_larger=&#8221;no&#8221;]Der Endpunkt sollte bei allen Textilien zwischen 0 % und -3 % der konditionierten Masse liegen:<\/p>\n<p>Masse nach Gesamtzykluszeit laden<\/p>\n<p>Endpunkt\u00a0\u00a0 =\u00a0\u00a0\u00a0 <u>\u00a0\u00a0\u00a0\u00a0\u00a0\u00a0\u00a0\u00a0\u00a0\u00a0\u00a0\u00a0\u00a0\u00a0\u00a0\u00a0\u00a0\u00a0\u00a0\u00a0\u00a0\u00a0\u00a0\u00a0\u00a0\u00a0\u00a0\u00a0\u00a0\u00a0\u00a0\u00a0\u00a0\u00a0\u00a0\u00a0\u00a0\u00a0\u00a0\u00a0\u00a0\u00a0\u00a0\u00a0\u00a0\u00a0\u00a0\u00a0\u00a0\u00a0\u00a0\u00a0\u00a0\u00a0\u00a0\u00a0\u00a0\u00a0\u00a0\u00a0\u00a0\u00a0\u00a0\u00a0\u00a0\u00a0\u00a0\u00a0\u00a0\u00a0\u00a0\u00a0\u00a0\u00a0\u00a0\u00a0\u00a0\u00a0\u00a0\u00a0\u00a0\u00a0\u00a0\u00a0\u00a0\u00a0\u00a0\u00a0\u00a0\u00a0\u00a0\u00a0\u00a0\u00a0\u00a0\u00a0\u00a0\u00a0<\/u>\u00a0\u00a0\u00a0\u00a0\u00a0\u00a0\u00a0&#8211;\u00a0 1 x 100%<\/p>\n<p>Konditionierte Masse[\/vc_column_text][\/vc_tta_section][\/vc_tta_tabs][\/vc_column][\/vc_row][vc_row][vc_column][vc_column_text][\/vc_column_text][\/vc_column][\/vc_row]<\/p>\n<\/section>","protected":false},"excerpt":{"rendered":"<p>WASCH- UND TROCKNUNGSVERFAHREN IM HAUSHALT F\u00dcR TEXTILPR\u00dcFUNGEN<\/p>\n","protected":false},"featured_media":0,"comment_status":"open","ping_status":"closed","template":"","meta":{"_mi_skip_tracking":false,"_monsterinsights_sitenote_active":false,"_monsterinsights_sitenote_note":"","_monsterinsights_sitenote_category":0},"product_cat":[885],"product_tag":[],"class_list":["post-11211","product","type-product","status-publish","hentry","product_cat-normativ"],"acf":[],"_links":{"self":[{"href":"https:\/\/lenard.tech\/de\/wp-json\/wp\/v2\/product\/11211","targetHints":{"allow":["GET"]}}],"collection":[{"href":"https:\/\/lenard.tech\/de\/wp-json\/wp\/v2\/product"}],"about":[{"href":"https:\/\/lenard.tech\/de\/wp-json\/wp\/v2\/types\/product"}],"replies":[{"embeddable":true,"href":"https:\/\/lenard.tech\/de\/wp-json\/wp\/v2\/comments?post=11211"}],"wp:attachment":[{"href":"https:\/\/lenard.tech\/de\/wp-json\/wp\/v2\/media?parent=11211"}],"wp:term":[{"taxonomy":"product_cat","embeddable":true,"href":"https:\/\/lenard.tech\/de\/wp-json\/wp\/v2\/product_cat?post=11211"},{"taxonomy":"product_tag","embeddable":true,"href":"https:\/\/lenard.tech\/de\/wp-json\/wp\/v2\/product_tag?post=11211"}],"curies":[{"name":"wp","href":"https:\/\/api.w.org\/{rel}","templated":true}]}}