
{"id":11214,"date":"2023-03-31T09:19:45","date_gmt":"2023-03-31T09:19:45","guid":{"rendered":"https:\/\/lenard.tech\/producto\/une-en-iso-20471\/"},"modified":"2026-02-09T10:24:15","modified_gmt":"2026-02-09T10:24:15","slug":"une-en-iso-204712013-a12017","status":"publish","type":"product","link":"https:\/\/lenard.tech\/de\/producto\/une-en-iso-204712013-a12017\/","title":{"rendered":"UNE-EN ISO 20471:2013\/A1:2017"},"content":{"rendered":"<section class=\"wpb-content-wrapper\"><p>[vc_row][vc_column width=&#8221;1\/2&#8243;][vc_column_text woodmart_inline=&#8221;no&#8221; text_larger=&#8221;no&#8221;]<\/p>\n<h1>WARNSCHUTZKLEIDUNG.<\/h1>\n<h1 id=\"tw-target-text\" class=\"tw-data-text tw-text-large tw-ta\" dir=\"ltr\" data-placeholder=\"Traducci\u00f3n\"><span class=\"Y2IQFc\" lang=\"de\">TESTMETHODEN UND ANFORDERUNGEN. \u00c4quivalenz mit <em>Equivalencia con EN ISO 20471:2013\/A1:2016 und ISO 2071:2013\/Amd 1:2016.<\/em><\/span><\/h1>\n<p>[\/vc_column_text][\/vc_column][vc_column width=&#8221;1\/2&#8243;][vc_video link=&#8221;https:\/\/youtu.be\/iBt99wtDAPE&#8221; el_width=&#8221;70&#8243; woodmart_css_id=&#8221;67d9358a70c7a&#8221; image_poster_switch=&#8221;no&#8221;][\/vc_column][\/vc_row][vc_row][vc_column][vc_tta_tabs][vc_tta_section title=&#8221;OBJEKT&#8221; tab_id=&#8221;1686220936652-bbf47f0d-f0d7&#8243;][vc_column_text woodmart_inline=&#8221;no&#8221; text_larger=&#8221;no&#8221;]Diese Norm legt die Mindestanforderungen an hochsichtbare Schutzkleidung fest, die die Anwesenheit des Tr\u00e4gers visuell signalisieren kann und die Wahrnehmbarkeit in gef\u00e4hrlichen Situationen bei jedem Tag und unter Stirnlampenbeleuchtung im Dunkeln erm\u00f6glicht. Leistungsanforderungen sind f\u00fcr Farbe und Retroreflexion sowie f\u00fcr minimale Fl\u00e4chen und f\u00fcr die Platzierung von Materialien in Schutzkleidung enthalten.[\/vc_column_text][\/vc_tta_section][vc_tta_section title=&#8221;ANFORDERUNGEN&#8221; tab_id=&#8221;1686220936663-8cbb9a14-6338&#8243;][vc_column_text woodmart_inline=&#8221;no&#8221; text_larger=&#8221;no&#8221;]<\/p>\n<table style=\"height: 1920px;\" width=\"1492\">\n<tbody>\n<tr>\n<td width=\"200\"><strong>PR\u00dcFMETHODE<\/strong><\/td>\n<td width=\"92\"><strong>TESTSTANDARD<\/strong><\/td>\n<td width=\"156\"><strong>BESCHREIBUNG<\/strong><\/td>\n<td colspan=\"2\" width=\"246\"><strong>ANFORDERUNGEN<\/strong><\/td>\n<td width=\"57\"><\/td>\n<\/tr>\n<tr>\n<td width=\"200\">DIMENSIONSSTABILIT\u00c4T<\/td>\n<td width=\"92\">EN 13688<\/td>\n<td width=\"156\">% Schrumpfung nach Waschzyklen gem\u00e4\u00df den Anweisungen des Stoffherstellers.<\/p>\n<p>Standardm\u00e4\u00dfig mindestens 5 Zyklen.<\/td>\n<td colspan=\"3\" width=\"303\">Hintergrundmaterial und nicht-fluoreszierendes Material:<\/p>\n<p>Offener Stoff maximal \u00b1 3 % Kette\/Schuss<\/p>\n<p>Strickwaren maximal \u00b1 5 % L\u00e4nge\/Breite<\/td>\n<\/tr>\n<tr>\n<td width=\"200\">ZUGFESTIGKEIT<\/p>\n<p>(Offener Stoff)<\/td>\n<td width=\"92\">ISO 13934-1<\/td>\n<td width=\"156\">Originalstoff<\/p>\n<p>Dynamometer<\/td>\n<td colspan=\"3\" width=\"303\">Bodenmaterial und nicht-fluoreszierendes Material<br \/>\n\u2265 100 N Kette\/Schuss<\/td>\n<\/tr>\n<tr>\n<td width=\"200\">ZUG- UND REISSFESTIGKEIT F\u00dcR BESCHICHTETE UND LAMINIERTE STOFFE<\/td>\n<td width=\"92\">ISO 1421 m\u00e9t 1<\/p>\n<p>ISO 4674<\/td>\n<td width=\"156\">Nicht anwendbar f\u00fcr Stoffe mit einer Verl\u00e4ngerung von mehr als 50 %.<\/td>\n<td colspan=\"3\" width=\"303\">Bodenmaterial zugwert \u2265 100 N<\/p>\n<p>Rip-Bottom-Material \u2265 20 N<\/td>\n<\/tr>\n<tr>\n<td width=\"200\">BURST-WIDERSTAND<\/p>\n<p>(Gestrickter Stoff)<\/td>\n<td width=\"92\">ISO 13938-1<\/p>\n<p>o ISO 13938-2<\/td>\n<td width=\"156\">Stoff im Original, Sclatometer<\/td>\n<td colspan=\"2\" width=\"246\">Hintergrundmaterial und nicht-fluoreszierendes Material:<\/p>\n<p>Testfl\u00e4che 50 cm\u00b2 \u2265 100 kPa<\/p>\n<p>Testfl\u00e4che 7,3 cm\u00b2 \u2265 200 kPa<\/td>\n<td width=\"57\"><\/td>\n<\/tr>\n<tr>\n<td width=\"200\">BESTIMMUNG DES WASSERDAMPFWIDERSTANDS UND DES THERMISCHEN WIDERSTANDS<\/p>\n<p>Wenn Regenschutz sortiert nach<\/p>\n<p>EN 343<\/td>\n<td width=\"92\">ISO 11092<\/td>\n<td width=\"156\">Heizplatte, Klimakammer<\/td>\n<td colspan=\"3\" width=\"303\">Ret \u2264 5m<sup>2<\/sup>Pa\/W<\/p>\n<p>Si Ret &gt; 5 m\u00b2Pa\/W &#8211;&gt; Berechnung Wasserdampfpermeabilit\u00e4tsindex (Imt) Imt = (rct * 60) \/Ret &#8211;&gt;\u00a0 imt \u2265 0,15.<\/td>\n<\/tr>\n<tr>\n<td width=\"200\">FARBBEST\u00c4NDIGKEIT GEGEN\u00dcBER SCHWEISS<\/td>\n<td width=\"92\">ISO 105-E04<\/td>\n<td width=\"156\">L\u00f6sung: Saurer pH-Wert &amp; alkalischer pH, Multifiber-Testimonial, Graustufen<\/td>\n<td colspan=\"3\" width=\"303\">Farbabstufung \u2265 4 Farbverlust \u2265 4<\/td>\n<\/tr>\n<tr>\n<td width=\"200\">\u00a0FARBFESTIGKEIT BIS ZUR REINIGUNG<\/td>\n<td width=\"92\">ISO 105-D01<\/td>\n<td width=\"156\">Gyrowash, L\u00f6sungsmittel, Multifiber-Testimonial<\/td>\n<td colspan=\"3\" width=\"303\">Bodenmaterial: \u00a0Farbabstufung \u2265 4 Farbverlust \u2265 4<\/p>\n<p>Nicht-fluoreszierendes Material: Farbverlust \u2265 4<\/td>\n<\/tr>\n<tr>\n<td width=\"200\">\u00a0FARBFESTIGKEIT BEIM HAUSHALTS- UND GEWERBLICHEN WASCHEN<\/td>\n<td width=\"92\">ISO 105-C06<\/td>\n<td width=\"156\">Waschtemperatur, vom Hersteller angegeben, Multifaser-Testimonialstoff, Gyrowash, Graustufen<\/td>\n<td colspan=\"3\" width=\"303\">Bodenmaterial: \u00a0Farbabstufung \u2265 4 Farbverlust \u2265 4<\/p>\n<p>Nicht-fluoreszierendes Material: Farbverlust \u2265 4<\/td>\n<\/tr>\n<tr>\n<td width=\"200\">\u00a0FESTIGKEIT VON AUFB\u00dcGELFARBSTOFFEN<\/td>\n<td width=\"92\">ISO 105-X11<\/td>\n<td width=\"156\">Vom Hersteller angegebene B\u00fcgeltechnik: Trockenb\u00fcgeln, Druck 1 kPa, 15 Sekunden<\/td>\n<td colspan=\"3\" width=\"303\">\u00a0Bodenmaterial: \u00a0Farbabstufung \u2265 4 Farbverlust \u2265 4<\/p>\n<p>Nicht-fluoreszierendes Material: Farbverlust \u2265 4<\/td>\n<\/tr>\n<tr>\n<td width=\"200\">\u00a0TROCKENREINIGUNGSFARBFESTIGKEIT<\/td>\n<td width=\"92\">ISO 105-X12<\/td>\n<td width=\"156\">Crockmeter, Kraft 9 N, 10 Zyklen Graustufen<\/td>\n<td colspan=\"2\" width=\"246\">Farbverlust\u00a0\u2265 4<\/td>\n<td width=\"57\"><\/td>\n<\/tr>\n<tr>\n<td rowspan=\"4\" width=\"200\">CHROMATISCHE KOORDINATEN UND LUMINANZFAKTOR.<\/td>\n<td width=\"92\"><\/td>\n<td width=\"156\"><\/td>\n<td width=\"166\">\u00a0\u00a0 Akzeptanzbereich<\/td>\n<td width=\"79\">Luminanzfaktor<\/td>\n<td width=\"57\">Farbe<\/td>\n<\/tr>\n<tr>\n<td width=\"92\">CIE 15.2<\/p>\n<p>CIE D65 Beleuchtungsmittel<\/td>\n<td width=\"156\">HINTERGRUNDMATERIALFARBE IN NEUEM ZUSTAND<\/td>\n<td width=\"166\"><a href=\"https:\/\/lenard.tech\/wp-content\/uploads\/2023\/03\/GELB.png\"><img loading=\"lazy\" decoding=\"async\" class=\"alignnone size-medium wp-image-18873\" src=\"https:\/\/lenard.tech\/wp-content\/uploads\/2023\/03\/GELB-400x242.png\" alt=\"\" width=\"400\" height=\"242\" srcset=\"https:\/\/lenard.tech\/wp-content\/uploads\/2023\/03\/GELB-400x242.png 400w, https:\/\/lenard.tech\/wp-content\/uploads\/2023\/03\/GELB-1300x786.png 1300w, https:\/\/lenard.tech\/wp-content\/uploads\/2023\/03\/GELB-768x464.png 768w, https:\/\/lenard.tech\/wp-content\/uploads\/2023\/03\/GELB-1536x929.png 1536w, https:\/\/lenard.tech\/wp-content\/uploads\/2023\/03\/GELB-860x520.png 860w, https:\/\/lenard.tech\/wp-content\/uploads\/2023\/03\/GELB-430x260.png 430w, https:\/\/lenard.tech\/wp-content\/uploads\/2023\/03\/GELB-700x423.png 700w, https:\/\/lenard.tech\/wp-content\/uploads\/2023\/03\/GELB-150x91.png 150w, https:\/\/lenard.tech\/wp-content\/uploads\/2023\/03\/GELB.png 1722w\" sizes=\"auto, (max-width: 400px) 100vw, 400px\" \/><\/a><\/td>\n<td width=\"79\">\u00a0Min 0,70<\/td>\n<td width=\"57\">Gelb HV<\/td>\n<\/tr>\n<tr>\n<td width=\"92\">EN 6330<\/td>\n<td width=\"156\">FARBE DES HINTERGRUNDMATERIALS NACH DEM HAUSHALTSW\u00c4SCHE (FALLS ZUTREFFEND)<\/td>\n<td width=\"166\"><a href=\"https:\/\/lenard.tech\/wp-content\/uploads\/2023\/03\/Imagen2-2.svg\"><img loading=\"lazy\" decoding=\"async\" class=\"alignnone size-medium wp-image-18842\" role=\"img\" src=\"https:\/\/lenard.tech\/wp-content\/uploads\/2023\/03\/Imagen2-2.svg\" alt=\"\" width=\"400\" height=\"300\" \/><\/a><\/td>\n<td width=\"79\">Min 0,40<\/td>\n<td width=\"57\">Orange HV<\/td>\n<\/tr>\n<tr>\n<td width=\"92\">EN 15797<\/td>\n<td width=\"156\">FARBE DES HINTERGRUNDMATERIALS NACH DER INDUSTRIELLEN REINIGUNG (FALLS ZUTREFFEND)<\/td>\n<td width=\"166\"><a href=\"https:\/\/lenard.tech\/wp-content\/uploads\/2023\/03\/ROT.png\"><img loading=\"lazy\" decoding=\"async\" class=\"alignnone size-medium wp-image-18877\" src=\"https:\/\/lenard.tech\/wp-content\/uploads\/2023\/03\/ROT-400x242.png\" alt=\"\" width=\"400\" height=\"242\" srcset=\"https:\/\/lenard.tech\/wp-content\/uploads\/2023\/03\/ROT-400x242.png 400w, https:\/\/lenard.tech\/wp-content\/uploads\/2023\/03\/ROT-1300x786.png 1300w, https:\/\/lenard.tech\/wp-content\/uploads\/2023\/03\/ROT-768x465.png 768w, https:\/\/lenard.tech\/wp-content\/uploads\/2023\/03\/ROT-1536x929.png 1536w, https:\/\/lenard.tech\/wp-content\/uploads\/2023\/03\/ROT-860x520.png 860w, https:\/\/lenard.tech\/wp-content\/uploads\/2023\/03\/ROT-430x260.png 430w, https:\/\/lenard.tech\/wp-content\/uploads\/2023\/03\/ROT-700x423.png 700w, https:\/\/lenard.tech\/wp-content\/uploads\/2023\/03\/ROT-150x91.png 150w, https:\/\/lenard.tech\/wp-content\/uploads\/2023\/03\/ROT.png 1734w\" sizes=\"auto, (max-width: 400px) 100vw, 400px\" \/><\/a><\/td>\n<td width=\"79\">Min 0,25<\/td>\n<td width=\"57\">Rot HV<\/td>\n<\/tr>\n<\/tbody>\n<\/table>\n<table style=\"height: 935px;\" width=\"1492\">\n<tbody>\n<tr>\n<td rowspan=\"2\" width=\"200\">CHROMATISCHE KOORDINATEN UND LUMINANZFAKTOR.<\/td>\n<td width=\"92\"><\/td>\n<td width=\"156\"><\/td>\n<td width=\"166\">\u00a0\u00a0 Akzeptanzbereich<\/td>\n<td width=\"79\">Luminanzfaktor<\/td>\n<td width=\"57\">Farbe<\/td>\n<\/tr>\n<tr>\n<td width=\"92\">ISO 105-B02 Methode 3<\/td>\n<td width=\"156\">FARBE DES HINTERGRUNDMATERIALS NACH DEM XENON-TEST<\/td>\n<td width=\"166\"><a href=\"https:\/\/lenard.tech\/wp-content\/uploads\/2023\/03\/XENON-3.png\"><img loading=\"lazy\" decoding=\"async\" class=\"alignnone size-medium wp-image-18898\" src=\"https:\/\/lenard.tech\/wp-content\/uploads\/2023\/03\/XENON-3-400x242.png\" alt=\"\" width=\"400\" height=\"242\" srcset=\"https:\/\/lenard.tech\/wp-content\/uploads\/2023\/03\/XENON-3-400x242.png 400w, https:\/\/lenard.tech\/wp-content\/uploads\/2023\/03\/XENON-3-430x260.png 430w, https:\/\/lenard.tech\/wp-content\/uploads\/2023\/03\/XENON-3-150x91.png 150w, https:\/\/lenard.tech\/wp-content\/uploads\/2023\/03\/XENON-3.png 504w\" sizes=\"auto, (max-width: 400px) 100vw, 400px\" \/><\/a>Die Exposition sollte so lange andauern, bis Blaustufenstufe 5 f\u00fcr rote und orange-rote Materialien auf Graustufenstufe 3 ge\u00e4ndert wurde, und f\u00fcr gelbe Materialien erreicht Blaustufenstufe 4 gem\u00e4\u00df ISO 105-A02 Graustufenstufe 4<\/td>\n<td width=\"79\">Min 0,70<\/p>\n<p>Min 0,40<\/p>\n<p>Min 0,25<\/td>\n<td width=\"57\">Gelb HV<\/p>\n<p>Orange HV<\/p>\n<p>Rot HV<\/td>\n<\/tr>\n<tr>\n<td colspan=\"6\" width=\"750\"><strong>MINIMALE SICHTBARE FL\u00c4CHE IN M\u00b2<\/strong><\/td>\n<\/tr>\n<tr>\n<td colspan=\"3\" width=\"447\"><strong>MATERIAL<\/strong><\/td>\n<td width=\"166\"><strong>KLASSE 3<\/strong><\/td>\n<td width=\"79\"><strong>KLASSE 2 <\/strong><\/td>\n<td width=\"57\"><strong>KLASSE 1<\/strong><\/td>\n<\/tr>\n<tr>\n<td colspan=\"3\" width=\"447\">HINTERGRUNDMATERIAL<\/td>\n<td width=\"166\">0,80<\/td>\n<td width=\"79\">0,50<\/td>\n<td width=\"57\">0,14<\/td>\n<\/tr>\n<tr>\n<td colspan=\"3\" width=\"447\">RETROREFLEKTIERENDES MATERIAL (3M BAND)<\/td>\n<td width=\"166\">0,20<\/td>\n<td width=\"79\">0,13<\/td>\n<td width=\"57\">0,10<\/td>\n<\/tr>\n<tr>\n<td colspan=\"3\" width=\"447\">KOMBINIERTES MATERIAL<\/td>\n<td width=\"166\">n.a.<\/td>\n<td width=\"79\">n.a.<\/td>\n<td width=\"57\">0,20<\/td>\n<\/tr>\n<tr>\n<td colspan=\"5\" width=\"693\">HINWEIS: DIE KLEIDUNGSKLASSE WIRD DURCH DIE GERINGSTE SICHTBARE FL\u00c4CHE DES MATERIALS BESTIMMT<\/td>\n<td width=\"57\"><\/td>\n<\/tr>\n<\/tbody>\n<\/table>\n<p>[\/vc_column_text][\/vc_tta_section][vc_tta_section title=&#8221;GEW\u00c4NDER&#8221; tab_id=&#8221;1686220970354-ed76b7ae-6bd2&#8243;][vc_column_text woodmart_inline=&#8221;no&#8221; text_larger=&#8221;no&#8221;]ENTWURF<\/p>\n<ul>\n<li style=\"list-style-type: none;\">\n<ul>\n<li>Hochsichtbare Kleidung wird in drei Klassen eingeteilt. Jede Klasse soll mindestens sichtbare Materialien enthalten, die in das Kleidungsst\u00fcck integriert sind.<\/li>\n<li>Das Kleidungsst\u00fcck wird auf allen Seiten aus gut sichtbarem Material gefertigt. Es ist wichtig, dass die selbstreflektierenden B\u00e4nder den Oberk\u00f6rper, die Beine und die \u00c4rmel umschlie\u00dfen.<\/li>\n<li>Ein Kleidungsst\u00fcck der Klasse 3 muss den Oberk\u00f6rper bedecken und mindestens \u00c4rmel mit retroreflektierenden B\u00e4ndern oder lange Beine mit retroreflektierenden B\u00e4ndern haben, wenn nicht beide.<\/li>\n<li>Mindestens (50 \u00b1 10 %) des minimal sichtbaren Hintergrundmaterials muss sich auf der Vorderseite des Kleidungsst\u00fccks befinden.<\/li>\n<li>Je nach Art des Kleidungsst\u00fccks gibt es spezifische Anforderungen<\/li>\n<\/ul>\n<\/li>\n<\/ul>\n<p>[\/vc_column_text][\/vc_tta_section][vc_tta_section title=&#8221;MARKIEREN UND ETIKETTIEREN&#8221; tab_id=&#8221;1764672473013-8a4c4932-cbdd&#8221;][vc_single_image image=&#8221;18751&#8243; img_size=&#8221;FULL&#8221; alignment=&#8221;center&#8221; parallax_scroll=&#8221;no&#8221; woodmart_inline=&#8221;no&#8221;][\/vc_tta_section][\/vc_tta_tabs][\/vc_column][\/vc_row]<\/p>\n<\/section>","protected":false},"excerpt":{"rendered":"<p>WARNSCHUTZKLEIDUNG. <span class=\"Y2IQFc\" lang=\"de\">TESTMETHODEN UND ANFORDERUNGEN. <\/span><span class=\"Y2IQFc\" lang=\"de\" style=\"color: #ffff99;\">\u00c4quivalenz mit <em>Equivalencia con EN ISO 20471:2013\/A1:2016 und ISO 2071:2013\/Amd 1:2016.<\/em><\/span><\/p>\n","protected":false},"featured_media":0,"comment_status":"open","ping_status":"closed","template":"","meta":{"_mi_skip_tracking":false,"_monsterinsights_sitenote_active":false,"_monsterinsights_sitenote_note":"","_monsterinsights_sitenote_category":0},"product_cat":[885],"product_tag":[1510,2043,1522,1917,3722,2407,2411,1503],"class_list":["post-11214","product","type-product","status-publish","hentry","product_cat-normativ","product_tag-clase-1-de","product_tag-amarillo-hv-de","product_tag-hv-de","product_tag-clase-2-de","product_tag-lenard-de","product_tag-naranja-hv-de","product_tag-rojo-hv-de","product_tag-alta-visibilidad-de"],"acf":[],"_links":{"self":[{"href":"https:\/\/lenard.tech\/de\/wp-json\/wp\/v2\/product\/11214","targetHints":{"allow":["GET"]}}],"collection":[{"href":"https:\/\/lenard.tech\/de\/wp-json\/wp\/v2\/product"}],"about":[{"href":"https:\/\/lenard.tech\/de\/wp-json\/wp\/v2\/types\/product"}],"replies":[{"embeddable":true,"href":"https:\/\/lenard.tech\/de\/wp-json\/wp\/v2\/comments?post=11214"}],"wp:attachment":[{"href":"https:\/\/lenard.tech\/de\/wp-json\/wp\/v2\/media?parent=11214"}],"wp:term":[{"taxonomy":"product_cat","embeddable":true,"href":"https:\/\/lenard.tech\/de\/wp-json\/wp\/v2\/product_cat?post=11214"},{"taxonomy":"product_tag","embeddable":true,"href":"https:\/\/lenard.tech\/de\/wp-json\/wp\/v2\/product_tag?post=11214"}],"curies":[{"name":"wp","href":"https:\/\/api.w.org\/{rel}","templated":true}]}}