
{"id":11217,"date":"2023-03-31T09:18:36","date_gmt":"2023-03-31T09:18:36","guid":{"rendered":"https:\/\/lenard.tech\/producto\/une-en-iso-15797\/"},"modified":"2023-09-08T11:47:37","modified_gmt":"2023-09-08T11:47:37","slug":"une-en-iso-157972002","status":"publish","type":"product","link":"https:\/\/lenard.tech\/de\/producto\/une-en-iso-157972002\/","title":{"rendered":"UNE-EN ISO 15797:2002"},"content":{"rendered":"<section class=\"wpb-content-wrapper\"><p>[vc_row][vc_column][vc_column_text woodmart_inline=&#8221;no&#8221; text_larger=&#8221;no&#8221;]INDUSTRIELLE WASCHEN ZUR PR\u00dcFUNG VON ARBEITSKLEIDUNG[\/vc_column_text][\/vc_column][\/vc_row][vc_row][vc_column][vc_tta_tabs][vc_tta_section title=&#8221;DEFINITION&#8221; tab_id=&#8221;1686219540327-022dd9ed-e568&#8243;][vc_column_text woodmart_inline=&#8221;no&#8221; text_larger=&#8221;no&#8221;]Diese Internationale Norm legt Pr\u00fcfverfahren und -ger\u00e4te fest, die bei der Bewertung von Arbeitskleidung aus Baumwolle, Polyester\/Baumwolle und Mischgewebe, die industriell gewaschen werden muss, verwendet werden k\u00f6nnen. Sie dienen als Grundlage f\u00fcr die Pr\u00fcfung relevanter Eigenschaften wie Ma\u00dfhaltigkeit, Farbechtheit, Knitterbildung und Faltenbildung an N\u00e4hten.<\/p>\n<p>Da es nicht m\u00f6glich ist, industrielle Waschprozesse zu reproduzieren, soll diese Norm eine Ann\u00e4herung darstellen[\/vc_column_text][\/vc_tta_section][vc_tta_section title=&#8221;INSTRUMENTE&#8221; tab_id=&#8221;1686219540340-dacc955b-fa2e&#8221;][vc_column_text woodmart_inline=&#8221;no&#8221; text_larger=&#8221;no&#8221;]\u2022 Waschmaschine\/Extraktor<br \/>\nDrehbare horizontale Trommel mit vorderer oder seitlicher Lade\u00f6ffnung.<br \/>\n\u2022 Rotationstrockner<br \/>\nRotationsluftabsaugungstrockner mit einem System zur Erfassung des Feuchtigkeitsgehalts der Luft am Auslass mit einer Toleranz von 5 %.<br \/>\n\u2022 Finisher<br \/>\nChargenbeladenes Dampfschlie\u00dffach.<br \/>\n\u2022 Ballast<br \/>\nEs besteht aus sauberer Arbeitskleidung (Laborkittel, L\u00e4tzchen und Hosentr\u00e4ger, Overalls, Hosen und Overalls), die zuvor nicht mehr als 100 Mal gewaschen wurde<br \/>\nIn F\u00e4llen, in denen das Ballastmaterial einen wesentlichen Einfluss auf das Pr\u00fcfergebnis haben kann, sollte die gesamte Ballastlast aus dem Material des Pr\u00fcfk\u00f6rpers bestehen, beispielsweise bei der Pr\u00fcfung von Kontrastfarben oder aus einem mehrfarbigen Material bei Textilien.<br \/>\n\u2022 Waschmittel:<br \/>\nmit optischem Aufheller<br \/>\nohne optische Aufheller<br \/>\n\u2022 Bleichmittel<br \/>\nzu Chlor<br \/>\nmit Wasserstoffperoxid<br \/>\n\u2022 Wasserqualit\u00e4t: H\u00e4rte \u2264 100 mg\/l CaCO3. pH-Wert: 6,0 bis 7,5<\/p>\n<p>[\/vc_column_text][\/vc_tta_section][vc_tta_section title=&#8221;REAGENZGL\u00c4SER&#8221; tab_id=&#8221;1686219573107-0e8d8549-bc32&#8243;][vc_column_text woodmart_inline=&#8221;no&#8221; text_larger=&#8221;no&#8221;]Das Muster muss ein komplettes Kleidungsst\u00fcck oder ein zusammengesetztes Muster sein.<\/p>\n<p>Mindestens drei Pr\u00fcfst\u00fccke m\u00fcssen den in dieser Internationalen Norm festgelegten Wasch- und Trocknungs-\/Fertigstellungsprogrammen unterzogen werden. Die tats\u00e4chliche Anzahl der Pr\u00fcfst\u00fccke ist nach dem Ziel der Pr\u00fcfung der Materie zu ermitteln.<\/p>\n<p>Die Probe wird nach einem der unten angegebenen Verfahren gewaschen und getrocknet. Ein Zyklus ist ein Waschen + ein Trocknen[\/vc_column_text][\/vc_tta_section][vc_tta_section title=&#8221;WASCHVERFAHREN&#8221; tab_id=&#8221;1686219653037-f304ca43-63f5&#8243;][vc_single_image image=&#8221;14068&#8243; img_size=&#8221;FULL&#8221; alignment=&#8221;center&#8221; parallax_scroll=&#8221;no&#8221; woodmart_inline=&#8221;no&#8221;][vc_single_image image=&#8221;14072&#8243; img_size=&#8221;FULL&#8221; alignment=&#8221;center&#8221; parallax_scroll=&#8221;no&#8221; woodmart_inline=&#8221;no&#8221;][\/vc_tta_section][vc_tta_section title=&#8221;TROCKNUNGSVERFAHREN&#8221; tab_id=&#8221;1686219671508-2633d5ee-f9d3&#8243;][vc_column_text woodmart_inline=&#8221;no&#8221; text_larger=&#8221;no&#8221;]Trommeltrocknung<\/p>\n<p>Volllast (Lastverh\u00e4ltnis 1:25 bis 1:35)<\/p>\n<p>die Austrittstemperatur wird so geregelt, dass sie 90 \u00baC nicht \u00fcberschreitet. Der Trockner wird laufen gelassen, bis die Ladung trocken ist, und das Trocknen wird weitere 5 min fortgesetzt, wobei das Heizen (K\u00fchlen) gestoppt wird. Die Beladung ist trocken, wenn die Endfeuchte bezogen auf die konditionierten Proben 0 \uf0b1 3 % betr\u00e4gt.<\/p>\n<p>Tunneltrocknung<\/p>\n<p>Legen Sie die Proben mit den entsprechenden Aufh\u00e4ngern in den vorgeheizten Dampfschrank (5.3). Der Dampfkasten muss mit Volllast und mit mindestens einem Endballast betrieben werden. Finisher sollte auf 155\u00baC Lufttemperatur und mindestens 4 Minuten Laufzeit eingestellt werden[\/vc_column_text][\/vc_tta_section][vc_tta_section title=&#8221;KORRESPONDENZ MIT STANDARDS&#8221; tab_id=&#8221;1686219745100-26eded8a-4541&#8243;][vc_column_text woodmart_inline=&#8221;no&#8221; text_larger=&#8221;no&#8221;]Gem\u00e4\u00df den Normen EN11612, EN11611, EN61482-1-2, EN15384, EN20471 wird f\u00fcr gewebte Stoffe ein Dimensionsstabilit\u00e4tsergebnis von \u00b13 % in beide Richtungen und von \u00b15 % f\u00fcr gestrickte Stoffe nach 5 Waschg\u00e4ngen und Messung nach EN gefordert ISO 5077[\/vc_column_text][\/vc_tta_section][\/vc_tta_tabs][\/vc_column][\/vc_row]<\/p>\n<\/section>","protected":false},"excerpt":{"rendered":"<p>INDUSTRIELLE WASCHEN ZUR PR\u00dcFUNG VON ARBEITSKLEIDUNG<\/p>\n","protected":false},"featured_media":0,"comment_status":"open","ping_status":"closed","template":"","meta":{"_mi_skip_tracking":false,"_monsterinsights_sitenote_active":false,"_monsterinsights_sitenote_note":"","_monsterinsights_sitenote_category":0},"product_cat":[885],"product_tag":[],"class_list":["post-11217","product","type-product","status-publish","hentry","product_cat-normativ"],"acf":[],"_links":{"self":[{"href":"https:\/\/lenard.tech\/de\/wp-json\/wp\/v2\/product\/11217","targetHints":{"allow":["GET"]}}],"collection":[{"href":"https:\/\/lenard.tech\/de\/wp-json\/wp\/v2\/product"}],"about":[{"href":"https:\/\/lenard.tech\/de\/wp-json\/wp\/v2\/types\/product"}],"replies":[{"embeddable":true,"href":"https:\/\/lenard.tech\/de\/wp-json\/wp\/v2\/comments?post=11217"}],"wp:attachment":[{"href":"https:\/\/lenard.tech\/de\/wp-json\/wp\/v2\/media?parent=11217"}],"wp:term":[{"taxonomy":"product_cat","embeddable":true,"href":"https:\/\/lenard.tech\/de\/wp-json\/wp\/v2\/product_cat?post=11217"},{"taxonomy":"product_tag","embeddable":true,"href":"https:\/\/lenard.tech\/de\/wp-json\/wp\/v2\/product_tag?post=11217"}],"curies":[{"name":"wp","href":"https:\/\/api.w.org\/{rel}","templated":true}]}}