
{"id":11220,"date":"2023-03-31T09:16:36","date_gmt":"2023-03-31T09:16:36","guid":{"rendered":"https:\/\/lenard.tech\/producto\/une-en-iso-15384\/"},"modified":"2026-02-04T15:46:48","modified_gmt":"2026-02-04T15:46:48","slug":"une-en-iso-153842020-a12021","status":"publish","type":"product","link":"https:\/\/lenard.tech\/de\/producto\/une-en-iso-153842020-a12021\/","title":{"rendered":"UNE-EN ISO 15384:2020\/A1:2021"},"content":{"rendered":"<section class=\"wpb-content-wrapper\"><p>[vc_row][vc_column][vc_column_text woodmart_inline=&#8221;no&#8221; text_larger=&#8221;no&#8221;]SCHUTZKLEIDUNG F\u00dcR FL\u00c4CHENBRANDBEK\u00c4MPFUNG<\/p>\n<p>SCHUTZKLEIDUNG F\u00dcR FEUERWEHRLEUTE. TESTMETHODEN UND ANFORDERUNGEN.[\/vc_column_text][\/vc_column][\/vc_row][vc_row][vc_column][vc_tta_tabs][vc_tta_section title=&#8221;OBJEKT&#8221; tab_id=&#8221;1686219028077-762289ea-ddc6&#8243;][vc_column_text woodmart_inline=&#8221;no&#8221; text_larger=&#8221;no&#8221;]UMFANG<\/p>\n<p>Dieses Dokument legt die Testmethoden und Mindestleistungsanforderungen f\u00fcr pers\u00f6nliche Schutzkleidung fest, die darauf ausgelegt ist, den K\u00f6rper des Tr\u00e4gers zu sch\u00fctzen, mit Ausnahme von Kopf, H\u00e4nden, F\u00fc\u00dfen, Augen und Ohren, die bei der Brandbek\u00e4mpfung und damit verbundenen Aktivit\u00e4ten verwendet werden. Diese Kleidung ist nicht dazu gedacht, Schutz bei Brandeinschlosse oder struktureller Brandl\u00f6schung, Rettung oder Schutz vor chemischen, biologischen, elektrischen oder strahlenbedingten Gefahren zu bieten. Dieses Dokument bietet keinen Schutz vor erh\u00f6hten mechanischen Gefahren, wie zum Beispiel Schutz beim Einsatz von Kettens\u00e4gen.<strong>\u00a0\u00a0\u00a0\u00a0\u00a0\u00a0\u00a0\u00a0\u00a0\u00a0\u00a0\u00a0\u00a0\u00a0\u00a0 <\/strong>[\/vc_column_text][\/vc_tta_section][vc_tta_section title=&#8221;ANFORDERUNGEN&#8221; tab_id=&#8221;1686219028087-b2c81765-776e&#8221;][vc_column_text woodmart_inline=&#8221;no&#8221; text_larger=&#8221;no&#8221;]PROBEN UND VORBEHANDLUNG<\/p>\n<p>Die Proben m\u00fcssen repr\u00e4sentativ sein. Es gibt Tests, die im Original und\/oder nach der Reinigung erforderlich sind.<\/p>\n<p>Die Vorbehandlung des Stoffes erfolgt \u00fcber 5 Zyklen und\/oder entsprechend den Angaben des Herstellers<\/p>\n<p>F\u00fcr den Flammenausbreitungs- und W\u00e4rmetransfertest werden die Tests vor und nach der Vorbehandlung durchgef\u00fchrt.<\/p>\n<p>Vor allen Tests und nach Durchf\u00fchrung der vorgeschriebenen Vorbehandlung werden die Proben nach ISO 139 mindestens 24 Stunden konditioniert (20 \u00b1 2 \u00baC mit einer relativen Luftfeuchtigkeit von 65 \u00b1 5 %). Die Tests m\u00fcssen innerhalb von 5 Minuten nach Entfernung aus dem Conditioner durchgef\u00fchrt werden.<\/p>\n<p>ERGEBNISAUSDRUCK:<\/p>\n<p>Alle Testprobenergebnisse m\u00fcssen zusammen mit dem Ergebnis gem\u00e4\u00df der Testmethode angegeben werden.<\/p>\n<p>F\u00fcr jeden Test ist die entsprechende Sch\u00e4tzung des Variationskoeffizienten (CV %) f\u00fcr die Labortestvariabilit\u00e4t (ohne Ber\u00fccksichtigung der Probenvariabilit\u00e4t) angegeben.<\/p>\n<table style=\"height: 4061px;\" width=\"1631\">\n<tbody>\n<tr>\n<td width=\"217\"><strong>TEST METHODE<\/strong><\/td>\n<td width=\"113\"><strong>TEST STANDARD<\/strong><\/td>\n<td width=\"201\"><strong>BESCHREIBUNG<\/strong><\/td>\n<td width=\"214\"><strong>ANFORDERUNGEN<\/strong><\/td>\n<\/tr>\n<tr>\n<td width=\"217\">&nbsp;<\/p>\n<p>DIMENSIONSSTABILIT\u00c4T<\/td>\n<td width=\"113\">ISO 5077<\/td>\n<td width=\"201\">% Schrumpfung nach Waschzyklen gem\u00e4\u00df den Anweisungen des Stoffherstellers. Standardm\u00e4\u00dfig mindestens 5 Zyklen.<\/td>\n<td width=\"214\">Offener Stoff Max. \u00b1 3 % Kette\/Schuss<br \/>\nGestrickter Stoff maximal \u00b1 5 % L\u00e4nge\/Breite<\/td>\n<\/tr>\n<tr>\n<td rowspan=\"2\" width=\"217\">BEGRENZTE FLAMMENAUSBREITUNG<\/td>\n<td rowspan=\"2\" width=\"113\">ISO 15025<\/p>\n<p>Methode A und B<\/td>\n<td width=\"201\">Original- und vorbehandelter Stoff:<\/p>\n<p>Jedes Bauteilmaterial, die Bereichsmarkierungen, retroreflektierende und fluoreszierende Materialien mit Ausnahme der Hardware werden separat getestet<\/p>\n<p>Anwendung der 10&#8243;-Flamme senkrecht zum Gewebe (Verfahren A)<\/td>\n<td width=\"214\">Keine Proben d\u00fcrfen oben oder an den R\u00e4ndern entz\u00fcnden, ohne flammende oder geschmolzene Ablagerungen; keine L\u00f6cher gr\u00f6\u00dfer oder gleich 5 mm, au\u00dfer einer inneren Schicht, die f\u00fcr andere Anwendungen als Flammenschutz verwendet wird; Nachz\u00fcnd- und Nachleuchtzeit \u2264 2 s (Nachlumineszenz gilt <span style=\"text-decoration: line-through;\">nicht<\/span> als\u00a0 Restgl\u00fchen ohne Verbrennung im verkohlten Bereich wie in ISO 15025)<\/td>\n<\/tr>\n<tr>\n<td width=\"201\">Original- und vorbehandelter Stoff:<\/p>\n<p>Zusammengebautes Material<\/p>\n<p>Flammenauftrag am Rand des Stoffes mit 10&#8243; Saum. (Verfahren B). Dieser Test wird auch nach der maximalen Anzahl von Reinigungsverfahren durchgef\u00fchrt, die vom Hersteller angegeben ist.<\/td>\n<td width=\"214\">Keine Exemplare sollten nach oben oder an den R\u00e4ndern entz\u00fcnden, ohne zu verbrennen oder geschmolzene Tr\u00fcmmer; Nach-Z\u00fcndung und Nach-Lumineszenz \u2264 2&#8221; (Nach-Lumineszenz gilt als Restgl\u00fchen ohne Verbrennung im verkohlten Bereich gem\u00e4\u00df ISO 15025)<\/p>\n<p>Die verkohlte L\u00e4nge muss gem\u00e4\u00df ISO 15025 Anhang C \u2264 100 mm betragen<\/td>\n<\/tr>\n<tr>\n<td width=\"217\">ZUGFESTIGKEIT<\/td>\n<td width=\"113\">ISO 13934-1<\/td>\n<td width=\"201\">Vorbehandelter Stoff.<\/td>\n<td width=\"214\">\u2265 600 N Kette\/Schuss<\/td>\n<\/tr>\n<tr>\n<td width=\"217\">TEARRESISTENZ<\/td>\n<td width=\"113\">ISO 13937-2<\/p>\n<p>oder Methode B (ISO 4674-1) f\u00fcr beschichtete Stoffe<\/td>\n<td width=\"201\">Vorbehandelter Stoff.<\/td>\n<td width=\"214\">\u2265 25 N Kette\/Schuss<\/td>\n<\/tr>\n<tr>\n<td width=\"217\">HAUPTNAHTFESTIGKEIT<\/td>\n<td width=\"113\">ISO 13935-2<\/td>\n<td width=\"201\">Vorbehandelter Stoff.<\/td>\n<td width=\"214\">Nahtfestigkeit<\/p>\n<p>\u2265 300 N<\/td>\n<\/tr>\n<tr>\n<td width=\"217\">HITZEBEST\u00c4NDIGKEIT<\/p>\n<p>Vom Grundstoff und den Besatzungen nah an der Haut bis hin zu retroreflektierenden und\/oder fluoreszierenden Materialien<\/td>\n<td width=\"113\">ISO 17493<\/td>\n<td width=\"201\">Vorbehandeltes Gewebe, 5 Minuten lang 260 \u00baC unterzogen.<\/td>\n<td width=\"214\">Keine Schicht kann entz\u00fcndet werden. Keine Schicht kann schmelzen oder tropfen.<\/p>\n<p>Schrumpfung \u2264 10 % bei 260 \u00baC.<\/td>\n<\/tr>\n<tr>\n<td width=\"217\">&nbsp;<\/p>\n<p>HITZEBEST\u00c4NDIGKEIT<\/p>\n<p>Retroreflektierend und fluoreszierend<\/td>\n<td width=\"113\">ISO 17493<\/td>\n<td width=\"201\">Vorbehandeltes Gewebe wird behandelt<\/p>\n<p>180 \u00b1 5 \u00b0C f\u00fcr 5 Minuten \u00b1 15 Sekunden<\/td>\n<td width=\"214\">Sie muss die Sichtbarkeitsanforderungen erf\u00fcllen: ISO 20471:2013 6.2.2-6.2.3 oder 6.2.4 sowie die Farbleistungsanforderungen von ISO 20471:2013 5.1.<\/td>\n<\/tr>\n<tr>\n<td width=\"217\">HITZEBEST\u00c4NDIGKEIT<\/p>\n<p><span style=\"text-decoration: line-through;\">\u00a0<\/span><\/td>\n<td width=\"113\">ISO 17493<\/td>\n<td width=\"201\">Vorbehandelter Stoff<\/p>\n<p>Standard: 5 Minuten \u00b1 15 Sekunden Belichtung bei 260 \u00b1 5 \u00b0C<\/p>\n<p>Fluoreszierende und retroreflektierende Materialien: 5 Minuten \u00b1 15 Sekunden Belichtung bei 260 \u00b1 5 \u00b0C<\/p>\n<p>Verschl\u00fcsse, Befestigungselemente und andere Materialien, die nicht mit der Haut in Kontakt stehen: Belichtung f\u00fcr 5 Minuten \u00b1 15 Sekunden bei 180 \u00b1 5 \u00b0C<\/td>\n<td width=\"214\">Keine Schicht kann &gt; 10 % schmelzen, tropfen, entz\u00fcnden oder zusammenziehen und dabei funktionsf\u00e4hig bleiben.<\/td>\n<\/tr>\n<tr>\n<td width=\"217\">HITZEBEST\u00c4NDIGKEIT<\/p>\n<p>N\u00c4HGARN<\/td>\n<td width=\"113\">ISO 3146<\/td>\n<td width=\"201\">Hei\u00dfplattenmethode<\/p>\n<p>Separate Stichprobe<\/td>\n<td width=\"214\">Nicht bei 260 \u00baC schmelzen<\/td>\n<\/tr>\n<tr>\n<td rowspan=\"3\" width=\"217\">\u00a0STRAHLUNGSW\u00c4RME<\/td>\n<td rowspan=\"3\" width=\"113\">ISO 6942<\/p>\n<p>Methode B<\/td>\n<td rowspan=\"3\" width=\"201\">Originales und vorbehandeltes Material<\/p>\n<p>W\u00e4rmeflussdichte: 20 kW\/m\u00b2<\/td>\n<td width=\"214\">TF \u2264 70 %<\/td>\n<\/tr>\n<tr>\n<td width=\"214\">RHTI24 \u2265 11 s<\/td>\n<\/tr>\n<tr>\n<td width=\"214\">RHTI24 &#8211; RHTI12 \u2265 4 s<\/td>\n<\/tr>\n<tr>\n<td width=\"217\">WASSERDAMPFBEST\u00c4NDIGKEIT<\/td>\n<td width=\"113\">ISO 11092<\/td>\n<td width=\"201\">Originalstoff, Heizplatte<\/td>\n<td width=\"214\">Ret \u2264 10 m<sup>2<\/sup>Pa\/W<\/td>\n<\/tr>\n<tr>\n<td width=\"217\">THERMISCHER WIDERSTAND<\/td>\n<td width=\"113\">ISO 11092<\/td>\n<td width=\"201\">Originalstoff, Heizplatte<\/td>\n<td width=\"214\">RCT \u2264 0,055 m<sup>2<\/sup>K\/W<\/td>\n<\/tr>\n<tr>\n<td rowspan=\"2\" width=\"217\">RETRO-REFLEKTIVE\/FLUORESZIERENDE LEISTUNG<\/td>\n<td rowspan=\"2\" width=\"113\">ISO 20471<\/td>\n<td rowspan=\"2\" width=\"201\">Originalstoff<\/p>\n<p>Nach Xenotest<\/p>\n<p>Nach der Reinigung<\/td>\n<td width=\"214\">Die photometrische Leistung des r\u00fcckreflektierenden Teils oder des kombinierten Leistungsmaterials ist gem\u00e4\u00df ISO 20471:2013 zu bestimmen. 7.3. Der Mindestkoeffizient f\u00fcr neues retroreflektierendes Material oder kombiniertes Leistungsmaterial sollte gem\u00e4\u00df ISO 20471:2013, Tabelle 4 oder 5, je nach Anwendung, entsprechen.<\/td>\n<\/tr>\n<tr>\n<td width=\"214\">Das kombinierte\/fluoreszierende Leistungsmaterial muss die Anforderungen von ISO 20471:2013, 5.1, 5.2 und 7.5.1 f\u00fcr die Farbleistungsanforderungen des neuen Materials nach Xenontests und nach der Reinigung erf\u00fcllen.<\/td>\n<\/tr>\n<tr>\n<td width=\"217\">ABRIEBFESTIGKEIT<\/td>\n<td width=\"113\">ISO 12947-2<\/td>\n<td width=\"201\">Kraft 12 kPa<\/td>\n<td width=\"214\">\u2265 20.000 Zyklen<\/td>\n<\/tr>\n<tr>\n<td width=\"217\">SICHERHEIT<\/td>\n<td width=\"113\">ISO 13688 Absatz 4.2<\/td>\n<td width=\"201\"><\/td>\n<td width=\"214\">Das Material darf keine toxischen, krebserregenden, mutogenen, allergenen oder giftigen Stoffe zur Vermehrung oder anderweitig sch\u00e4dliche Substanzen freisetzen.<\/td>\n<\/tr>\n<\/tbody>\n<\/table>\n<p>[\/vc_column_text][\/vc_tta_section][vc_tta_section title=&#8221;GEW\u00c4NDER&#8221; tab_id=&#8221;1686219384322-656ea348-1bca&#8221;][vc_column_text woodmart_inline=&#8221;no&#8221; text_larger=&#8221;no&#8221;]KLEIDUNGSDESIGN<\/p>\n<p>Schutzkleidung kann bestehen aus:<\/p>\n<ul>\n<li>Overalls<\/li>\n<li>Schutzanzug mit einem Interface-Overlay-Bereich ausgestattet<\/li>\n<li>Eine Serie von Unterw\u00e4sche und\/oder Oberbekleidung, die zusammen getragen werden kann<\/li>\n<li>Alle Kleidungsst\u00fccke sollten einen Kragen haben, der den Hals umschlie\u00dft und mit einem Verschlusssystem sch\u00fctzt.<\/li>\n<li>Taschen mit \u00e4u\u00dferen \u00d6ffnungen m\u00fcssen aus Materialien bestehen, deren Leistungswerte gleich oder h\u00f6her als die der \u00e4u\u00dferen Abdeckung sind.<\/li>\n<li>Retroreflektierendes und fluoreszierendes Material oder Kombinationsmaterial haften an der Au\u00dfenseite der PSA und bieten rundherum Sichtbarkeit mit mindestens einem Band, das Arme, Beine und Oberk\u00f6rper umgibt.<\/li>\n<li>Die Hose muss ein Verschlusssystem haben, das Schutz zwischen dem Ende der Hose und dem Schuhwerk bietet. Diese \u00dcberlappung muss aufrechterhalten werden, solange Sie sich bewegen.<\/li>\n<\/ul>\n<p>Die allgemeinen Anforderungen m\u00fcssen ISO 13688 entsprechen. Sie d\u00fcrfen den Nutzer nicht in einer der w\u00e4hrend der Ausbreitung von Waldbr\u00e4nden erwarteten Bewegungen einschr\u00e4nken, z. B. Biegen, Dehnen und Drehen.<\/p>\n<p>Verschlusssysteme, Etikettenzubeh\u00f6r, Kontakt- und Verschlussbefestigungen, retroreflektierende und\/oder fluoreszierende Materialien&#8230; Die an pers\u00f6nliche Schutzkleidung befestigt zu sein, sollte so gestaltet sein, dass sie die Leistung der Kleidung nicht negativ beeinflusst. Diese Verriegelungssysteme m\u00fcssen verhindern, dass Schmutz in die Flammen gelangt.<\/p>\n<p>Die Konformit\u00e4t wird durch Sichtpr\u00fcfung und praktische Tests bewertet[\/vc_column_text][\/vc_tta_section][vc_tta_section title=&#8221;MARKIEREN UND ETIKETTIEREN&#8221; tab_id=&#8221;1686219395199-cf5459fd-4453&#8243;][vc_column_text woodmart_inline=&#8221;no&#8221; text_larger=&#8221;no&#8221;]MARKIERUNG UND ETIKETTIERUNG<\/p>\n<p>Jedes Etikett oder Zubeh\u00f6r darf die Leistung eines an der Kleidung befestigten Gegenstands nicht beeintr\u00e4chtigen oder eine Gefahr f\u00fcr den Tr\u00e4ger darstellen.<\/p>\n<p>Die Haltbarkeit und Legitimit\u00e4t des Etiketts nach dem Waschen, Hitze- und Abriebbest\u00e4ndigkeit (200 ISO 12947-2 12 kPa-Zyklen) m\u00fcssen lesbar bleiben.<\/p>\n<p>Jedes Schutzkleidungsst\u00fcck, f\u00fcr das die Einhaltung dieser Norm erkl\u00e4rt wird, muss ein dauerhaftes und sichtbar angebrachtes Etikett tragen, auf dem folgende Angaben in Buchstaben von mindestens 2,0 mm H\u00f6he gedruckt sein m\u00fcssen:<\/p>\n<ol>\n<li>Typenbezeichnung nach Bedarf<\/li>\n<li>Name, Marke oder andere Methode zur Identifikation des Herstellers<\/li>\n<li>Stil-\/Modellbezeichnung<\/li>\n<li>Gr\u00f6\u00dfe<\/li>\n<li>Verweis auf diese internationale Norm, ISO 15384<\/li>\n<li>Materialzusammensetzung<\/li>\n<li>Das Piktogramm in Abbildung 1.<\/li>\n<\/ol>\n<p>[\/vc_column_text][vc_single_image image=&#8221;19278&#8243; img_size=&#8221;full&#8221; alignment=&#8221;center&#8221; parallax_scroll=&#8221;no&#8221; woodmart_inline=&#8221;no&#8221;][\/vc_tta_section][\/vc_tta_tabs][\/vc_column][\/vc_row]<\/p>\n<\/section>","protected":false},"excerpt":{"rendered":"<p>SCHUTZKLEIDUNG F\u00dcR FL\u00c4CHENBRANDBEK\u00c4MPFUNG<\/p>\n<p>SCHUTZKLEIDUNG F\u00dcR FEUERWEHRLEUTE. TESTMETHODEN UND ANFORDERUNGEN.<\/p>\n","protected":false},"featured_media":0,"comment_status":"open","ping_status":"closed","template":"","meta":{"_mi_skip_tracking":false,"_monsterinsights_sitenote_active":false,"_monsterinsights_sitenote_note":"","_monsterinsights_sitenote_category":0},"product_cat":[885],"product_tag":[1952,3461,3459,2455,3520,1827,2048,3722,2323,1523],"class_list":["post-11220","product","type-product","status-publish","hentry","product_cat-normativ","product_tag-10-de","product_tag-15025-de","product_tag-6942-de","product_tag-bomberos-de","product_tag-forstwirtschaft","product_tag-iso-6942-de","product_tag-confort-de","product_tag-lenard-de","product_tag-abrasion-de","product_tag-ignifugo-de"],"acf":[],"_links":{"self":[{"href":"https:\/\/lenard.tech\/de\/wp-json\/wp\/v2\/product\/11220","targetHints":{"allow":["GET"]}}],"collection":[{"href":"https:\/\/lenard.tech\/de\/wp-json\/wp\/v2\/product"}],"about":[{"href":"https:\/\/lenard.tech\/de\/wp-json\/wp\/v2\/types\/product"}],"replies":[{"embeddable":true,"href":"https:\/\/lenard.tech\/de\/wp-json\/wp\/v2\/comments?post=11220"}],"wp:attachment":[{"href":"https:\/\/lenard.tech\/de\/wp-json\/wp\/v2\/media?parent=11220"}],"wp:term":[{"taxonomy":"product_cat","embeddable":true,"href":"https:\/\/lenard.tech\/de\/wp-json\/wp\/v2\/product_cat?post=11220"},{"taxonomy":"product_tag","embeddable":true,"href":"https:\/\/lenard.tech\/de\/wp-json\/wp\/v2\/product_tag?post=11220"}],"curies":[{"name":"wp","href":"https:\/\/api.w.org\/{rel}","templated":true}]}}