
{"id":11223,"date":"2023-03-31T09:14:18","date_gmt":"2023-03-31T09:14:18","guid":{"rendered":"https:\/\/lenard.tech\/producto\/une-en-iso-15025\/"},"modified":"2025-03-27T12:36:22","modified_gmt":"2025-03-27T12:36:22","slug":"une-en-iso-150252016","status":"publish","type":"product","link":"https:\/\/lenard.tech\/de\/producto\/une-en-iso-150252016\/","title":{"rendered":"UNE-EN ISO 15025:2016"},"content":{"rendered":"<section class=\"wpb-content-wrapper\"><p>[vc_row][vc_column width=&#8221;1\/2&#8243;][vc_column_text woodmart_inline=&#8221;no&#8221; text_larger=&#8221;no&#8221;]SCHUTZKLEIDUNG. SCHUTZ VOR HITZE UND FLAMMEN<\/p>\n<p>PR\u00dcFVERFAHREN F\u00dcR BEGRENZTE FLAMMENAUSBREITUNG[\/vc_column_text][\/vc_column][vc_column width=&#8221;1\/2&#8243;][vc_video link=&#8221;https:\/\/youtu.be\/a4iu8U0z8xw&#8221; woodmart_css_id=&#8221;67e546374752a&#8221; image_poster_switch=&#8221;no&#8221;][\/vc_column][\/vc_row][vc_row][vc_column][vc_tta_tabs][vc_tta_section title=&#8221;EINLEITUNG&#8221; tab_id=&#8221;1686218728890-27ec079e-0092&#8243;][vc_column_text woodmart_inline=&#8221;no&#8221; text_larger=&#8221;no&#8221;]Diese Norm beschreibt ein Pr\u00fcfverfahren zur Bestimmung der begrenzten Flammenausbreitung in textilen Materialien und Industrieprodukten in Form einer Ein- oder Mehrkomponentenschicht (beschichtet, wattiert, mehrschichtig, sandwichartig oder \u00e4hnliche Kombinationen), vertikal ausgerichtet, wenn sie der Einwirkung einer kleinen Flamme ausgesetzt werden.[\/vc_column_text][\/vc_tta_section][vc_tta_section title=&#8221;DEFINITIONEN&#8221; tab_id=&#8221;1686218728901-95d43c18-f403&#8243;][vc_column_text woodmart_inline=&#8221;no&#8221; text_larger=&#8221;no&#8221;]<\/p>\n<ul>\n<li>Beflammungszeit<\/li>\n<li>Gl\u00fchen: Fortbestehen des Gl\u00fchens in einem Material unter den angegebenen Testbedingungen, nachdem die Flamme gel\u00f6scht wurde.<\/li>\n<li>Nachgl\u00fchzeit: Dauer des Gl\u00fchens<\/li>\n<li>Karbonisierung<\/li>\n<li>Schlacken: Material, das sich w\u00e4hrend des Tests von der Probe trennt.<\/li>\n<li>Entz\u00fcndete Reste<\/li>\n<li>Loch: Durch Schmelzen, Gl\u00fchen oder Entz\u00fcndung verursachter Bruch im Pr\u00fcfmuster von mindestens 5 mm in beliebiger Abmessung mit durchgehendem Umfang.<\/li>\n<\/ul>\n<p>[\/vc_column_text][\/vc_tta_section][vc_tta_section title=&#8221;GER\u00c4TE&#8221; tab_id=&#8221;1686218783710-6cd9cad6-5726&#8243;][vc_column_text woodmart_inline=&#8221;no&#8221; text_larger=&#8221;no&#8221;]<\/p>\n<ul>\n<li>Rahmenunterst\u00fctzung<\/li>\n<li>Propangasbrenner mit 95 % Reinheit min.<\/li>\n<li>Probenunterst\u00fctzung<\/li>\n<li>Unterst\u00fctzungsschl\u00e4ge<\/li>\n<li>Abstandshalter<\/li>\n<li>Schablone<\/li>\n<li>Stoppuhren<\/li>\n<li>Filterpapier<\/li>\n<\/ul>\n<p>[\/vc_column_text][\/vc_tta_section][vc_tta_section title=&#8221;PROBE&#8221; tab_id=&#8221;1686218794597-c7ab753d-dcdb&#8221;][vc_column_text woodmart_inline=&#8221;no&#8221; text_larger=&#8221;no&#8221;]<\/p>\n<ul>\n<li>Die Probe mit der l\u00e4ngsten Abmessung ist in Kett- und in Schussrichtung orientiert.\n<ul>\n<li>Bei Oberfl\u00e4chenentz\u00fcndung, wenn die beiden Probenoberfl\u00e4chen visuell unterschiedlich sind und vorl\u00e4ufige Tests unterschiedliche Entflammbarkeitseigenschaften ergeben, muss jede Oberfl\u00e4che mit einer Charge von sechs Proben getestet werden.<\/li>\n<li>Abmessungen von Pr\u00fcfmustern. Proben werden mit Abmessungen von (200 \uf0b1 2) mm x (160 \uf0b1 2) mm f\u00fcr Methode A geschnitten. F\u00fcr Methode B, 200 x 80 mm + 2.<\/li>\n<li>Mehrschichtige Proben. Wenn Proben aus mehreren Schichten oder Materialien bestehen, die nicht \u00fcber die gesamte Probe durchgehend sind, wird das Material mit der kleinsten Abmessung b\u00fcndig mit der Unterkante der Probe platziert, was der Verwendung von Schutzkleidung entspricht, einschlie\u00dflich der Form der Befestigung und Ausrichtung .<\/li>\n<li>Konditionierung von Pr\u00fcfmustern<\/li>\n<li>Temperatur von (20 \uf0b1 2) \u00baC und einer relativen Luftfeuchtigkeit von (65 \uf0b1 5) % f\u00fcr mindestens 24 h.<\/li>\n<\/ul>\n<\/li>\n<\/ul>\n<p>[\/vc_column_text][\/vc_tta_section][vc_tta_section title=&#8221;VERFAHREN&#8221; tab_id=&#8221;1686218803494-301b94eb-b8eb&#8221;][vc_column_text woodmart_inline=&#8221;no&#8221; text_larger=&#8221;no&#8221;]VERFAHREN A \u2013 Oberfl\u00e4chliche Z\u00fcndung<\/p>\n<ul>\n<li>Montage des Pr\u00fcfmusters.<\/li>\n<li>Arbeitsstellung des Brenners. Der Brenner wird senkrecht zur Probenoberfl\u00e4che angeordnet, so dass die Achse des Brenners 20 mm \u00fcber der Linie liegt, die die unteren Stempel verbindet, und mit der vertikalen Mittellinie der Probenoberfl\u00e4che ausgerichtet ist. Es ist nachzuweisen, dass das Ende des leichteren Stabilisators (17 \uf0b1 1) mm von der Oberfl\u00e4che des Pr\u00fcfmusters entfernt ist.<\/li>\n<li>Flammeneinstellung \u2013 Horizontaler Bereich. Die horizontale Reichweite der Flamme ist auf (25 \uf0b1 2) mm eingestellt,<\/li>\n<li>Positionierung der Flamme.<\/li>\n<\/ul>\n<p>&nbsp;<\/p>\n<p>VERFAHREN B- Z\u00fcndung am Rand<\/p>\n<ul>\n<li style=\"list-style-type: none;\">\n<ul>\n<li>Montage des Pr\u00fcfmusters<\/li>\n<li>Arbeitsstellung des Brenners. Der Brenner wird vor, aber unter der Testprobe platziert, so dass er mit einer Ebene ausgerichtet ist, die durch die vertikale Mittellinie der Oberfl\u00e4che der Probe verl\u00e4uft und senkrecht zu ihrer Oberfl\u00e4che verl\u00e4uft, wobei die L\u00e4ngsachse einen Winkel von 30\u00b0 bildet. mit der Unterkante des Pr\u00fcfmusters nach oben. \u00dcberpr\u00fcfen Sie, ob das Ende des helleren Stabilisators (20 \uf0b1 1) mm von der Unterkante des Testmusters entfernt ist<\/li>\n<li>Flammeneinstellung \u2013 Vertikale Reichweite.<\/li>\n<li>Die H\u00f6he der Flamme ist auf (40\uf0b1x 2) mm eingestellt<\/li>\n<li>Der Brenner wird von der Ruhestellung in die geneigte Arbeitsstellung gebracht.<\/li>\n<\/ul>\n<\/li>\n<\/ul>\n<p>[\/vc_column_text][\/vc_tta_section][vc_tta_section title=&#8221;TEST OBERFL\u00c4CHLICHE Z\u00dcNDUNG&#8221; tab_id=&#8221;1686218823622-522746aa-e20f&#8221;][vc_column_text woodmart_inline=&#8221;no&#8221; text_larger=&#8221;no&#8221;]Die Flamme wird 10 s lang angelegt und es wird beobachtet:<\/p>\n<ol>\n<li>wenn die Flamme die Oberkante oder eine senkrechte Kante des Probek\u00f6rpers erreicht.<\/li>\n<li>die Nachbrennzeit.<\/li>\n<li>wenn das Nachgl\u00fchen \u00fcber den entz\u00fcndeten Bereich (normalerweise den verkohlten Bereich) hinausgeht und den unbesch\u00e4digten Bereich erreicht.<\/li>\n<li>die Nachleuchtzeit.<\/li>\n<li>Abl\u00f6sen von R\u00fcckst\u00e4nden.<\/li>\n<li>ob die Ablagerungen das Filterpapier entz\u00fcnden (entz\u00fcndete Ablagerungen), falls zutreffend.<\/li>\n<li>bei mehrschichtigen Proben, ob ein Loch gebildet wird und in welcher Schicht es gebildet wird.<\/li>\n<\/ol>\n<p>Flankenz\u00fcndungstest<\/p>\n<p>Die Flamme wird 10 s lang angelegt und das Verhalten wird beobachtet und aufgezeichnet, wie im vorherigen Abschnitt (Oberfl\u00e4chenz\u00fcndung) angegeben. 5 Proben werden wiederholt.<\/p>\n<p>Gem\u00e4\u00df den Vorschriften EN11612 und EN11611 werden Stoffe, die der Oberfl\u00e4chenentz\u00fcndung entsprechen, mit A1 und Stoffe, die der Kantenentz\u00fcndung entsprechen, mit A2 klassifiziert.[\/vc_column_text][\/vc_tta_section][\/vc_tta_tabs][\/vc_column][\/vc_row]<\/p>\n<\/section>","protected":false},"excerpt":{"rendered":"<p>SCHUTZKLEIDUNG. SCHUTZ VOR HITZE UND FLAMMEN<\/p>\n<p>PR\u00dcFVERFAHREN F\u00dcR BEGRENZTE FLAMMENAUSBREITUNG<\/p>\n","protected":false},"featured_media":0,"comment_status":"open","ping_status":"closed","template":"","meta":{"_mi_skip_tracking":false,"_monsterinsights_sitenote_active":false,"_monsterinsights_sitenote_note":"","_monsterinsights_sitenote_category":0},"product_cat":[885],"product_tag":[],"class_list":["post-11223","product","type-product","status-publish","hentry","product_cat-normativ"],"acf":[],"_links":{"self":[{"href":"https:\/\/lenard.tech\/de\/wp-json\/wp\/v2\/product\/11223","targetHints":{"allow":["GET"]}}],"collection":[{"href":"https:\/\/lenard.tech\/de\/wp-json\/wp\/v2\/product"}],"about":[{"href":"https:\/\/lenard.tech\/de\/wp-json\/wp\/v2\/types\/product"}],"replies":[{"embeddable":true,"href":"https:\/\/lenard.tech\/de\/wp-json\/wp\/v2\/comments?post=11223"}],"wp:attachment":[{"href":"https:\/\/lenard.tech\/de\/wp-json\/wp\/v2\/media?parent=11223"}],"wp:term":[{"taxonomy":"product_cat","embeddable":true,"href":"https:\/\/lenard.tech\/de\/wp-json\/wp\/v2\/product_cat?post=11223"},{"taxonomy":"product_tag","embeddable":true,"href":"https:\/\/lenard.tech\/de\/wp-json\/wp\/v2\/product_tag?post=11223"}],"curies":[{"name":"wp","href":"https:\/\/api.w.org\/{rel}","templated":true}]}}