
{"id":11229,"date":"2023-03-31T09:07:31","date_gmt":"2023-03-31T09:07:31","guid":{"rendered":"https:\/\/lenard.tech\/producto\/une-en-iso-13938-1\/"},"modified":"2023-09-01T09:34:07","modified_gmt":"2023-09-01T09:34:07","slug":"une-en-iso-13938-12019","status":"publish","type":"product","link":"https:\/\/lenard.tech\/de\/producto\/une-en-iso-13938-12019\/","title":{"rendered":"UNE-EN ISO 13938-1:2019"},"content":{"rendered":"<section class=\"wpb-content-wrapper\"><p>[vc_row][vc_column][vc_column_text woodmart_inline=&#8221;no&#8221; text_larger=&#8221;no&#8221;]<\/p>\n<div id=\"KnM9nf\">\n<div id=\"tw-smenu\" class=\"tw-menu\">EIGENSCHAFTEN DES GEWEBEBRUCHS. TEIL 1: HYDRAULISCHES VERFAHREN ZUR BESTIMMUNG DER BERSTFESTIGKEIT UND BERSTVERFORMUNG<\/div>\n<\/div>\n<p>[\/vc_column_text][\/vc_column][\/vc_row][vc_row][vc_column][vc_tta_tabs][vc_tta_section title=&#8221;ZIEL&#8221; tab_id=&#8221;1686217731586-a4af9b5c-b1be&#8221;][vc_column_text woodmart_inline=&#8221;no&#8221; text_larger=&#8221;no&#8221;]Teil 1: Hydraulisches Verfahren zur Bestimmung der Berstfestigkeit und DehnungDieses Dokument beschreibt ein hydraulisches Verfahren zur Bestimmung der Berstfestigkeit und Verformung von Geweben. Hydraulischer Druck wird mittels einer Pumpvorrichtung mit konstanter Geschwindigkeit aufgebracht. Anwendbar auf gestrickte, gewebte, nicht gewebte und laminierte Stoffe. Der Test kann an konditionierten Reagenzgl\u00e4sern oder an feuchten Reagenzgl\u00e4sern durchgef\u00fchrt werden.[\/vc_column_text][\/vc_tta_section][vc_tta_section title=&#8221;DEFINITIONEN&#8221; tab_id=&#8221;1686217731597-fb99eece-d6ca&#8221;][vc_column_text woodmart_inline=&#8221;no&#8221; text_larger=&#8221;no&#8221;]<\/p>\n<ul>\n<li>Pr\u00fcffl\u00e4che: Oberfl\u00e4che des in der ringf\u00f6rmigen Spannvorrichtung eingeschlossenen Pr\u00fcflings.<\/li>\n<li>Berstdruck (Druck zum Zeitpunkt des Berstens): Maximaler Druck, der auf einen Probek\u00f6rper ausge\u00fcbt wird, der auf einer darunter liegenden Membran befestigt ist, bis der Probek\u00f6rper bricht.<\/li>\n<li>Berstfestigkeit (Festigkeit zum Zeitpunkt des Berstens): Druck, der durch Subtraktion des Membrandrucks vom mittleren Berstdruck erhalten wird.<\/li>\n<li>Membrandruck: Druck, der ohne die Probe auf die Membran ausge\u00fcbt wird, um sie auf die durchschnittliche Berstdehnung der Probe zu verformen.<\/li>\n<li>Verformung beim Bersten (Verformung zum Zeitpunkt des Berstens): Ausdehnung eines Probek\u00f6rpers unter dem Berstdruck. Es dr\u00fcckt sich gut in der Berst-H\u00f6he, gut im Berst-Volumen aus.<\/li>\n<li>Bersth\u00f6he: Abstand zwischen der oberen Oberfl\u00e4che des Probek\u00f6rpers vor der Verformung und derselben Oberfl\u00e4che im Moment des Berstdrucks.<\/li>\n<li>Berstvolumen: Volumen der zum Zeitpunkt des Berstdrucks gepumpten Druckfl\u00fcssigkeit.<\/li>\n<li>Berstzeit: Zeit, die vergeht, um eine Probe bis zum Bersten zu verformen.<\/li>\n<\/ul>\n<p>[\/vc_column_text][\/vc_tta_section][vc_tta_section title=&#8221;METHODE&#8221; tab_id=&#8221;1686217757702-09e6e6a7-0c27&#8243;][vc_column_text woodmart_inline=&#8221;no&#8221; text_larger=&#8221;no&#8221;]Ein Pr\u00fcfling wird mit einem Klemmring an einer Membran befestigt. Auf die Unterseite der Membran wird ein zunehmender Fl\u00fcssigkeitsdruck ausge\u00fcbt, der eine Verformung der Membran und des Gewebes bewirkt. Das Fl\u00fcssigkeitsvolumen wird mit einer konstanten Geschwindigkeit pro Zeiteinheit bis zum Bersten der Probe erh\u00f6ht. Berstfestigkeit und Dehnung werden bestimmt.[\/vc_column_text][\/vc_tta_section][vc_tta_section title=&#8221;PR\u00dcFLING&#8221; tab_id=&#8221;1686217767240-d4fd45f9-fa41&#8243;][vc_single_image image=&#8221;8256&#8243; img_size=&#8221;medium&#8221; alignment=&#8221;center&#8221; parallax_scroll=&#8221;no&#8221; woodmart_inline=&#8221;no&#8221;][\/vc_tta_section][vc_tta_section title=&#8221;GER\u00c4TE&#8221; tab_id=&#8221;1686217777120-fe764acc-82ff&#8221;][vc_column_text woodmart_inline=&#8221;no&#8221; text_larger=&#8221;no&#8221;]<\/p>\n<ul>\n<li>Eklatometer: Das Eklatometer muss in der Lage sein, unterschiedliche konstante Geschwindigkeiten der Volumenzunahme pro Zeiteinheit zwischen 100 cm3\/min und 500 cm3\/min innerhalb von \u00b110 % des angezeigten Werts zu erzeugen.<\/li>\n<li>Der Berstdruck muss mit einer Genauigkeit von \u00b12 % vom Skalenendwert angezeigt werden.<\/li>\n<li>Bersth\u00f6he bis 70 mm muss mit einer Genauigkeit von \u00b11 mm angezeigt werden<\/li>\n<li>Es sollte eine Testfl\u00e4che von 50 cm\u00b2 (79,8 mm Durchmesser) verwendet werden.<\/li>\n<li>Andere Testoberfl\u00e4chen von 100 cm\u00b2 (112,8 mm Durchmesser), 10 cm\u00b2 (35,7 mm Durchmesser) und 7,3 cm\u00b2 (30,5 mm Durchmesser) k\u00f6nnen verwendet werden, wenn die bevorzugte Oberfl\u00e4che nicht mit vorhandener Testausr\u00fcstung aufgebracht werden kann oder im Falle eines hohen oder schwachen Gewebes Erweiterung, unterschiedliche Stoffanforderungen<\/li>\n<li>Die Membran muss folgende Anforderungen erf\u00fcllen:<\/li>\n<\/ul>\n<p>&#8211; maximale Dicke von 2 mm;<\/p>\n<p>&#8211; hohe Dehnbarkeit;<\/p>\n<p>\uf02d bei mehrfacher Verwendung derselben Bahn muss diese im Bereich der bei der Pr\u00fcfung beobachteten Bersth\u00f6hen elastisch sein[\/vc_column_text][\/vc_tta_section][vc_tta_section title=&#8221;PROZESS&#8221; tab_id=&#8221;1686217788669-1f7cf684-41c3&#8243;][vc_column_text woodmart_inline=&#8221;no&#8221; text_larger=&#8221;no&#8221;]<\/p>\n<ul>\n<li>Eine Testfl\u00e4che von 50 cm\u00b2 wird vorbereitet<\/li>\n<li>F\u00fcr die meisten Stoffe, haupts\u00e4chlich Maschenware, ist es m\u00f6glich, die 50 cm\u00b2-Testfl\u00e4che zu verwenden. F\u00fcr Stoffe mit geringer Dehnbarkeit (bekannt aus fr\u00fcheren Erfahrungen oder fr\u00fcheren Tests), beispielsweise Stoffe f\u00fcr technische Anwendungen, wird eine Testfl\u00e4che von 100 cm\u00b2 empfohlen.<\/li>\n<li>Das Ger\u00e4t wird auf eine konstante Geschwindigkeit der Volumenzunahme geregelt, die zwischen 100 cm\u00b3\/min und 500 cm\u00b3\/min liegt.<\/li>\n<li>Der flache Pr\u00fcfk\u00f6rper wird spannungs- und verformungsfrei in seiner eigenen Ebene auf die Membran aufgelegt und auf die Nulllage justiert.<\/li>\n<li>Auf die Probe wird Druck ausge\u00fcbt, bis das Gewebe platzt.<\/li>\n<li>Unmittelbar nach dem Platzen, wenn das Platzen in der N\u00e4he der R\u00fcckhalteeinrichtung auftritt, sollte dies notiert werden. Backenbr\u00fcche, die weniger als 2 mm von der Spannlinie entfernt auftreten, sollten zur\u00fcckgewiesen werden. Der Test wird mindestens viermal an verschiedenen Stellen des Gewebes wiederholt.<\/li>\n<li>Bei Nasspr\u00fcfungen wird das Pr\u00fcfst\u00fcck 1 Stunde lang in Wasser der Klasse 3 gem\u00e4\u00df EN ISO 3696:1995 bei einer Temperatur von (20 \u00b1 2) \u00baC eingetaucht.<\/li>\n<\/ul>\n<p>[\/vc_column_text][\/vc_tta_section][vc_tta_section title=&#8221;ERGEBNISSE&#8221; tab_id=&#8221;1686217801831-9d5c1dbd-4fd3&#8243;][vc_column_text woodmart_inline=&#8221;no&#8221; text_larger=&#8221;no&#8221;]<\/p>\n<ul>\n<li>Mittlere Berstfestigkeit: Berechnen Sie das arithmetische Mittel des Berstdrucks in Kilopascal.<\/li>\n<li>Mittlere Bersth\u00f6he: Berechnen Sie das arithmetische Mittel der Bersth\u00f6he in Millimetern<\/li>\n<li>Mittleres Berstvolumen: Berechnen Sie das arithmetische Mittel des Berstvolumens in Kubikzentimetern<\/li>\n<li>Variationskoeffizient: Berechnen Sie den Variationskoeffizienten und die 95%-Vertrauensgrenzen f\u00fcr Berstdruck, Bersth\u00f6he und ggf. Berstvolumen<\/li>\n<li>Vertrauensgrenzen bei 95 % in Einheiten der entsprechenden Mittelwerte, falls erforderlich.<\/li>\n<li>EN11612-Anforderungen:<\/li>\n<li>100 kPa Fl\u00e4che 50 cm2<\/li>\n<li>200 kPa Fl\u00e4che von 7,3 cm2<\/li>\n<\/ul>\n<p>[\/vc_column_text][\/vc_tta_section][\/vc_tta_tabs][\/vc_column][\/vc_row]<\/p>\n<\/section>","protected":false},"excerpt":{"rendered":"<p>EIGENSCHAFTEN DES GEWEBEBRUCHS. TEIL 1: HYDRAULISCHES VERFAHREN ZUR BESTIMMUNG DER BERSTFESTIGKEIT UND BERSTVERFORMUNG<\/p>\n","protected":false},"featured_media":0,"comment_status":"open","ping_status":"closed","template":"","meta":{"_mi_skip_tracking":false,"_monsterinsights_sitenote_active":false,"_monsterinsights_sitenote_note":"","_monsterinsights_sitenote_category":0},"product_cat":[885],"product_tag":[],"class_list":["post-11229","product","type-product","status-publish","hentry","product_cat-normativ"],"acf":[],"_links":{"self":[{"href":"https:\/\/lenard.tech\/de\/wp-json\/wp\/v2\/product\/11229","targetHints":{"allow":["GET"]}}],"collection":[{"href":"https:\/\/lenard.tech\/de\/wp-json\/wp\/v2\/product"}],"about":[{"href":"https:\/\/lenard.tech\/de\/wp-json\/wp\/v2\/types\/product"}],"replies":[{"embeddable":true,"href":"https:\/\/lenard.tech\/de\/wp-json\/wp\/v2\/comments?post=11229"}],"wp:attachment":[{"href":"https:\/\/lenard.tech\/de\/wp-json\/wp\/v2\/media?parent=11229"}],"wp:term":[{"taxonomy":"product_cat","embeddable":true,"href":"https:\/\/lenard.tech\/de\/wp-json\/wp\/v2\/product_cat?post=11229"},{"taxonomy":"product_tag","embeddable":true,"href":"https:\/\/lenard.tech\/de\/wp-json\/wp\/v2\/product_tag?post=11229"}],"curies":[{"name":"wp","href":"https:\/\/api.w.org\/{rel}","templated":true}]}}