
{"id":11232,"date":"2023-03-31T09:06:36","date_gmt":"2023-03-31T09:06:36","guid":{"rendered":"https:\/\/lenard.tech\/producto\/une-en-iso-13937-2\/"},"modified":"2025-03-18T08:31:06","modified_gmt":"2025-03-18T08:31:06","slug":"une-en-iso-13937-22000","status":"publish","type":"product","link":"https:\/\/lenard.tech\/de\/producto\/une-en-iso-13937-22000\/","title":{"rendered":"UNE-EN ISO 13937-2:2000"},"content":{"rendered":"<section class=\"wpb-content-wrapper\"><p>[vc_row][vc_column width=&#8221;1\/2&#8243;][vc_column_text woodmart_inline=&#8221;no&#8221; text_larger=&#8221;no&#8221;]<\/p>\n<h1>EIGENSCHAFTEN VON GEWEBE GEGEN RISS. TEIL 2: BESTIMMUNG DER REISSKRAFT VON PROBEN<\/h1>\n<p>[\/vc_column_text][\/vc_column][vc_column width=&#8221;1\/2&#8243;][vc_video link=&#8221;https:\/\/youtu.be\/rLYH-BZGQ0s&#8221; el_width=&#8221;70&#8243; woodmart_css_id=&#8221;67d92f3995413&#8243; image_poster_switch=&#8221;no&#8221;][\/vc_column][\/vc_row][vc_row][vc_column][vc_tta_tabs][vc_tta_section title=&#8221;DEFINITION&#8221; tab_id=&#8221;1686216487886-f71af889-a8d3&#8243;][vc_column_text woodmart_inline=&#8221;no&#8221; text_larger=&#8221;no&#8221;]Dieser Teil von EN ISO 13937 beschreibt ein einzigartiges Rei\u00dfverfahren zur Bestimmung der Rei\u00dffestigkeit eines Gewebes, das als Hosentest bezeichnet wird und an einem Probest\u00fcck durchgef\u00fchrt wird, das in Form eines Hosenbeins geschnitten ist. Die gemessene Rei\u00dfkraft ist die Kraft, die f\u00fcr eine einzelne Rei\u00dfausbreitung erforderlich ist, die eingeleitet wird, wenn die Kraft parallel zur Kerbe aufgebracht wird und das Gewebe in Richtung der aufgebrachten Kraft rei\u00dft.<\/p>\n<p>Der Test wird haupts\u00e4chlich auf Fachgewebe angewendet<\/p>\n<p>Im Allgemeinen gilt das Verfahren NICHT f\u00fcr gestrickte Stoffe und dehnbare Stoffe.[\/vc_column_text][\/vc_tta_section][vc_tta_section title=&#8221;METHODE&#8221; tab_id=&#8221;1686216487894-08415a31-2de3&#8243;][vc_column_text woodmart_inline=&#8221;no&#8221; text_larger=&#8221;no&#8221;]Eine rechteckig geformte Probe wird in der Mitte ihrer k\u00fcrzesten Kante geschnitten, um eine Hosenform zu erzielen. Die Hosenbeine werden in den Zangen einer Zugpr\u00fcfmaschine zu einer geraden Linie eingespannt und in Richtung der Kerbe gespannt, um den Stoff zu zerrei\u00dfen.<\/p>\n<p>Die Rei\u00dfkraft wird aus den Kraftspitzen im automatisch gezeichneten Diagramm berechnet[\/vc_column_text][\/vc_tta_section][vc_tta_section title=&#8221;PROBEN&#8221; tab_id=&#8221;1686216666113-7ae7600a-711e&#8221;][vc_column_text woodmart_inline=&#8221;no&#8221; text_larger=&#8221;no&#8221;]Aus jeder Laborprobe werden zwei S\u00e4tze von Testst\u00fccken geschnitten, ein Satz in Kettrichtung und der andere in Schussrichtung.<\/p>\n<p>Jedes Set muss mindestens f\u00fcnf Reagenzgl\u00e4ser oder eine h\u00f6here Anzahl enthalten, vorherige Vereinbarung zwischen den interessierten Parteien. Keine Probe sollte weniger als 150 mm vom Ende des Gewebes entfernt geschnitten werden.<\/p>\n<p>50 mm breite Pr\u00fcfst\u00fccke (Hosenform): Es muss ein rechteckiger Streifen mit einer L\u00e4nge von 200 mm \u00b1 2 mm und einer Breite von 50 mm \u00b1 1 mm sein; Von der Mitte der Breite muss eine Kerbe von 100 mm \u00b1 1 mm L\u00e4nge gemacht werden. Das Ende des Risses wird (25 \u00b1 1) mm vom ungeschnittenen Ende des Streifens entfernt markiert, um die Position des Risses am Ende des Tests anzuzeigen.[\/vc_column_text][vc_single_image image=&#8221;10873&#8243; img_size=&#8221;full&#8221; parallax_scroll=&#8221;no&#8221; woodmart_inline=&#8221;no&#8221;][\/vc_tta_section][vc_tta_section title=&#8221;TEST&#8221; tab_id=&#8221;1686293664433-16dba537-0b11&#8243;][vc_single_image image=&#8221;10876&#8243; img_size=&#8221;full&#8221; alignment=&#8221;center&#8221; parallax_scroll=&#8221;no&#8221; woodmart_inline=&#8221;no&#8221;][vc_column_text woodmart_inline=&#8221;no&#8221; text_larger=&#8221;no&#8221;]<\/p>\n<ul>\n<li>Das Rei\u00dfkraft-Aufzeichnungsger\u00e4t l\u00e4uft an<\/li>\n<li>Die Rei\u00dfkraft wird in Newton angegeben.<\/li>\n<li>Es wird beobachtet, ob sich der Riss in Richtung der Krafteinwirkung ausgebreitet hat und ob die F\u00e4den ausgefranst statt gerissen sind. Die Pr\u00fcfung gilt als g\u00fcltig, wenn a) kein Durchrutschen der F\u00e4den im Gewebe aufgetreten ist, b) kein Durchrutschen in den Backen stattgefunden hat, c) das Rei\u00dfen abgeschlossen ist und in Auftragsrichtung durchgef\u00fchrt wurde die Kraft.<\/li>\n<\/ul>\n<p>[\/vc_column_text][\/vc_tta_section][vc_tta_section title=&#8221;BERECHNUNG UND AUSDRUCK DER ERGEBNISSE AUS DER GRAFIK&#8221; tab_id=&#8221;1686216675364-760220d0-b19e&#8221;][vc_column_text woodmart_inline=&#8221;no&#8221; text_larger=&#8221;no&#8221;]<\/p>\n<ul>\n<li>Die Grafik der Spitzen wird vom ersten bis zur letzten Spitze in vier gleiche Teile geteilt. Das erste Quartal sollte nicht f\u00fcr die Berechnung des Mittelwerts verwendet werden. In den anderen drei Teilen werden die Werte der beiden h\u00f6chsten Spitzen und die der beiden niedrigsten Spitzen genommen und aufgezeichnet.<\/li>\n<li>F\u00fcr jede Probe wird der arithmetische Mittelwert in Newton der 12 erhaltenen Spitzenwerte berechnet.<\/li>\n<li>Aus dem f\u00fcr jede Probe erhaltenen Mittelwert wird der gesamte arithmetische Mittelwert der Rei\u00dfkraft in Newton f\u00fcr jede getestete Richtung berechnet.<\/li>\n<li>Berechnen Sie bei Bedarf den Mittelwert der sechs h\u00f6chsten Spitzenwerte f\u00fcr jede Probe in Newton.<\/li>\n<\/ul>\n<p>[\/vc_column_text][vc_single_image image=&#8221;10879&#8243; img_size=&#8221;full&#8221; alignment=&#8221;center&#8221; parallax_scroll=&#8221;no&#8221; woodmart_inline=&#8221;no&#8221;][\/vc_tta_section][\/vc_tta_tabs][\/vc_column][\/vc_row]<\/p>\n<\/section>","protected":false},"excerpt":{"rendered":"<p>EIGENSCHAFTEN VON GEWEBE GEGEN RISS. TEIL 2: BESTIMMUNG DER REISSKRAFT VON PROBEN<\/p>\n","protected":false},"featured_media":0,"comment_status":"open","ping_status":"closed","template":"","meta":{"_mi_skip_tracking":false,"_monsterinsights_sitenote_active":false,"_monsterinsights_sitenote_note":"","_monsterinsights_sitenote_category":0},"product_cat":[885],"product_tag":[],"class_list":["post-11232","product","type-product","status-publish","hentry","product_cat-normativ"],"acf":[],"_links":{"self":[{"href":"https:\/\/lenard.tech\/de\/wp-json\/wp\/v2\/product\/11232","targetHints":{"allow":["GET"]}}],"collection":[{"href":"https:\/\/lenard.tech\/de\/wp-json\/wp\/v2\/product"}],"about":[{"href":"https:\/\/lenard.tech\/de\/wp-json\/wp\/v2\/types\/product"}],"replies":[{"embeddable":true,"href":"https:\/\/lenard.tech\/de\/wp-json\/wp\/v2\/comments?post=11232"}],"wp:attachment":[{"href":"https:\/\/lenard.tech\/de\/wp-json\/wp\/v2\/media?parent=11232"}],"wp:term":[{"taxonomy":"product_cat","embeddable":true,"href":"https:\/\/lenard.tech\/de\/wp-json\/wp\/v2\/product_cat?post=11232"},{"taxonomy":"product_tag","embeddable":true,"href":"https:\/\/lenard.tech\/de\/wp-json\/wp\/v2\/product_tag?post=11232"}],"curies":[{"name":"wp","href":"https:\/\/api.w.org\/{rel}","templated":true}]}}