
{"id":11235,"date":"2023-03-31T09:03:56","date_gmt":"2023-03-31T09:03:56","guid":{"rendered":"https:\/\/lenard.tech\/producto\/une-en-iso-13934-2\/"},"modified":"2023-09-01T09:18:59","modified_gmt":"2023-09-01T09:18:59","slug":"une-en-iso-13934-22014","status":"publish","type":"product","link":"https:\/\/lenard.tech\/de\/producto\/une-en-iso-13934-22014\/","title":{"rendered":"UNE-EN ISO 13934-2:2014"},"content":{"rendered":"<section class=\"wpb-content-wrapper\"><p>[vc_row][vc_column][vc_column_text woodmart_inline=&#8221;no&#8221; text_larger=&#8221;no&#8221;]ZUGEIGENSCHAFTEN VON STOFFEN<\/p>\n<p>BESTIMMUNG DER MAXIMALKRAFT NACH DER GREIFMETHODE<\/p>\n<p>[\/vc_column_text][\/vc_column][\/vc_row][vc_row][vc_column][vc_tta_tabs][vc_tta_section title=&#8221;EINLEITUNG&#8221; tab_id=&#8221;1686216298625-da61294a-0a51&#8243;][vc_column_text woodmart_inline=&#8221;no&#8221; text_larger=&#8221;no&#8221;]Dieser Teil der EN ISO 13934 wurde im Zusammenhang mit verschiedenen Pr\u00fcfverfahren entwickelt, die im Wesentlichen Zugpr\u00fcfger\u00e4te verwenden, um bestimmte mechanische Eigenschaften von Textilien und N\u00e4hten, Rei\u00df- und Rutschfestigkeitseigenschaften der N\u00e4hte zu bestimmen.<\/p>\n<p>Dieses Pr\u00fcfverfahren wird haupts\u00e4chlich auf gewebte Stoffe angewendet. Es kann auf Stoffe aufgetragen werden, die mit anderen Techniken hergestellt wurden. Sie gilt normalerweise nicht f\u00fcr Stretchgewebe, Geotextilien, Vliesstoffe, beschichtete Gewebe, Textilglasgewebe und Kohlefasergewebe oder Garne aus Polyolefinb\u00e4ndern[\/vc_column_text][\/vc_tta_section][vc_tta_section title=&#8221;DEFINITIONEN&#8221; tab_id=&#8221;1686216298633-b70dc7bd-bb35&#8243;][vc_column_text woodmart_inline=&#8221;no&#8221; text_larger=&#8221;no&#8221;]<\/p>\n<ul>\n<li>Testger\u00e4t f\u00fcr konstante Dehnungsgeschwindigkeit (VCA).<\/li>\n<li>Grip-Test: Zugversuch, bei dem nur der mittlere Teil der Probe in die Backen der Pr\u00fcfvorrichtung eingespannt wird.<\/li>\n<li>Maximale Kraft: Die maximale Kraft, die zum Zeitpunkt des Bruchs des Pr\u00fcfst\u00fccks w\u00e4hrend eines unter den festgelegten Bedingungen (EN ISO 13934-1) durchgef\u00fchrten Zugversuchs aufgezeichnet wird.<\/li>\n<li>Pr\u00fcfl\u00e4nge: Abstand zwischen den beiden nutzbaren Klemmstellen einer Pr\u00fcfvorrichtung.<\/li>\n<li style=\"list-style-type: none;\"><\/li>\n<\/ul>\n<p>[\/vc_column_text][\/vc_tta_section][vc_tta_section title=&#8221;PROBEN&#8221; tab_id=&#8221;1686216325914-b2c40eea-56f7&#8243;][vc_column_text woodmart_inline=&#8221;no&#8221; text_larger=&#8221;no&#8221;]<\/p>\n<ul>\n<li>5 Proben werden stichprobenartig aus einer Charge oder Charge entnommen.<\/li>\n<li>Aus jedem St\u00fcck der Sammelprobe ist eine Laborprobe von mindestens 1 m L\u00e4nge und Breite (an beliebiger Stelle, aber mindestens 3 m von einem Ende des St\u00fccks entfernt) zu schneiden. Bereiche, die zerknittert sind oder sichtbare M\u00e4ngel aufweisen, sollten nicht in die Probe aufgenommen werden.<\/li>\n<li>Aus jeder Laborprobe werden zwei S\u00e4tze von Testst\u00fccken geschnitten, ein Satz in Kettrichtung und der andere in Schussrichtung (oder gegebenenfalls sowohl in Maschinenrichtung als auch quer zur Maschinenrichtung). Jedes Set muss mindestens f\u00fcnf Reagenzgl\u00e4ser enthalten.<\/li>\n<li>Kein Pr\u00fcfst\u00fcck darf weniger als 150 mm von jeder Kante des Labormusters entfernt geschnitten werden. Kein in Kettrichtung entnommenes Pr\u00fcfst\u00fcck darf dieselben L\u00e4ngsf\u00e4den enthalten und kein in Schussrichtung entnommenes Pr\u00fcfst\u00fcck darf dieselben Sch\u00fcsse enthalten.<\/li>\n<li>Die Breite jedes Pr\u00fcfst\u00fccks muss 100 mm \u00b1 2 mm betragen und seine L\u00e4nge muss ausreichend sein, um eine Pr\u00fcfl\u00e4nge von 100 mm zu erm\u00f6glichen.<\/li>\n<li>Wenn die maximale Nassfestigkeit eines Gewebes gefordert wird, m\u00fcssen zus\u00e4tzlich zur maximalen Trockenfestigkeit Pr\u00fcfst\u00fccke geeigneter Breite und mit einer L\u00e4nge, die mindestens doppelt so lang ist wie die Trockenpr\u00fcfung, geschnitten werden.<\/li>\n<\/ul>\n<p>[\/vc_column_text][\/vc_tta_section][vc_tta_section title=&#8221;HAUSHALTSGER\u00c4TE&#8221; tab_id=&#8221;1686216336545-504db01b-60a9&#8243;][vc_column_text woodmart_inline=&#8221;no&#8221; text_larger=&#8221;no&#8221;]Apparat mit konstanter Dehnungsgeschwindigkeit (VCA)<br \/>\nDie Vorrichtung muss in der Lage sein, bei einer konstanten Streckgeschwindigkeit von 50 mm\/min mit einer Genauigkeit von\uf0b110%<br \/>\nDas Ger\u00e4t muss mit einer Pr\u00fcfl\u00e4nge von 100 mm funktionieren k\u00f6nnenX1 mm oder nach Vereinbarung 75 mm x 1 mm.<br \/>\nF\u00fcr den Grifftest sollten die Abmessungen der Oberfl\u00e4che des in die Klemmbacken eingespannten Gewebes (25 mmx 1 mm) x (25 mm x 1 mm). Diese Oberfl\u00e4che kann durch die eine oder andere der unten beschriebenen und veranschaulichten Methoden a) oder b) erhalten werden:<br \/>\nEine Backe (25 mm) x (mindestens 40 mm, vorzugsweise 50 mm), die so positioniert ist, dass ihre breiteste Seite senkrecht zur Achse der Krafteinwirkung steht. Eine zweite Klemme mit den gleichen Abmessungen wird senkrecht zur ersten platziert, so dass ihre breiteste Seite parallel zur Achse der Krafteinleitung liegt.<\/p>\n<p>Eine Backe (25 mm) x (mindestens 40 mm, vorzugsweise 50 mm), die so positioniert ist, dass ihre breiteste Seite senkrecht zur Kraftangriffslinie steht; eine zweite 25 mm x 25 mm Backe.<\/p>\n<p>&nbsp;<\/p>\n<p><strong>\u00a0<\/strong>[\/vc_column_text][\/vc_tta_section][vc_tta_section title=&#8221;PROBE&#8221; tab_id=&#8221;1686216346597-9c6fbeb8-baad&#8221;][vc_column_text woodmart_inline=&#8221;no&#8221; text_larger=&#8221;no&#8221;]Die maximale Kraft ist in Newton anzugeben. Der Test wird an mindestens f\u00fcnf Proben aus jeder Richtung des Gewebes durchgef\u00fchrt.<br \/>\nAlle Pr\u00fcfergebnisse, bei denen die Probe weniger als 5 mm von der Spannlinie der Backen entfernt bricht, werden aufgezeichnet, wobei das Ergebnis als Bruch in den Backen gewertet wird. Nach f\u00fcnf Tests werden die erhaltenen Ergebnisse \u00fcberpr\u00fcft. Wenn eines der Kieferbruchergebnisse h\u00f6her ist als das niedrigste \u201enormale\u201c Bruchergebnis, kann es ber\u00fccksichtigt werden. Wenn eines der Kieferbruchergebnisse kleiner als das niedrigste \u201enormale\u201c Bruchergebnis ist, sollte es verworfen und andere Tests durchgef\u00fchrt werden, um f\u00fcnf \u201enormale\u201c Br\u00fcche zu erhalten.<\/p>\n<p>Handelt es sich bei allen Ergebnissen um Kieferbr\u00fcche oder ist es nicht m\u00f6glich, f\u00fcnf &#8220;normale&#8221; Br\u00fcche zu erhalten, sind die Einzelergebnisse ohne Variationskoeffizient bzw. Vertrauensgrenze zu notieren.<br \/>\nBei Nasspr\u00fcfungen wird die Probe eine Stunde lang in Wasser der Klasse 3 gem\u00e4\u00df ISO 3696 bei einer Temperatur von 20 \u00b0C \u00b1 2 \u00b0C getaucht.<\/p>\n<p>[\/vc_column_text][\/vc_tta_section][vc_tta_section title=&#8221;ERGEBNISSE&#8221; tab_id=&#8221;1686216356333-2e9a59b8-88e5&#8243;][vc_column_text woodmart_inline=&#8221;no&#8221; text_larger=&#8221;no&#8221;]Berechnen Sie das arithmetische Mittel der maximalen Kraft in Newton f\u00fcr jede getestete Richtung. Die Ergebnisse sind gerundet f\u00fcr Werte:<\/p>\n<p>&lt; 100 N\u00a0\u00a0\u00a0\u00a0\u00a0\u00a0\u00a0\u00a0\u00a0\u00a0\u00a0\u00a0\u00a0\u00a0\u00a0\u00a0\u00a0\u00a0\u00a0\u00a0\u00a0\u00a0\u00a0\u00a0\u00a0\u00a0\u00a0\u00a0\u00a0\u00a0\u00a0\u00a0\u00a0\u00a0 auf das n\u00e4chste 1 N;<\/p>\n<p><u>&gt;<\/u>100 N bis &lt; 1000 N\u00a0 \u00a0 \u00a0 \u00a0 \u00a0 \u00a0auf die n\u00e4chsten 10 N;<\/p>\n<p><u>&gt;<\/u>1000 N\u00a0 \u00a0 \u00a0 \u00a0 \u00a0 \u00a0 \u00a0 \u00a0 \u00a0 \u00a0 \u00a0 \u00a0 \u00a0 \u00a0 \u00a0 \u00a0 \u00a0auf die n\u00e4chsten 100 N.[\/vc_column_text][\/vc_tta_section][vc_tta_section title=&#8221;AUFSATZBERICHT&#8221; tab_id=&#8221;1686216368013-cb3ae834-efe4&#8243;][vc_column_text woodmart_inline=&#8221;no&#8221; text_larger=&#8221;no&#8221;]<\/p>\n<ol>\n<li>Der Pr\u00fcfbericht muss folgende Angaben enthalten:<\/li>\n<li>Der Verweis auf diesen Teil von ISO 13934-2 und das Datum der Pr\u00fcfung<\/li>\n<li>Identifizierung des Probenassays und des Probenahmeverfahrens, falls erforderlich<\/li>\n<li>Der Zustand der Proben (konditioniert oder nass)<\/li>\n<li>Die Anzahl der getesteten Proben, einschlie\u00dflich der Anzahl der abgelehnten Tests mit den Gr\u00fcnden f\u00fcr die Ablehnung<\/li>\n<li>Die verwendete Pr\u00fcfl\u00e4nge, wenn sie von 100 mm abweicht.<\/li>\n<li>Jegliche Abweichung vom beschriebenen operativen Vorgehen<\/li>\n<li>Das arithmetische Mittel der maximalen Kraft in Newton.<\/li>\n<li>Variationskoeffizient des Mittelwertes in Prozent.<\/li>\n<li>Falls erforderlich, die 95 %-Vertrauensgrenzen des Mittelwerts in Newton.<\/li>\n<\/ol>\n<p>[\/vc_column_text][\/vc_tta_section][\/vc_tta_tabs][\/vc_column][\/vc_row]<\/p>\n<\/section>","protected":false},"excerpt":{"rendered":"<p>ZUGEIGENSCHAFTEN VON STOFFEN<\/p>\n<p>BESTIMMUNG DER MAXIMALKRAFT NACH DER GREIFMETHODE<\/p>\n","protected":false},"featured_media":0,"comment_status":"open","ping_status":"closed","template":"","meta":{"_mi_skip_tracking":false,"_monsterinsights_sitenote_active":false,"_monsterinsights_sitenote_note":"","_monsterinsights_sitenote_category":0},"product_cat":[885],"product_tag":[],"class_list":["post-11235","product","type-product","status-publish","hentry","product_cat-normativ"],"acf":[],"_links":{"self":[{"href":"https:\/\/lenard.tech\/de\/wp-json\/wp\/v2\/product\/11235","targetHints":{"allow":["GET"]}}],"collection":[{"href":"https:\/\/lenard.tech\/de\/wp-json\/wp\/v2\/product"}],"about":[{"href":"https:\/\/lenard.tech\/de\/wp-json\/wp\/v2\/types\/product"}],"replies":[{"embeddable":true,"href":"https:\/\/lenard.tech\/de\/wp-json\/wp\/v2\/comments?post=11235"}],"wp:attachment":[{"href":"https:\/\/lenard.tech\/de\/wp-json\/wp\/v2\/media?parent=11235"}],"wp:term":[{"taxonomy":"product_cat","embeddable":true,"href":"https:\/\/lenard.tech\/de\/wp-json\/wp\/v2\/product_cat?post=11235"},{"taxonomy":"product_tag","embeddable":true,"href":"https:\/\/lenard.tech\/de\/wp-json\/wp\/v2\/product_tag?post=11235"}],"curies":[{"name":"wp","href":"https:\/\/api.w.org\/{rel}","templated":true}]}}