
{"id":11238,"date":"2023-03-31T08:59:28","date_gmt":"2023-03-31T08:59:28","guid":{"rendered":"https:\/\/lenard.tech\/producto\/une-en-iso-13934-1\/"},"modified":"2025-03-18T08:25:32","modified_gmt":"2025-03-18T08:25:32","slug":"une-en-iso-13934-12013","status":"publish","type":"product","link":"https:\/\/lenard.tech\/de\/producto\/une-en-iso-13934-12013\/","title":{"rendered":"UNE-EN ISO 13934-1:2013"},"content":{"rendered":"<section class=\"wpb-content-wrapper\"><p>[vc_row][vc_column width=&#8221;1\/2&#8243;][vc_column_text woodmart_inline=&#8221;no&#8221; text_larger=&#8221;no&#8221;]<\/p>\n<h1>TEXTILIEN. EIGENSCHAFTEN VON STOFFEN GEGEN ZUGKR\u00c4FTE.<\/h1>\n<h1>BESTIMMUNG DER H\u00d6CHSTZUGKRAFT UND DEHNUNG BEI H\u00d6CHSTKRAFT NACH DEM STREIFENVERFAHREN (ISO 13934-1:1999)<\/h1>\n<h1>&#8211; TEIL 1: BESTIMMUNG DER H\u00d6CHSTKRAFT UND DEHNUNG BEI H\u00d6CHSTKRAFT NACH DEM STREIFENVERFAHREN.<\/h1>\n<p>[\/vc_column_text][\/vc_column][vc_column width=&#8221;1\/2&#8243;][vc_video link=&#8221;https:\/\/youtu.be\/QpVjLDFRXcs&#8221; el_width=&#8221;70&#8243; woodmart_css_id=&#8221;67d92deb02ca5&#8243; image_poster_switch=&#8221;no&#8221;][\/vc_column][\/vc_row][vc_row][vc_column][vc_tta_tabs][vc_tta_section title=&#8221;EMPFOHLENE VERFAHREN ZUR PROBENENTNAHME&#8221; tab_id=&#8221;1686216047467-115fea4c-5f4f&#8221;][vc_column_text woodmart_inline=&#8221;no&#8221; text_larger=&#8221;no&#8221;]Die Proben sollten, entsprechend der in der Tabelle angegebenen St\u00fcckzahl, zuf\u00e4llig ausgew\u00e4hlt werden.[\/vc_column_text][vc_single_image image=&#8221;10852&#8243; img_size=&#8221;FULL&#8221; alignment=&#8221;center&#8221; parallax_scroll=&#8221;no&#8221; woodmart_inline=&#8221;no&#8221;][vc_column_text woodmart_inline=&#8221;no&#8221; text_larger=&#8221;no&#8221;]<\/p>\n<ul>\n<li>Wenn die maximale St\u00e4rke eines nasses Gewebes gefordert wird, m\u00fcssen Streifen der entsprechenden Breite geschnitten werden und die L\u00e4nge muss mindestens doppelt so lang sein wie die des Trockentests. Jedes Ende jedes Streifens muss nummeriert und ausgefranst sein.<\/li>\n<li>Das Reagenzglas wird f\u00fcr eine Dauer von 1 Stunde in Wasser der Klasse 3 gem\u00e4\u00df ISO 3696 bei einer Temperatur von (20\u00b12) \u00baC getaucht.<\/li>\n<\/ul>\n<p>[\/vc_column_text][\/vc_tta_section][vc_tta_section title=&#8221;TEST-BEDINGUNGEN&#8221; tab_id=&#8221;1686216087549-1867c75b-3f0e&#8221;][vc_column_text woodmart_inline=&#8221;no&#8221; text_larger=&#8221;no&#8221;]<\/p>\n<ul>\n<li>Der obere Knebel, der unter sein eigenes Gewicht frei h\u00e4ngt und danach von Hand gef\u00fchrt wird, um eine Ausrichtung senkrecht zur Kraftlinie zu gew\u00e4hrleisten, wenn der Knebel geschlossen ist.<\/li>\n<li>Die angegebene Vorspannung wird wie angegeben aufgebracht.<\/li>\n<\/ul>\n<ol>\n<li>a) F\u00fcr alle Stoffe mit elastischen Eigenschaften: 0,5 N<\/li>\n<li>b) F\u00fcr Stoffe ohne elastische Eigenschaften in Abh\u00e4ngigkeit von ihrer Masse pro \u00a0\u00a0\u00a0\u00a0Fl\u00e4cheneinheit:<\/li>\n<li>&lt; 200 g\/m2: 2N<\/li>\n<li>&gt; 200 g\/m2 bis 500 g\/m2 5N<\/li>\n<li>&gt; 500 g\/m2: 10 N<\/li>\n<\/ol>\n<ul>\n<li>5 Proben werden in jeder Richtung, Kette und Schuss, des Gewebes (vorbehandelt oder nicht, je nach Anforderung des Klassifizierungsstandards) gepr\u00fcft.<\/li>\n<li>20 x 5 cm gro\u00dfe Testst\u00fccke ohne Fransen, in jede Richtung mit der genauen Anzahl von F\u00e4den in den einmal angepassten 5 cm.<\/li>\n<li>Dynamometer mit konstanter Geschwindigkeit 100mm\/min; eine statische Klemme und die andere dynamisch, bis die Probe bricht.<\/li>\n<li>Die Gewebeprobe wird mit konstanter Geschwindigkeit gedehnt, bis sie rei\u00dft. Es werden seine maximale Kraft und seine maximale Bruchdehnung bestimmt.<\/li>\n<li>Wenn eines der Kieferbruchergebnisse h\u00f6her ist als das niedrigste \u201enormale\u201c Bruchergebnis, kann es ber\u00fccksichtigt werden. Wenn eines der Kieferbruchergebnisse kleiner als das niedrigste \u201enormale\u201c Bruchergebnis ist, sollte es verworfen und weitere Tests durchgef\u00fchrt werden, um f\u00fcnf \u201enormale\u201c Br\u00fcche zu erhalten.<\/li>\n<\/ul>\n<p>[\/vc_column_text][vc_single_image image=&#8221;10855&#8243; img_size=&#8221;full&#8221; alignment=&#8221;center&#8221; parallax_scroll=&#8221;no&#8221; woodmart_inline=&#8221;no&#8221;][\/vc_tta_section][vc_tta_section title=&#8221;TESTBERICHT&#8221; tab_id=&#8221;1686216101105-b1f62ec1-442e&#8221;][vc_column_text woodmart_inline=&#8221;no&#8221; text_larger=&#8221;no&#8221;]Der Pr\u00fcfbericht muss folgende Angaben enthalten:<\/p>\n<ol>\n<li>die Bezugnahme auf diesen Teil von EN ISO 13934 und das Datum der Pr\u00fcfung;<\/li>\n<li>Die Identifizierung der getesteten Probe und des Probeentnahmeverfahrens.<\/li>\n<li>Die L\u00e4nge der verwendeten Probe in Millimetern.<\/li>\n<li>Die verwendete Dehnungsrate in Prozent pro Minute oder die Dehnungsrate in Millimeter pro Minute.<\/li>\n<li>Die aufgebrachte Vorspannung in Newton.<\/li>\n<li>Der Zustand der Proben.<\/li>\n<li>Die Anzahl der getesteten Proben und die Anzahl der abgelehnten Tests mit den Gr\u00fcnden f\u00fcr die Ablehnung.<\/li>\n<li>Die Breite des Streifens, wenn nicht 50 mm +\/- 0,5 mm, und die Anzahl der F\u00e4den im Streifen.<\/li>\n<li>Jegliche Abweichung vom beschriebenen operativen Vorgehen.<\/li>\n<li>Das arithmetische Mittel der Maximalkraft und ggf. der Bruchkraft in Newton.<\/li>\n<li>Das arithmetische Mittel der Dehnung bei maximaler Kraft und ggf. der Bruchdehnung in Prozent<\/li>\n<li>Der Variationskoeffizient der Kraft und der entsprechenden Dehnung in Prozent.<\/li>\n<li>Die 95%-Vertrauensgrenzen der Kraft in Newton und der entsprechenden Dehnung in Prozent.<\/li>\n<\/ol>\n<p>[\/vc_column_text][\/vc_tta_section][vc_tta_section title=&#8221;BERECHNUNG UND AUSDRUCK DER ERGEBNISSE&#8221; tab_id=&#8221;1686216120628-018e19ea-0b00&#8243;][vc_column_text woodmart_inline=&#8221;no&#8221; text_larger=&#8221;no&#8221;]Berechnen Sie f\u00fcr jede getestete Richtung das arithmetische Mittel der maximalen Kraft und, falls erforderlich, das arithmetische Mittel der Bruchkraft in Newton.<\/p>\n<ul>\n<li>Runden Sie das Ergebnis f\u00fcr Werte:<\/li>\n<\/ul>\n<p>[\/vc_column_text][vc_single_image image=&#8221;10861&#8243; img_size=&#8221;full&#8221; alignment=&#8221;center&#8221; parallax_scroll=&#8221;no&#8221; woodmart_inline=&#8221;no&#8221;][vc_column_text woodmart_inline=&#8221;no&#8221; text_larger=&#8221;no&#8221;]<\/p>\n<ul>\n<li>Berechnen Sie das arithmetische Mittel der Dehnung bei maximaler Kraft und, falls erforderlich, beim Bruch f\u00fcr jede gepr\u00fcfte Richtung und runden Sie auf das n\u00e4chste Ma\u00df auf:<\/li>\n<\/ul>\n<p>[\/vc_column_text][vc_single_image image=&#8221;10864&#8243; img_size=&#8221;full&#8221; alignment=&#8221;center&#8221; parallax_scroll=&#8221;no&#8221; woodmart_inline=&#8221;no&#8221;][vc_column_text woodmart_inline=&#8221;no&#8221; text_larger=&#8221;no&#8221;]Berechnen Sie bei Bedarf den Variationskoeffizienten auf die n\u00e4chsten 0,1 %- und 95 %-Vertrauensgrenzen f\u00fcr die aufgef\u00fchrten Eigenschaften.[\/vc_column_text][\/vc_tta_section][\/vc_tta_tabs][\/vc_column][\/vc_row]<\/p>\n<\/section>","protected":false},"excerpt":{"rendered":"<p>TEXTILIEN. EIGENSCHAFTEN VON STOFFEN GEGEN ZUGKR\u00c4FTE.<\/p>\n<p>BESTIMMUNG DER H\u00d6CHSTZUGKRAFT UND DEHNUNG BEI H\u00d6CHSTKRAFT NACH DEM STREIFENVERFAHREN (ISO 13934-1:1999)<\/p>\n<p>&#8211; TEIL 1: BESTIMMUNG DER H\u00d6CHSTKRAFT UND DEHNUNG BEI H\u00d6CHSTKRAFT NACH DEM STREIFENVERFAHREN.<\/p>\n","protected":false},"featured_media":0,"comment_status":"open","ping_status":"closed","template":"","meta":{"_mi_skip_tracking":false,"_monsterinsights_sitenote_active":false,"_monsterinsights_sitenote_note":"","_monsterinsights_sitenote_category":0},"product_cat":[885],"product_tag":[],"class_list":["post-11238","product","type-product","status-publish","hentry","product_cat-normativ"],"acf":[],"_links":{"self":[{"href":"https:\/\/lenard.tech\/de\/wp-json\/wp\/v2\/product\/11238","targetHints":{"allow":["GET"]}}],"collection":[{"href":"https:\/\/lenard.tech\/de\/wp-json\/wp\/v2\/product"}],"about":[{"href":"https:\/\/lenard.tech\/de\/wp-json\/wp\/v2\/types\/product"}],"replies":[{"embeddable":true,"href":"https:\/\/lenard.tech\/de\/wp-json\/wp\/v2\/comments?post=11238"}],"wp:attachment":[{"href":"https:\/\/lenard.tech\/de\/wp-json\/wp\/v2\/media?parent=11238"}],"wp:term":[{"taxonomy":"product_cat","embeddable":true,"href":"https:\/\/lenard.tech\/de\/wp-json\/wp\/v2\/product_cat?post=11238"},{"taxonomy":"product_tag","embeddable":true,"href":"https:\/\/lenard.tech\/de\/wp-json\/wp\/v2\/product_tag?post=11238"}],"curies":[{"name":"wp","href":"https:\/\/api.w.org\/{rel}","templated":true}]}}