
{"id":11241,"date":"2023-03-31T08:56:15","date_gmt":"2023-03-31T08:56:15","guid":{"rendered":"https:\/\/lenard.tech\/producto\/une-en-iso-13034\/"},"modified":"2026-01-16T07:59:19","modified_gmt":"2026-01-16T07:59:19","slug":"une-en-130342005a12009","status":"publish","type":"product","link":"https:\/\/lenard.tech\/de\/producto\/une-en-130342005a12009\/","title":{"rendered":"UNE-EN 13034:2005+A1:2009"},"content":{"rendered":"<section class=\"wpb-content-wrapper\"><p>[vc_row][vc_column][vc_column_text woodmart_inline=&#8221;no&#8221; text_larger=&#8221;no&#8221;]<strong>SCHUTZKLEIDUNG GEGEN FL\u00dcSSIGE CHEMIKALIEN. (TYP 6 UND PB6 GER\u00c4TE). <span class=\"Y2IQFc\" lang=\"de\"><em>Gleichwertigkeit mit EN 13034:2005+A1:2009.<\/em><\/span><\/strong>[\/vc_column_text][\/vc_column][\/vc_row][vc_row][vc_column][vc_tta_tabs][vc_tta_section title=&#8221;OBJEKT&#8221; tab_id=&#8221;1686215258720-2f4ac2ff-c947&#8243;][vc_column_text woodmart_inline=&#8221;no&#8221; text_larger=&#8221;no&#8221;]Diese Norm legt die Mindestanforderungen f\u00fcr chemisch gesch\u00fctzte Kleidung mit begrenzter Anwendung und wiederverwendbare Kleidung mit eingeschr\u00e4nkter Leistung fest. Die Verwendung von chemisch gesch\u00fctzter Kleidung mit begrenzter Leistung ist f\u00fcr F\u00e4lle m\u00f6glicher Lichteinwirkung, fl\u00fcssiger Aerosole oder Spritzer mit geringem Volumen und geringem Druck vorgesehen, bei denen keine vollst\u00e4ndige Barriere gegen die Fl\u00fcssigkeitsdurchdringung erforderlich ist. Deckt chemische Schutzanz\u00fcge (Typ 6) und teilweise K\u00f6rperschutz (Typ PB[6]) ab.<\/p>\n<p>-Schutzkleidung Typ 6 und PB 6 stellt das niedrigste Chemikalienschutzniveau dar<\/p>\n<p>-Chemische Schutzanz\u00fcge (Typ 6) bedecken und sch\u00fctzen mindestens den Rumpf und die Gliedma\u00dfen. Ebenso begrenzter partieller K\u00f6rperschutz (Typ P6) deckt und sch\u00fctzt nur bestimmte K\u00f6rperteile.[\/vc_column_text][\/vc_tta_section][vc_tta_section title=&#8221;ANFORDERUNGEN&#8221; tab_id=&#8221;1686215301210-f41d456d-8785&#8243;][vc_column_text woodmart_inline=&#8221;no&#8221; text_larger=&#8221;no&#8221;]<strong>\u00a0<\/strong><\/p>\n<p>VORBEHANDLUNG wie vom Hersteller angeordnet oder, falls nicht angegeben, 5 Reinigungszyklen<\/p>\n<p>VORAUFBEREITUNG UND KONDITIONIERUNG gem\u00e4\u00df EN 14325<\/p>\n<p>-Pr\u00fcfung und Klassifizierung gem\u00e4\u00df EN 14325:2004<\/p>\n<p>-F\u00fcr alle Anforderungen muss Leistungsstufe 1 erreicht werden, mit Ausnahme von Eindringung und Fl\u00fcssigkeitsabwehr, bei der mindestens Stufe 3 in Abwehr f\u00fcr mindestens eine der Fl\u00fcssigkeiten und Stufe 2 f\u00fcr mindestens eine der Fl\u00fcssigkeiten erreicht werden muss.<\/p>\n<table style=\"height: 2140px;\" width=\"1464\">\n<tbody>\n<tr>\n<td width=\"131\"><strong>PR\u00dcFMETHODE<\/strong><\/td>\n<td width=\"103\"><strong>TEST STANDARD<\/strong><\/td>\n<td width=\"257\"><strong>BESCHREIBUNG<\/strong><\/td>\n<td colspan=\"2\" width=\"267\"><strong>ANFORDERUNGEN<\/strong><\/td>\n<\/tr>\n<tr>\n<td rowspan=\"7\" width=\"131\">ABRIEBFESTIGKEIT (Punkt 4,4 EN 14325)<\/td>\n<td rowspan=\"7\" width=\"103\">EN 530<\/p>\n<p>Methode 2<\/td>\n<td rowspan=\"7\" width=\"257\">Vorbehandelter Stoff<\/p>\n<p>9KpA<\/p>\n<p>Martindale-Team<\/p>\n<p>Reiben an Schleifpapier 00<\/td>\n<td width=\"133\">Klasse<\/td>\n<td width=\"134\">Anzahl der Zyklen<\/td>\n<\/tr>\n<tr>\n<td width=\"133\">6<\/td>\n<td width=\"134\">&gt; 2000<\/td>\n<\/tr>\n<tr>\n<td width=\"133\">5<\/td>\n<td width=\"134\">&gt; 1500<\/td>\n<\/tr>\n<tr>\n<td width=\"133\">4<\/td>\n<td width=\"134\">&gt; 1000<\/td>\n<\/tr>\n<tr>\n<td width=\"133\">3<\/td>\n<td width=\"134\">&gt; 500<\/td>\n<\/tr>\n<tr>\n<td width=\"133\">2<\/td>\n<td width=\"134\">&gt; 100<\/td>\n<\/tr>\n<tr>\n<td width=\"133\">1<\/td>\n<td width=\"134\">&gt; 10<\/td>\n<\/tr>\n<tr>\n<td rowspan=\"7\" width=\"131\">REISSFESTIGKEIT (TRAPEZF\u00d6RMIG)<\/p>\n<p>(Punkt 4.7 EN 14325)<\/td>\n<td rowspan=\"7\" width=\"103\">EN ISO 9073-4<\/td>\n<td rowspan=\"7\" width=\"257\">Vorbehandelter Stoff<\/p>\n<p>Dynamometer<\/td>\n<td width=\"133\">Klasse<\/td>\n<td width=\"134\">Widerstand<\/td>\n<\/tr>\n<tr>\n<td width=\"133\">6<\/td>\n<td width=\"134\">&gt; 150 N<\/td>\n<\/tr>\n<tr>\n<td width=\"133\">5<\/td>\n<td width=\"134\">&gt; 100 N<\/td>\n<\/tr>\n<tr>\n<td width=\"133\">4<\/td>\n<td width=\"134\">&gt; 60 N<\/td>\n<\/tr>\n<tr>\n<td width=\"133\">3<\/td>\n<td width=\"134\">&gt; 40 N<\/td>\n<\/tr>\n<tr>\n<td width=\"133\">2<\/td>\n<td width=\"134\">&gt; 20 N<\/td>\n<\/tr>\n<tr>\n<td width=\"133\">1<\/td>\n<td width=\"134\">&gt; 10 N<\/td>\n<\/tr>\n<tr>\n<td rowspan=\"7\" width=\"131\">ZUGFESTIGKEIT<\/p>\n<p>(Punkt 4.9 EN 14325)<\/td>\n<td rowspan=\"7\" width=\"103\">EN ISO 13934-1<\/td>\n<td rowspan=\"7\" width=\"257\">Vorbehandelter Stoff<\/p>\n<p>Dynamometer<\/td>\n<td width=\"133\">Klasse<\/td>\n<td width=\"134\">Widerstand<\/td>\n<\/tr>\n<tr>\n<td width=\"133\">6<\/td>\n<td width=\"134\">&gt; 1000 N<\/td>\n<\/tr>\n<tr>\n<td width=\"133\">5<\/td>\n<td width=\"134\">&gt; 500 N<\/td>\n<\/tr>\n<tr>\n<td width=\"133\">4<\/td>\n<td width=\"134\">&gt; 250 N<\/td>\n<\/tr>\n<tr>\n<td width=\"133\">3<\/td>\n<td width=\"134\">&gt; 100 N<\/td>\n<\/tr>\n<tr>\n<td width=\"133\">2<\/td>\n<td width=\"134\">&gt; 60 N<\/td>\n<\/tr>\n<tr>\n<td width=\"133\">1<\/td>\n<td width=\"134\">&gt; 30 N<\/td>\n<\/tr>\n<tr>\n<td rowspan=\"7\" width=\"131\">DURCHSTICHWIDERSTAND<\/p>\n<p>(Punkt 4.10 EN 14325)<\/td>\n<td rowspan=\"7\" width=\"103\">EN 863<\/td>\n<td rowspan=\"7\" width=\"257\">Vorbehandelter Stoff<\/p>\n<p>Dynamometer<\/td>\n<td width=\"133\">Klasse<\/td>\n<td width=\"134\">Widerstand<\/td>\n<\/tr>\n<tr>\n<td width=\"133\">6<\/td>\n<td width=\"134\">&gt; 250 N<\/td>\n<\/tr>\n<tr>\n<td width=\"133\">5<\/td>\n<td width=\"134\">&gt; 150 N<\/td>\n<\/tr>\n<tr>\n<td width=\"133\">4<\/td>\n<td width=\"134\">&gt; 100 N<\/td>\n<\/tr>\n<tr>\n<td width=\"133\">3<\/td>\n<td width=\"134\">&gt; 50 N<\/td>\n<\/tr>\n<tr>\n<td width=\"133\">2<\/td>\n<td width=\"134\">&gt; 10 N<\/td>\n<\/tr>\n<tr>\n<td width=\"133\">1<\/td>\n<td width=\"134\">&gt; 5 N<\/td>\n<\/tr>\n<tr>\n<td rowspan=\"4\" width=\"131\">FL\u00dcSSIGKEITSABWEHR UND DURCHDRINGUNG<\/p>\n<p>(Punkt 4.12 EN 14325)<\/td>\n<td rowspan=\"4\" width=\"103\">EN 6530<\/td>\n<td rowspan=\"4\" width=\"257\">Vorbehandelter Stoff. Kette und Schuss Tests von Fl\u00fcssigkeiten bei 20 \u00b1 2 \u00b0C<\/p>\n<p>30 % Schwefels\u00e4ure<\/p>\n<p>10 % Natriumhydroxid<\/p>\n<p>O-Xylol<\/p>\n<p>1-Butanol<\/td>\n<td width=\"133\">Abwehrindex<\/td>\n<td width=\"134\">Durchdringungsrate<\/td>\n<\/tr>\n<tr>\n<td width=\"133\">Klasse 3 &gt; 95 %<\/td>\n<td width=\"134\">Klasse 3 &lt; 1 %<\/td>\n<\/tr>\n<tr>\n<td width=\"133\">Klasse 2 &gt; 90 %<\/td>\n<td width=\"134\">Klasse 2 &lt; 5 %<\/td>\n<\/tr>\n<tr>\n<td width=\"133\">Klasse 1 &gt; 80 %<\/td>\n<td width=\"134\">Klasse 1 &lt; 10 %<\/td>\n<\/tr>\n<\/tbody>\n<\/table>\n<p>[\/vc_column_text][\/vc_tta_section][vc_tta_section title=&#8221;GEW\u00c4NDER&#8221; tab_id=&#8221;1686215321516-ef57dc09-001c&#8221;][vc_column_text woodmart_inline=&#8221;no&#8221; text_larger=&#8221;no&#8221;]<strong>FUGEN, VERBINDUNGEN UND BAUGRUPPEN<\/strong><\/p>\n<p>-Die Naht muss verhindern, dass Fl\u00fcssigkeit durch die Stiche oder andere Teile einer Naht eindringt, und darf das Abrutschen der Fl\u00fcssigkeit nicht verhindern.<\/p>\n<p>-Typ-6-Anz\u00fcge sollten ebenfalls anhand des Spr\u00fchtests des vollst\u00e4ndigen Anzugs ber\u00fccksichtigt werden.<\/p>\n<p>-Nahtfestigkeit: Nach EN ISO 13935-2 muss eine Nahtfestigkeit der Klasse 1 erreicht werden.<\/p>\n<p>&nbsp;<\/p>\n<p><strong>MERKMALE EINES KOMPLETTEN ANZUGS<\/strong><\/p>\n<p>-Sie m\u00fcssen die Anforderungen der EN 13688-Norm erf\u00fcllen<\/p>\n<p>-F\u00fcr Typ-6-Kleidungsst\u00fccke m\u00fcssen sie die Anforderungen der &#8220;7 Bewegungen&#8221; erf\u00fcllen:<\/p>\n<p>-Knien<\/p>\n<p>-Kletter die vertikale Leiter hinauf<\/p>\n<p>-H\u00e4nde auf Brusth\u00f6he<\/p>\n<p>-Kniend auf deinem rechten Knie<\/p>\n<p>-Arme ganz ausstrecken<\/p>\n<p>-Mit gespreizten F\u00fc\u00dfen stehen<\/p>\n<p>-Knien wie Bewegung 4<\/p>\n<p>-F\u00fcr Kleidungsst\u00fccke vom Typ PB 6 sollten sie nicht mit dem Lichtspr\u00fchtest getestet werden.<\/p>\n<p>-Die Spr\u00fchtestmethode basierend auf EN ISO 17491-4 muss an einigen im Standard beschriebenen Punkten modifiziert werden[\/vc_column_text][\/vc_tta_section][vc_tta_section title=&#8221;MARKIEREN UND ETIKETTIEREN&#8221; tab_id=&#8221;1686215342647-42faa481-a797&#8243;][vc_column_text woodmart_inline=&#8221;no&#8221; text_larger=&#8221;no&#8221;]- Typ 6 f\u00fcr chemische Schutzanz\u00fcge und Typ PB 6 f\u00fcr Teilschutz<\/p>\n<p>-Anforderungen gem\u00e4\u00df EN 13688-Wiederverwendbare PSA muss gem\u00e4\u00df EN 23758 mit Konservierungspiktogrammen gekennzeichnet sein.<\/p>\n<p>-F\u00fcr Einweg<\/p>\n<p>-PSA mit der Warnung &#8220;Nicht wiederverwenden&#8221; markieren.[\/vc_column_text][vc_single_image image=&#8221;10849&#8243; img_size=&#8221;full&#8221; alignment=&#8221;center&#8221; parallax_scroll=&#8221;no&#8221; woodmart_inline=&#8221;no&#8221;][\/vc_tta_section][\/vc_tta_tabs][\/vc_column][\/vc_row]<\/p>\n<\/section>","protected":false},"excerpt":{"rendered":"<p><strong>SCHUTZKLEIDUNG GEGEN FL\u00dcSSIGE CHEMIKALIEN. (TYP 6 UND PB6 GER\u00c4TE). <span class=\"Y2IQFc\" lang=\"de\" style=\"color: #ffff99;\"><em>Gleichwertigkeit mit EN 13034:2005+A1:2009.<\/em><\/span><\/strong><\/p>\n","protected":false},"featured_media":0,"comment_status":"open","ping_status":"closed","template":"","meta":{"_mi_skip_tracking":false,"_monsterinsights_sitenote_active":false,"_monsterinsights_sitenote_note":"","_monsterinsights_sitenote_category":0},"product_cat":[885],"product_tag":[1617,1510,1917,1511,3722,2865,2323,1542],"class_list":["post-11241","product","type-product","status-publish","hentry","product_cat-normativ","product_tag-antiacido-de","product_tag-clase-1-de","product_tag-clase-2-de","product_tag-clase-4-de","product_tag-lenard-de","product_tag-organico-de","product_tag-abrasion-de","product_tag-xispal-de"],"acf":[],"_links":{"self":[{"href":"https:\/\/lenard.tech\/de\/wp-json\/wp\/v2\/product\/11241","targetHints":{"allow":["GET"]}}],"collection":[{"href":"https:\/\/lenard.tech\/de\/wp-json\/wp\/v2\/product"}],"about":[{"href":"https:\/\/lenard.tech\/de\/wp-json\/wp\/v2\/types\/product"}],"replies":[{"embeddable":true,"href":"https:\/\/lenard.tech\/de\/wp-json\/wp\/v2\/comments?post=11241"}],"wp:attachment":[{"href":"https:\/\/lenard.tech\/de\/wp-json\/wp\/v2\/media?parent=11241"}],"wp:term":[{"taxonomy":"product_cat","embeddable":true,"href":"https:\/\/lenard.tech\/de\/wp-json\/wp\/v2\/product_cat?post=11241"},{"taxonomy":"product_tag","embeddable":true,"href":"https:\/\/lenard.tech\/de\/wp-json\/wp\/v2\/product_tag?post=11241"}],"curies":[{"name":"wp","href":"https:\/\/api.w.org\/{rel}","templated":true}]}}