
{"id":11244,"date":"2023-03-31T08:53:39","date_gmt":"2023-03-31T08:53:39","guid":{"rendered":"https:\/\/lenard.tech\/producto\/une-en-iso-12947-1\/"},"modified":"2023-09-01T09:16:14","modified_gmt":"2023-09-01T09:16:14","slug":"une-en-iso-12947-11998","status":"publish","type":"product","link":"https:\/\/lenard.tech\/de\/producto\/une-en-iso-12947-11998\/","title":{"rendered":"UNE-EN ISO 12947-1:1998"},"content":{"rendered":"<section class=\"wpb-content-wrapper\"><p>[vc_row][vc_column][vc_column_text woodmart_inline=&#8221;no&#8221; text_larger=&#8221;no&#8221;]BESTIMMUNG DER ABRIEBFESTIGKEIT VON STOFFEN NACH DER MARTINDALE-METHODE[\/vc_column_text][\/vc_column][\/vc_row][vc_row][vc_column][vc_tta_tabs][vc_tta_section title=&#8221;OBJEKT UND ANWENDUNGSBEREICH&#8221; tab_id=&#8221;1686214240101-556b0dc0-8de6&#8243;][vc_column_text woodmart_inline=&#8221;no&#8221; text_larger=&#8221;no&#8221;]Dieser Teil von ISO 12947 legt die Anforderungen an Martindale-Abriebger\u00e4te und Hilfsmaterialien fest, die in den Teilen 2 bis 4 der ISO 12947 festgelegten Pr\u00fcfverfahren zur Bestimmung der Abriebfestigkeit von Stoffen zu verwenden sind.<\/p>\n<p>Dieser Teil von ISO 12947 gilt f\u00fcr Ger\u00e4te zur Pr\u00fcfung der folgenden Stoffe:<\/p>\n<ol>\n<li>a) durchbrochene und gestrickte Stoffe;<\/li>\n<li>b) Polgewebe, bei denen die Polh\u00f6he kleiner oder gleich 2 mm ist;<\/li>\n<li>c) Nicht Stoffe<\/li>\n<\/ol>\n<p>[\/vc_column_text][\/vc_tta_section][vc_tta_section title=&#8221;DEFINITIONEN&#8221; tab_id=&#8221;1686214240109-a3557955-3694&#8243;][vc_column_text woodmart_inline=&#8221;no&#8221; text_larger=&#8221;no&#8221;]F\u00fcr diesen Teil der Norm ISO 12947 gelten folgende Definitionen:<\/p>\n<p>1 Abrasives Reiben: Vollst\u00e4ndige Umdrehung der beiden \u00e4u\u00dferen \u00dcbertragungselemente des Martindale-Abriebtesters.<\/p>\n<p>2 Abriebzyklus: Die Ausf\u00fchrung aller translatorischen Schleifbewegungen, die eine Lissajous-Kurve bilden. Dieser Zyklus umfasst 16 Reibungen, d. h. 16 Zyklen der beiden \u00e4u\u00dferen Antriebselemente und 15 Zyklen des inneren Antriebselements des Martindale-Abriebpr\u00fcfger\u00e4ts.<\/p>\n<p>3 Kontrollintervall: Anzahl der kontinuierlich durchgef\u00fchrten Reibvorg\u00e4nge.<\/p>\n<p>4 Lissajous-Kurve: Eine Kurve, die durch eine Bewegung erzeugt wird, die mit der Bildung eines Kreises beginnt und allm\u00e4hlich zu Ellipsen wird, welche sich verengen, um eine gerade Linie zu zeichnen, von der aus die Ellipsen in der entgegengesetzten Richtung diagonal immer breiter werden, bevor die Zeichnung erneut wiederholt wird.<\/p>\n<p>5 Arbeitsplatz: Abriebplatte[\/vc_column_text][\/vc_tta_section][vc_tta_section title=&#8221;PRINZIP DER METHODE&#8221; tab_id=&#8221;1686214270856-e449c106-c4de&#8221;][vc_column_text woodmart_inline=&#8221;no&#8221; text_larger=&#8221;no&#8221;]Ein kreisf\u00f6rmiger Probek\u00f6rper wird mit Hilfe des Matindale-Abriebtestger\u00e4ts einer definierten Belastung und einer Reibung mit einem Element gem\u00e4\u00df einer Translationsbewegung ausgesetzt, die eine Lissajous-Kurve bildet.<\/p>\n<p>Gleichzeitig dreht sich der Probenhalter, der je nach Verfahren entweder mit der Probe oder mit dem Schleifelement best\u00fcckt ist, senkrecht zur horizontalen Ebene frei um seine eigene Achse.<\/p>\n<p>Die Probe wird w\u00e4hrend einer zuvor festgelegten Anzahl von Reibvorg\u00e4ngen abrasivem Verschlei\u00df ausgesetzt.[\/vc_column_text][\/vc_tta_section][vc_tta_section title=&#8221;AUSR\u00dcSTUNG&#8221; tab_id=&#8221;1686237129544-82a203f0-2905&#8243;][vc_column_text woodmart_inline=&#8221;no&#8221; text_larger=&#8221;no&#8221;]Die Pr\u00fcfvorrichtung besteht aus einer Tr\u00e4gerplatte, die die Schleifplatten und den \u00dcbertragungsmechanismus tr\u00e4gt,<\/p>\n<ol>\n<li>\u00dcbertragungsger\u00e4t und Zubeh\u00f6r f\u00fcr Tr\u00e4gerplatten<\/li>\n<li>\u00dcbertragungsger\u00e4t<\/li>\n<li>Z\u00e4hler<\/li>\n<li>Abriebplatte<\/li>\n<li>Probenhalter der F\u00fchrungsplatte<\/li>\n<li>Probenhalter<\/li>\n<li>Ladeelemente<\/li>\n<\/ol>\n<p>[\/vc_column_text][vc_single_image image=&#8221;8249&#8243; img_size=&#8221;FULL&#8221; alignment=&#8221;center&#8221; onclick=&#8221;link_image&#8221; parallax_scroll=&#8221;no&#8221; woodmart_inline=&#8221;no&#8221;][\/vc_tta_section][vc_tta_section title=&#8221;HILFSMATERIALIEN&#8221; tab_id=&#8221;1686237321304-442d72ce-c2f9&#8243;][vc_column_text woodmart_inline=&#8221;no&#8221; text_larger=&#8221;no&#8221;]<\/p>\n<ol>\n<li>Schleifmittel: Leinwandgewebe aus Wolle, gegen das die Probe geschliffen wird (nach Tabelle 1).<\/li>\n<li>Filz: Untere Scheiben aus gewebtem Wollfilz (nach Tabelle 2).<\/li>\n<li>Schaumstoff: Untere Auflage f\u00fcr die Probe oder f\u00fcr das Schleifmittel, das auf dem Probenhalter montiert ist (nach Tabelle 3).<\/li>\n<\/ol>\n<p>[\/vc_column_text][vc_single_image image=&#8221;12257&#8243; img_size=&#8221;FULL&#8221; alignment=&#8221;center&#8221; parallax_scroll=&#8221;no&#8221; woodmart_inline=&#8221;no&#8221;][\/vc_tta_section][\/vc_tta_tabs][\/vc_column][\/vc_row]<\/p>\n<\/section>","protected":false},"excerpt":{"rendered":"<p>BESTIMMUNG DER ABRIEBFESTIGKEIT VON STOFFEN NACH DER MARTINDALE-METHODE<\/p>\n","protected":false},"featured_media":0,"comment_status":"open","ping_status":"closed","template":"","meta":{"_mi_skip_tracking":false,"_monsterinsights_sitenote_active":false,"_monsterinsights_sitenote_note":"","_monsterinsights_sitenote_category":0},"product_cat":[885],"product_tag":[],"class_list":["post-11244","product","type-product","status-publish","hentry","product_cat-normativ"],"acf":[],"_links":{"self":[{"href":"https:\/\/lenard.tech\/de\/wp-json\/wp\/v2\/product\/11244","targetHints":{"allow":["GET"]}}],"collection":[{"href":"https:\/\/lenard.tech\/de\/wp-json\/wp\/v2\/product"}],"about":[{"href":"https:\/\/lenard.tech\/de\/wp-json\/wp\/v2\/types\/product"}],"replies":[{"embeddable":true,"href":"https:\/\/lenard.tech\/de\/wp-json\/wp\/v2\/comments?post=11244"}],"wp:attachment":[{"href":"https:\/\/lenard.tech\/de\/wp-json\/wp\/v2\/media?parent=11244"}],"wp:term":[{"taxonomy":"product_cat","embeddable":true,"href":"https:\/\/lenard.tech\/de\/wp-json\/wp\/v2\/product_cat?post=11244"},{"taxonomy":"product_tag","embeddable":true,"href":"https:\/\/lenard.tech\/de\/wp-json\/wp\/v2\/product_tag?post=11244"}],"curies":[{"name":"wp","href":"https:\/\/api.w.org\/{rel}","templated":true}]}}