
{"id":11250,"date":"2023-03-31T08:40:06","date_gmt":"2023-03-31T08:40:06","guid":{"rendered":"https:\/\/lenard.tech\/producto\/une-en-iso-12127-1\/"},"modified":"2023-09-06T11:50:44","modified_gmt":"2023-09-06T11:50:44","slug":"une-en-iso-12127-12015","status":"publish","type":"product","link":"https:\/\/lenard.tech\/de\/producto\/une-en-iso-12127-12015\/","title":{"rendered":"UNE-EN ISO 12127-1:2015"},"content":{"rendered":"<section class=\"wpb-content-wrapper\"><p>[vc_row][vc_column][vc_column_text woodmart_inline=&#8221;no&#8221; text_larger=&#8221;no&#8221;]BESTIMMUNG DER W\u00c4RME\u00dcBERTRAGUNG DURCH KONTAKT DURCH SCHUTZKLEIDUNG ODER IHRE MATERIALIEN. TEIL 1: KONTAKT-W\u00c4RME\u00dcBERTRAGUNG, DIE DURCH EINEN HEI\u00dfEN ZYLINDER ERZEUGT WIRD[\/vc_column_text][\/vc_column][\/vc_row][vc_row][vc_column][vc_tta_tabs][vc_tta_section title=&#8221;EINLEITUNG&#8221; tab_id=&#8221;1686213627273-1329baa2-b92f&#8221;][vc_column_text woodmart_inline=&#8221;no&#8221; text_larger=&#8221;no&#8221;]Schutzkleidung zum Schutz vor Hitze und Flammen kann mit hei\u00dfen Oberfl\u00e4chen und Stoffen in Kontakt kommen.<\/p>\n<p>Erm\u00f6glicht die Bewertung der \u00fcbertragenen W\u00e4rme, wenn ein hei\u00dfer Zylinder von Kleidungsst\u00fccken in Kontakt kommt.<\/p>\n<p>Das in diesem Teil von ISO 12127 beschriebene Pr\u00fcfverfahren erm\u00f6glicht die Bewertung dieser W\u00e4rme\u00fcbertragung, wenn ein hei\u00dfer Stahlzylinder, der ein kleines hei\u00dfes Teilchen simuliert, mit dem Material in Kontakt kommt. Dar\u00fcber hinaus erlaubt dieses Verfahren, die Karbonisierung und die Bildung von L\u00f6chern im Material zu bewerten.[\/vc_column_text][\/vc_tta_section][vc_tta_section title=&#8221;GEGENSTAND UND ANWENDUNGSBEREICH&#8221; tab_id=&#8221;1686213627284-1561838e-b9cf&#8221;][vc_column_text woodmart_inline=&#8221;no&#8221; text_larger=&#8221;no&#8221;]Dieser Teil von ISO 12127 beschreibt das Pr\u00fcfverfahren, das es erm\u00f6glicht, die W\u00e4rme\u00fcbertragung und das Verhalten der in der Schutzkleidung verwendeten Materialien zu bewerten. Die Anwendung dieses Teils der Norm ist auf Kontakttemperaturen zwischen 100 \u00b0C und 500 \u00b0C beschr\u00e4nkt.[\/vc_column_text][\/vc_tta_section][vc_tta_section title=&#8221;ANFANG&#8221; tab_id=&#8221;1686213665256-e2a05942-3d96&#8243;][vc_column_text woodmart_inline=&#8221;no&#8221; text_larger=&#8221;no&#8221;]Der Zylinder wird auf die Kontakttemperatur erhitzt, die auf diesem Wert gehalten wird, und die Probe wird auf das Kalorimeter gelegt oder die Probe wird auf die Position des Zylinders angehoben. Der Betrieb wird mit konstanter Geschwindigkeit durchgef\u00fchrt. Die Schwellenzeit wird durch \u00dcberwachen der Temperatur des Kalorimeters bestimmt.[\/vc_column_text][vc_single_image image=&#8221;14043&#8243; img_size=&#8221;full&#8221; alignment=&#8221;center&#8221; parallax_scroll=&#8221;no&#8221; woodmart_inline=&#8221;no&#8221;][\/vc_tta_section][vc_tta_section title=&#8221;TESTPROBEN&#8221; tab_id=&#8221;1686213675508-08813c63-bf43&#8243;][vc_column_text woodmart_inline=&#8221;no&#8221; text_larger=&#8221;no&#8221;]<\/p>\n<ul>\n<li>Entnehmen Sie f\u00fcr jede Kontakttemperatur drei kreisf\u00f6rmige Proben mit einem Durchmesser von 80 mm des Produkts oder des Materials, aus dem das Produkt hergestellt wird.<\/li>\n<li>Konditionierung f\u00fcr 24 Stunden bei (20\u00b12) \u00baC und einer relativen Luftfeuchtigkeit von (65\u00b1) %.<\/li>\n<\/ul>\n<p>[\/vc_column_text][\/vc_tta_section][vc_tta_section title=&#8221;PROZESS&#8221; tab_id=&#8221;1686213697443-d377455a-afd3&#8243;][vc_column_text woodmart_inline=&#8221;no&#8221; text_larger=&#8221;no&#8221;]Legen Sie die Testprobe mit der Au\u00dfenseite nach oben auf das Kalorimeter. Entfernen Sie dann das Schutzgitter zwischen dem hei\u00dfen Zylinder und dem Kalorimeter und bewegen Sie den hei\u00dfen Zylinder mit einer Geschwindigkeit von (5 \u00b1 0,2) mm\/s auf das Kalorimeter zu. Messen und notieren Sie die Temperatur des Kalorimeters w\u00e4hrend des Tests. F\u00fchren Sie f\u00fcr jede Temperatur mindestens drei Messungen durch.[\/vc_column_text][\/vc_tta_section][vc_tta_section title=&#8221;ERGEBNISSE&#8221; tab_id=&#8221;1686213706163-dc8be851-4725&#8243;][vc_column_text woodmart_inline=&#8221;no&#8221; text_larger=&#8221;no&#8221;]Diese Pr\u00fcfnorm enth\u00e4lt keine Anforderungen, die jedoch gem\u00e4\u00df den Anforderungen nach EN ISO 11612:2015 ber\u00fccksichtigt werden k\u00f6nnen.<\/p>\n<p>Wir m\u00fcssen die Schwellenzeit tt auf 0,1 s genau bestimmen<\/p>\n<p>COMPLIANCE-NIVEAU-SCHWELLENZEIT (s)<\/p>\n<p>F1 Minimum Maximum<\/p>\n<p>5,00 &lt; 10,0<\/p>\n<p>F2 Minimum Maximum<\/p>\n<p>10,0 &lt; 15,0<\/p>\n<p>F3 15.0[\/vc_column_text][\/vc_tta_section][\/vc_tta_tabs][\/vc_column][\/vc_row][vc_row][vc_column][\/vc_column][\/vc_row]<\/p>\n<\/section>","protected":false},"excerpt":{"rendered":"<p>BESTIMMUNG DER W\u00c4RME\u00dcBERTRAGUNG DURCH KONTAKT DURCH SCHUTZKLEIDUNG ODER IHRE MATERIALIEN. TEIL 1: KONTAKT-W\u00c4RME\u00dcBERTRAGUNG, DIE DURCH EINEN HEI\u00dfEN ZYLINDER ERZEUGT WIRD<\/p>\n","protected":false},"featured_media":0,"comment_status":"open","ping_status":"closed","template":"","meta":{"_mi_skip_tracking":false,"_monsterinsights_sitenote_active":false,"_monsterinsights_sitenote_note":"","_monsterinsights_sitenote_category":0},"product_cat":[885],"product_tag":[],"class_list":["post-11250","product","type-product","status-publish","hentry","product_cat-normativ"],"acf":[],"_links":{"self":[{"href":"https:\/\/lenard.tech\/de\/wp-json\/wp\/v2\/product\/11250","targetHints":{"allow":["GET"]}}],"collection":[{"href":"https:\/\/lenard.tech\/de\/wp-json\/wp\/v2\/product"}],"about":[{"href":"https:\/\/lenard.tech\/de\/wp-json\/wp\/v2\/types\/product"}],"replies":[{"embeddable":true,"href":"https:\/\/lenard.tech\/de\/wp-json\/wp\/v2\/comments?post=11250"}],"wp:attachment":[{"href":"https:\/\/lenard.tech\/de\/wp-json\/wp\/v2\/media?parent=11250"}],"wp:term":[{"taxonomy":"product_cat","embeddable":true,"href":"https:\/\/lenard.tech\/de\/wp-json\/wp\/v2\/product_cat?post=11250"},{"taxonomy":"product_tag","embeddable":true,"href":"https:\/\/lenard.tech\/de\/wp-json\/wp\/v2\/product_tag?post=11250"}],"curies":[{"name":"wp","href":"https:\/\/api.w.org\/{rel}","templated":true}]}}