
{"id":11253,"date":"2023-03-31T08:38:25","date_gmt":"2023-03-31T08:38:25","guid":{"rendered":"https:\/\/lenard.tech\/producto\/une-en-iso-11612\/"},"modified":"2026-02-19T14:32:33","modified_gmt":"2026-02-19T14:32:33","slug":"une-en-iso-116122018","status":"publish","type":"product","link":"https:\/\/lenard.tech\/de\/producto\/une-en-iso-116122018\/","title":{"rendered":"UNE-EN ISO 11612:2018"},"content":{"rendered":"<section class=\"wpb-content-wrapper\"><p>[vc_row][vc_column][vc_column_text woodmart_inline=&#8221;no&#8221; text_larger=&#8221;no&#8221;]<strong>SCHUTZKLEIDUNG GEGEN HITZE UND FLAMMEN. MINIMALE LEISTUNGSANFORDERUNGEN. <\/strong><em><span class=\"Y2IQFc\" lang=\"de\">Gleichwertigkeit mit EN ISO 11611:2015 &amp; ISO 11611:2015.<\/span><\/em>[\/vc_column_text][\/vc_column][\/vc_row][vc_row][vc_column][vc_tta_tabs][vc_tta_section title=&#8221;OBJEKT&#8221; tab_id=&#8221;1686213424269-d2456468-bc64&#8243;][vc_column_text woodmart_inline=&#8221;no&#8221; text_larger=&#8221;no&#8221;]Diese internationale Norm legt die Leistung von Kleidungsst\u00fccken aus flexiblen Materialien fest, die den K\u00f6rper des Tr\u00e4gers sch\u00fctzen sollen. Seine Eigenschaften sind auf Kleidungsst\u00fccke anwendbar, die in einer Vielzahl von Situationen verwendet werden k\u00f6nnen, in denen die Verwendung von Kleidung mit eingeschr\u00e4nkten Flammenausbreitungseigenschaften erforderlich ist und in denen der Tr\u00e4ger Strahlungs-, Konvektions- oder Kontakthitze und Metallspritzern ausgesetzt sein kann. Zum Schutz von Kopf und Fu\u00df enth\u00e4lt es Gamaschen, Kapuzen und Stiefel\u00fcberzieher und keine Socken und Stiefel.[\/vc_column_text][\/vc_tta_section][vc_tta_section title=&#8221;ANFORDERUNGEN&#8221; tab_id=&#8221;1686213424279-8b021d14-8ec6&#8243;][vc_column_text woodmart_inline=&#8221;no&#8221; text_larger=&#8221;no&#8221;]Schutzkleidung muss den Anforderungen in der folgenden Tabelle entsprechen und mindestens einem der Codes B, C, D oder F entsprechen.<\/p>\n<p>Kleidungsst\u00fccke, die Schutz vor geschmolzenen Metallspritzern bieten, m\u00fcssen den Codes D und E sowie dem in der Norm festgelegten Bekleidungsdesign entsprechen.<\/p>\n<p><strong>VORBEHANDLUNG: <\/strong>mindestens 5 Zyklen und\/oder gem\u00e4\u00df den Anweisungen des Herstellers<\/p>\n<p><strong>KONDITIONIERUNG:<\/strong> 24 Stunden BEI 20 \u00b1 2 \u00baC und 65 \u00b1 5 % RH. Probe innerhalb von 5 Minuten nach der Konditionierung<\/p>\n<table style=\"height: 2496px;\" width=\"1428\">\n<tbody>\n<tr>\n<td width=\"245\"><strong>PR\u00dcFMETHODE<\/strong><\/td>\n<td width=\"94\"><strong>PR\u00dcFNORM<\/strong><\/td>\n<td width=\"189\"><strong>BESCHREIBUNG<\/strong><\/td>\n<td width=\"210\"><strong>ANFORDERUNGEN<\/strong><\/td>\n<\/tr>\n<tr>\n<td width=\"245\">DIMENSIONSSTABILIT\u00c4T<\/td>\n<td width=\"94\">ISO 5077<\/td>\n<td width=\"189\">% Schrumpfung nach Waschg\u00e4ngen gem\u00e4\u00df den Anweisungen des Stoffherstellers. Standardm\u00e4\u00dfig mindestens 5 Zyklen.<\/td>\n<td width=\"210\">Durchbrochenes Gewebe Max. \u00b1 3% Kette\/Schuss Gestrick Max. \u00b1 5% L\u00e4nge\/Breite<\/td>\n<\/tr>\n<tr>\n<td width=\"245\">W\u00c4RMEBEST\u00c4NDIGKEIT<\/td>\n<td width=\"94\">ISO 17493<\/td>\n<td width=\"189\">Vorbehandeltes Gewebe 5 Minuten lang 180 \u00b1 5 \u00b0C ausgesetzt (260 \u00baC optional).<\/td>\n<td width=\"210\">Schrumpfung \u2264 5 % L\u00e4nge\/Breite bei 180 \u00b0C und \u2264 10 % bei 260 \u00b0C.\u00a0\u00a0 Keine Schicht kann sich entz\u00fcnden oder schmelzen.<\/td>\n<\/tr>\n<tr>\n<td rowspan=\"3\" width=\"245\">A1 A2 BEGRENZTE FLAMMENAUSBREITUNG<\/td>\n<td rowspan=\"3\" width=\"94\">ISO 15025<\/td>\n<td width=\"189\">Urspr\u00fcngliches Gewebe: Anwendung der Flamme senkrecht zum Gewebe (Verfahren A oder A1); Anlegen der Flamme an den Rand des Gewebes (Verfahren B oder A2 optional).<\/td>\n<td rowspan=\"2\" width=\"210\">Anwendung Flamme 10&#8221; Es d\u00fcrfen sich keine Proben nach oben oder zu den R\u00e4ndern entz\u00fcnden, keine Bildung von L\u00f6chern &gt; 5 mm, geschwollene Ablagerungen nicht abl\u00f6sen, Nachz\u00fcndung t \u2264 2&#8221;, Nachgl\u00fchen innerhalb des verkohlten Bereichs w\u00e4hrend der Pr\u00fcfung erlaubt.<\/td>\n<\/tr>\n<tr>\n<td width=\"189\">Vorbehandeltes Gewebe: Anwendung der Flamme senkrecht zum Gewebe (Verfahren A oder A1); Anlegen der Flamme an den Rand des Gewebes (Verfahren B oder A2 optional).<\/td>\n<\/tr>\n<tr>\n<td width=\"189\">Vorrichtungen, N\u00e4hte, Etiketten usw. m\u00fcssen die Anforderungen an die Entflammbarkeit erf\u00fcllen.<\/td>\n<td width=\"210\"><\/td>\n<\/tr>\n<tr>\n<td rowspan=\"2\" width=\"245\">ZUGFESTIGKEIT<\/td>\n<td width=\"94\">ISO 13934-1<\/td>\n<td width=\"189\">Vorbehandeltes Gewebe.<\/td>\n<td width=\"210\">\u2265 300 N Kette\/Schuss<\/td>\n<\/tr>\n<tr>\n<td width=\"94\">ISO 13935-2<\/td>\n<td width=\"189\">N\u00e4hte<\/td>\n<td width=\"210\">\u2265 225 N<\/td>\n<\/tr>\n<tr>\n<td width=\"245\">ZERREI\u00dfFESTIGKEIT<\/td>\n<td width=\"94\">ISO 13937-2<\/td>\n<td width=\"189\">Vorbehandeltes Gewebe.<\/td>\n<td width=\"210\">\u2265 10 N Kette\/Schuss<\/td>\n<\/tr>\n<tr>\n<td width=\"245\">BERSTFESTIGKEIT F\u00dcR GESTRICKE UND N\u00c4HTE<\/td>\n<td width=\"94\">ISO 13938-1<\/p>\n<p>ISO 13938-2<\/td>\n<td width=\"189\">Fl\u00e4che: 7,3 cm2;<br \/>\nFl\u00e4che: 50 cm2.<\/td>\n<td width=\"210\">\u2265 200 kPa;<br \/>\n\u2265 100 kPa<\/td>\n<\/tr>\n<tr>\n<td rowspan=\"4\" width=\"245\">KONVEKTIVE W\u00c4RME B<\/td>\n<td rowspan=\"4\" width=\"94\">ISO 9151<\/td>\n<td rowspan=\"4\" width=\"189\">Vorbehandeltes Gewebe.<\/td>\n<td width=\"210\">HTI-WERTEBEREICH 24 (s)<\/td>\n<\/tr>\n<tr>\n<td width=\"210\">B1 4.0 &lt; 10.0<\/td>\n<\/tr>\n<tr>\n<td width=\"210\">B2 10,0 &lt; 20,0<\/td>\n<\/tr>\n<tr>\n<td width=\"210\">B3 \u2265 20.0<\/td>\n<\/tr>\n<tr>\n<td rowspan=\"5\" width=\"245\">\u00a0STRAHLUNGSW\u00c4RME C<\/td>\n<td rowspan=\"5\" width=\"94\">ISO 6942<\/p>\n<p>Methode B<\/td>\n<td rowspan=\"5\" width=\"189\">Vorbehandeltes Gewebe.\u00a0\u00a0\u00a0\u00a0\u00a0\u00a0\u00a0\u00a0\u00a0\u00a0\u00a0\u00a0\u00a0\u00a0\u00a0\u00a0\u00a0\u00a0\u00a0\u00a0\u00a0\u00a0\u00a0\u00a0\u00a0\u00a0\u00a0\u00a0\u00a0\u00a0\u00a0\u00a0\u00a0\u00a0\u00a0\u00a0\u00a0\u00a0\u00a0\u00a0\u00a0\u00a0\u00a0\u00a0\u00a0\u00a0\u00a0\u00a0\u00a0 W\u00e4rmestrom 20 kW\/m2<\/td>\n<td width=\"210\">HTI-WERTEBEREICH 24 (s)<\/td>\n<\/tr>\n<tr>\n<td width=\"210\">C1 7.0 &lt; 20.0<\/td>\n<\/tr>\n<tr>\n<td width=\"210\">C2 20,0 &lt; 50,0<\/td>\n<\/tr>\n<tr>\n<td width=\"210\">C3 50,0 &lt; 95,0<\/td>\n<\/tr>\n<tr>\n<td width=\"210\">C4 \u2265 95.0<\/td>\n<\/tr>\n<tr>\n<td rowspan=\"9\" width=\"245\">SPRITZER AUS GESCHMOLZENEM METALL D &amp; E<\/td>\n<td rowspan=\"9\" width=\"94\">ISO 9185<\/td>\n<td rowspan=\"9\" width=\"189\">Vorbehandeltes Gewebe.<\/td>\n<td width=\"210\">Das Gewebe sollte sich nicht entz\u00fcnden<\/td>\n<\/tr>\n<tr>\n<td width=\"210\">g) Aluminium<\/td>\n<\/tr>\n<tr>\n<td width=\"210\">D1 100 &lt; 200<\/td>\n<\/tr>\n<tr>\n<td width=\"210\">D2 200 &lt; 350<\/td>\n<\/tr>\n<tr>\n<td width=\"210\">T3 \u2265 350<\/td>\n<\/tr>\n<tr>\n<td width=\"210\">(g) Eisen<\/td>\n<\/tr>\n<tr>\n<td width=\"210\">E1 60 &lt; 120<\/td>\n<\/tr>\n<tr>\n<td width=\"210\">E2 120 &lt; 200<\/td>\n<\/tr>\n<tr>\n<td width=\"210\">E3 \u2265 200<\/td>\n<\/tr>\n<tr>\n<td rowspan=\"4\" width=\"245\">KONTAKT W\u00c4RME F<\/td>\n<td rowspan=\"4\" width=\"94\">ISO 12127-1<\/td>\n<td rowspan=\"4\" width=\"189\">Vorbehandeltes Gewebe.\u00a0\u00a0\u00a0\u00a0\u00a0\u00a0\u00a0\u00a0\u00a0\u00a0\u00a0\u00a0\u00a0\u00a0\u00a0\u00a0\u00a0\u00a0\u00a0\u00a0\u00a0\u00a0\u00a0\u00a0\u00a0\u00a0\u00a0\u00a0\u00a0\u00a0\u00a0\u00a0\u00a0\u00a0\u00a0\u00a0\u00a0\u00a0\u00a0\u00a0\u00a0\u00a0\u00a0\u00a0\u00a0\u00a0\u00a0\u00a0\u00a0\u00a0\u00a0 Pr\u00fcftemperatur 250 \u00baC<\/td>\n<td width=\"210\">SCHWELLENWERT ZEIT(en)<\/td>\n<\/tr>\n<tr>\n<td width=\"210\">F1 5.0 &lt; 10.0<\/td>\n<\/tr>\n<tr>\n<td width=\"210\">F2 10,0 &lt; 15,0<\/td>\n<\/tr>\n<tr>\n<td width=\"210\">F3 \u2265 15.0<\/td>\n<\/tr>\n<\/tbody>\n<\/table>\n<p>[\/vc_column_text][\/vc_tta_section][vc_tta_section title=&#8221;BEKLEIDUNG&#8221; tab_id=&#8221;1686213468763-6e5c5a23-8fb4&#8243;][vc_column_text woodmart_inline=&#8221;no&#8221; text_larger=&#8221;no&#8221;]<\/p>\n<ul>\n<li>KLEIDUNGSST\u00dcCK-DESIGN:\n<ul>\n<li>Einhaltung der Anforderungen der ISO 13688<\/li>\n<li>Die Kleidungsst\u00fccke m\u00fcssen den Ober- und Unterk\u00f6rper, den Hals, die Arme und Beine vollst\u00e4ndig bedecken.<\/li>\n<li>Schnellverschl\u00fcsse<\/li>\n<li>Taschen und Verschl\u00fcsse: Sie m\u00fcssen Hitzebest\u00e4ndigkeit und Entflammbarkeit erf\u00fcllen.<\/li>\n<\/ul>\n<p>&nbsp;<\/p>\n<p>DESIGN VON KLEIDUNGSST\u00dcCKEN ZUM SCHUTZ VOR METALLSPRITZERN<\/p>\n<ul>\n<li>Die \u00c4rmel von Jacken und Overalls, sowie die S\u00e4ume von Hosen, Overalls und Latzhosen d\u00fcrfen nicht ges\u00e4umt werden.<\/li>\n<li>Die Au\u00dfentaschen von Jacken, Hosen, Overalls und Latzhosen, mit Ausnahme der Seitentaschen unterhalb der Taille, die mit der Seitennaht keinen Winkel von mehr als 10\u00b0 bilden, m\u00fcssen mit Patten bedeckt sein, die mindestens 20 mm breiter sind als die \u00d6ffnungen der Taschen<\/li>\n<li>Die \u00fcberlappenden N\u00e4hte an der Au\u00dfenseite der Kleidungsst\u00fccke m\u00fcssen nach unten zeigen und in dieser Position gesichert sein.<\/li>\n<li>Die Verschl\u00fcsse sollten mit einer Schutzklappe an der Au\u00dfenseite des Anzugs versehen sein. Der maximale Abstand zwischen den L\u00f6chern f\u00fcr die Tasten sollte 150 mm betragen.<\/li>\n<\/ul>\n<\/li>\n<\/ul>\n<p>[\/vc_column_text][\/vc_tta_section][vc_tta_section title=&#8221;MARKIEREN UND ETIKETTIEREN&#8221; tab_id=&#8221;1686213455648-a2e37885-8de5&#8243;][vc_column_text woodmart_inline=&#8221;no&#8221; text_larger=&#8221;no&#8221;]MARKIERT<\/p>\n<ul>\n<li>Er muss mit dem abgebildeten Piktogramm gekennzeichnet sein, das die Nummer und das Datum dieser internationalen Norm sowie die Leistungsniveaus enth\u00e4lt, die gem\u00e4\u00df den in den vorstehenden Anforderungen enthaltenen Pr\u00fcfungen erreicht wurden<\/li>\n<li>Alle Kleidungsst\u00fccke m\u00fcssen mit den Codes A1 oder A1 und A2 und mindestens einem Code plus B, C, D, E oder F gekennzeichnet sein<\/li>\n<li>Ist die Verwendung einer Kombination von Kleidungsst\u00fccken erforderlich, um die Anforderungen dieser internationalen Norm zu erf\u00fcllen, so muss dies auf den Etiketten aller verwendeten Kleidungsst\u00fccke deklariert werden. Jedes Kleidungsst\u00fcck muss so gekennzeichnet sein, dass eine korrekte Kombination gew\u00e4hrleistet ist.<\/li>\n<li>ISO 7000-2417 Symbol<\/li>\n<\/ul>\n<p>[\/vc_column_text][vc_single_image image=&#8221;18634&#8243; img_size=&#8221;FULL&#8221; alignment=&#8221;center&#8221; parallax_scroll=&#8221;no&#8221; woodmart_inline=&#8221;no&#8221;][\/vc_tta_section][\/vc_tta_tabs][\/vc_column][\/vc_row]<\/p>\n<\/section>","protected":false},"excerpt":{"rendered":"<p><strong>SCHUTZKLEIDUNG GEGEN HITZE UND FLAMMEN. MINIMALE LEISTUNGSANFORDERUNGEN. <\/strong><span style=\"color: #ffff99;\"><em><span class=\"Y2IQFc\" lang=\"de\">Gleichwertigkeit mit EN ISO 11611:2015 &amp; ISO 11611:2015.<\/span><\/em><\/span><\/p>\n","protected":false},"featured_media":0,"comment_status":"open","ping_status":"closed","template":"","meta":{"_mi_skip_tracking":false,"_monsterinsights_sitenote_active":false,"_monsterinsights_sitenote_note":"","_monsterinsights_sitenote_category":0},"product_cat":[885],"product_tag":[3450,1501,3451,3516,3452,2113,2148,1942,1821,2149,1997,1822,3212,1864,3537,1827,3531,3534,3646,3722,1523,1837,1542],"class_list":["post-11253","product","type-product","status-publish","hentry","product_cat-normativ","product_tag-a1-de","product_tag-a2-de","product_tag-b1-de","product_tag-b21-de","product_tag-c1-de","product_tag-c2-de","product_tag-d1-de","product_tag-d2-de","product_tag-d3-de","product_tag-e1-de","product_tag-e2-de","product_tag-e3-de","product_tag-f1-de","product_tag-metal-fundido-de","product_tag-iso-12127-1-de","product_tag-iso-6942-de","product_tag-iso-9151-de","product_tag-iso-9185-de","product_tag-kragen-de","product_tag-lenard-de","product_tag-ignifugo-de","product_tag-tecvin-de","product_tag-xispal-de"],"acf":[],"_links":{"self":[{"href":"https:\/\/lenard.tech\/de\/wp-json\/wp\/v2\/product\/11253","targetHints":{"allow":["GET"]}}],"collection":[{"href":"https:\/\/lenard.tech\/de\/wp-json\/wp\/v2\/product"}],"about":[{"href":"https:\/\/lenard.tech\/de\/wp-json\/wp\/v2\/types\/product"}],"replies":[{"embeddable":true,"href":"https:\/\/lenard.tech\/de\/wp-json\/wp\/v2\/comments?post=11253"}],"wp:attachment":[{"href":"https:\/\/lenard.tech\/de\/wp-json\/wp\/v2\/media?parent=11253"}],"wp:term":[{"taxonomy":"product_cat","embeddable":true,"href":"https:\/\/lenard.tech\/de\/wp-json\/wp\/v2\/product_cat?post=11253"},{"taxonomy":"product_tag","embeddable":true,"href":"https:\/\/lenard.tech\/de\/wp-json\/wp\/v2\/product_tag?post=11253"}],"curies":[{"name":"wp","href":"https:\/\/api.w.org\/{rel}","templated":true}]}}