
{"id":11256,"date":"2023-03-31T08:37:17","date_gmt":"2023-03-31T08:37:17","guid":{"rendered":"https:\/\/lenard.tech\/producto\/une-en-iso-11611\/"},"modified":"2026-02-09T07:56:34","modified_gmt":"2026-02-09T07:56:34","slug":"une-en-iso-116112015","status":"publish","type":"product","link":"https:\/\/lenard.tech\/de\/producto\/une-en-iso-116112015\/","title":{"rendered":"UNE-EN ISO 11611:2015"},"content":{"rendered":"<section class=\"wpb-content-wrapper\"><p>[vc_row][vc_column][vc_column_text woodmart_inline=&#8221;no&#8221; text_larger=&#8221;no&#8221;]<strong>SCHUTZKLEIDUNG , DIE BEIM SCHWEISSEN UND VERWANDTEN PROZESSEN VERWENDET WIRD. <\/strong><span class=\"Y2IQFc\" lang=\"de\">Gleichwertigkeit mit <em>EN ISO 11611:2015 e ISO 11611:2015.<\/em><\/span>[\/vc_column_text][\/vc_column][\/vc_row][vc_row][vc_column][vc_tta_tabs][vc_tta_section title=&#8221;OBJEKT&#8221; tab_id=&#8221;1686213239411-b121fb27-1d74&#8243;][vc_column_text woodmart_inline=&#8221;no&#8221; text_larger=&#8221;no&#8221;]Dieser internationale Standard legt die minimalen wesentlichen Sicherheitsanforderungen und Testmethoden f\u00fcr Schutzkleidung fest, um den Tr\u00e4ger vor Spritzern (kleine Tropfen geschmolzenen Metalls), kurzzeitigen Kontakt mit einer Flamme, Strahlungsw\u00e4rme aus dem beim Schwei\u00dfen verwendeten Lichtbogen und damit verbundenen Prozessen zu sch\u00fctzen. Dieser Standard deckt keine Anforderungen zum Schutz von H\u00e4nden, Gesicht, Augen oder F\u00fc\u00dfen ab.[\/vc_column_text][\/vc_tta_section][vc_tta_section title=&#8221;ANFORDERUNGEN&#8221; tab_id=&#8221;1686213280901-772401ed-dccc&#8221;][vc_column_text woodmart_inline=&#8221;no&#8221; text_larger=&#8221;no&#8221;]<strong>VORBEHANDLUNG:<\/strong> 5 Zyklen und\/oder gem\u00e4\u00df den Anweisungen des Herstellers<\/p>\n<p><strong>VERPACKUNG: <\/strong>mindestens 24 Stunden bei 20 \u00b1 2 \u00baC und 65 \u00b1 5 % relative Luftfeuchtigkeit<\/p>\n<table style=\"height: 1867px;\" width=\"1444\">\n<tbody>\n<tr>\n<td width=\"161\"><strong>PR\u00dcFMETHODE<\/strong><\/td>\n<td width=\"104\"><strong>TESTSTANDARD<\/strong><\/td>\n<td width=\"198\"><strong>BESCHREIBUNG<\/strong><\/td>\n<td width=\"225\"><strong>ANFORDERUNGEN<\/strong><\/td>\n<\/tr>\n<tr>\n<td width=\"161\">DIMENSIONSSTABILIT\u00c4T<\/td>\n<td width=\"104\">ISO 5077<\/td>\n<td width=\"198\">Vorbehandelter Stoff 5 Zyklen<\/p>\n<p>laut den Anweisungen des Stoffherstellers.<\/td>\n<td width=\"225\">Stoff bei der Arbeit maximal \u00b1 3 % Kette\/Schuss<br \/>\nIm gestrickten Stoff maximal \u00b1 5 % L\u00e4nge\/Breite<\/td>\n<\/tr>\n<tr>\n<td width=\"161\">BEGRENZTE FLAMMENAUSBREITUNG<\/td>\n<td width=\"104\">ISO 15025<\/p>\n<p>Methode A und\/oder B<\/td>\n<td width=\"198\">Originales und vorbehandeltes Material<\/p>\n<p>Methode A (Code A1):<\/p>\n<p>Anbringen der senkrechten Flamme auf das Gewebe<\/p>\n<p>Methode B (Code A2) (optional):<\/p>\n<p>Die Flamme auf den Rand des Stoffes legen<\/td>\n<td width=\"225\">Anwendung der 10&#8243;-Flamme:<\/p>\n<p>Es d\u00fcrfen keine Proben nach oben oder an den R\u00e4ndern entz\u00fcnden, keine 5-mm-L\u00f6cher f\u00fcr Verfahren A1 und keine L\u00f6cher f\u00fcr Verfahren A2, die entz\u00fcndeten \u00dcberreste nach der Z\u00fcndung t \u2264 2&#8221; oder nach dem Gl\u00fchen im verkohlten Bereich w\u00e4hrend des Tests nicht abgetrennt werden.<\/td>\n<\/tr>\n<tr>\n<td width=\"161\">ZUG<\/td>\n<td width=\"104\">ISO 13934-1<\/td>\n<td width=\"198\">Vorbehandelter Stoff<\/td>\n<td width=\"225\">\u2265 400 N Kette\/Schuss<\/td>\n<\/tr>\n<tr>\n<td width=\"161\">ZERREI\u00dfFESTIGKEIT<\/td>\n<td width=\"104\">ISO 13937-2<\/td>\n<td width=\"198\">Vorbehandelter Stoff<\/td>\n<td width=\"225\">Klasse 1: \u2265 15 N Kette\/Schuss<\/p>\n<p>Klasse 2: \u2265 20 N Kette\/Schuss<\/td>\n<\/tr>\n<tr>\n<td width=\"161\">BRUCHFESTIGKEIT F\u00dcR GESTRICKTE STOFFE<\/td>\n<td width=\"104\">ISO 13938-1<\/p>\n<p>ISO 13938-2<\/td>\n<td width=\"198\">Vorbehandelter Stoff<\/td>\n<td width=\"225\">Oberfl\u00e4che 7,3 cm\u00b2 \u2265 200 kPa<\/p>\n<p>Oberfl\u00e4che 50 cm\u00b2 \u2265 100 kPa<\/td>\n<\/tr>\n<tr>\n<td width=\"161\">SEM-WIDERSTAND<\/td>\n<td width=\"104\">ISO 13935-2<\/td>\n<td width=\"198\">Vorbehandelter Stoff<\/td>\n<td width=\"225\">\u2265 225 N<\/td>\n<\/tr>\n<tr>\n<td rowspan=\"3\" width=\"161\">STRAHLUNGSHEIZUNG C<\/td>\n<td rowspan=\"3\" width=\"104\">ISO 6942<\/p>\n<p>METHODE B<\/td>\n<td rowspan=\"3\" width=\"198\">Vorbehandelter Stoff.<\/p>\n<p>W\u00e4rmedurchfluss 20 kW\/m\u00b2<\/td>\n<td width=\"225\">RTHI RANGE 24<\/td>\n<\/tr>\n<tr>\n<td width=\"225\">Klasse 1 \u2265 7.0<\/td>\n<\/tr>\n<tr>\n<td width=\"225\">Klasse 2 \u2265 16.0<\/td>\n<\/tr>\n<tr>\n<td rowspan=\"3\" width=\"161\">KLEINE SPRITZER VON GESCHMOLZENEM METALL<\/td>\n<td rowspan=\"3\" width=\"104\">ISO 9150<\/td>\n<td rowspan=\"3\" width=\"198\">Vorbehandelter Stoff<\/td>\n<td width=\"225\">ANZAHL DER DROPS PRO 40K-INKREMENTEMENT HINTER DER STICHPROBE<\/td>\n<\/tr>\n<tr>\n<td width=\"225\">Klasse 1 Min. 15<\/td>\n<\/tr>\n<tr>\n<td width=\"225\">Baureihe 2 \u2265 25<\/td>\n<\/tr>\n<tr>\n<td rowspan=\"2\" width=\"161\">VERTIKALE LEITF\u00c4HIGKEIT<\/td>\n<td rowspan=\"2\" width=\"104\">EN 1149-2<\/td>\n<td rowspan=\"2\" width=\"198\">Vorbehandelter Stoff<\/p>\n<p>Verpackung: mindestens 24 Stunden bei 20 \u00b1 2 \u00baC 85 \u00b1 5 % relative Luftfeuchtigkeit<\/td>\n<td width=\"225\">VERTIKALER WIDERSTAND<\/td>\n<\/tr>\n<tr>\n<td width=\"225\">&gt; 10^5 \u2126<\/td>\n<\/tr>\n<\/tbody>\n<\/table>\n<p>[\/vc_column_text][\/vc_tta_section][vc_tta_section title=&#8221;KLEIDUNG&#8221; tab_id=&#8221;1686213294120-f11008f6-e6e1&#8243;][vc_column_text woodmart_inline=&#8221;no&#8221; text_larger=&#8221;no&#8221;]KLEIDUNGSDESIGN:<\/p>\n<ul>\n<li>Einhaltung der Anforderungen gem\u00e4\u00df ISO 13688<\/li>\n<li>Schwei\u00dferschutzkleidung muss so gestaltet sein, dass sie keine elektrische W\u00e4rmeleitung von au\u00dfen nach innen aufweist.<\/li>\n<li>Die Kleidung sollte den oberen und unteren Oberk\u00f6rper, Hals, Arme und Beine vollst\u00e4ndig bedecken.<\/li>\n<li>Taschen: Sie m\u00fcssen mit kleinen Spritzern geschmolzenen Metalls und Entflammbarkeit einhalten.<\/li>\n<\/ul>\n<p>&nbsp;<\/p>\n<p>GR\u00d6\u00dfEN<\/p>\n<ul>\n<li>Es muss eine \u00dcberlappung zwischen Jacke und Hose im Kleidungsst\u00fcck geben<\/li>\n<\/ul>\n<p>&nbsp;<\/p>\n<p>KLEIDUNGSDESIGN ZUM SCHUTZ VOR METALLSPRITZERN<\/p>\n<ul>\n<li>Die \u00c4rmel von Jacken und Overalls sowie der Saum von Hosen, Overalls und Overalls d\u00fcrfen nicht ges\u00e4umt werden.<\/li>\n<li>Die \u00e4u\u00dferen Taschen von Jacken, Hosen, Overalls und L\u00e4tzchen, mit Ausnahme der Seitentaschen unterhalb der Taille, die keinen Winkel von mehr als 10\u00b0 zur Seitennaht bilden, m\u00fcssen mit Klappen bedeckt werden, die mindestens 20 mm breiter als die Taschen\u00f6ffnungen sind<\/li>\n<li>\u00dcberlappende N\u00e4hte an der Au\u00dfenseite der Kleidung sollten nach unten zeigen und an dieser Position befestigt werden.<\/li>\n<li>Verschl\u00fcsse sollten mit einer Schutzklappe au\u00dfen am Anzug gestaltet werden. Der maximale Abstand zwischen den Knopfl\u00f6chern sollte 150 mm betragen.<\/li>\n<\/ul>\n<p>[\/vc_column_text][\/vc_tta_section][vc_tta_section title=&#8221;MARKIEREN UND ETIKETTIEREN&#8221; tab_id=&#8221;1686213322785-bc18cd9f-32c6&#8243;][vc_column_text woodmart_inline=&#8221;no&#8221; text_larger=&#8221;no&#8221;]<\/p>\n<ul>\n<li>MARKIERT\n<ul>\n<li>Gekennzeichnet nach ISO 13688<\/li>\n<li>Geben Sie neben den Flammenverbreitungsstufen auch Klasse 1 oder Klasse 2 an.<\/li>\n<li>Wenn Kleidung Teile beider Klassen enth\u00e4lt, muss die untere Klasse immer klassifiziert werden.<\/li>\n<li>Markieren Sie mit folgendem Piktogramm:<\/li>\n<\/ul>\n<\/li>\n<\/ul>\n<p>[\/vc_column_text][vc_single_image image=&#8221;18903&#8243; img_size=&#8221;full&#8221; alignment=&#8221;center&#8221; parallax_scroll=&#8221;no&#8221; woodmart_inline=&#8221;no&#8221;][\/vc_tta_section][\/vc_tta_tabs][\/vc_column][\/vc_row]<\/p>\n<\/section>","protected":false},"excerpt":{"rendered":"<p>SCHUTZKLEIDUNG , DIE BEIM SCHWEISSEN UND VERWANDTEN PROZESSEN VERWENDET WIRD. <span class=\"Y2IQFc\" lang=\"de\" style=\"color: #ffff99;\">Gleichwertigkeit mit <em>EN ISO 11611:2015 e ISO 11611:2015.<\/em><\/span><\/p>\n","protected":false},"featured_media":0,"comment_status":"open","ping_status":"closed","template":"","meta":{"_mi_skip_tracking":false,"_monsterinsights_sitenote_active":false,"_monsterinsights_sitenote_note":"","_monsterinsights_sitenote_category":0},"product_cat":[885],"product_tag":[3461,3459,3450,1817,3519,1863,1864,1917,3512,3722,1870,3523,1929,3509,1542],"class_list":["post-11256","product","type-product","status-publish","hentry","product_cat-normativ","product_tag-15025-de","product_tag-6942-de","product_tag-a1-de","product_tag-calor-radiante-de","product_tag-en-11611-de-2","product_tag-en-11611-de","product_tag-metal-fundido-de","product_tag-clase-2-de","product_tag-klass-i-de","product_tag-lenard-de","product_tag-soldadura-de","product_tag-tropfen","product_tag-valen-t-de","product_tag-vertikale-leitfaehigkeit","product_tag-xispal-de"],"acf":[],"_links":{"self":[{"href":"https:\/\/lenard.tech\/de\/wp-json\/wp\/v2\/product\/11256","targetHints":{"allow":["GET"]}}],"collection":[{"href":"https:\/\/lenard.tech\/de\/wp-json\/wp\/v2\/product"}],"about":[{"href":"https:\/\/lenard.tech\/de\/wp-json\/wp\/v2\/types\/product"}],"replies":[{"embeddable":true,"href":"https:\/\/lenard.tech\/de\/wp-json\/wp\/v2\/comments?post=11256"}],"wp:attachment":[{"href":"https:\/\/lenard.tech\/de\/wp-json\/wp\/v2\/media?parent=11256"}],"wp:term":[{"taxonomy":"product_cat","embeddable":true,"href":"https:\/\/lenard.tech\/de\/wp-json\/wp\/v2\/product_cat?post=11256"},{"taxonomy":"product_tag","embeddable":true,"href":"https:\/\/lenard.tech\/de\/wp-json\/wp\/v2\/product_tag?post=11256"}],"curies":[{"name":"wp","href":"https:\/\/api.w.org\/{rel}","templated":true}]}}