
{"id":11259,"date":"2023-03-31T08:28:33","date_gmt":"2023-03-31T08:28:33","guid":{"rendered":"https:\/\/lenard.tech\/producto\/une-en-iso-105-x12\/"},"modified":"2023-09-01T09:13:05","modified_gmt":"2023-09-01T09:13:05","slug":"une-en-iso-105-x122016","status":"publish","type":"product","link":"https:\/\/lenard.tech\/de\/producto\/une-en-iso-105-x122016\/","title":{"rendered":"UNE-EN ISO 105-X12:2016"},"content":{"rendered":"<section class=\"wpb-content-wrapper\"><p>[vc_row][vc_column][vc_column_text woodmart_inline=&#8221;no&#8221; text_larger=&#8221;no&#8221;]TEXTILIEN<\/p>\n<p>ECHTHEITSPR\u00dcFUNGEN<\/p>\n<p>TEIL X12: FARBECHTHEIT GEGEN REIBUNG[\/vc_column_text][\/vc_column][\/vc_row][vc_row][vc_column][vc_tta_tabs][vc_tta_section title=&#8221;DEFINITION&#8221; tab_id=&#8221;1686221550231-fd0c63cf-363a&#8221;][vc_column_text woodmart_inline=&#8221;no&#8221; text_larger=&#8221;no&#8221;]Dieser Teil von ISO 105 legt ein Pr\u00fcfverfahren zur Bestimmung der Farbechtheit von Textilien gegen\u00fcber Reibeinwirkung im trockenen Zustand fest.<\/p>\n<p>Proben des Textils werden mit einem trockenen Tuch und einem nassen Tuch gerieben. Die Maschine bietet zwei Kombinationen von Testbedingungen durch zwei verschiedene Gr\u00f6\u00dfen von Reibstiften: eine f\u00fcr Florgewebe; eine andere f\u00fcr gef\u00e4rbte Stoffe oder Stoffe mit hochdeckenden Drucken.[\/vc_column_text][\/vc_tta_section][vc_tta_section title=&#8221;SPIELEREIEN&#8221; tab_id=&#8221;1686307171595-e233cef7-f837&#8243;][vc_column_text woodmart_inline=&#8221;no&#8221; text_larger=&#8221;no&#8221;]<\/p>\n<ul>\n<li>Zur Durchf\u00fchrung des Tests werden ein Crockmeter, eine Auswertekamera zur visuellen Kontrolle und ein Grauma\u00dfstab ben\u00f6tigt. Ein wei\u00dfer Baumwollreibestoff 50 mm x 50 mm (ISO 105-F09)<\/li>\n<li>Die Messbedingungen der Kamera: Leuchtmittel oder Licht D65, Einfallswinkel 45\u00ba.<\/li>\n<li>Die Pr\u00fcfk\u00f6rper werden mindestens 4 Stunden lang bei 20 +\/- 2 \u00b0C und 65 +\/- 4 % relativer Luftfeuchtigkeit konditioniert. Die Abmessungen der Proben betragen 50 x 180 mm.<\/li>\n<li>Unter Verwendung von Crockmeter, an der Basis die 50 x 140 mm Stoffsonde, 50 x 50 mm Baumwollreibestoff, verankert mit einem Zylinderstift mit 16 mm Durchmesser. Kraft der 9N-Ausr\u00fcstung auf den zu pr\u00fcfenden Pr\u00fcfling. Es werden 20 Zyklen durchgef\u00fchrt. Stellen Sie das zu pr\u00fcfende Gewebe in L\u00e4ngs- und Querrichtung bereit (10 in eine Richtung und 10 in eine andere Richtung) auf eine L\u00e4nge von 104 mm.<\/li>\n<li>Der Stoff wird bei Raumtemperatur getrocknet<\/li>\n<li>Eine visuelle Pr\u00fcfung des Farbabtrags auf dem Baumwollreibegewebe erfolgt anhand der Grauskala ISO 105-A03:2019 (1 sehr starker Abtrag, 5 Nullabtrag).<\/li>\n<\/ul>\n<p>[\/vc_column_text][\/vc_tta_section][\/vc_tta_tabs][\/vc_column][\/vc_row]<\/p>\n<\/section>","protected":false},"excerpt":{"rendered":"<p>TEXTILIEN<\/p>\n<p>ECHTHEITSPR\u00dcFUNGEN<\/p>\n<p>TEIL X12: FARBECHTHEIT GEGEN REIBUNG<\/p>\n","protected":false},"featured_media":0,"comment_status":"open","ping_status":"closed","template":"","meta":{"_mi_skip_tracking":false,"_monsterinsights_sitenote_active":false,"_monsterinsights_sitenote_note":"","_monsterinsights_sitenote_category":0},"product_cat":[885],"product_tag":[],"class_list":["post-11259","product","type-product","status-publish","hentry","product_cat-normativ"],"acf":[],"_links":{"self":[{"href":"https:\/\/lenard.tech\/de\/wp-json\/wp\/v2\/product\/11259","targetHints":{"allow":["GET"]}}],"collection":[{"href":"https:\/\/lenard.tech\/de\/wp-json\/wp\/v2\/product"}],"about":[{"href":"https:\/\/lenard.tech\/de\/wp-json\/wp\/v2\/types\/product"}],"replies":[{"embeddable":true,"href":"https:\/\/lenard.tech\/de\/wp-json\/wp\/v2\/comments?post=11259"}],"wp:attachment":[{"href":"https:\/\/lenard.tech\/de\/wp-json\/wp\/v2\/media?parent=11259"}],"wp:term":[{"taxonomy":"product_cat","embeddable":true,"href":"https:\/\/lenard.tech\/de\/wp-json\/wp\/v2\/product_cat?post=11259"},{"taxonomy":"product_tag","embeddable":true,"href":"https:\/\/lenard.tech\/de\/wp-json\/wp\/v2\/product_tag?post=11259"}],"curies":[{"name":"wp","href":"https:\/\/api.w.org\/{rel}","templated":true}]}}