
{"id":11262,"date":"2023-03-31T08:25:58","date_gmt":"2023-03-31T08:25:58","guid":{"rendered":"https:\/\/lenard.tech\/producto\/une-en-iso-105-x11\/"},"modified":"2023-09-01T09:12:30","modified_gmt":"2023-09-01T09:12:30","slug":"une-en-iso-105-x111994","status":"publish","type":"product","link":"https:\/\/lenard.tech\/de\/producto\/une-en-iso-105-x111994\/","title":{"rendered":"UNE-EN ISO 105-X11:1994"},"content":{"rendered":"<section class=\"wpb-content-wrapper\"><p>[vc_row][vc_column][vc_column_text woodmart_inline=&#8221;no&#8221; text_larger=&#8221;no&#8221;]TEXTILIEN<\/p>\n<p>FARBECHTHEITSPR\u00dcFUNG<\/p>\n<p>TEIL X11: FARBECHTHEIT GEGEN B\u00dcGELN[\/vc_column_text][\/vc_column][\/vc_row][vc_row][vc_column][vc_tta_tabs][vc_tta_section title=&#8221;DEFINITION&#8221; tab_id=&#8221;1686221888448-6f1b380f-b03c&#8221;][vc_column_text woodmart_inline=&#8221;no&#8221; text_larger=&#8221;no&#8221;]Dieser Teil von ISO 105 legt ein Pr\u00fcfverfahren zur Bestimmung der Farbechtheit von Textilien beim B\u00fcgeln fest.[\/vc_column_text][\/vc_tta_section][vc_tta_section title=&#8221;HAUSHALTSGER\u00c4TE&#8221; tab_id=&#8221;1686221888456-fab3e5b9-ff42&#8243;][vc_column_text woodmart_inline=&#8221;no&#8221; text_larger=&#8221;no&#8221;]<\/p>\n<ul>\n<li>Thermisches Ger\u00e4t, aufgebaut aus einem Paar paralleler und glatter Platten, ausgestattet mit einem genau regelbaren elektrischen Heizsystem, das einen Druck von 4 kPa \u00b1 1 kPa auf die Probe aus\u00fcbt.<\/li>\n<li>Glatte hitzebest\u00e4ndige Platte, Dicke zwischen 3 mm und 6 mm.<\/li>\n<li>Wollflanell-Pad, mit einem Fl\u00e4chengewicht von ca. 260 g\/m2.<\/li>\n<li>Baumwollgewebe, weder gef\u00e4rbt noch gebleicht und nicht mercerisiert, mit einem Fl\u00e4chengewicht zwischen 100 g\/m2 und 130 g\/m2 und mit glatter Oberfl\u00e4che.<\/li>\n<li>Kontrollgewebe aus Baumwolle gem\u00e4\u00df Teil F02 der Norm ISO 105-F:1985, 40 mm x 100 mm.<\/li>\n<li>Grauskala zur Beurteilung der Verschlechterung.<\/li>\n<\/ul>\n<p>[\/vc_column_text][\/vc_tta_section][vc_tta_section title=&#8221;PROBEN&#8221; tab_id=&#8221;1686221910690-02450167-6e76&#8243;][vc_column_text woodmart_inline=&#8221;no&#8221; text_larger=&#8221;no&#8221;]<\/p>\n<ul>\n<li>Wenn es sich bei dem zu pr\u00fcfenden Textil um einen Stoff handelt, wird ein rechteckiges Pr\u00fcfst\u00fcck von 40 mm x 100 mm verwendet.<\/li>\n<li>Wenn es sich bei dem zu pr\u00fcfenden Textil um Garn handelt, daraus ein glattes Gestrick herstellen und davon ein 40 mm x 100 mm gro\u00dfes St\u00fcck nehmen oder das Garn eng um eine d\u00fcnne Materialunterlage wickeln Inert, 40 mm x 100 mm, um eine Schicht mit der gleichen Dicke wie der Faden zu bilden.<\/li>\n<li>Handelt es sich bei dem zu pr\u00fcfenden Textil um eine Faser in Form von Flusen, Flocken, B\u00e4ndern, wird eine ausreichende Menge gek\u00e4mmt und komprimiert, um ein 40 mm x 100 mm gro\u00dfes Nappa zu bilden, und es wird auf ein St\u00fcck Baumwoll-Kontrollgewebe gen\u00e4ht. Damit sich die Faser nicht bewegt.<\/li>\n<\/ul>\n<p>[\/vc_column_text][\/vc_tta_section][vc_tta_section title=&#8221;METHODE&#8221; tab_id=&#8221;1686221920314-c6eaa67c-c2d3&#8243;][vc_column_text woodmart_inline=&#8221;no&#8221; text_larger=&#8221;no&#8221;]<\/p>\n<ul>\n<li>Die Wahl der B\u00fcgeltemperatur h\u00e4ngt weitgehend von der Faserart und der Struktur des Stoffes oder Kleidungsst\u00fccks ab:\n<ul>\n<li>100 \u00baC \u00b1 2 \u00baC<\/li>\n<li>150 \u00baC \u00b1 2 \u00baC<\/li>\n<li>200 \u00baC \u00b1 2 \u00baC<\/li>\n<\/ul>\n<\/li>\n<li>Bedingung bei 65 % \u00b1 2 % relativer Luftfeuchtigkeit und 20 \u00b0C \u00b1 2 \u00b0C Temperatur.<\/li>\n<li>Das getrocknete Pr\u00fcfstoff wird auf den Baumwollstoff gelegt, der die Wollflanellunterlage bedeckt. Heizen Sie die obere Platte des Thermoger\u00e4ts auf und belassen Sie das Pr\u00fcfst\u00fcck f\u00fcr 15 s bei der angegebenen B\u00fcgeltemperatur.<\/li>\n<li>Das Pr\u00fcfst\u00fcck wird auf den Baumwollstoff gelegt, der die Wollflanellunterlage bedeckt. Ein 40 mm x 100 mm gro\u00dfes St\u00fcck Baumwoll-Kontrollgewebe wird eingeweicht und Wasser wird abgelassen oder extrahiert, bis das Pr\u00fcfst\u00fcck eine weitere Wassermenge gleich seiner eigenen zur\u00fcckh\u00e4lt. Das nasse Tuch wird auf das trockene Pr\u00fcfst\u00fcck gelegt. Die obere Platte des Thermoger\u00e4tes wird heruntergeklappt und der Pr\u00fcfling f\u00fcr 15 s bei der angegebenen B\u00fcgeltemperatur belassen.<\/li>\n<li>Das Pr\u00fcfst\u00fcck und ein St\u00fcck Baumwoll-Kontrollgewebe, 40 mm x 100 mm, werden eingeweicht. Sie werden entw\u00e4ssert oder entw\u00e4ssert, bis sie eine Wassermenge enthalten, die ihrer eigenen entspricht. Das nasse Testst\u00fcck wird auf den trockenen Baumwollstoff gelegt, der das Wollflanellpolster bedeckt, und das nasse Kontrollgewebe wird auf das Testst\u00fcck gelegt. Die obere Platte des Thermoger\u00e4tes wird heruntergeklappt und die Probe 15 s bei der angegebenen B\u00fcgeltemperatur belassen.<\/li>\n<\/ul>\n<p>[\/vc_column_text][\/vc_tta_section][vc_tta_section title=&#8221;ERGEBNISSE&#8221; tab_id=&#8221;1686221936194-0d8c1294-3e6f&#8221;][vc_column_text woodmart_inline=&#8221;no&#8221; text_larger=&#8221;no&#8221;]<\/p>\n<ul>\n<li>Die Farbverschlechterung des Pr\u00fcfst\u00fccks wird mit der entsprechenden Grauskala bewertet, nach dem Test und erneut nach Konditionierung des Pr\u00fcfst\u00fccks f\u00fcr 4 Stunden in der normalen Atmosph\u00e4re f\u00fcr den Textiltest.<\/li>\n<li>Der Ausfluss wird am Kontroll-Baumwollgewebe mit der entsprechenden Grauskala beurteilt. F\u00fcr die Auswertung wird die Seite des Kontroll-Baumwollgewebes verwendet, die einen gr\u00f6\u00dferen Ausfluss aufweist.<\/li>\n<\/ul>\n<p>[\/vc_column_text][\/vc_tta_section][\/vc_tta_tabs][\/vc_column][\/vc_row]<\/p>\n<\/section>","protected":false},"excerpt":{"rendered":"<p>TEXTILIEN<\/p>\n<p>FARBECHTHEITSPR\u00dcFUNG<\/p>\n<p>TEIL X11: FARBECHTHEIT GEGEN B\u00dcGELN<\/p>\n","protected":false},"featured_media":0,"comment_status":"open","ping_status":"closed","template":"","meta":{"_mi_skip_tracking":false,"_monsterinsights_sitenote_active":false,"_monsterinsights_sitenote_note":"","_monsterinsights_sitenote_category":0},"product_cat":[885],"product_tag":[],"class_list":["post-11262","product","type-product","status-publish","hentry","product_cat-normativ"],"acf":[],"_links":{"self":[{"href":"https:\/\/lenard.tech\/de\/wp-json\/wp\/v2\/product\/11262","targetHints":{"allow":["GET"]}}],"collection":[{"href":"https:\/\/lenard.tech\/de\/wp-json\/wp\/v2\/product"}],"about":[{"href":"https:\/\/lenard.tech\/de\/wp-json\/wp\/v2\/types\/product"}],"replies":[{"embeddable":true,"href":"https:\/\/lenard.tech\/de\/wp-json\/wp\/v2\/comments?post=11262"}],"wp:attachment":[{"href":"https:\/\/lenard.tech\/de\/wp-json\/wp\/v2\/media?parent=11262"}],"wp:term":[{"taxonomy":"product_cat","embeddable":true,"href":"https:\/\/lenard.tech\/de\/wp-json\/wp\/v2\/product_cat?post=11262"},{"taxonomy":"product_tag","embeddable":true,"href":"https:\/\/lenard.tech\/de\/wp-json\/wp\/v2\/product_tag?post=11262"}],"curies":[{"name":"wp","href":"https:\/\/api.w.org\/{rel}","templated":true}]}}