
{"id":11265,"date":"2023-03-31T08:23:25","date_gmt":"2023-03-31T08:23:25","guid":{"rendered":"https:\/\/lenard.tech\/producto\/une-en-iso-105-e04\/"},"modified":"2023-09-01T09:11:57","modified_gmt":"2023-09-01T09:11:57","slug":"une-en-iso-105-e042013","status":"publish","type":"product","link":"https:\/\/lenard.tech\/de\/producto\/une-en-iso-105-e042013\/","title":{"rendered":"UNE-EN ISO 105-E04:2013"},"content":{"rendered":"<section class=\"wpb-content-wrapper\"><p>[vc_row][vc_column][vc_column_text woodmart_inline=&#8221;no&#8221; text_larger=&#8221;no&#8221;]TEXTILIEN<\/p>\n<p>ECHTHEITSPR\u00dcFUNGEN<\/p>\n<p>TEIL E04: FARBECHTHEIT GEGEN SCHWEISS[\/vc_column_text][\/vc_column][\/vc_row][vc_row][vc_column][vc_tta_tabs][vc_tta_section title=&#8221;DEFINITION&#8221; tab_id=&#8221;1686221417380-02157083-1f49&#8243;][vc_column_text woodmart_inline=&#8221;no&#8221; text_larger=&#8221;no&#8221;]Dieser Teil von ISO 105 legt ein Pr\u00fcfverfahren zur Bestimmung der Farbechtheit von Textilien gegen\u00fcber der Einwirkung von saurem und alkalischem Schwei\u00df fest.<\/p>\n<p>Die mit den angegebenen Kontrollgeweben in Kontakt stehenden Textilproben werden in zwei unterschiedlichen Histidin-haltigen L\u00f6sungen behandelt, entw\u00e4ssert und zwischen zwei Platten unter einem bestimmten Druck in der Pr\u00fcfapparatur angeordnet. Die Proben und die Kontrollgewebe werden separat getrocknet. Der Farbverlust jeder Probe und die Entladung auf dem\/den Kontrollgewebe(n) werden unter Verwendung von Graustufen oder instrumentell bewertet.[\/vc_column_text][\/vc_tta_section][vc_tta_section title=&#8221;GER\u00c4TE&#8221; tab_id=&#8221;1686221417391-d6bf30ac-cfbe&#8221;][vc_column_text woodmart_inline=&#8221;no&#8221; text_larger=&#8221;no&#8221;]Zur Durchf\u00fchrung des Tests werden ein Perspirometer, eine Waage, ein pH-Meter, DW-Multifasergewebe, eine Umluftkammer, ein Ofen, eine Auswertekammer zur Sichtpr\u00fcfung und ein Grauma\u00dfstab ben\u00f6tigt.[\/vc_column_text][\/vc_tta_section][vc_tta_section title=&#8221;METHODE&#8221; tab_id=&#8221;1686221450096-70c7ac03-663f&#8221;][vc_column_text woodmart_inline=&#8221;no&#8221; text_larger=&#8221;no&#8221;]Der Stoff wird unter Empfangsbedingungen getestet und es wird nur ein Testst\u00fcck mit den Abmessungen 40 x 100 mm (+\/-2) hergestellt. Es werden 2 L\u00f6sungen hergestellt: S\u00e4ure pH 5,5 und Alkalische pH 8,0. Das Badverh\u00e4ltnis der Reagenzgl\u00e4ser sollte 50:1 f\u00fcr 30 Minuten eingetaucht sein.<\/p>\n<p>Pr\u00fcfdruck 12,5 kPa, Ofentemperatur 37\u00baC, 4 Stunden Ofenzeit. Trocknen bei einer Temperatur von nicht mehr als 60 \u00b0C.<\/p>\n<p>Die Auswertung erfolgt individuell pro L\u00f6sung und f\u00fcr jede Faser des Mehrfasergewebes anhand einer Grauskala.[\/vc_column_text][\/vc_tta_section][\/vc_tta_tabs][\/vc_column][\/vc_row]<\/p>\n<\/section>","protected":false},"excerpt":{"rendered":"<p>TEXTILIEN<\/p>\n<p>ECHTHEITSPR\u00dcFUNGEN<\/p>\n<p>TEIL E04: FARBECHTHEIT GEGEN SCHWEISS<\/p>\n","protected":false},"featured_media":0,"comment_status":"open","ping_status":"closed","template":"","meta":{"_mi_skip_tracking":false,"_monsterinsights_sitenote_active":false,"_monsterinsights_sitenote_note":"","_monsterinsights_sitenote_category":0},"product_cat":[885],"product_tag":[],"class_list":["post-11265","product","type-product","status-publish","hentry","product_cat-normativ"],"acf":[],"_links":{"self":[{"href":"https:\/\/lenard.tech\/de\/wp-json\/wp\/v2\/product\/11265","targetHints":{"allow":["GET"]}}],"collection":[{"href":"https:\/\/lenard.tech\/de\/wp-json\/wp\/v2\/product"}],"about":[{"href":"https:\/\/lenard.tech\/de\/wp-json\/wp\/v2\/types\/product"}],"replies":[{"embeddable":true,"href":"https:\/\/lenard.tech\/de\/wp-json\/wp\/v2\/comments?post=11265"}],"wp:attachment":[{"href":"https:\/\/lenard.tech\/de\/wp-json\/wp\/v2\/media?parent=11265"}],"wp:term":[{"taxonomy":"product_cat","embeddable":true,"href":"https:\/\/lenard.tech\/de\/wp-json\/wp\/v2\/product_cat?post=11265"},{"taxonomy":"product_tag","embeddable":true,"href":"https:\/\/lenard.tech\/de\/wp-json\/wp\/v2\/product_tag?post=11265"}],"curies":[{"name":"wp","href":"https:\/\/api.w.org\/{rel}","templated":true}]}}