
{"id":11268,"date":"2023-03-31T08:22:36","date_gmt":"2023-03-31T08:22:36","guid":{"rendered":"https:\/\/lenard.tech\/producto\/une-en-iso-105-d01\/"},"modified":"2023-09-01T09:11:17","modified_gmt":"2023-09-01T09:11:17","slug":"une-en-iso-105-d012010","status":"publish","type":"product","link":"https:\/\/lenard.tech\/de\/producto\/une-en-iso-105-d012010\/","title":{"rendered":"UNE-EN ISO 105-D01:2010"},"content":{"rendered":"<section class=\"wpb-content-wrapper\"><p>[vc_row][vc_column][vc_column_text woodmart_inline=&#8221;no&#8221; text_larger=&#8221;no&#8221;]<strong>T<\/strong>EXTILIEN<\/p>\n<p>FARBECHTHEITSPR\u00dcFUNG<\/p>\n<p>TEIL D01: FARBECHTHEIT BEI DER TROCKENREINIGUNG[\/vc_column_text][\/vc_column][\/vc_row][vc_row][vc_column][vc_tta_tabs][vc_tta_section title=&#8221;DEFINITION&#8221; tab_id=&#8221;1686221669500-450d8cec-bd1d&#8221;][vc_column_text woodmart_inline=&#8221;no&#8221; text_larger=&#8221;no&#8221;]Dieser Teil von ISO 105 legt ein Pr\u00fcfverfahren zur Bestimmung der Farbechtheit von Textilien gegen\u00fcber der chemischen Reinigung unter Verwendung von Perchlorethylen als L\u00f6sungsmittel fest.<\/p>\n<p>Sie wird weder zur Bewertung der Echtheit von Ausr\u00fcstungen auf Textilien noch zur Bewertung der Farbechtheit gegen\u00fcber Fleck- oder Schmutzentfernungsverfahren angewendet, die von industriellen F\u00e4rbereien durchgef\u00fchrt werden.[\/vc_column_text][\/vc_tta_section][vc_tta_section title=&#8221;METHODE&#8221; tab_id=&#8221;1686221669512-17c457fc-801a&#8221;][vc_column_text woodmart_inline=&#8221;no&#8221; text_larger=&#8221;no&#8221;]Ein Testst\u00fcck des Textils wird in Kontakt mit einem bestimmten Kontrollgewebe oder -geweben zusammen mit Edelstahlscheiben in einen Baumwollgewebebeutel gegeben und in Perchlorethylen gesch\u00fcttelt; dann wird es ausgedr\u00fcckt oder zentrifugiert und mit hei\u00dfer Luft getrocknet. Die Verschlechterung der Farbe des Pr\u00fcfk\u00f6rpers und die Entladung auf dem oder den Geweben wird anhand des Originalpr\u00fcfk\u00f6rpers als Referenz mit Hilfe des Grauma\u00dfstabs oder instrumentell bewertet.[\/vc_column_text][\/vc_tta_section][vc_tta_section title=&#8221;MATERIALIEN UND AUSR\u00dcSTUNG&#8221; tab_id=&#8221;1686221690253-5613d24b-528b&#8221;][vc_column_text woodmart_inline=&#8221;no&#8221; text_larger=&#8221;no&#8221;]<\/p>\n<ul>\n<li>Perchlorethylen<\/li>\n<li>Gewebe kontrollieren<\/li>\n<li>Ein mehrfaseriges Kontrollgewebe, Typ DW oder Typ TV, gem\u00e4\u00df der Norm ISO 105-F10.<\/li>\n<li>Baumwollk\u00f6perbindung, gebleicht, ungef\u00e4rbt, ungeschlichtet<\/li>\n<li>Korrosionsbest\u00e4ndige (Edel-)Stahlscheiben<\/li>\n<li>Graustufen zur Bewertung der Verschlechterung<\/li>\n<li>Grauskala zur Beurteilung der Entladung<\/li>\n<li>Geeignete mechanische Vorrichtung, bestehend aus einem Wasserbad mit rotierender Achse, das radial angeordnet mehrere Edelstahlbeh\u00e4lter mit einem Durchmesser von (75 \u00b1 5) mm und einer H\u00f6he von (125 \u00b1 10) mm mit einem Fassungsverm\u00f6gen von (550 \u00b150)ml<\/li>\n<\/ul>\n<p>[\/vc_column_text][\/vc_tta_section][vc_tta_section title=&#8221;PROBEN&#8221; tab_id=&#8221;1686221741214-7c3b902c-0c52&#8243;][vc_column_text woodmart_inline=&#8221;no&#8221; text_larger=&#8221;no&#8221;]<\/p>\n<ul>\n<li>Ein 100 \u00b1 2 mm x 40 \u00b1 2 mm gro\u00dfes Testst\u00fcck wird an einer mehrfaserigen Kontrollstoffprobe befestigt, die ebenfalls die Abmessungen 100 \u00b1 2 mm x 40 \u00b1 2 mm hat, indem sie entlang einer der kurzen Seiten, der Mehrfaser, am Stoff gen\u00e4ht wird, der in Kontakt mit der oberen Fl\u00e4che der Probe gebracht wird.<\/li>\n<li>Ein 100 \u00b1 2 mm x 40 \u00b1 2 mm gro\u00dfes Testst\u00fcck wird zwischen die beiden Kontroll-Monofasergewebe gelegt, ebenfalls mit den Abmessungen 100 \u00b1 2 mm x 40 \u00b1 2 mm, wobei alle drei mit einer Naht entlang einer der kurzen Seiten vern\u00e4ht werden.<\/li>\n<\/ul>\n<p>[\/vc_column_text][\/vc_tta_section][vc_tta_section title=&#8221;METHODE&#8221; tab_id=&#8221;1686221752292-44b19573-04d0&#8243;][vc_column_text woodmart_inline=&#8221;no&#8221; text_larger=&#8221;no&#8221;]<\/p>\n<ul>\n<li>Das mechanische Ger\u00e4t wird durch Erhitzen des Badewassers auf die Arbeitstemperatur von 30 \u00b1 2 \u00baC vorbereitet.<\/li>\n<li>Eine Tasche mit Innenma\u00dfen von 100 mm x 100 mm wird aus dem ungef\u00e4rbten Baumwoll-Twill-Stoff hergestellt, indem zwei Baumwoll-Twill-Quadrate an drei Seiten zusammengen\u00e4ht werden. Die Verbundprobe und die 12 Stahlscheiben werden in den Beutel gelegt. Der Beutel wird unter Verwendung eines geeigneten Mediums verschlossen.<\/li>\n<li>Stahlbeh\u00e4lter werden entfernt.<\/li>\n<li>Der Beutel mit der Verbundprobe und den Stahlscheiben wird in den Beh\u00e4lter gelegt.<\/li>\n<li>200 ml Perchlorethylen werden bei 30 \u00b1 2\u00ba C in jeden der Stahlbeh\u00e4lter gegeben<\/li>\n<li>S startet die Rotation f\u00fcr 30 min.<\/li>\n<li>Der Zylinder wird entfernt, zwischen zwei Lagen wei\u00dfes, saugf\u00e4higes Papier oder Gewebe gelegt und ausgedr\u00fcckt oder zentrifugiert, um \u00fcbersch\u00fcssiges L\u00f6sungsmittel zu entfernen.<\/li>\n<li>Die Farbverschlechterung der Probe wird bewertet und im Vergleich zur Original-Probe anhand des Grauma\u00dfstabes auf das Kontrollgewebe ausgetragen.<\/li>\n<\/ul>\n<p>[\/vc_column_text][\/vc_tta_section][\/vc_tta_tabs][\/vc_column][\/vc_row]<\/p>\n<\/section>","protected":false},"excerpt":{"rendered":"<p><strong>T<\/strong>EXTILIEN<\/p>\n<p>FARBECHTHEITSPR\u00dcFUNG<\/p>\n<p>TEIL D01: FARBECHTHEIT BEI DER TROCKENREINIGUNG<\/p>\n","protected":false},"featured_media":0,"comment_status":"open","ping_status":"closed","template":"","meta":{"_mi_skip_tracking":false,"_monsterinsights_sitenote_active":false,"_monsterinsights_sitenote_note":"","_monsterinsights_sitenote_category":0},"product_cat":[885],"product_tag":[],"class_list":["post-11268","product","type-product","status-publish","hentry","product_cat-normativ"],"acf":[],"_links":{"self":[{"href":"https:\/\/lenard.tech\/de\/wp-json\/wp\/v2\/product\/11268","targetHints":{"allow":["GET"]}}],"collection":[{"href":"https:\/\/lenard.tech\/de\/wp-json\/wp\/v2\/product"}],"about":[{"href":"https:\/\/lenard.tech\/de\/wp-json\/wp\/v2\/types\/product"}],"replies":[{"embeddable":true,"href":"https:\/\/lenard.tech\/de\/wp-json\/wp\/v2\/comments?post=11268"}],"wp:attachment":[{"href":"https:\/\/lenard.tech\/de\/wp-json\/wp\/v2\/media?parent=11268"}],"wp:term":[{"taxonomy":"product_cat","embeddable":true,"href":"https:\/\/lenard.tech\/de\/wp-json\/wp\/v2\/product_cat?post=11268"},{"taxonomy":"product_tag","embeddable":true,"href":"https:\/\/lenard.tech\/de\/wp-json\/wp\/v2\/product_tag?post=11268"}],"curies":[{"name":"wp","href":"https:\/\/api.w.org\/{rel}","templated":true}]}}