
{"id":11271,"date":"2023-03-31T08:21:53","date_gmt":"2023-03-31T08:21:53","guid":{"rendered":"https:\/\/lenard.tech\/producto\/une-en-iso-105-c06\/"},"modified":"2025-03-18T08:35:43","modified_gmt":"2025-03-18T08:35:43","slug":"une-en-iso-105-c062010","status":"publish","type":"product","link":"https:\/\/lenard.tech\/de\/producto\/une-en-iso-105-c062010\/","title":{"rendered":"UNE-EN ISO 105-C06:2010"},"content":{"rendered":"<section class=\"wpb-content-wrapper\"><p>[vc_row][vc_column width=&#8221;1\/2&#8243;][vc_column_text woodmart_inline=&#8221;no&#8221; text_larger=&#8221;no&#8221;]<\/p>\n<h1>TEXTILIEN. FARBECHTHEITSPR\u00dcFUNG. TEIL C06: FARBECHTHEIT GEGEN HAUSHALTS- UND GEWERBLICHE W\u00c4SCHE.<\/h1>\n<p>[\/vc_column_text][\/vc_column][vc_column width=&#8221;1\/2&#8243;][vc_video link=&#8221;https:\/\/youtu.be\/n-AIJH4jKts&#8221; el_width=&#8221;70&#8243; woodmart_css_id=&#8221;67d9304e5b22b&#8221; image_poster_switch=&#8221;no&#8221;][\/vc_column][\/vc_row][vc_row][vc_column][vc_tta_tabs][vc_tta_section title=&#8221;DEFINITION&#8221; tab_id=&#8221;1686222033111-9c610255-6f4d&#8221;][vc_column_text woodmart_inline=&#8221;no&#8221; text_larger=&#8221;no&#8221;]Dieser Teil von ISO 105 legt ein Pr\u00fcfverfahren zur Bestimmung der Farbechtheit von Textilien gegen\u00fcber Haushalts- oder gewerblichen Waschverfahren fest, die mit einem Referenzwaschmittel verwendet werden. Die Pr\u00fcfungen dieser Norm geben die Wirkung von optischen Aufhellern, die in handels\u00fcblichen Waschmitteln enthalten sind, nicht wieder.[\/vc_column_text][\/vc_tta_section][vc_tta_section title=&#8221;HAUSHALTSGER\u00c4TE&#8221; tab_id=&#8221;1686222033122-59f7865a-6405&#8243;][vc_column_text woodmart_inline=&#8221;no&#8221; text_larger=&#8221;no&#8221;]Zur Durchf\u00fchrung des Tests wird ein Gyrowash\/Autowash-Testkit ben\u00f6tigt, Stahlkugeln mit 6 mm Durchmesser, eine Waage, Reinigungsmittel ohne optische Aufheller, ein pH-Meter, ein Ofen, die Auswertekammer zur visuellen Kontrolle und ein Grauma\u00dfstab (zur Beurteilung von Entladung und Degradation). Multifasergewebe DW (mit Wolle und Acetat) f\u00fcr Maschenware oder Multifasergewebe TV (ohne Wolle und Acetat) f\u00fcr gewebte Stoffe.[\/vc_column_text][\/vc_tta_section][vc_tta_section title=&#8221;METHODE&#8221; tab_id=&#8221;1686222055941-7aa44251-2262&#8243;][vc_column_text woodmart_inline=&#8221;no&#8221; text_larger=&#8221;no&#8221;]<\/p>\n<ul>\n<li>Das mechanische Gyrowash\/Autowash-Ger\u00e4t besteht aus einem Wasserbad mit einem Rotor, der an einer radial f\u00fchrenden Achse befestigt ist, mehreren Edelstahlbeh\u00e4ltern (75 mm Durchmesser, 125 mm hoch und 550 ml Fassungsverm\u00f6gen. Seine Rotationsfrequenz betr\u00e4gt 40 min^ (-1)<\/li>\n<li>Der Stoff wird unter Empfangsbedingungen getestet und nur ein Testst\u00fcck mit den Abmessungen 40&#215;100 mm (+\/-2) wird zusammen mit dem Testimonialstoff Multifibra TV -DW (ISO 105-F10:1989\/AMD 1:2009) hergestellt.<\/li>\n<li>Jedes Reagenzglas mit dem Testgewebe wird in den Gyrowash\/Autowash-Becher mit einem Waschbadvolumen von 50 ml eingebracht. Es wird kein aktives Chlor oder Natriumperborat verwendet. 25 Stahlkugeln werden aufgetragen, f\u00fcr Schuppengewebe pH 10,5 +\/- 0,1, ECE-Waschmittel (ohne optische Aufheller), 30 Minuten bei 60 \u00b0C testen. 10 Stahlkugeln aufgetragen f\u00fcr Strickware, ECE-Waschmittel (ohne optischen Aufheller), 30 Minuten bei 40\u00b0C testen.<\/li>\n<li>Die Waschl\u00f6sung wird durch Aufl\u00f6sen von 4 g Waschmittel pro Liter Wasser der Qualit\u00e4t 3 hergestellt.<\/li>\n<li>Sobald der Waschzyklus beendet ist, wird die Probe zweimal f\u00fcr jeweils 1 Minute in zwei verschiedenen B\u00e4dern mit 100 ml Wasser der Qualit\u00e4t 3 bei 40 \u00b0C gesp\u00fclt; es wird an der Luft bei einer Temperatur von nicht mehr als 60\u00b0C getrocknet.<\/li>\n<\/ul>\n<p>[\/vc_column_text][\/vc_tta_section][vc_tta_section title=&#8221;ERGEBNIS&#8221; tab_id=&#8221;1686222064915-f3beec96-d91a&#8221;][vc_column_text woodmart_inline=&#8221;no&#8221; text_larger=&#8221;no&#8221;]Eine visuelle Pr\u00fcfung der Farbabgabe\/-degradation erfolgt anhand der Graustufen ISO 105 A04 und ISO 105 A05. Die Beurteilung erfolgt individuell f\u00fcr jede Faser des Mehrfasergewebes.[\/vc_column_text][\/vc_tta_section][\/vc_tta_tabs][\/vc_column][\/vc_row]<\/p>\n<\/section>","protected":false},"excerpt":{"rendered":"<p>TEXTILIEN. FARBECHTHEITSPR\u00dcFUNG. TEIL C06: FARBECHTHEIT GEGEN HAUSHALTS- UND GEWERBLICHE W\u00c4SCHE.<\/p>\n","protected":false},"featured_media":0,"comment_status":"open","ping_status":"closed","template":"","meta":{"_mi_skip_tracking":false,"_monsterinsights_sitenote_active":false,"_monsterinsights_sitenote_note":"","_monsterinsights_sitenote_category":0},"product_cat":[885],"product_tag":[],"class_list":["post-11271","product","type-product","status-publish","hentry","product_cat-normativ"],"acf":[],"_links":{"self":[{"href":"https:\/\/lenard.tech\/de\/wp-json\/wp\/v2\/product\/11271","targetHints":{"allow":["GET"]}}],"collection":[{"href":"https:\/\/lenard.tech\/de\/wp-json\/wp\/v2\/product"}],"about":[{"href":"https:\/\/lenard.tech\/de\/wp-json\/wp\/v2\/types\/product"}],"replies":[{"embeddable":true,"href":"https:\/\/lenard.tech\/de\/wp-json\/wp\/v2\/comments?post=11271"}],"wp:attachment":[{"href":"https:\/\/lenard.tech\/de\/wp-json\/wp\/v2\/media?parent=11271"}],"wp:term":[{"taxonomy":"product_cat","embeddable":true,"href":"https:\/\/lenard.tech\/de\/wp-json\/wp\/v2\/product_cat?post=11271"},{"taxonomy":"product_tag","embeddable":true,"href":"https:\/\/lenard.tech\/de\/wp-json\/wp\/v2\/product_tag?post=11271"}],"curies":[{"name":"wp","href":"https:\/\/api.w.org\/{rel}","templated":true}]}}