
{"id":11274,"date":"2023-03-31T08:20:50","date_gmt":"2023-03-31T08:20:50","guid":{"rendered":"https:\/\/lenard.tech\/producto\/une-en-iso-105-b02\/"},"modified":"2023-09-01T09:10:07","modified_gmt":"2023-09-01T09:10:07","slug":"une-en-iso-105-b022013","status":"publish","type":"product","link":"https:\/\/lenard.tech\/de\/producto\/une-en-iso-105-b022013\/","title":{"rendered":"UNE-EN ISO 105-B02:2013"},"content":{"rendered":"<section class=\"wpb-content-wrapper\"><p>[vc_row][vc_column][vc_column_text woodmart_inline=&#8221;no&#8221; text_larger=&#8221;no&#8221;]TEXTILIEN. ECHTHEITSPR\u00dcFUNGEN. TEIL B02: FARBECHTHEIT GEGEN\u00dcBER K\u00dcNSTLICHEM LICHT: XENON-BOGENLAMPE[\/vc_column_text][\/vc_column][\/vc_row][vc_row][vc_column][vc_tta_tabs][vc_tta_section title=&#8221;DEFINITION&#8221; tab_id=&#8221;1686221263705-5b1e8fc1-5727&#8243;][vc_column_text woodmart_inline=&#8221;no&#8221; text_larger=&#8221;no&#8221;]Dieser Teil der Norm ISO 105 legt ein Pr\u00fcfverfahren zur Bestimmung der Farbechtheit von Textilien gegen\u00fcber der Einwirkung von k\u00fcnstlichem Licht fest, das dem nat\u00fcrlichen Tageslicht entspricht.<\/p>\n<p>Ein Probest\u00fcck des zu pr\u00fcfenden Textils wird zusammen mit einem Satz Referenzmaterialien unter kontrollierten Bedingungen k\u00fcnstlichem Licht ausgesetzt. Die Farbechtheit wird bewertet, indem der Farbabbau der Probe mit den verwendeten Referenzmaterialien verglichen wird.[\/vc_column_text][\/vc_tta_section][vc_tta_section title=&#8221;GER\u00c4TE&#8221; tab_id=&#8221;1686221263712-1d448d02-ad3d&#8221;][vc_column_text woodmart_inline=&#8221;no&#8221; text_larger=&#8221;no&#8221;]<\/p>\n<ul>\n<li>Zur Durchf\u00fchrung der Pr\u00fcfung sind eine Alterungskammer mit Kunstlicht, Xenotest-Ausstattung sowie eine Auswertekammer zur Sichtkontrolle erforderlich.<\/li>\n<li>Blauskala und Grauskala<\/li>\n<li>Ausr\u00fcstung zur Messung der Feuchtigkeitskontrolle<\/li>\n<li>Schwarzk\u00f6rper-Temperatursensoren.<\/li>\n<li>Undurchsichtige Deckel zur teilweisen Abdeckung der Proben.<\/li>\n<\/ul>\n<p>[\/vc_column_text][\/vc_tta_section][vc_tta_section title=&#8221;PROBEN&#8221; tab_id=&#8221;1686221286987-c2e6bc03-e4dd&#8221;][vc_column_text woodmart_inline=&#8221;no&#8221; text_larger=&#8221;no&#8221;]Das Pr\u00fcfst\u00fcck kann aus einem Stoffstreifen, nebeneinander gewickelten oder parallel angeordneten und an einer Pappe befestigten F\u00e4den oder einem Gewebe aus gek\u00e4mmten Fasern bestehen, die zu einer glatten Oberfl\u00e4che komprimiert und an einer Pappe befestigt sind. Die gesamte Oberfl\u00e4che, belichtet oder unbelichtet, darf nicht kleiner als 10 mm x 8 mm sein.<\/p>\n<p>Die Kappen m\u00fcssen in engem Kontakt mit der Oberfl\u00e4che der unbelichteten Bereiche der Reagenzgl\u00e4ser und der blauen Skala stehen, um eine klar definierte Trennlinie zwischen den verschiedenen belichteten und unbelichteten Bereichen zu gew\u00e4hrleisten, d\u00fcrfen jedoch das Reagenzglas nicht unn\u00f6tig zusammendr\u00fccken<\/p>\n<p>Die zu pr\u00fcfenden Reagenzgl\u00e4ser und die Proben der Blauskala m\u00fcssen die gleiche Gr\u00f6\u00dfe und Form haben, um Bewertungsfehler aufgrund einer \u00fcberm\u00e4\u00dfigen Wahrnehmung des visuellen Kontrasts zwischen den belichteten und nicht belichteten Teilen in einem gr\u00f6\u00dferen Vergleichsmuster zu vermeiden zu einer n\u00e4heren Bezugnahme.[\/vc_column_text][\/vc_tta_section][vc_tta_section title=&#8221;METHODE&#8221; tab_id=&#8221;1686221297246-d886c268-d4b0&#8243;][vc_single_image image=&#8221;10913&#8243; img_size=&#8221;FULL&#8221; alignment=&#8221;center&#8221; parallax_scroll=&#8221;no&#8221; woodmart_inline=&#8221;no&#8221;][vc_column_text woodmart_inline=&#8221;no&#8221; text_larger=&#8221;no&#8221;]Es gibt 5 Testmethoden:<\/p>\n<ul>\n<li>Methode 1: Diese Methode gilt als die aussagekr\u00e4ftigste und sollte in F\u00e4llen von Solidity-Index-Streitigkeiten verwendet werden. Das Grundprinzip besteht in der Kontrolle der Expositionszeiten durch Untersuchung des Pr\u00fcflings, und folglich wird f\u00fcr jeden gepr\u00fcften Pr\u00fcfling ein vollst\u00e4ndiger Satz von Referenz-Blauskalen ben\u00f6tigt. Dieses Verfahren eignet sich besonders zur Bestimmung der Lichtechtheit von Probek\u00f6rpern.<\/li>\n<li>Methode 2: Diese Methode kann verwendet werden, wenn eine gro\u00dfe Anzahl von Proben gleichzeitig getestet werden muss. Das Grundprinzip dieser Methode ist die Kontrolle der Belichtungszeit durch Pr\u00fcfung der Referenz-Blauskalen, was die Pr\u00fcfung von Proben unterschiedlicher Lichtechtheit mit Hilfe eines einzigen Satzes von Referenz-Blauskalen erm\u00f6glicht und somit die Anzahl der ben\u00f6tigten Hilfsmittel reduziert . Dieses Verfahren ist besonders in der F\u00e4rbereiindustrie geeignet.<\/li>\n<li>Methode 3: Diese Testmethode \u00e4hnelt Methode 1, eignet sich jedoch zum Vergleich der Konformit\u00e4t des Testmusters mit einer bekannten Leistungsspezifikation. Das grundlegende Merkmal ist die Kontrolle des Pr\u00fcflings mit einer reduzierten Anzahl von Referenz-Blauskalen, typischerweise der Ziel-Referenz-Blauskala zusammen mit den zwei Referenz-Blauskalen, die zu der Ziel-Referenz-Blauskala f\u00fchren. Auf diese Weise ist es m\u00f6glich, die Probe zu quantifizieren, die die geforderte Leistungsspezifikation nicht erf\u00fcllt. Bei diesem Verfahren werden je nach Bedarf etwa ein Drittel bis zwei Drittel der Pr\u00fcfk\u00f6rper und Referenz-Blauskalen mit einem lichtundurchl\u00e4ssigen Deckel abgedeckt.<\/li>\n<li>Methode 4: Diese Methode \u00e4hnelt Methode 1, dient jedoch dazu, die \u00dcbereinstimmung mit einer zuvor vereinbarten Referenzprobe zu \u00fcberpr\u00fcfen. Grundlegendes Merkmal ist die Kontrolle der Einwirkzeit durch Besichtigung des zuvor vereinbarten R\u00fcckstellmusters. Es ist m\u00f6glich, die Proben nur mit der Referenzprobe ohne das Vorhandensein von Referenz-Blauschuppen zu belichten. Dieses Verfahren eignet sich besonders als Kontrollverfahren und erm\u00f6glicht den Vergleich vieler Pr\u00fcfk\u00f6rper mit der gleichen Referenzprobe.<\/li>\n<li>Methode 5: Diese Methode eignet sich zur \u00dcberpr\u00fcfung der Einhaltung zuvor vereinbarter Strahlungsenergien. Eine Exposition von Pr\u00fcfst\u00fccke allein oder mit blauen Referenzskalen ist m\u00f6glich. Die Proben sollten belichtet werden, bis die zuvor vereinbarte Menge an Strahlungsenergie erreicht ist.<\/li>\n<\/ul>\n<p>[\/vc_column_text][\/vc_tta_section][vc_tta_section title=&#8221;ERGEBNISSE&#8221; tab_id=&#8221;1686221314257-c9424c30-c4f8&#8243;][vc_column_text woodmart_inline=&#8221;no&#8221; text_larger=&#8221;no&#8221;]Die Lichtexposition wird beendet, wenn die Gewebezersetzung Stufe 3 auf der Grauskala oder Stufe 4 auf der Grauskala erreicht hat.[\/vc_column_text][\/vc_tta_section][\/vc_tta_tabs][\/vc_column][\/vc_row][vc_row][vc_column][\/vc_column][\/vc_row]<\/p>\n<\/section>","protected":false},"excerpt":{"rendered":"<p>TEXTILIEN. ECHTHEITSPR\u00dcFUNGEN. TEIL B02: FARBECHTHEIT GEGEN\u00dcBER K\u00dcNSTLICHEM LICHT: XENON-BOGENLAMPE<\/p>\n","protected":false},"featured_media":0,"comment_status":"open","ping_status":"closed","template":"","meta":{"_mi_skip_tracking":false,"_monsterinsights_sitenote_active":false,"_monsterinsights_sitenote_note":"","_monsterinsights_sitenote_category":0},"product_cat":[885],"product_tag":[],"class_list":["post-11274","product","type-product","status-publish","hentry","product_cat-normativ"],"acf":[],"_links":{"self":[{"href":"https:\/\/lenard.tech\/de\/wp-json\/wp\/v2\/product\/11274","targetHints":{"allow":["GET"]}}],"collection":[{"href":"https:\/\/lenard.tech\/de\/wp-json\/wp\/v2\/product"}],"about":[{"href":"https:\/\/lenard.tech\/de\/wp-json\/wp\/v2\/types\/product"}],"replies":[{"embeddable":true,"href":"https:\/\/lenard.tech\/de\/wp-json\/wp\/v2\/comments?post=11274"}],"wp:attachment":[{"href":"https:\/\/lenard.tech\/de\/wp-json\/wp\/v2\/media?parent=11274"}],"wp:term":[{"taxonomy":"product_cat","embeddable":true,"href":"https:\/\/lenard.tech\/de\/wp-json\/wp\/v2\/product_cat?post=11274"},{"taxonomy":"product_tag","embeddable":true,"href":"https:\/\/lenard.tech\/de\/wp-json\/wp\/v2\/product_tag?post=11274"}],"curies":[{"name":"wp","href":"https:\/\/api.w.org\/{rel}","templated":true}]}}