
{"id":11280,"date":"2023-03-31T08:18:51","date_gmt":"2023-03-31T08:18:51","guid":{"rendered":"https:\/\/lenard.tech\/producto\/une-en-20811\/"},"modified":"2025-10-22T14:02:54","modified_gmt":"2025-10-22T14:02:54","slug":"une-en-iso-8112019","status":"publish","type":"product","link":"https:\/\/lenard.tech\/de\/producto\/une-en-iso-8112019\/","title":{"rendered":"UNE-EN ISO 811:2019"},"content":{"rendered":"<section class=\"wpb-content-wrapper\"><p>[vc_row][vc_column width=&#8221;1\/2&#8243;][vc_column_text woodmart_inline=&#8221;no&#8221; text_larger=&#8221;no&#8221;]<\/p>\n<h1>BESTIMMUNG DES WIDERSTANDS GEGEN DAS DURCHDRINGEN VON WASSER<\/h1>\n<p>[\/vc_column_text][\/vc_column][vc_column width=&#8221;1\/2&#8243;][vc_video link=&#8221;https:\/\/youtu.be\/tJjx6A1zi9E&#8221; woodmart_css_id=&#8221;67e543bde7f28&#8243; image_poster_switch=&#8221;no&#8221;][\/vc_column][\/vc_row][vc_row][vc_column][vc_tta_tabs title_tag=&#8221;h3&#8243; section_title_tag=&#8221;h3&#8243; style=&#8221;modern&#8221; color=&#8221;white&#8221; active_section=&#8221;1&#8243; no_fill_content_area=&#8221;true&#8221;][vc_tta_section title=&#8221;ZIEL&#8221; tab_id=&#8221;1685522856905-7d802a20-a20a21c1-80f6&#8243; el_class=&#8221;Bold&#8221;][vc_column_text woodmart_inline=&#8221;no&#8221; text_larger=&#8221;no&#8221;]Diese Internationale Norm soll ein Pr\u00fcfverfahren unter hydrostatischem Druck beschreiben, um den Widerstand von Stoffen gegen das Durchdringen von Wasser zu bestimmen.[\/vc_column_text][\/vc_tta_section][vc_tta_section title=&#8221;INSTRUMENTE&#8221; tab_id=&#8221;1686150702004-36787cb7-c58c&#8221;][vc_column_text woodmart_inline=&#8221;no&#8221; text_larger=&#8221;no&#8221;]Die einzusetzenden Ger\u00e4te m\u00fcssen so gezeichnet sein, dass sie die folgenden Bedingungen erf\u00fcllen k\u00f6nnen<\/p>\n<ul>\n<li>Es muss m\u00f6glich sein, das Testst\u00fcck des Gewebes so zu fixieren, dass das Testst\u00fcck horizontal ist<\/li>\n<li>Eine Gewebeoberfl\u00e4che, die einem gleichm\u00e4\u00dfig steigenden Wasserdruck von oben oder unten im Reagenzglas ausgesetzt wird<\/li>\n<li>Kein Auslaufen an den R\u00e4ndern<\/li>\n<li>Die Neigung von Wasser, in die N\u00e4he der Probenkante zu sickern, und der Klemmdruck werden minimiert<\/li>\n<li>Destilliertes Wasser, das auf 20\u00baC, 12\u00baC, 27\u00baC gehalten werden muss, die gew\u00e4hlte Temperatur muss im Pr\u00fcfbericht angegeben werden.<\/li>\n<li>Die Anstiegsgeschwindigkeit des Wasserdrucks sollte 10 cm H<sub>2<\/sub>O\/min \u00b1 0,5 cm H<sub>2<\/sub>O\/min oder 60 cm H<sub>2<\/sub>O\/min \u00b1 3 cm H<sub>2<\/sub>O (9,8 mbar H<sub>2<\/sub>O\/min \u00b1 0,5 mbar H2=\/ min oder 58,8 mbar H<sub>2<\/sub>O\/min betragen \u00b1 2,9 mbar H<sub>2<\/sub>O\/min<\/li>\n<li>An den verwendeten Beh\u00e4lter wird ein Manometer angeschlossen.<\/li>\n<\/ul>\n<p>[\/vc_column_text][\/vc_tta_section][vc_tta_section title=&#8221;KONDITIONIERUNG&#8221; tab_id=&#8221;1685522856916-22531c7c-aaf121c1-80f6&#8243;][vc_column_text woodmart_inline=&#8221;no&#8221; text_larger=&#8221;no&#8221;]<\/p>\n<ul>\n<li>Die Konditionierung des Gewebes und die Testbedingungen m\u00fcssen gem\u00e4\u00df den Bestimmungen der ISO 139 durchgef\u00fchrt werden.<\/li>\n<\/ul>\n<p>[\/vc_column_text][\/vc_tta_section][vc_tta_section title=&#8221;PR\u00dcFK\u00d6RPER&#8221; tab_id=&#8221;1685522905490-667bc0bb-5e1a21c1-80f6&#8243;][vc_column_text woodmart_inline=&#8221;no&#8221; text_larger=&#8221;no&#8221;]<\/p>\n<ul>\n<li>Mindestens f\u00fcnf Pr\u00fcfk\u00f6rper werden aus verschiedenen Teilen entnommen, damit sie m\u00f6glichst repr\u00e4sentativ f\u00fcr den zu pr\u00fcfenden Textilartikel sind.<\/li>\n<\/ul>\n<p>[\/vc_column_text][\/vc_tta_section][vc_tta_section title=&#8221;VERFAHREN&#8221; tab_id=&#8221;1685522925803-967944e9-649921c1-80f6&#8243;][vc_column_text woodmart_inline=&#8221;no&#8221; text_larger=&#8221;no&#8221;]<\/p>\n<ul>\n<li>F\u00fcr jedes getestete Reagenzglas muss das destillierte Wasser gewechselt werden<\/li>\n<li>Der Pr\u00fcfling wird in die Halterung eingesetzt und \u00fcber die Pr\u00fcfk\u00fcvette gelegt<\/li>\n<li>Das m\u00f6gliche Eindringen von Wasser wird kontinuierlich \u00fcberwacht<\/li>\n<li>Der Druck wird in Zentimetern herk\u00f6mmlicher Wassers\u00e4ule in dem Moment aufgezeichnet, in dem der dritte Wassertropfen durch das Reagenzglas tritt.<\/li>\n<li>Die Genauigkeit der aufgezeichneten Druckmessung muss sein:<\/li>\n<\/ul>\n<p>[\/vc_column_text][vc_single_image image=&#8221;10618&#8243; img_size=&#8221;FULL&#8221; parallax_scroll=&#8221;no&#8221; woodmart_inline=&#8221;no&#8221;][\/vc_tta_section][vc_tta_section title=&#8221;ERGEBNISSE&#8221; tab_id=&#8221;1686151108302-7d378c7a-6a31&#8243;][vc_column_text woodmart_inline=&#8221;no&#8221; text_larger=&#8221;no&#8221;]Der Mittelwert der aufgezeichneten Dr\u00fccke f\u00fcr die der Pr\u00fcfung vorgelegten Proben wird gem\u00e4\u00df Kapitel 7 berechnet. Die Einzelergebnisse und das Durchschnittsergebnis, ausgedr\u00fcckt in Zentimetern herk\u00f6mmlicher Wassers\u00e4ule, werden aufgezeichnet.<\/p>\n<p>Z.B. 670(cm\/H2O)[\/vc_column_text][\/vc_tta_section][\/vc_tta_tabs][\/vc_column][\/vc_row][vc_row][vc_column][\/vc_column][\/vc_row]<\/p>\n<\/section>","protected":false},"excerpt":{"rendered":"<p>Textilien \u2013 Bestimmung des Widerstandes gegen das Eindringen von Wasser \u2013 Unterdruck-Hydrostat. <span style=\"color: #ffff99;\">Gleichwertigkeit mit den Normen EN ISO 811:2018 und ISO 811:2018.<\/span><\/p>\n","protected":false},"featured_media":0,"comment_status":"open","ping_status":"closed","template":"","meta":{"_mi_skip_tracking":false,"_monsterinsights_sitenote_active":false,"_monsterinsights_sitenote_note":"","_monsterinsights_sitenote_category":0},"product_cat":[885],"product_tag":[],"class_list":["post-11280","product","type-product","status-publish","hentry","product_cat-normativ"],"acf":[],"_links":{"self":[{"href":"https:\/\/lenard.tech\/de\/wp-json\/wp\/v2\/product\/11280","targetHints":{"allow":["GET"]}}],"collection":[{"href":"https:\/\/lenard.tech\/de\/wp-json\/wp\/v2\/product"}],"about":[{"href":"https:\/\/lenard.tech\/de\/wp-json\/wp\/v2\/types\/product"}],"replies":[{"embeddable":true,"href":"https:\/\/lenard.tech\/de\/wp-json\/wp\/v2\/comments?post=11280"}],"wp:attachment":[{"href":"https:\/\/lenard.tech\/de\/wp-json\/wp\/v2\/media?parent=11280"}],"wp:term":[{"taxonomy":"product_cat","embeddable":true,"href":"https:\/\/lenard.tech\/de\/wp-json\/wp\/v2\/product_cat?post=11280"},{"taxonomy":"product_tag","embeddable":true,"href":"https:\/\/lenard.tech\/de\/wp-json\/wp\/v2\/product_tag?post=11280"}],"curies":[{"name":"wp","href":"https:\/\/api.w.org\/{rel}","templated":true}]}}