
{"id":11283,"date":"2023-03-31T08:17:35","date_gmt":"2023-03-31T08:17:35","guid":{"rendered":"https:\/\/lenard.tech\/producto\/une-en-61482-2\/"},"modified":"2026-03-06T12:46:27","modified_gmt":"2026-03-06T12:46:27","slug":"une-en-61482-22021","status":"publish","type":"product","link":"https:\/\/lenard.tech\/de\/producto\/une-en-61482-22021\/","title":{"rendered":"UNE-EN 61482-2:2021"},"content":{"rendered":"<section class=\"wpb-content-wrapper\"><p>[vc_row][vc_column][vc_column_text woodmart_inline=&#8221;no&#8221; text_larger=&#8221;no&#8221;]<\/p>\n<p id=\"tw-target-text\" class=\"tw-data-text tw-text-large tw-ta\" dir=\"ltr\" tabindex=\"-1\" role=\"text\" data-placeholder=\"Traducci\u00f3n\" data-ved=\"2ahUKEwjSvOGgo7qQAxXEV6QEHZ-4BP4Q3ewLegQIChAV\" aria-label=\"Texto traducido: ARBEITEN UNTER SPANNUNG. SCHUTZKLEIDUNG GEGEN THERMISCHE GEFAHREN DURCH LICHTBOGEN\u00dcBERSCHLAG. TEIL 2: ANFORDERUNGEN. Entspricht EN 61482-2:2020 und IEC 61482-2:2018.\">Live-Arbeiten \u2013 Schutzkleidung gegen thermische Gefahren eines Lichtbogens \u2013 Teil 2: Anforderungen. Entspricht EN 61482-2:2020 und IEC 61482-2:2018.\u201c<\/p>\n<p>[\/vc_column_text][\/vc_column][\/vc_row][vc_row][vc_column][vc_tta_tabs][vc_tta_section title=&#8221;OBJEKT&#8221; tab_id=&#8221;1686221073399-e88b523d-20e2&#8243;][vc_column_text woodmart_inline=&#8221;no&#8221; text_larger=&#8221;no&#8221;]Diese Norm legt die Schutzwerte fest, die Kleidungsst\u00fccke und Stoffe gegen die thermischen Risiken eines Lichtbogens einhalten m\u00fcssen. Die Schutzstufen k\u00f6nnen gem\u00e4\u00df folgenden Normen verwendet werden: Open Arc EN 61482-1-1, das die Werte der Lichtbogenangabe [ELIM (Infallende Energiegrenze ohne Wahrscheinlichkeit des Verbrennens), ATPV (Arc Thermal Performance Value) und\/oder EBT (Open Breaking Threshold Energy)] oder Box Test EN 61482-1-2 in der Klasse 1 (4 Ka) oder Klasse 2 (7 Ka) erfasst.[\/vc_column_text][\/vc_tta_section][vc_tta_section title=&#8221;ANFORDERUNGEN&#8221; tab_id=&#8221;1686221073407-ddcbeaca-bfce&#8221;][vc_column_text woodmart_inline=&#8221;no&#8221; text_larger=&#8221;no&#8221;]<strong>VORBEHANDLUNG:<\/strong> 5 Zyklen gem\u00e4\u00df Herstelleranweisung (EN 6330\/EN 15797)<\/p>\n<p>KONDITIONIERUNG: 24 Stunden bei 20 \u00b1 2 \u00baC und 65 \u00b1 5 % RH<\/p>\n<table style=\"height: 2238px;\" width=\"1453\">\n<tbody>\n<tr>\n<td width=\"160\"><strong>PR\u00dcFMETHODE<\/strong><\/td>\n<td width=\"145\"><strong>TESTSTANDARD<\/strong><\/td>\n<td width=\"146\"><strong>BESCHREIBUNG<\/strong><\/td>\n<td width=\"146\"><strong>ANFORDERUNGEN<\/strong><\/td>\n<\/tr>\n<tr>\n<td rowspan=\"2\" width=\"160\">THERMISCHER LICHTBOGENSCHUTZ<\/td>\n<td width=\"145\">IEC 61482-1-1<\/td>\n<td width=\"146\">Vorbehandelter Stoff<\/p>\n<p>Open Arc, Open Arc f\u00fcr ELIM-Werte; ATPV; EBT in cal\/cm2<\/td>\n<td width=\"146\">Informationswert<\/p>\n<p>ELIM und ATPV oder Ebt m\u00fcssen bereitgestellt werden<\/td>\n<\/tr>\n<tr>\n<td width=\"145\">IEC 61482-1-2<\/td>\n<td width=\"146\">Vorbehandelter Stoff<\/p>\n<p>Schutzkleidung gegen thermische Gefahren durch einen Lichtbogen. Box-Test. Klassifizierung des Schutzniveaus nach der Intensit\u00e4t des Bogens<\/td>\n<td width=\"146\">Klasse 1; APC1: 4 kA<br \/>\nKlasse 2; APC2: 7 kA<\/td>\n<\/tr>\n<tr>\n<td width=\"160\">BEGRENZTE FLAMMENAUSBREITUNG<\/td>\n<td width=\"145\">ISO 15025<\/td>\n<td width=\"146\">Vorbehandeltes Gewebe: Anwendung der Flamme senkrecht zum Gewebe (Verfahren A)<\/td>\n<td width=\"146\">Flammenanwendung 10&#8221; f\u00fcr vorbehandeltes Gewebe: Keine Proben d\u00fcrfen nach oben oder an den R\u00e4ndern entz\u00fcnden, keine L\u00f6cher von \u2265 5 mm bilden, entz\u00fcndete \u00dcberreste werden nicht abgel\u00f6st, nach der Entz\u00fcndung T \u2264&#8221; 2&#8221; oder nach dem Brennen im verkohlten Bereich w\u00e4hrend des Tests erlaubt.<\/td>\n<\/tr>\n<tr>\n<td width=\"160\">VERTIKALER ELEKTRISCHER WIDERSTAND<\/td>\n<td width=\"145\">IEC 61340-2-3<\/p>\n<p>oder<\/p>\n<p>EN 1149-2<\/td>\n<td width=\"146\">Vorbehandelter Stoff. Elektroden werden auf gegen\u00fcberliegenden Oberfl\u00e4chen des zu pr\u00fcfenden Materials angebracht. An den Elektroden wird eine Gleichstromspannung angelegt und der vertikale Widerstand des Materials bestimmt.<\/td>\n<td width=\"146\">Volumetrische Festigkeit <u>&gt;<\/u> 10<sup>5<\/sup> \u03a9<\/td>\n<\/tr>\n<tr>\n<td width=\"160\">W\u00c4RMEBEST\u00c4NDIGKEIT<\/td>\n<td width=\"145\">ISO 17493<\/td>\n<td width=\"146\">Vorbehandeltes Gewebe, das 5 Minuten \u00b1 15 Sekunden bei 180 \u00b1 8\u00baC unterzogen wurde<\/td>\n<td width=\"146\">Schrumpfung \u2264 5 % L\u00e4nge\/Breite bei 180 \u00baC. Keine Schicht kann entz\u00fcnden oder schmelzen.<\/td>\n<\/tr>\n<tr>\n<td width=\"160\">ZUGFESTIGKEIT<\/td>\n<td width=\"145\">ISO 13934-1<\/td>\n<td width=\"146\">Vorbehandelter Stoff.<\/td>\n<td width=\"146\">\u2265 250 N Kette\/Schuss (Stoffe mit einem Gewicht \u2264 220 g\/m\u00b2)<\/p>\n<p>\u2265 400 N Kette\/Schuss (Stoffe mit einem Gewicht \u2265 220 g\/m\u00b2)<\/td>\n<\/tr>\n<tr>\n<td width=\"160\">ZERREI\u00dfFESTIGKEIT<\/td>\n<td width=\"145\">ISO 13937-2<\/td>\n<td width=\"146\">Vorbehandelter Stoff.<\/td>\n<td width=\"146\">\u2265 10 N Kette\/Schuss (Stoffe mit einem Gewicht \u2264 220 g\/m\u00b2)<\/p>\n<p>\u2265 15 N Kette\/Schuss (Stoffe mit einem Gewicht \u2265 220 g\/m\u00b2)<\/td>\n<\/tr>\n<tr>\n<td width=\"160\">DIMENSIONSSTABILIT\u00c4T<\/td>\n<td width=\"145\">ISO 5077<\/td>\n<td width=\"146\">% Schrumpfung nach Waschzyklen gem\u00e4\u00df den Anweisungen des Stoffherstellers. Standardm\u00e4\u00dfig mindestens 5.<\/td>\n<td width=\"146\">Offener Stoff Max. \u00b1 3% Kette\/Schuss<br \/>\nStrickstoff Max. \u00b1 5 % L\u00e4nge\/Breite<\/td>\n<\/tr>\n<tr>\n<td width=\"160\">BURST-WIDERSTAND<\/td>\n<td width=\"145\">ISO 13938-1<\/p>\n<p>ISO 13938-2<\/td>\n<td width=\"146\">Vorbehandelter Stoff<\/p>\n<p>F\u00fcr gestrickte Stoffe<\/td>\n<td width=\"146\">Mindestens 100 kPa mit einer Fl\u00e4che von 50 cm\u00b2 oder,<\/p>\n<p>mindestens 200 kPa f\u00fcr eine Fl\u00e4che von 7,3 cm\u00b2<\/td>\n<\/tr>\n<\/tbody>\n<\/table>\n<p>[\/vc_column_text][\/vc_tta_section][vc_tta_section title=&#8221;GEW\u00c4NDER&#8221; tab_id=&#8221;1686221108251-6d53561e-8320&#8243;][vc_column_text woodmart_inline=&#8221;no&#8221; text_larger=&#8221;no&#8221;]ENTWURF:<\/p>\n<ul>\n<li style=\"list-style-type: none;\">\n<ul>\n<li>Lange \u00c4rmel, die sich verl\u00e4ngern und die Handgelenke vollst\u00e4ndig abdecken.<\/li>\n<li>Vollst\u00e4ndige Abdeckung von der Taille bis zu den Kn\u00f6cheln<\/li>\n<li>Abdeckung bis zum Hals<\/li>\n<li>Keine unbedeckten \u00e4u\u00dferen Metallteile<\/li>\n<li>Keine Hardware, die von au\u00dfen zur innersten Fl\u00e4che verl\u00e4uft<\/li>\n<li>Identischer thermischer Bogenschutz vorne und vollst\u00e4ndige H\u00fclsen<\/li>\n<\/ul>\n<\/li>\n<\/ul>\n<p>[\/vc_column_text][\/vc_tta_section][vc_tta_section title=&#8221;MARKIEREN UND ETIKETTIEREN&#8221; tab_id=&#8221;1686221117539-22b09637-2054&#8243;][vc_column_text woodmart_inline=&#8221;no&#8221; text_larger=&#8221;no&#8221;]<\/p>\n<ul>\n<li>Gem\u00e4\u00df EN 13688<\/li>\n<li>Wenn das Kleidungsst\u00fcck aus verschiedenen Schichten besteht, muss die niedrigste der Lichtbogeneigenschaften und\/oder der Lichtbogenschutzklasse gekennzeichnet werden.<\/li>\n<li>Geben Sie die maximale Anzahl der W\u00e4schen an.<\/li>\n<li>Laut Piktogramm:<\/li>\n<\/ul>\n<p>[\/vc_column_text][vc_single_image image=&#8221;18730&#8243; img_size=&#8221;full&#8221; alignment=&#8221;center&#8221; parallax_scroll=&#8221;no&#8221; woodmart_inline=&#8221;no&#8221;][\/vc_tta_section][\/vc_tta_tabs][\/vc_column][\/vc_row]<\/p>\n<\/section>","protected":false},"excerpt":{"rendered":"<p id=\"tw-target-text\" class=\"tw-data-text tw-text-large tw-ta\" dir=\"ltr\" tabindex=\"-1\" role=\"text\" data-placeholder=\"Traducci\u00f3n\" data-ved=\"2ahUKEwjSvOGgo7qQAxXEV6QEHZ-4BP4Q3ewLegQIChAV\" aria-label=\"Texto traducido: ARBEITEN UNTER SPANNUNG. SCHUTZKLEIDUNG GEGEN THERMISCHE GEFAHREN DURCH LICHTBOGEN\u00dcBERSCHLAG. TEIL 2: ANFORDERUNGEN. Entspricht EN 61482-2:2020 und IEC 61482-2:2018.\">Live-Arbeiten \u2013 Schutzkleidung gegen thermische Gefahren eines Lichtbogens \u2013 Teil 2: Anforderungen. <em><span style=\"color: #ffff99;\">Entspricht EN 61482-2:2020 und IEC 61482-2:2018.<\/span><\/em><\/p>\n","protected":false},"featured_media":0,"comment_status":"open","ping_status":"closed","template":"","meta":{"_mi_skip_tracking":false,"_monsterinsights_sitenote_active":false,"_monsterinsights_sitenote_note":"","_monsterinsights_sitenote_category":0},"product_cat":[885],"product_tag":[1500,1914,1862,2439,2046,1508,1510,2403,2485,1917,1507],"class_list":["post-11283","product","type-product","status-publish","hentry","product_cat-normativ","product_tag-4ka-de","product_tag-7ka-de","product_tag-apc-1-de","product_tag-apc-2-de","product_tag-arc-flash-de","product_tag-atpv-de","product_tag-clase-1-de","product_tag-electricidad-de","product_tag-elimrenting-de","product_tag-clase-2-de","product_tag-arco-electrico-de"],"acf":[],"_links":{"self":[{"href":"https:\/\/lenard.tech\/de\/wp-json\/wp\/v2\/product\/11283","targetHints":{"allow":["GET"]}}],"collection":[{"href":"https:\/\/lenard.tech\/de\/wp-json\/wp\/v2\/product"}],"about":[{"href":"https:\/\/lenard.tech\/de\/wp-json\/wp\/v2\/types\/product"}],"replies":[{"embeddable":true,"href":"https:\/\/lenard.tech\/de\/wp-json\/wp\/v2\/comments?post=11283"}],"wp:attachment":[{"href":"https:\/\/lenard.tech\/de\/wp-json\/wp\/v2\/media?parent=11283"}],"wp:term":[{"taxonomy":"product_cat","embeddable":true,"href":"https:\/\/lenard.tech\/de\/wp-json\/wp\/v2\/product_cat?post=11283"},{"taxonomy":"product_tag","embeddable":true,"href":"https:\/\/lenard.tech\/de\/wp-json\/wp\/v2\/product_tag?post=11283"}],"curies":[{"name":"wp","href":"https:\/\/api.w.org\/{rel}","templated":true}]}}