
{"id":11286,"date":"2023-03-31T08:11:39","date_gmt":"2023-03-31T08:11:39","guid":{"rendered":"https:\/\/lenard.tech\/producto\/une-en-388\/"},"modified":"2026-02-25T14:45:57","modified_gmt":"2026-02-25T14:45:57","slug":"une-en-3882016a12018","status":"publish","type":"product","link":"https:\/\/lenard.tech\/de\/producto\/une-en-3882016a12018\/","title":{"rendered":"UNE-EN 388:2016+A1:2018"},"content":{"rendered":"<section class=\"wpb-content-wrapper\"><p>[vc_row][vc_column][vc_column_text woodmart_inline=&#8221;no&#8221; text_larger=&#8221;no&#8221;]Schutzhandschuhe gegen mechanische Risiken. <em>Gleichwertigkeit mit der Norm EN 388:2016+A1:2018.<\/em>[\/vc_column_text][\/vc_column][\/vc_row][vc_row][vc_column][vc_tta_tabs][vc_tta_section title=&#8221;OBJEKT&#8221; tab_id=&#8221;1686207310499-bda4a4a2-09b8&#8243;][vc_column_text woodmart_inline=&#8221;no&#8221; text_larger=&#8221;no&#8221;]Diese Norm legt die Methoden und Anforderungen f\u00fcr Schutzhandschuhe gegen mechanische Gefahren fest, einschlie\u00dflich Abrieb, Messerschneiden, Rei\u00dfen, Einstichen und Aufprall. Diese Methoden k\u00f6nnen auch auf Armsch\u00fctzer angewendet werden.<\/p>\n<p>Diese Norm soll in Verbindung mit EN ISO 21420 verwendet werden (wobei alle geltenden Anforderungen erf\u00fcllt werden).[\/vc_column_text][\/vc_tta_section][vc_tta_section title=&#8221;ANFORDERUNGEN&#8221; tab_id=&#8221;1686207310510-d1b28c4e-81ba&#8221;][vc_column_text woodmart_inline=&#8221;no&#8221; text_larger=&#8221;no&#8221;]Ein mechanischer Gefahrenschutzhandschuh muss f\u00fcr mindestens einen der Tests aufweisen: Abrieben, Messerschneiden, Rei\u00dfen und Einstich oder mindestens Stufe A des TDM-Schnittwiderstandstests gem\u00e4\u00df EN ISO 13997:1999; Klassifiziert nach den Mindestanforderungen f\u00fcr jede Stufe, die in der Anforderungstabelle angegeben sind.<\/p>\n<p>F\u00fcr Werkstoffe, bei denen im Messerschnittfestigkeitstest (Abschnitt 6.2) der ersten Sequenz die Anzahl der Cn+1-Zyklen in einer der getesteten Proben gr\u00f6\u00dfer als 3 betr\u00e4gt, wird die TDM-Schneidwiderstandsmethode (Abschnitt 6.3) verwendet, um den Schutz gegen das Schneiderisiko zu bewerten.<\/p>\n<p>Verpackung: mindestens 24 Stunden bei 23 \u00b1 2 \u00baC und eine relative Luftfeuchtigkeit von 50 \u00b1 5 %. F\u00fchren Sie den Test innerhalb von 5 Minuten nach dem Konditionierungstraining durch (au\u00dfer bei Tests, die l\u00e4nger als 15 Minuten dauern).<\/p>\n<table style=\"height: 1435px;\" width=\"1991\">\n<tbody>\n<tr>\n<td width=\"123\"><strong>TESTMETHODE<\/strong><\/td>\n<td width=\"95\"><strong>TESTSTANDARD<\/strong><\/td>\n<td colspan=\"2\" width=\"245\"><strong>BESCHREIBUNG<\/strong><\/td>\n<td colspan=\"5\" width=\"189\"><strong>ANFORDERUNGEN<\/strong><\/td>\n<\/tr>\n<tr>\n<td rowspan=\"2\" width=\"123\">ABRIEBFESTIGKEIT<\/td>\n<td rowspan=\"2\" width=\"95\">UNE-EN 388<\/p>\n<p>(Punkt 6.1)<\/p>\n<p>(EN ISO 12947-1<\/p>\n<p>9,0 \u00b1 0,2 kPa)<\/td>\n<td colspan=\"2\" rowspan=\"2\" width=\"245\">Originalstoff<\/p>\n<p>Er wird durch die Anzahl der f\u00fcr die Durchschlag erforderlichen Reibungen gemessen. Bewertung:<\/p>\n<p>Offener Stoff: 2 separate gebrochene F\u00e4den<\/p>\n<p>Gestrickter Stoff: 1 abgebrochenes Garn<\/td>\n<td width=\"38\"><strong>Stufe 1<\/strong><\/td>\n<td width=\"38\"><strong>Stufe 2<\/strong><\/td>\n<td width=\"38\"><strong>Stufe 3<\/strong><\/td>\n<td width=\"38\"><strong>Stufe 4<\/strong><\/td>\n<td width=\"38\"><strong>Stufe 5<\/strong><\/td>\n<\/tr>\n<tr>\n<td width=\"38\">100<\/td>\n<td width=\"38\">500<\/td>\n<td width=\"38\">2000<\/td>\n<td width=\"38\">8000<\/td>\n<td width=\"38\">&#8211;<\/td>\n<\/tr>\n<tr>\n<td width=\"123\">WIDERSTAND GEGEN MESSERSCHNEIDEN<\/td>\n<td width=\"95\">UNE-EN 388<\/p>\n<p>(Punkt 6.2)<\/td>\n<td colspan=\"2\" width=\"245\">Originalstoff<\/p>\n<p>Kreismesser, das in horizontaler Bewegung 50 mm lang schneidet und sich mit 360 \u00baC, 8 \u00b1 2 cm\/s und 5 \u00b1 0,5 N dreht<\/td>\n<td width=\"38\">1,2<\/td>\n<td width=\"38\">2,5<\/td>\n<td width=\"38\">5,0<\/td>\n<td width=\"38\">10,0<\/td>\n<td width=\"38\">20,0<\/td>\n<\/tr>\n<tr>\n<td width=\"123\">TEARRESISTENZ<\/td>\n<td width=\"95\">UNE-EN 388<\/p>\n<p>(Punkt 6.4)<\/td>\n<td colspan=\"2\" width=\"245\">Originalstoff<\/p>\n<p>Ein rechteckiges Exemplar schnitt die H\u00e4lfte seiner L\u00e4nge mit einer Geschwindigkeit von 100 \u00b1 10 mm\/min.<\/td>\n<td width=\"38\">10<\/td>\n<td width=\"38\">25<\/td>\n<td width=\"38\">50<\/td>\n<td width=\"38\">75<\/td>\n<td width=\"38\">&#8211;<\/td>\n<\/tr>\n<tr>\n<td width=\"123\">DURCHSTICHWIDERSTAND<\/td>\n<td width=\"95\">UNE-EN 388<\/p>\n<p>(Punkt 6.5)<\/td>\n<td colspan=\"2\" width=\"245\">Originalstoff<\/p>\n<p>Bewegen Sie die Sonde mit 100 mm\/min nach unten auf der Probe, bis Sie eine Verdr\u00e4ngung von 50 mm erreichen<\/td>\n<td width=\"38\">20<\/td>\n<td width=\"38\">60<\/td>\n<td width=\"38\">100<\/td>\n<td width=\"38\">150<\/td>\n<td width=\"38\">&#8211;<\/td>\n<\/tr>\n<tr>\n<td rowspan=\"2\" width=\"123\">SCHNITTWIDERSTAND DURCH CT SHARPS<\/td>\n<td rowspan=\"2\" width=\"95\">UNE-EN 388<\/p>\n<p>(Punkt 6.3)<\/p>\n<p>EN ISO 13997<\/td>\n<td rowspan=\"2\" width=\"208\">Originalstoff<\/td>\n<td width=\"37\">Level A<\/td>\n<td width=\"38\">Level B<\/td>\n<td width=\"38\">Level C<\/td>\n<td width=\"38\">Level D<\/td>\n<td width=\"38\">Level E<\/td>\n<td width=\"38\">Level F<\/td>\n<\/tr>\n<tr>\n<td width=\"37\">2<\/td>\n<td width=\"38\">5<\/td>\n<td width=\"38\">10<\/td>\n<td width=\"38\">15<\/td>\n<td width=\"38\">22<\/td>\n<td width=\"38\">30<\/td>\n<\/tr>\n<tr>\n<td width=\"123\">AUFPRALLTEST<\/p>\n<p>(optional)<\/td>\n<td width=\"95\">UNE-EN 388<\/p>\n<p>(Punkt 6.6)<\/p>\n<p>EN 13549<\/td>\n<td colspan=\"2\" width=\"245\">Dos, main et paume<\/p>\n<p>Es wird eine Aufprallenergie von 5 J angewendet.<\/td>\n<td colspan=\"5\" width=\"189\">Stufe 1<\/td>\n<\/tr>\n<\/tbody>\n<\/table>\n<p>[\/vc_column_text][\/vc_tta_section][vc_tta_section title=&#8221;GEW\u00c4NDER&#8221; tab_id=&#8221;1686207361221-3329a37f-3f32&#8243;][vc_column_text woodmart_inline=&#8221;no&#8221; text_larger=&#8221;no&#8221;]Bei Handschuhen mit einer mechanischen Rissfestigkeit von mindestens Level 1 muss eine Warnung zur Nichtverwendung tragen, wenn ein Risiko einer Verfangung in den beweglichen Teilen der Maschine besteht.[\/vc_column_text][\/vc_tta_section][vc_tta_section title=&#8221;MARKIEREN UND ETIKETTIEREN&#8221; tab_id=&#8221;1771858301175-85e28145-7114&#8243;][vc_column_text woodmart_inline=&#8221;no&#8221; text_larger=&#8221;no&#8221;]MARKIERUNG<\/p>\n<ul>\n<li>Markiert gem\u00e4\u00df ISO EN 13688<\/li>\n<li>Markieren Sie mit folgendem Piktogramm:<\/li>\n<\/ul>\n<p><a href=\"https:\/\/lenard.tech\/wp-content\/uploads\/2023\/03\/Screenshot_3-5.png\"><img loading=\"lazy\" decoding=\"async\" class=\"alignnone size-full wp-image-19429\" src=\"https:\/\/lenard.tech\/wp-content\/uploads\/2023\/03\/Screenshot_3-5.png\" alt=\"\" width=\"146\" height=\"156\" \/><\/a><\/p>\n<p>Beispiel: 3 4 4 3 E P<\/p>\n<p>Die Anzahl jeder erreichten Stufe in folgender Reihenfolge:<\/p>\n<p>Abriebfestigkeit, Messerschnittbest\u00e4ndigkeit, Rei\u00dffestigkeit, Durchstich- und Schnittwiderstand<\/p>\n<p>X = nicht analysiert<\/p>\n<p>O = erreichte das Minimum nicht<\/p>\n<p>P, wenn dies den Aufpralltest erf\u00fcllt[\/vc_column_text][\/vc_tta_section][\/vc_tta_tabs][\/vc_column][\/vc_row]<\/p>\n<\/section>","protected":false},"excerpt":{"rendered":"<p>Schutzhandschuhe gegen mechanische Risiken. <em><span style=\"color: #ffff99;\">Gleichwertigkeit mit der Norm EN 388:2016+A1:2018.<\/span><\/em><\/p>\n","protected":false},"featured_media":0,"comment_status":"open","ping_status":"closed","template":"","meta":{"_mi_skip_tracking":false,"_monsterinsights_sitenote_active":false,"_monsterinsights_sitenote_note":"","_monsterinsights_sitenote_category":0},"product_cat":[885],"product_tag":[1660,1670,3722,1669,2323],"class_list":["post-11286","product","type-product","status-publish","hentry","product_cat-normativ","product_tag-anticorte-de","product_tag-perforacion-de","product_tag-lenard-de","product_tag-nivel-e-de","product_tag-abrasion-de"],"acf":[],"_links":{"self":[{"href":"https:\/\/lenard.tech\/de\/wp-json\/wp\/v2\/product\/11286","targetHints":{"allow":["GET"]}}],"collection":[{"href":"https:\/\/lenard.tech\/de\/wp-json\/wp\/v2\/product"}],"about":[{"href":"https:\/\/lenard.tech\/de\/wp-json\/wp\/v2\/types\/product"}],"replies":[{"embeddable":true,"href":"https:\/\/lenard.tech\/de\/wp-json\/wp\/v2\/comments?post=11286"}],"wp:attachment":[{"href":"https:\/\/lenard.tech\/de\/wp-json\/wp\/v2\/media?parent=11286"}],"wp:term":[{"taxonomy":"product_cat","embeddable":true,"href":"https:\/\/lenard.tech\/de\/wp-json\/wp\/v2\/product_cat?post=11286"},{"taxonomy":"product_tag","embeddable":true,"href":"https:\/\/lenard.tech\/de\/wp-json\/wp\/v2\/product_tag?post=11286"}],"curies":[{"name":"wp","href":"https:\/\/api.w.org\/{rel}","templated":true}]}}