
{"id":11292,"date":"2023-03-31T07:50:53","date_gmt":"2023-03-31T07:50:53","guid":{"rendered":"https:\/\/lenard.tech\/producto\/une-en-1149-5\/"},"modified":"2026-02-04T14:36:46","modified_gmt":"2026-02-04T14:36:46","slug":"une-en-1149-52018","status":"publish","type":"product","link":"https:\/\/lenard.tech\/de\/producto\/une-en-1149-52018\/","title":{"rendered":"UNE-EN 1149-5:2018"},"content":{"rendered":"<section class=\"wpb-content-wrapper\"><p>[vc_row][vc_column][vc_column_text woodmart_inline=&#8221;no&#8221; text_larger=&#8221;no&#8221;]Schutzkleidung. Elektrostatische Eigenschaften. Teil 5: Anforderungen an Materialleistung und Konstruktion. <em>Entspricht EN 1149-5:2018.<\/em>[\/vc_column_text][\/vc_column][\/vc_row][vc_row][vc_column][vc_tta_tabs][vc_tta_section title=&#8221;OBJEKT&#8221; tab_id=&#8221;1686207908762-cb3a112e-2c1c&#8221;][vc_column_text woodmart_inline=&#8221;no&#8221; text_larger=&#8221;no&#8221;]Diese Norm legt Material- und Designanforderungen f\u00fcr statisch dissipative Schutzkleidung fest und schlie\u00dft Schutzhandschuhe und Schuhe aus, die vom Kleidungsst\u00fcck getrennt sind.[\/vc_column_text][\/vc_tta_section][vc_tta_section title=&#8221;ANFORDERUNGEN&#8221; tab_id=&#8221;1686207908771-eb542343-02a4&#8243;][vc_column_text woodmart_inline=&#8221;no&#8221; text_larger=&#8221;no&#8221;]<strong>VORBEHANDLUNG:<\/strong> Nach Herstelleranweisung oder standardm\u00e4\u00dfig 5 Reinigungszyklen<\/p>\n<p><strong>KONDITIONIERUNG:\u00a0 <\/strong>mindestens 24 Stunden bei 23 \u00b1 1 \u00baC bei einer relativen Luftfeuchtigkeit von 25 \u00b1 5 %<\/p>\n<table style=\"height: 1659px;\" width=\"1627\">\n<tbody>\n<tr>\n<td width=\"151\"><strong>TESTMETHODE<\/strong><\/td>\n<td width=\"95\"><strong>TESTSTANDARD<\/strong><\/td>\n<td width=\"255\"><strong>BESCHREIBUNG<\/strong><\/td>\n<td width=\"235\"><strong>ANFORDERUNGEN<\/strong><\/td>\n<\/tr>\n<tr>\n<td width=\"151\">OBERFL\u00c4CHENRESISTIVIT\u00c4T<\/td>\n<td width=\"95\">EN 1149-1<\/td>\n<td width=\"255\">Vorbehandelter Stoff. Die Probe wird auf eine isolierende Bodenplatte gelegt, und eine Reihe von Elektroden wird auf die Probe gelegt, wobei Gleichstrom angelegt wird , wodurch der Widerstand des Gewebes gemessen wird.<\/td>\n<td width=\"235\">Geometrischer Mittelwert des Oberfl\u00e4chenwiderstands<br \/>\n\u2264 2,5 10<sup> 9<\/sup> \u03a9<\/td>\n<\/tr>\n<tr>\n<td width=\"151\">BELASTUNGSDISZIPLIN<\/td>\n<td width=\"95\">EN 1149-3<\/p>\n<p>Methode 2<\/td>\n<td width=\"255\">Vorbehandelter Stoff.<\/p>\n<p>Eine Feldelektrode wird unter der Probe platziert, ohne Kontakt zwischen Probe und Elektrode. Das Gewebe ist induktionsbelastet, und die Last wird gemessen; die Feldreduktion wird verwendet, um die Halbdissipationszeit und den Schutzkoeffizienten zu bestimmen.<\/td>\n<td width=\"235\">&#8211; Jeder geometrische Mittelwert von t50 &lt; 4 s gem\u00e4\u00df Methode 2.<\/p>\n<p>oder<\/p>\n<p><span style=\"text-decoration: line-through;\">&#8211;<\/span>Der arithmetische Mittelwert von S &gt; 0,2 gem\u00e4\u00df Methode 2.<\/td>\n<\/tr>\n<tr>\n<td width=\"151\">ELEKTROSTATISCHE LADUNGSABNAHME<\/td>\n<td width=\"95\">EN 1149-5<\/td>\n<td width=\"255\">Definiert Anforderungen der EN 1149-1 oder EN 1149-3 Methode 2<\/td>\n<td width=\"235\">-Einhaltung von mindestens einer Anforderung von EN 1149-1 oder EN 1149-3 Methode 2.<\/p>\n<p>&#8211; Wenn das Material leitf\u00e4hige Dr\u00e4hte in einem Muster aus Streifen oder Gittern enth\u00e4lt, muss der Abstand dieser Dr\u00e4hte <u><\/u>\u2264 <u><\/u>\u00a010 mm betragen.<\/p>\n<p>&#8211; Wenn ein Material aus zwei oder mehr vollst\u00e4ndig verbundenen Schichten besteht, m\u00fcssen alle Schichten die Anforderungen erf\u00fcllen, oder die Innen- oder Au\u00dfenseite muss die Anforderungen erf\u00fcllen, wenn sie als Verbundmaterial getestet werden. Falls die Au\u00dfenfl\u00e4che die Anforderungen nicht erf\u00fcllt, darf die kombinierte Dicke der nicht dissipativen Schichten 2 mm nicht \u00fcberschreiten.<\/td>\n<\/tr>\n<\/tbody>\n<\/table>\n<p>[\/vc_column_text][\/vc_tta_section][vc_tta_section title=&#8221;GEW\u00c4NDER&#8221; tab_id=&#8221;1769615253683-49ff5df7-c2e6&#8243;][vc_column_text woodmart_inline=&#8221;no&#8221; text_larger=&#8221;no&#8221;]DESIGN<\/p>\n<ul>\n<li>Sie m\u00fcssen die EN ISO 13688 erf\u00fcllen<\/li>\n<li>Wenn das Kleidungsst\u00fcck aus mehreren separaten Schichten besteht, muss das Material, das die \u00e4u\u00dfere Schicht bildet, die Materialanforderungen erf\u00fcllen.<\/li>\n<li>Zubeh\u00f6r, das vollst\u00e4ndig am \u00e4u\u00dferen Material (beschichtet oder laminiert) haftet, muss den als Verbundwerkstoff getesteten Materialanforderungen entsprechen.<\/li>\n<\/ul>\n<p>[\/vc_column_text][\/vc_tta_section][vc_tta_section title=&#8221;MARKIEREN UND ETIKETTIEREN&#8221; tab_id=&#8221;1686207947929-f886657a-8cbe&#8221;][vc_column_text woodmart_inline=&#8221;no&#8221; text_larger=&#8221;no&#8221;][\/vc_column_text][vc_column_text woodmart_inline=&#8221;no&#8221; text_larger=&#8221;no&#8221;]ARKIERUNG<\/p>\n<ul>\n<li style=\"list-style-type: none;\">\n<ul>\n<li>Gekennzeichnet nach EN ISO 13688<\/li>\n<li>Markieren Sie mit folgendem Piktogramm:<\/li>\n<\/ul>\n<\/li>\n<\/ul>\n<p>[\/vc_column_text][vc_single_image image=&#8221;19048&#8243; img_size=&#8221;full&#8221; alignment=&#8221;center&#8221; parallax_scroll=&#8221;no&#8221; woodmart_inline=&#8221;no&#8221;][vc_column_text woodmart_inline=&#8221;no&#8221; text_larger=&#8221;no&#8221;]<\/p>\n<ul>\n<li>Auf Kleidungsst\u00fccken markieren Sie au\u00dferdem das Piktogramm der Bedienungsanleitung<\/li>\n<\/ul>\n<p>[\/vc_column_text][vc_single_image image=&#8221;19052&#8243; img_size=&#8221;full&#8221; alignment=&#8221;center&#8221; parallax_scroll=&#8221;no&#8221; woodmart_inline=&#8221;no&#8221;][\/vc_tta_section][\/vc_tta_tabs][\/vc_column][\/vc_row]<\/p>\n<\/section>","protected":false},"excerpt":{"rendered":"<p>Schutzkleidung. Elektrostatische Eigenschaften. Teil 5: Anforderungen an Materialleistung und Konstruktion.<span style=\"color: #ffff99;\"> Entspricht EN 1149-5:2018.<\/span><\/p>\n","protected":false},"featured_media":0,"comment_status":"open","ping_status":"closed","template":"","meta":{"_mi_skip_tracking":false,"_monsterinsights_sitenote_active":false,"_monsterinsights_sitenote_note":"","_monsterinsights_sitenote_category":0},"product_cat":[885],"product_tag":[1701,2403,1740,3722],"class_list":["post-11292","product","type-product","status-publish","hentry","product_cat-normativ","product_tag-antistatic-de","product_tag-electricidad-de","product_tag-en1149-1-de","product_tag-lenard-de"],"acf":[],"_links":{"self":[{"href":"https:\/\/lenard.tech\/de\/wp-json\/wp\/v2\/product\/11292","targetHints":{"allow":["GET"]}}],"collection":[{"href":"https:\/\/lenard.tech\/de\/wp-json\/wp\/v2\/product"}],"about":[{"href":"https:\/\/lenard.tech\/de\/wp-json\/wp\/v2\/types\/product"}],"replies":[{"embeddable":true,"href":"https:\/\/lenard.tech\/de\/wp-json\/wp\/v2\/comments?post=11292"}],"wp:attachment":[{"href":"https:\/\/lenard.tech\/de\/wp-json\/wp\/v2\/media?parent=11292"}],"wp:term":[{"taxonomy":"product_cat","embeddable":true,"href":"https:\/\/lenard.tech\/de\/wp-json\/wp\/v2\/product_cat?post=11292"},{"taxonomy":"product_tag","embeddable":true,"href":"https:\/\/lenard.tech\/de\/wp-json\/wp\/v2\/product_tag?post=11292"}],"curies":[{"name":"wp","href":"https:\/\/api.w.org\/{rel}","templated":true}]}}