
{"id":11295,"date":"2023-03-31T07:49:29","date_gmt":"2023-03-31T07:49:29","guid":{"rendered":"https:\/\/lenard.tech\/producto\/nfpa-2112\/"},"modified":"2025-07-29T09:53:11","modified_gmt":"2025-07-29T09:53:11","slug":"nfpa-21122023","status":"publish","type":"product","link":"https:\/\/lenard.tech\/de\/producto\/nfpa-21122023\/","title":{"rendered":"NFPA 2112:2023"},"content":{"rendered":"<section class=\"wpb-content-wrapper\"><p>[vc_row][vc_column][vc_column_text woodmart_inline=&#8221;no&#8221; text_larger=&#8221;no&#8221;]FEUERFESTE KLEIDUNG ZUM SCHUTZ VON INDUSTRIEPERSONAL GEGEN KURZZEITIGE W\u00c4RMEBELASTUNG DURCH FEUER[\/vc_column_text][\/vc_column][\/vc_row][vc_row][vc_column][vc_tta_tabs][vc_tta_section title=&#8221;ZWECK&#8221; tab_id=&#8221;1686316783427-a90c8831-5a85&#8243;][vc_column_text woodmart_inline=&#8221;no&#8221; text_larger=&#8221;no&#8221;]Die Norm muss die Mindestanforderungen an Design, Leistung, Pr\u00fcfung und Zertifizierung sowie Pr\u00fcfverfahren f\u00fcr flammhemmende Kleidungsst\u00fccke spezifizieren, mit der Absicht, nicht zur Verbrennungsverletzung des Tr\u00e4gers beizutragen, dem Tr\u00e4ger ein gewisses Ma\u00df an Schutz zu bieten und die Schwere von Verbrennungsverletzungen zu verringern, die beim Weggehen oder versehentlichen Kontakt mit kurzzeitiger thermischer Belastung durch Feuer entstehen.<\/p>\n<p>Diese Norm gilt nicht f\u00fcr Schutzkleidung f\u00fcr Waldbrandbek\u00e4mpfung, technische Rettung, bauliche Brandbek\u00e4mpfung, Brandbek\u00e4mpfung in der N\u00e4he oder andere Brandbek\u00e4mpfungseins\u00e4tze oder Notf\u00e4lle mit gef\u00e4hrlichen Materialien.<\/p>\n<p>Die in dieser Norm identifizierten Mindestanforderungen sind nicht dazu bestimmt, alle Schutzbed\u00fcrfnisse eines Benutzers in Bereichen zu erf\u00fcllen, in denen die Gefahr einer kurzzeitigen thermischen Brandeinwirkung besteht. Benutzer sollten sich auf NFPA 2113 beziehen, um Arten von Gefahren zu bewerten.[\/vc_column_text][\/vc_tta_section][vc_tta_section title=&#8221;MARKIERUNG&#8221; tab_id=&#8221;1686316783442-7672d9b8-f557&#8243;][vc_column_text woodmart_inline=&#8221;no&#8221; text_larger=&#8221;no&#8221;]Anforderungen an Produktetiketten.<\/p>\n<ul>\n<li>Alle schwer entflammbaren Kleidungsst\u00fccke m\u00fcssen dauerhaft und sichtbar angebrachte Produktetiketten haben.<\/li>\n<li>Das Etikett, Symbol oder Erkennungszeichen der Zertifizierungsorganisation muss dauerhaft auf dem Produktetikett angebracht oder Teil des Produktetiketts sein. (Eine Gesichtsbedeckung ist von dieser Anforderung ausgenommen)<\/li>\n<li>Alle redigierten Teile des erforderlichen Etiketts oder Produktetiketts m\u00fcssen in englischer Sprache gedruckt werden. Komplement\u00e4re Sprachen sind neben Englisch erlaubt.<\/li>\n<li>Die Verwendung von Symbolen und anderen bildlichen Darstellungen muss erlaubt sein, die schriftlichen Aussagen auf dem Produktetikett oder Etikett zu erg\u00e4nzen.<\/li>\n<li>Der folgende Hinweis muss gut leserlich in mindestens 2,5 mm (0,10 Zoll) hohen Buchstaben auf das Produktetikett gedruckt werden:<\/li>\n<li>DIESES KLEIDUNGSST\u00dcCK ERF\u00dcLLT DIE ANFORDERUNGEN VON NFPA 2112-2018. NFPA 2113 ERFORDERT OBER- UND UNTERK\u00d6RPERABDECKUNG und\/oder DIESE GESICHTSBEDECKUNG AUS STOFF ERF\u00dcLLT DIE ANFORDERUNGEN VON NFPA 2112-2018.<\/li>\n<\/ul>\n<p>Auf dem Produktetikett m\u00fcssen au\u00dferdem folgende Informationen gut leserlich in mindestens 1,6 mm (0,063 Zoll) hohen Buchstaben aufgedruckt sein:<\/p>\n<p>(1) Modellname, -nummer oder -design<\/p>\n<p>(2) Name, Identifikation oder Bezeichnung des Herstellers<\/p>\n<p>(3) Anschrift des Herstellers<\/p>\n<p>(4) Herstellungsland<\/p>\n<p>(5) Kleidungsst\u00fcck-Identifikationsnummer, Chargennummer oder Seriennummer des Herstellers<\/p>\n<p>(6) Gr\u00f6\u00dfe<\/p>\n<p>(7) Fasergehalt f\u00fcr jede Hauptgewebeschicht, einschlie\u00dflich Kaltwetter-Isoliermaterialien, aber ohne Einlagen und Etiketten.<\/p>\n<p>(8) \u201eNICHT ENTFERNEN\u201c[\/vc_column_text][vc_single_image image=&#8221;11182&#8243; img_size=&#8221;FULL&#8221; alignment=&#8221;center&#8221; parallax_scroll=&#8221;no&#8221; woodmart_inline=&#8221;no&#8221;][\/vc_tta_section][vc_tta_section title=&#8221;DESIGN&#8221; tab_id=&#8221;1686316909245-13104dc6-6c2c&#8221;][vc_column_text woodmart_inline=&#8221;no&#8221; text_larger=&#8221;no&#8221;]<\/p>\n<ul>\n<li>Alle Oberfl\u00e4chen von feuerbest\u00e4ndigen Beschl\u00e4gen m\u00fcssen frei von rauen Kanten, Graten oder scharfen Kanten sein.<\/li>\n<li>Metallische Komponenten. Verschlusssysteme oder Metallteile aus Metall d\u00fcrfen nicht in direkten Kontakt mit dem K\u00f6rper kommen.<\/li>\n<li>Anforderungen an das Gleitband. Alle Rei\u00dfverschlussb\u00e4nder m\u00fcssen aus einer inh\u00e4rent flammfesten Faser bestehen.<\/li>\n<li>Verwendung eines Futters zur Isolierung in kalten Klimazonen. Kleidungsst\u00fccke d\u00fcrfen Futter in ihrer Konstruktion enthalten, einschlie\u00dflich Kaltwetter-Isoliermaterialien, wenn das Futter in das Kleidungsst\u00fcck integriert oder herausnehmbar ist.<\/li>\n<li>Wenn Kleidungsst\u00fccke ein Kaltwetter-Isoliermaterial als Teil eines herausnehmbaren Futtersystems enthalten, muss das Kleidungsst\u00fcck so gestaltet sein, dass das aus dem Kaltwetter-Isoliermaterial bestehende herausnehmbare Futter nicht unabh\u00e4ngig getragen werden kann.<\/li>\n<\/ul>\n<p>[\/vc_column_text][\/vc_tta_section][vc_tta_section title=&#8221;KLEIDUNGS- UND STOFFANFORDERUNGEN&#8221; tab_id=&#8221;1686316943710-b1fb626e-f4e9&#8243;][vc_column_text woodmart_inline=&#8221;no&#8221; text_larger=&#8221;no&#8221;]<\/p>\n<ul>\n<li>Stoffe, die f\u00fcr die Herstellung von flammhemmenden Kleidungsst\u00fccken verwendet werden, m\u00fcssen auf W\u00e4rme\u00fcbertragungsleistung (HTP) getestet werden und m\u00fcssen eine \u201ebeabstandete\u201c HTP-Bewertung von nicht weniger als 25 J\/cm2 (6,0 cal\/cm2) aufweisen. ) und eine &#8220;Kontakt&#8221;-HTP-Bewertung von nicht weniger als 12,6 J\/cm\u00b2 (3,0 cal\/cm\u00b2).<\/li>\n<li>Wenn die flammhemmende Kleidung aus mehreren, trennbaren Schichten besteht, die separat getragen werden sollen, m\u00fcssen die Au\u00dfenschicht und die Innenschicht(en) separat gepr\u00fcft werden.<\/li>\n<li>K\u00e4lteisolierende Stoffe und Materialien, die bei der Herstellung von flammfester Kleidung verwendet werden, m\u00fcssen auf Flammbest\u00e4ndigkeit getestet werden und d\u00fcrfen eine Verkohlungsl\u00e4nge von nicht mehr als 100 mm (4 Zoll) und eine Nachflammzeit von nicht mehr als 2 Sekunden aufweisen und d\u00fcrfen dies nicht schmelzen oder tropfen (gem\u00e4\u00df NPFA 2112-Standard).<\/li>\n<li>Embleme, die auf der Au\u00dfenseite des Kleidungsst\u00fccks angebracht sind und als schwer entflammbar dargestellt werden, m\u00fcssen auf Schwerentflammbarkeit und gepr\u00fcft werden sie m\u00fcssen eine Restflamme von h\u00f6chstens 2 Sekunden haben und d\u00fcrfen nicht schmelzen oder tropfen.<\/li>\n<\/ul>\n<ul>\n<li>Reflexstreifen, die bei der Herstellung von flammfester Kleidung verwendet werden, m\u00fcssen auf Flammfestigkeit gepr\u00fcft werden und d\u00fcrfen eine Restflamme von nicht mehr als 2 Sekunden haben und d\u00fcrfen nicht schmelzen oder tropfen (gem\u00e4\u00df NPFA 2112-Standard).<\/li>\n<li>Der Stoff, der bei der Herstellung von flammfesten Kleidungsst\u00fccken verwendet wird, ausgenommen Etiketten, Futter, Innenfutter, Bel\u00fcftungsgewebe und Isoliermaterial f\u00fcr kalte Umgebungen,m\u00fcssen einzeln auf W\u00e4rmeschrumpfbest\u00e4ndigkeit gepr\u00fcft werden und d\u00fcrfen in keiner Richtung mehr als 10 Prozent schrumpfen.<\/li>\n<\/ul>\n<p>[\/vc_column_text][\/vc_tta_section][vc_tta_section title=&#8221;VORBEREITUNG DER PROBE&#8221; tab_id=&#8221;1686317033719-489649f9-92f1&#8243;][vc_column_text woodmart_inline=&#8221;no&#8221; text_larger=&#8221;no&#8221;]<\/p>\n<ul>\n<li>Proben sollten mindestens 4 Stunden lang bei 21 \u00b0C \u00b1 3 \u00b0C (70 \u00b0F \u00b1 5 \u00b0F) und 65 % \u00b1 5 % relativer Luftfeuchtigkeit konditioniert werden.<\/li>\n<li>Die Proben m\u00fcssen innerhalb von 5 Minuten nach der Entnahme aus der Konditionierung getestet werden.<\/li>\n<li>Wasch- und Trocknungsverfahren. Falls erforderlich, m\u00fcssen die Proben gem\u00e4\u00df dem folgenden AATCC 135-Verfahren der angegebenen Anzahl von Wasch- und<\/li>\n<li>Trocknungszyklen unterzogen werden.<\/li>\n<\/ul>\n<p>[\/vc_column_text][vc_single_image image=&#8221;11186&#8243; img_size=&#8221;FULL&#8221; alignment=&#8221;center&#8221; parallax_scroll=&#8221;no&#8221; woodmart_inline=&#8221;no&#8221;][vc_column_text woodmart_inline=&#8221;no&#8221; text_larger=&#8221;no&#8221;]<\/p>\n<ol>\n<li>Die letzten beiden Zyklen sollten ohne Zugabe von Reinigungsmitteln oder Chemikalien durchgef\u00fchrt werden.<\/li>\n<li>W\u00e4hrend des gesamten Waschgangs wird kein Bleichmittel oder Weichsp\u00fcler verwendet.<\/li>\n<li>Die Maschine sollte vor dem Hinzuf\u00fcgen von Chemikalien bis zum angegebenen F\u00fcllstand mit Wasser gef\u00fcllt werden.<\/li>\n<li>Der Wasserstand wird bestimmt, indem innerhalb der Waschmaschine vom Boden des Korbs bis zur Wasseroberfl\u00e4che gemessen wird.<\/li>\n<li>Die Wasserstandsmessung betr\u00e4gt 5,0 Zoll (12,7 cm) f\u00fcr die niedrige Einstellung und 10 Zoll (25,4 cm) f\u00fcr die hohe Einstellung.<\/li>\n<li>Eine volle Ladung von 9 kg (20 lb) wird gewaschen.<\/li>\n<li>W\u00e4schestoffproben m\u00fcssen mindestens 1 m2 (1 yd2) von jedem Material betragen.<\/li>\n<li>Der Maschinentyp muss eine Frontlader-Industriewaschmaschine mit einer Kapazit\u00e4t von 16 kg (35 lb) sein.<\/li>\n<li>Die Trocknertemperatur muss voreingestellt werden, um eine Trocknerauslasstemperatur von 68 \u00b0C \u00b1 3 \u00b0C (155 \u00b0F \u00b1 5 \u00b0F) ohne Last bereitzustellen.<\/li>\n<\/ol>\n<p>[\/vc_column_text][\/vc_tta_section][vc_tta_section title=&#8221; DIMENSIONSSTABILIT\u00c4T&#8221; tab_id=&#8221;1686317157161-4dd8a797-332d&#8221;][vc_column_text woodmart_inline=&#8221;no&#8221; text_larger=&#8221;no&#8221;]Nach AATCC TM135 (Maschinenzyklen 3, Waschtemperatur IV, Trocknungsverfahren Aiii)[\/vc_column_text][\/vc_tta_section][vc_tta_section title=&#8221;W\u00c4RME\u00dcBERTRAGUNGSLEISTUNGSTEST (HTP).&#8221; tab_id=&#8221;1753782729943-a3ae8df5-7e79&#8243;][vc_column_text woodmart_inline=&#8221;no&#8221; text_larger=&#8221;no&#8221;]Anzufertigen an sechs Proben, drei in Abstandskonfiguration und drei in Kontaktkonfiguration, mit den Ma\u00dfen 150 mm \u00b1 5 mm \u00d7 150 mm \u00b1 5 mm (6 Zoll \u00b1 1\u22154 Zoll \u00d7 6 Zoll \u00b1 1 \u22154 in.) und muss aus allen repr\u00e4sentativen Schichten des Kleidungsst\u00fccks bestehen<\/p>\n<ul>\n<li>Die Testst\u00fccke sollten keine N\u00e4hte aufweisen.<\/li>\n<li>Proben sollten nicht gen\u00e4ht werden, um die einzelnen Schichten zusammenzuhalten.<\/li>\n<\/ul>\n<p>Verfahren.<\/p>\n<ul>\n<li>W\u00e4rme\u00fcbertragungsleistungstests m\u00fcssen gem\u00e4\u00df ASTM F2700 auf Lager und nach 3 Reinigungszyklen durchgef\u00fchrt werden.<\/li>\n<li>Die HTP-Pr\u00fcfung von mehrschichtigen Proben muss die mehrschichtige Probenkonfiguration in ASTM F2700 f\u00fcr die Pr\u00fcfung in Abstands- und Kontaktorientierung verwenden.<\/li>\n<\/ul>\n<p>Pr\u00fcfbericht.<\/p>\n<ul>\n<li>Die individuelle Test-HTP-Bewertung jeder Probe muss separat angegeben werden<\/li>\n<li>Individuelle durchschnittliche HTP-Bewertungen m\u00fcssen f\u00fcr die \u201eAbstands-\u201c und \u201eKontakt\u201c-Tests angegeben werden.<\/li>\n<li>Wenn ein HTP-Score gr\u00f6\u00dfer als 60 ist, wird der HTP-Score als \u201e&gt;60\u201c gemeldet.<\/li>\n<li>Bestanden- oder Nichtbestehen-Bestimmungen m\u00fcssen separat auf individuellen durchschnittlichen HTP-Bewertungen f\u00fcr \u201eAbstands-\u201c und \u201eKontakt\u201c-Tests basieren.<\/li>\n<li>Wenn ein einzelnes Ergebnis eines Testsatzes um mehr als \u00b110 % vom Durchschnittsergebnis abweicht, m\u00fcssen die Ergebnisse des Testsatzes verworfen und ein anderer Probensatz getestet werden.<\/li>\n<\/ul>\n<p>&nbsp;<\/p>\n<p>[\/vc_column_text][\/vc_tta_section][vc_tta_section title=&#8221;FLAMMWIDERSTANDSPR\u00dcFUNG&#8221; tab_id=&#8221;1686317205383-6a4d8f99-4053&#8243;][vc_column_text woodmart_inline=&#8221;no&#8221; text_larger=&#8221;no&#8221;]<\/p>\n<ul>\n<li>Dieses Pr\u00fcfverfahren sollte auf alle flammfesten Kleidungsst\u00fccke, Kapuzen\/Sturmhauben und Gesichtsbedeckungen aus Stoff angewendet werden.<\/li>\n<li>Jeweils f\u00fcnf Proben aus Kett- und Schussrichtung sind zu pr\u00fcfen.<\/li>\n<li>Es wird keine zwei Kettprobest\u00fccke enthalten die gleichen Kettf\u00e4den und keine zwei Schussprobest\u00fccke die gleichen Schussf\u00e4den enthalten.<\/li>\n<li>Jedes Pr\u00fcfst\u00fcck muss aus einem 76 mm \u00d7 305 mm (3 Zoll \u00d7 12 Zoll) gro\u00dfen Rechteck bestehen, dessen lange Abmessung parallel zur Kette oder zum Schuss, zum Maschenst\u00e4bchen oder zur Maschenreihe oder zur Maschinenrichtung oder quer zur Maschinenrichtung verl\u00e4uft.<\/li>\n<li>F\u00fcr Strickwaren: F\u00fcnf Proben aus jeder der beiden Richtungen sind zu pr\u00fcfen.<\/li>\n<li>F\u00fcr gestrickte Kleidungsst\u00fccke: Verpackungsmuster m\u00fcssen Material enthalten, das mindestens 76 mm \u00d7 305 mm (3 Zoll \u00d7 12 Zoll) mit Kette und Schuss misst.<\/li>\n<li>Jede einzelne Schicht von Mehrschicht- oder Verbundwerkstoffsystemen muss separat gepr\u00fcft werden.<\/li>\n<li>Die Reagenzgl\u00e4ser werden vor dem Test 100 Waschzyklen gem\u00e4\u00df den folgenden Anweisungen unterzogen:<\/li>\n<\/ul>\n<p>[\/vc_column_text][vc_single_image image=&#8221;11190&#8243; img_size=&#8221;FULL&#8221; alignment=&#8221;center&#8221; parallax_scroll=&#8221;no&#8221; woodmart_inline=&#8221;no&#8221;][vc_column_text woodmart_inline=&#8221;no&#8221; text_larger=&#8221;no&#8221;]<\/p>\n<ul>\n<li>Flammbest\u00e4ndigkeitstests m\u00fcssen gem\u00e4\u00df ASTM D6413 vor und nach 100 Waschzyklen durchgef\u00fchrt werden.<\/li>\n<li>Jede Probe sollte auf Anzeichen von Schmelzen und Tropfen untersucht werden.<\/li>\n<\/ul>\n<p>&nbsp;<\/p>\n<p>Pr\u00fcfbericht.<\/p>\n<ul>\n<li>Die Zeit nach der Flamme und die Verkohlungsl\u00e4nge sind f\u00fcr jedes Pr\u00fcfst\u00fcck anzugeben.<\/li>\n<li>Die durchschnittliche Nachverbrennungszeit und Verkohlungsl\u00e4nge m\u00fcssen f\u00fcr jedes Material berechnet und angegeben werden.<\/li>\n<li>Die Nach-Flammzeit ist der n\u00e4chstgelegenen 0,2 Sekunden zu melden und die verkohlte L\u00e4nge mit einer Ann\u00a8herung von 3,2 mm (1\u22158 Zoll).<\/li>\n<\/ul>\n<ul>\n<li>Pass\/Fail-Kriterien sollten auf beobachtetem Schmelzen und Abtropfen, durchschnittlicher Nachflammzeit und durchschnittlicher Verkohlungsl\u00e4nge basieren.<\/li>\n<li>Ein Versagen in einer der beiden Richtungen stellt ein Materialversagen dar.<\/li>\n<li>Jeweils f\u00fcnf Proben aus Kett- und Schussrichtung sind zu pr\u00fcfen.<\/li>\n<\/ul>\n<p>[\/vc_column_text][\/vc_tta_section][vc_tta_section title=&#8221;TEST DER W\u00c4RME- UND THERMISCHEN SCHRUMPFBEST\u00c4NDIGKEIT.&#8221; tab_id=&#8221;1686317320270-59aaad22-f4ab&#8221;][vc_column_text woodmart_inline=&#8221;no&#8221; text_larger=&#8221;no&#8221;]<\/p>\n<ul>\n<li>W\u00e4rmebest\u00e4ndigkeitspr\u00fcfungen sollten nur an mindestens drei Probek\u00f6rpern durchgef\u00fchrt werden<\/li>\n<li>Sowohl der Hitzebest\u00e4ndigkeitstest als auch der W\u00e4rmekontraktionstest m\u00fcssen jeweils an mindestens drei Proben durchgef\u00fchrt werden.<\/li>\n<li>Jede trennbare Schicht von Mehrschicht- oder Verbundwerkstoffsystemen sollte als Einzelschicht gepr\u00fcft werden.<\/li>\n<li>Das Testverfahren sollte wie in ASTM F2894 spezifiziert sein, mit den folgenden Modifikationen:<\/li>\n<\/ul>\n<ol>\n<li>Die Ofent\u00fcr sollte nicht l\u00e4nger als 15 Sekunden ge\u00f6ffnet bleiben.<\/li>\n<li>Der optionale Spannrahmen muss f\u00fcr alle gewebten Muster verwendet werden, wenn dies vom Hersteller angegeben ist.<\/li>\n<\/ol>\n<p>Pr\u00fcfbericht<\/p>\n<ul>\n<li>Entz\u00fcndungs-, Schmelz- und Abtropf- oder Abl\u00f6sungsbeobachtungen m\u00fcssen f\u00fcr jede Probe gemeldet werden.<\/li>\n<li>Die Abmessungen der Proben m\u00fcssen 381 mm \u00b1 13 x 381 mm \u00b1 13 betragen.<\/li>\n<li>Die Innenmarkierung betr\u00e4gt 250 x 250 mm \u00b1 6.<\/li>\n<li>Die prozentuale \u00c4nderung der Breiten- und L\u00e4ngenabmessungen jeder Probe muss berechnet und die Ergebnisse als Durchschnitt der drei Proben in jeder Dimension angegeben werden.<\/li>\n<li>Jegliche Anzeichen von Entz\u00fcndung, Schmelzen und Tropfen oder Trennung in einem Reagenzglas stellen ein fehlgeschlagenes Ergebnis dar.<\/li>\n<li>Ein Versagen in irgendeiner Dimension stellt ein Versagen der gesamten Probe dar.<\/li>\n<\/ul>\n<p>[\/vc_column_text][\/vc_tta_section][vc_tta_section title=&#8221;MANIKIN TEST&#8221; tab_id=&#8221;1686317368289-904a9e1e-78e9&#8243;][vc_column_text woodmart_inline=&#8221;no&#8221; text_larger=&#8221;no&#8221;]Drei Proben sollten nach einem Wasch- und Trocknungszyklus getestet werden.<\/p>\n<ul>\n<li>Die zu testenden Stoffe m\u00fcssen verwendet werden, um das in ASTM F1930 spezifizierte Standard-Kleidungsdesign mit den folgenden Spezifikationen zu konstruieren.<\/li>\n<li>Die Proben f\u00fcr die Konditionierung m\u00fcssen vollst\u00e4ndige Kleidungsst\u00fccke sein.<\/li>\n<li>4,5-ozy-Kleidungsst\u00fccke sollten im Bereich von 30 % bis 42 % der vorhergesagten K\u00f6rperverbrennung liegen, und die Ergebnisse f\u00fcr 6-ozy-Kleidungsst\u00fccke sollten im Bereich von 16 % bis 24 % der vorhergesagten K\u00f6rperverbrennung liegen.<\/li>\n<li>Standard-Referenzkleidungsst\u00fccke aus 4,5 oz und 6 oz, 93 % niedrigkristalliner, f\u00e4rbbarer Meta-Aramid\/5 % Para-Aramid\/2 % induktiver antistatischer Faser sollten alle sechs Monate oder seltener getestet werden<\/li>\n<li>Die Referenz- 4.5 Ozy-Kleidungsst\u00fccke m\u00fcssen in Leinwandbindung sein. 4,5 osy\/\u20130,2 osy 93 % f\u00e4rbbare, niedrig kristalline meta-Aramid\/5 % para-Aramid\/2 % k\u00f6nigsblau gef\u00e4rbte induktive antistatische Faser ohne Appretur. Stoffe, die zur Herstellung von Kleidungsst\u00fccken verwendet werden, m\u00fcssen aus Ne38\/2 \/-5% Garn bestehen und eine Fadenzahl von 66 \/-2 \u00d7 42 Schuss\/-2 aufweisen.<\/li>\n<li>Referenz 6.0 Ozy-Kleidungsst\u00fccke m\u00fcssen in Leinwandbindung sein. 6,0 oz\/\u20130,3 osy 93 % f\u00e4rbbares Meta-Aramid mit geringer Kristallinit\u00e4t\/5 % Para-Aramid\/2 % unbehandelte, st\u00fcckgef\u00e4rbte induktive antistatische Faser K\u00f6nigsblau. Zur Herstellung von Kleidungsst\u00fccken verwendeter Stoff muss aus Ne30\/2 \/-5% bestehen und eine 67-Fadenzahl\/-2 \u00d7 46 Schuss\/-2-Konstruktion aufweisen.<\/li>\n<li>Proben m\u00fcssen gem\u00e4\u00df ASTM F1930 getestet werden.<\/li>\n<\/ul>\n<p>Mit folgenden Spezifikationen:[\/vc_column_text][vc_single_image image=&#8221;11194&#8243; img_size=&#8221;FULL&#8221; alignment=&#8221;center&#8221; parallax_scroll=&#8221;no&#8221; woodmart_inline=&#8221;no&#8221;][vc_column_text woodmart_inline=&#8221;no&#8221; text_larger=&#8221;no&#8221;]<\/p>\n<ul>\n<li>Die Schaufensterpuppe muss in 170 g\/m2 (5,0 oz\/yd2) (\u00b1 5 %), gestricktem Jersey, Slips aus 100 % Baumwolle und 140 g\/m2 (4,2 oz\/yd2) (\u00b1 5 %) Jersey-Strick-T-Shirt gekleidet sein. Hemden aus 100 % Baumwolle mit kurzen \u00c4rmeln und Rundhalsausschnitt, bevor Sie das Muster des Kleidungsst\u00fccks auf die Schaufensterpuppe legen.<\/li>\n<\/ul>\n<p>Pr\u00fcfbericht.<\/p>\n<ul>\n<li>Der prognostizierte prozentuale K\u00f6rperbrand basierend auf der gesamten von den Sensoren abgedeckten Oberfl\u00e4che, ausgenommen H\u00e4nde und F\u00fc\u00dfe, muss f\u00fcr jede Probe angegeben werden.<\/li>\n<li>Die vorhergesagte durchschnittliche K\u00f6rperverbrennung f\u00fcr alle Reagenzgl\u00e4ser muss berechnet und angegeben werden.<\/li>\n<li>Die allgemeine Brandeinwirkung darf nicht mehr als 50 % der gesamten abgedeckten Fl\u00e4che, H\u00e4nde und F\u00fc\u00dfe ausgenommen, \u00fcberschreiten.<\/li>\n<\/ul>\n<p>[\/vc_column_text][\/vc_tta_section][vc_tta_section title=&#8221;W\u00c4RMEBEST\u00c4NDIGKEITSTEST DES GARNS&#8221; tab_id=&#8221;1686317428879-a4114b88-5132&#8243;][vc_column_text woodmart_inline=&#8221;no&#8221; text_larger=&#8221;no&#8221;]<\/p>\n<ul>\n<li>Die Pr\u00fcfmethode f\u00fcr die Hitzebest\u00e4ndigkeit von F\u00e4den muss auf jeden Fadentyp angewendet werden, der bei der Herstellung von feuerfester Kleidung, Kapuze\/Sturmhaube, Handschuhen und anderen Bez\u00fcgen als Stickereien verwendet wird.<\/li>\n<li>Die Proben werden bei 260 \u00b0C (500 \u00b0F) gem\u00e4\u00df ASTM D7138, Standardtestverfahren f\u00fcr die Schmelztemperatur synthetischer Fasern, getestet.<\/li>\n<\/ul>\n<p>[\/vc_column_text][\/vc_tta_section][\/vc_tta_tabs][\/vc_column][\/vc_row]<\/p>\n<\/section>","protected":false},"excerpt":{"rendered":"<p>FEUERFESTE KLEIDUNG ZUM SCHUTZ VON INDUSTRIEPERSONAL GEGEN KURZZEITIGE W\u00c4RMEBELASTUNG DURCH FEUER<\/p>\n","protected":false},"featured_media":0,"comment_status":"open","ping_status":"closed","template":"","meta":{"_mi_skip_tracking":false,"_monsterinsights_sitenote_active":false,"_monsterinsights_sitenote_note":"","_monsterinsights_sitenote_category":0},"product_cat":[885],"product_tag":[],"class_list":["post-11295","product","type-product","status-publish","hentry","product_cat-normativ"],"acf":[],"_links":{"self":[{"href":"https:\/\/lenard.tech\/de\/wp-json\/wp\/v2\/product\/11295","targetHints":{"allow":["GET"]}}],"collection":[{"href":"https:\/\/lenard.tech\/de\/wp-json\/wp\/v2\/product"}],"about":[{"href":"https:\/\/lenard.tech\/de\/wp-json\/wp\/v2\/types\/product"}],"replies":[{"embeddable":true,"href":"https:\/\/lenard.tech\/de\/wp-json\/wp\/v2\/comments?post=11295"}],"wp:attachment":[{"href":"https:\/\/lenard.tech\/de\/wp-json\/wp\/v2\/media?parent=11295"}],"wp:term":[{"taxonomy":"product_cat","embeddable":true,"href":"https:\/\/lenard.tech\/de\/wp-json\/wp\/v2\/product_cat?post=11295"},{"taxonomy":"product_tag","embeddable":true,"href":"https:\/\/lenard.tech\/de\/wp-json\/wp\/v2\/product_tag?post=11295"}],"curies":[{"name":"wp","href":"https:\/\/api.w.org\/{rel}","templated":true}]}}