
{"id":11298,"date":"2023-03-31T07:46:38","date_gmt":"2023-03-31T07:46:38","guid":{"rendered":"https:\/\/lenard.tech\/producto\/iso-9150\/"},"modified":"2025-10-23T12:00:00","modified_gmt":"2025-10-23T12:00:00","slug":"iso-91501988","status":"publish","type":"product","link":"https:\/\/lenard.tech\/de\/producto\/iso-91501988\/","title":{"rendered":"ISO 9150:1988"},"content":{"rendered":"<section class=\"wpb-content-wrapper\"><p>[vc_row][vc_column][vc_column_text woodmart_inline=&#8221;no&#8221; text_larger=&#8221;no&#8221;]<\/p>\n<p id=\"tw-target-text\" class=\"tw-data-text tw-text-large tw-ta\" dir=\"ltr\" tabindex=\"-1\" role=\"text\" data-placeholder=\"Traducci\u00f3n\" data-ved=\"2ahUKEwjw56762beQAxW4Q_EDHWZDLwMQ3ewLegQIChAV\" aria-label=\"Texto traducido: Schutzkleidung \u2013 Bestimmung des Verhaltens von Materialien beim Aufprall kleiner Spritzer geschmolzenen Metalls\"><span class=\"Y2IQFc\" lang=\"de\">Schutzkleidung \u2013 Bestimmung des Verhaltens von Materialien beim Aufprall kleiner Spritzer geschmolzenen Metalls<\/span><\/p>\n<p>[\/vc_column_text][\/vc_column][\/vc_row][vc_row][vc_column][vc_tta_tabs][vc_tta_section title=&#8221;ZIEL&#8221; tab_id=&#8221;1686208311509-4a1f0a7b-7230&#8243;][vc_column_text woodmart_inline=&#8221;no&#8221; text_larger=&#8221;no&#8221;]Kleidung, die den Tr\u00e4ger vor kleinen Spritzern geschmolzenen Metalls sch\u00fctzen soll, ist oft hohen thermischen Belastungen ausgesetzt.<\/p>\n<p>Aufspritzen von geschmolzenen Metalltr\u00f6pfchen auf einen Punkt auf einem vertikal ausgerichteten Muster und Messung der Anzahl der Tropfen, die erforderlich sind, um einen Temperaturanstieg von 40 K auf einem Sensor hinter den Muster hervorzurufen.[\/vc_column_text][\/vc_tta_section][vc_tta_section title=&#8221;UMFANG&#8221; tab_id=&#8221;1686208311517-5588d68d-18dd&#8221;][vc_column_text woodmart_inline=&#8221;no&#8221; text_larger=&#8221;no&#8221;]Diese Internationale Norm legt ein Pr\u00fcfverfahren zur Bewertung der Leistung von Materialien fest, die f\u00fcr Schutzkleidung verwendet werden, wenn solche Materialien von kleinen Spritzern fl\u00fcssigen Metalls getroffen werden, insbesondere wenn geschmolzene Stahlpartikel gegen das Material geschleudert werden.<\/p>\n<p>Sie gilt f\u00fcr alle flexiblen Materialien oder Materialgruppen, die dazu bestimmt sind, Arbeiter vor kleinen Spritzern fl\u00fcssigen Metalls zu sch\u00fctzen. Sie lassen keine R\u00fcckschl\u00fcsse auf Kontakte mit gro\u00dfen Spritzern geschmolzener Fl\u00fcssigkeit zu.[\/vc_column_text][\/vc_tta_section][vc_tta_section title=&#8221;DEFINITIONEN&#8221; tab_id=&#8221;1686208349852-6fdd03e5-917b&#8221;][vc_column_text woodmart_inline=&#8221;no&#8221; text_larger=&#8221;no&#8221;]f Tropfenh\u00e4ufigkeit, ausgedr\u00fcckt als Anzahl der Tropfen pro Minute.<\/p>\n<p>m Masse eines Tropfens, ausgedr\u00fcckt in Gramm[\/vc_column_text][\/vc_tta_section][vc_tta_section title=&#8221;GER\u00c4TE&#8221; tab_id=&#8221;1686208370296-e7517b2d-9a3f&#8221;][vc_column_text woodmart_inline=&#8221;no&#8221; text_larger=&#8221;no&#8221;]<\/p>\n<ol>\n<li>Ger\u00e4t zum Erzeugen von Tropfen aus geschmolzenem Metall<\/li>\n<li>Messsensor<\/li>\n<li>Halterahmen f\u00fcr das Pr\u00fcfmuster<\/li>\n<li>Stahlst\u00e4be mit linearer Dichte Q, = 0,5 g\/cm + 0,2 g\/cm<\/li>\n<\/ol>\n<p>[\/vc_column_text][\/vc_tta_section][vc_tta_section title=&#8221;PROBEN&#8221; tab_id=&#8221;1686208385132-a8d18765-1d13&#8243;][vc_column_text woodmart_inline=&#8221;no&#8221; text_larger=&#8221;no&#8221;]Schneiden Sie aus der Laborprobe ein 120 mm x 20 mm gro\u00dfes Probest\u00fcck in einem Abstand von mindestens 50 mm von den Kanten der Probe.<\/p>\n<p>Falten Sie die Kanten der Testprobe in einem Abstand von 15 mm von beiden Enden und heften Sie sie fest, damit die Probe an den Klemmen befestigt werden kann.<\/p>\n<p>Mindestens 10 Probek\u00f6rper schneiden.[\/vc_column_text][\/vc_tta_section][vc_tta_section title=&#8221;KONDITIONIERUNG&#8221; tab_id=&#8221;1686208395296-bba59954-2443&#8243;][vc_column_text woodmart_inline=&#8221;no&#8221; text_larger=&#8221;no&#8221;]24 Std. 65 % RH + 2 % RH bei 20 \u00b0C + 2 \u00b0C[\/vc_column_text][\/vc_tta_section][vc_tta_section title=&#8221;PROBE&#8221; tab_id=&#8221;1686208422988-50a1bce9-811d&#8221;][vc_column_text woodmart_inline=&#8221;no&#8221; text_larger=&#8221;no&#8221;]<\/p>\n<ul>\n<li>Bringen Sie vor der Durchf\u00fchrung des Tests die Temperatur des Sensors auf \u00b1 2 der Raumtemperatur.<\/li>\n<li>Vorbereitung und Ausrichtung der Metallstange in der richtigen Position<\/li>\n<li>Stellen Sie die Geschwindigkeit des Motors so ein, dass der Stahlstab mit der Drehzahl vorgeschoben wird. Der erste Tropfen wird von der Z\u00e4hlung ausgeschlossen<\/li>\n<li>Fixieren Sie den Test mit den Klemmen so am Probenhalter, dass der Sensor vollst\u00e4ndig bedeckt ist<\/li>\n<li>Notieren Sie f\u00fcr jeden Test die Anzahl der Tropfen X, die erforderlich sind, um die Temperatur im Inneren des Testmusters um 40 K zu erh\u00f6hen. Testen Sie insgesamt 10 Proben und verwerfen Sie die erste.<\/li>\n<li>Starten Sie den Test mit dem n\u00e4chsten Tropfen.<\/li>\n<li>Streben Sie die niedrigste praktische Gasdurchflussrate an, um das Risiko zu minimieren, dass Metalltr\u00f6pfchen in die Flamme fliegen oder spritzen. Positionieren Sie den Stab so, dass er sich am hei\u00dfesten Punkt der Flamme befindet, also knapp hinter der Spitze des dunkelblauen Kegels<\/li>\n<li>Positionieren Sie den Probenhalter so, dass der vertikale Abstand zwischen der Mitte des Brennerstrahls und der horizontalen Mittellinie des Sensors 110 mm + 10 mm betr\u00e4gt. Stellen Sie den Abstand zwischen der Stabachse und der vertikalen Ebene der Sensorfl\u00e4che auf 60 mm + 10 mm ein. Stellen Sie den Abstand zwischen der Stabachse und der Ebene durch die vertikale Mittellinie des Sensors senkrecht zu seiner Stirnfl\u00e4che auf 15 mm + 10 mm auf der gegen\u00fcberliegenden Seite der Brennerd\u00fcse ein.<\/li>\n<li>Neigen Sie die Fallf\u00fchrung in einem Winkel von 45\u00ba. Stellen Sie den Abstand zwischen der Au\u00dfenseite der Testprobe und der Spitze der F\u00fchrung auf 1,5 mm + 1 mm ein.<\/li>\n<li>Befestigen Sie den Pr\u00fcfling mit den Klammern am Probenhalter, sodass der Sensor vollst\u00e4ndig bedeckt ist. Angebaute(s) Gegengewicht(e). Wenn die Testprobe eine Au\u00dfenfl\u00e4che hat, wird diese Fl\u00e4che Tr\u00f6pfchen ausgesetzt. Notieren Sie f\u00fcr jeden Test die Anzahl der Tropfen X, die erforderlich sind, um die Temperatur im Inneren des Testmusters um 40 K zu erh\u00f6hen. Testen Sie insgesamt 10 Testmuster.<\/li>\n<\/ul>\n<p>[\/vc_column_text][\/vc_tta_section][vc_tta_section title=&#8221;PR\u00dcFBERICHT&#8221; tab_id=&#8221;1686208436661-fc730bbe-bec9&#8243;][vc_column_text woodmart_inline=&#8221;no&#8221; text_larger=&#8221;no&#8221;]Der Pr\u00fcfbericht enth\u00e4lt die folgenden Daten:<\/p>\n<ol>\n<li>Referenz, Beschreibung der Probe und Oberfl\u00e4chendichte<\/li>\n<li>Fundstelle dieser Internationalen Norm<\/li>\n<li>Mittelwert der erhaltenen Ergebnisse<\/li>\n<li>Flammenbeobachtungen<\/li>\n<li>Jeder festgestellte Vorfall, der die Ergebnisse der Pr\u00fcfung beeinflusst haben k\u00f6nnte oder eine Verschlimmerung der m\u00f6glichen Gefahren darstellen k\u00f6nnte<\/li>\n<\/ol>\n<p>[\/vc_column_text][\/vc_tta_section][\/vc_tta_tabs][\/vc_column][\/vc_row]<\/p>\n<\/section>","protected":false},"excerpt":{"rendered":"<p><span class=\"Y2IQFc\" lang=\"de\">Schutzkleidung \u2013 Bestimmung des Verhaltens von Materialien beim Aufprall kleiner Spritzer geschmolzenen Metalls<\/span><\/p>\n","protected":false},"featured_media":0,"comment_status":"open","ping_status":"closed","template":"","meta":{"_mi_skip_tracking":false,"_monsterinsights_sitenote_active":false,"_monsterinsights_sitenote_note":"","_monsterinsights_sitenote_category":0},"product_cat":[885],"product_tag":[],"class_list":["post-11298","product","type-product","status-publish","hentry","product_cat-normativ"],"acf":[],"_links":{"self":[{"href":"https:\/\/lenard.tech\/de\/wp-json\/wp\/v2\/product\/11298","targetHints":{"allow":["GET"]}}],"collection":[{"href":"https:\/\/lenard.tech\/de\/wp-json\/wp\/v2\/product"}],"about":[{"href":"https:\/\/lenard.tech\/de\/wp-json\/wp\/v2\/types\/product"}],"replies":[{"embeddable":true,"href":"https:\/\/lenard.tech\/de\/wp-json\/wp\/v2\/comments?post=11298"}],"wp:attachment":[{"href":"https:\/\/lenard.tech\/de\/wp-json\/wp\/v2\/media?parent=11298"}],"wp:term":[{"taxonomy":"product_cat","embeddable":true,"href":"https:\/\/lenard.tech\/de\/wp-json\/wp\/v2\/product_cat?post=11298"},{"taxonomy":"product_tag","embeddable":true,"href":"https:\/\/lenard.tech\/de\/wp-json\/wp\/v2\/product_tag?post=11298"}],"curies":[{"name":"wp","href":"https:\/\/api.w.org\/{rel}","templated":true}]}}