
{"id":11301,"date":"2023-03-31T07:45:41","date_gmt":"2023-03-31T07:45:41","guid":{"rendered":"https:\/\/lenard.tech\/producto\/en-iso-14116\/"},"modified":"2025-11-06T15:12:50","modified_gmt":"2025-11-06T15:12:50","slug":"en-iso-141162015","status":"publish","type":"product","link":"https:\/\/lenard.tech\/de\/producto\/en-iso-141162015\/","title":{"rendered":"EN ISO 14116:2015"},"content":{"rendered":"<section class=\"wpb-content-wrapper\"><p>[vc_row][vc_column][vc_column_text woodmart_inline=&#8221;no&#8221; text_larger=&#8221;no&#8221;]Schutzkleidung \u2013 Schutz gegen Flammen \u2013 Materialien, Materialkombinationen und Kleidung mit begrenzter Flammenausbreitung. <em>Gleichwertigkeit mit UNE-EN ISO 14116:20115 und ISO 14116:2015.<\/em>[\/vc_column_text][\/vc_column][\/vc_row][vc_row][vc_column][vc_tta_tabs][vc_tta_section title=&#8221;ZIEL&#8221; tab_id=&#8221;1686218509273-990dcffb-2cf2&#8243;][vc_column_text woodmart_inline=&#8221;no&#8221; text_larger=&#8221;no&#8221;]Diese Internationale Norm legt grundlegende Mindestsicherheitsanforderungen und Pr\u00fcfverfahren f\u00fcr die Schutzkleidung fest, die getragen werden muss, um die M\u00f6glichkeit gelegentlicher Verbrennungen und kurzzeitigen Kontakts mit kleinen Flammen zu verringern. Bei h\u00f6heren Risiken orientieren Sie sich an der Norm EN 11612. Diese Norm deckt nicht die Anforderungen an den Handschutz ab.[\/vc_column_text][\/vc_tta_section][vc_tta_section title=&#8221;VORBEHANDLUNG&#8221; tab_id=&#8221;1686218509281-4a986197-999f&#8221;][vc_single_image image=&#8221;14031&#8243; img_size=&#8221;full&#8221; alignment=&#8221;center&#8221; parallax_scroll=&#8221;no&#8221; woodmart_inline=&#8221;no&#8221;][\/vc_tta_section][vc_tta_section title=&#8221;DESIGN&#8221; tab_id=&#8221;1686218543311-5b9e61e3-4cbb&#8221;][vc_column_text woodmart_inline=&#8221;no&#8221; text_larger=&#8221;no&#8221;]<\/p>\n<ul>\n<li>Einlagige Kleidungsst\u00fccke m\u00fcssen einen Mindestindex von 2 oder 3 haben und d\u00fcrfen nicht mit der Haut in Ber\u00fchrung kommen.<\/li>\n<li>Anforderungen nach EN 13688.<\/li>\n<\/ul>\n<p>[\/vc_column_text][\/vc_tta_section][vc_tta_section title=&#8221;MARKIERT&#8221; tab_id=&#8221;1686218551905-567dc26c-251a&#8221;][vc_column_text woodmart_inline=&#8221;no&#8221; text_larger=&#8221;no&#8221;]<\/p>\n<ul>\n<li>Geben Sie die Anzahl der maximalen W\u00e4schen an<\/li>\n<li>Zeigen Sie den kompilierten Index an<\/li>\n<li>Geben Sie an, ob es sich um ein ein- oder mehrlagiges Kleidungsst\u00fcck handelt.<\/li>\n<\/ul>\n<p>[\/vc_column_text][\/vc_tta_section][\/vc_tta_tabs][\/vc_column][\/vc_row]<\/p>\n<\/section>","protected":false},"excerpt":{"rendered":"<p>Schutzkleidung \u2013 Schutz gegen Flammen \u2013 Materialien, Materialkombinationen und Kleidung mit begrenzter Flammenausbreitung. <em><span style=\"color: #ffff99;\">Gleichwertigkeit mit UNE-EN ISO 14116:20115 und ISO 14116:2015.<\/span><\/em><\/p>\n","protected":false},"featured_media":0,"comment_status":"open","ping_status":"closed","template":"","meta":{"_mi_skip_tracking":false,"_monsterinsights_sitenote_active":false,"_monsterinsights_sitenote_note":"","_monsterinsights_sitenote_category":0},"product_cat":[885],"product_tag":[],"class_list":["post-11301","product","type-product","status-publish","hentry","product_cat-normativ"],"acf":[],"_links":{"self":[{"href":"https:\/\/lenard.tech\/de\/wp-json\/wp\/v2\/product\/11301","targetHints":{"allow":["GET"]}}],"collection":[{"href":"https:\/\/lenard.tech\/de\/wp-json\/wp\/v2\/product"}],"about":[{"href":"https:\/\/lenard.tech\/de\/wp-json\/wp\/v2\/types\/product"}],"replies":[{"embeddable":true,"href":"https:\/\/lenard.tech\/de\/wp-json\/wp\/v2\/comments?post=11301"}],"wp:attachment":[{"href":"https:\/\/lenard.tech\/de\/wp-json\/wp\/v2\/media?parent=11301"}],"wp:term":[{"taxonomy":"product_cat","embeddable":true,"href":"https:\/\/lenard.tech\/de\/wp-json\/wp\/v2\/product_cat?post=11301"},{"taxonomy":"product_tag","embeddable":true,"href":"https:\/\/lenard.tech\/de\/wp-json\/wp\/v2\/product_tag?post=11301"}],"curies":[{"name":"wp","href":"https:\/\/api.w.org\/{rel}","templated":true}]}}