
{"id":11304,"date":"2023-03-31T07:44:55","date_gmt":"2023-03-31T07:44:55","guid":{"rendered":"https:\/\/lenard.tech\/producto\/en-17493\/"},"modified":"2025-10-23T11:57:56","modified_gmt":"2025-10-23T11:57:56","slug":"iso-17493-2016","status":"publish","type":"product","link":"https:\/\/lenard.tech\/de\/producto\/iso-17493-2016\/","title":{"rendered":"ISO 17493: 2016"},"content":{"rendered":"<section class=\"wpb-content-wrapper\"><p>[vc_row][vc_column width=&#8221;1\/2&#8243;][vc_column_text woodmart_inline=&#8221;no&#8221; text_larger=&#8221;no&#8221;]<\/p>\n<p id=\"tw-target-text\" class=\"tw-data-text tw-text-large tw-ta\" dir=\"ltr\" tabindex=\"-1\" role=\"text\" data-placeholder=\"Traducci\u00f3n\" data-ved=\"2ahUKEwjw56762beQAxW4Q_EDHWZDLwMQ3ewLegQIChAV\" aria-label=\"Texto traducido: Kleidung und Ausr\u00fcstung zum Schutz gegen Hitze \u2013 Pr\u00fcfverfahren f\u00fcr die Best\u00e4ndigkeit gegen konvektive Hitze unter Verwendung eines Umluftofens\"><span class=\"Y2IQFc\" lang=\"de\">Kleidung und Ausr\u00fcstung zum Schutz gegen Hitze \u2013 Pr\u00fcfverfahren f\u00fcr die Best\u00e4ndigkeit gegen konvektive Hitze unter Verwendung eines Umluftofens<\/span><\/p>\n<p>[\/vc_column_text][\/vc_column][vc_column width=&#8221;1\/2&#8243;][vc_video link=&#8221;https:\/\/youtu.be\/f3exU9IPSV4&#8243; woodmart_css_id=&#8221;67e52cf388fb1&#8243; image_poster_switch=&#8221;no&#8221;][\/vc_column][\/vc_row][vc_row][vc_column][vc_tta_tabs][vc_tta_section title=&#8221;DEFINITION&#8221; tab_id=&#8221;1686220657824-a97f33f8-2277&#8243;][vc_column_text woodmart_inline=&#8221;no&#8221; text_larger=&#8221;no&#8221;]Dieses Pr\u00fcfverfahren erm\u00f6glicht die Bewertung der Hitzebest\u00e4ndigkeit von Materialien, Schutzkleidung und Ausr\u00fcstung.[\/vc_column_text][\/vc_tta_section][vc_tta_section title=&#8221;PRINZIP&#8221; tab_id=&#8221;1686220657836-f6e3b4af-7882&#8243;][vc_column_text woodmart_inline=&#8221;no&#8221; text_larger=&#8221;no&#8221;]Die Proben werden 5 Minuten lang bei der angegebenen Pr\u00fcftemperatur von 180 \u00b0C oder 260 \u00b0C f\u00fcr 5 Minuten in einen Hei\u00dfluftumluftofen geh\u00e4ngt. Alle sichtbaren Beobachtungen wie Verkohlung, Verformung, Abbau, Delaminierung, Spr\u00f6digkeit, Abbl\u00e4ttern, Lochbildung, Entz\u00fcndung, Schmelzen, Trennung oder Aufspaltung der Probe werden aufgezeichnet und Schwindung gemessen.<\/p>\n<p>Beobachtungen von Abbau, Spr\u00f6digkeit, Spalten, Trennung oder Abbl\u00e4ttern k\u00f6nnen als subjektiv angesehen werden und sollten nicht als Pass\/Fail-Kriterium f\u00fcr eine Produktnorm verwendet werden.[\/vc_column_text][\/vc_tta_section][vc_tta_section title=&#8221;GER\u00c4TE&#8221; tab_id=&#8221;1686220686801-896e0c14-14a3&#8243;][vc_column_text woodmart_inline=&#8221;no&#8221; text_larger=&#8221;no&#8221;]<\/p>\n<ul>\n<li>Umluftofen, der die Pr\u00fcftemperatur \u00fcber einen Zeitraum von 5 Minuten aufrechterhalten kann und \u00fcber ein ausreichendes Innenvolumen verf\u00fcgt, um das Aufh\u00e4ngen der Pr\u00fcfprobe zu erm\u00f6glichen.<\/li>\n<\/ul>\n<p>Die Pr\u00fcfungen werden bei der in der Bezugsnorm angegebenen Pr\u00fcftemperatur durchgef\u00fchrt. Sofern nicht anders angegeben, sind die Pr\u00fcfungen bei einer Pr\u00fcftemperatur von (180) \u00b0C oder (260) \u00b0C durchzuf\u00fchren.<\/p>\n<p>Die maximale Abweichung der Temperatur von den angegebenen Temperaturniveaus in:<\/p>\n<p>\u2014\u00a0\u00a0\u00a0\u00a0\u00a0\u00a0\u00a0\u00a0 260 \u00b0C f\u00fcr jedes der neun Thermoelemente darf 6,5 \u00b0C nicht \u00fcberschreiten<\/p>\n<p>\u2014\u00a0\u00a0\u00a0\u00a0\u00a0\u00a0\u00a0\u00a0 180 \u00b0C f\u00fcr jedes der neun Thermoelemente darf 4,5 \u00b0C nicht \u00fcberschreiten.<\/p>\n<ul>\n<li>Starre, quadratische Schablonen zur Gr\u00f6\u00dfenbestimmung von Materialreagenzgl\u00e4sern<\/li>\n<\/ul>\n<p>Eine Schablone mit den Ma\u00dfen 375 mm \u00d7 375 mm muss verwendet werden, um flache Materialien zu bemessen, die Gegenstand sind Schrumpfungsmessungen.<\/p>\n<p>F\u00fcr Flachmaterialien, die keiner Schrumpfmessung unterliegen, kann eine Schablone mit 150 mm \u00d7 150 mm verwendet werden.<\/p>\n<ul>\n<li>Spannrahmen zum Messen der Schrumpfung von Maschenware.<\/li>\n<\/ul>\n<p>[\/vc_column_text][\/vc_tta_section][vc_tta_section title=&#8221;PROBEN&#8221; tab_id=&#8221;1686220698017-3a206589-6633&#8243;][vc_column_text woodmart_inline=&#8221;no&#8221; text_larger=&#8221;no&#8221;]Testen Sie mindestens drei 375 mm x 375 mm gro\u00dfe Proben, die mit der oben genannten Schablone geschnitten wurden.[\/vc_column_text][\/vc_tta_section][vc_tta_section title=&#8221;VERFAHREN F\u00dcR FLACHTEXTILE&#8221; tab_id=&#8221;1686220706150-e211496a-a24e&#8221;][vc_column_text woodmart_inline=&#8221;no&#8221; text_larger=&#8221;no&#8221;]<\/p>\n<ul>\n<li>Markieren Sie den Abstand zwischen den beiden Markierungen jeder Probe mit einem Abstand von 275 mm.<\/li>\n<li>Ofen auf die angegebene Temperatur erhitzen und 30 Minuten lang stabilisieren.<\/li>\n<li>Die Probe an Metallhaken oben aufh\u00e4ngen und 5 min im Ofen zentrieren.<\/li>\n<li>F\u00fcnf Minuten nach der vorgeschriebenen Einwirkung messen Sie, falls erforderlich, die markierten Abmessungen der Probe, um die prozentuale Schrumpfung in beiden Hauptrichtungen zu bestimmen. Ziehen Sie die Strickmuster f\u00fcr 10 min auf ihre urspr\u00fcnglichen Abmessungen, entfernen Sie dann die Muster aus dem Rahmen und lassen Sie die Muster vor der Messung 10 min entspannen, um Pass\/Fail zu bestimmen.<\/li>\n<\/ul>\n<p>[\/vc_column_text][\/vc_tta_section][vc_tta_section title=&#8221;ERGEBNISSE NACH ISO 11612:2015 bei 180\u00baC&#8221; tab_id=&#8221;1686220744202-7e6db39e-c192&#8243;][vc_column_text woodmart_inline=&#8221;no&#8221; text_larger=&#8221;no&#8221;]-Kein Gewebe kann Feuer fangen<\/p>\n<p>-Kein Stoff kann geschmolzen werden<\/p>\n<p>-Kein Stoff kann mehr als 5% schrumpfen[\/vc_column_text][\/vc_tta_section][vc_tta_section title=&#8221;ERGEBNISSE NACH ISO 15384 bei 260 \u00b0C&#8221; tab_id=&#8221;1686220763829-dc0f1102-3249&#8243;][vc_column_text woodmart_inline=&#8221;no&#8221; text_larger=&#8221;no&#8221;]-Kein Gewebe kann Feuer fangen<\/p>\n<p>-Kein Stoff kann geschmolzen werden<\/p>\n<p>-Kein Stoff kann mehr als 10 % schrumpfen[\/vc_column_text][\/vc_tta_section][\/vc_tta_tabs][\/vc_column][\/vc_row]<\/p>\n<\/section>","protected":false},"excerpt":{"rendered":"<p><span class=\"Y2IQFc\" lang=\"de\">Kleidung und Ausr\u00fcstung zum Schutz gegen Hitze \u2013 Pr\u00fcfverfahren f\u00fcr die Best\u00e4ndigkeit gegen konvektive Hitze unter Verwendung eines Umluftofens<\/span><\/p>\n","protected":false},"featured_media":0,"comment_status":"open","ping_status":"closed","template":"","meta":{"_mi_skip_tracking":false,"_monsterinsights_sitenote_active":false,"_monsterinsights_sitenote_note":"","_monsterinsights_sitenote_category":0},"product_cat":[885],"product_tag":[],"class_list":["post-11304","product","type-product","status-publish","hentry","product_cat-normativ"],"acf":[],"_links":{"self":[{"href":"https:\/\/lenard.tech\/de\/wp-json\/wp\/v2\/product\/11304","targetHints":{"allow":["GET"]}}],"collection":[{"href":"https:\/\/lenard.tech\/de\/wp-json\/wp\/v2\/product"}],"about":[{"href":"https:\/\/lenard.tech\/de\/wp-json\/wp\/v2\/types\/product"}],"replies":[{"embeddable":true,"href":"https:\/\/lenard.tech\/de\/wp-json\/wp\/v2\/comments?post=11304"}],"wp:attachment":[{"href":"https:\/\/lenard.tech\/de\/wp-json\/wp\/v2\/media?parent=11304"}],"wp:term":[{"taxonomy":"product_cat","embeddable":true,"href":"https:\/\/lenard.tech\/de\/wp-json\/wp\/v2\/product_cat?post=11304"},{"taxonomy":"product_tag","embeddable":true,"href":"https:\/\/lenard.tech\/de\/wp-json\/wp\/v2\/product_tag?post=11304"}],"curies":[{"name":"wp","href":"https:\/\/api.w.org\/{rel}","templated":true}]}}