
{"id":11307,"date":"2023-03-31T07:43:25","date_gmt":"2023-03-31T07:43:25","guid":{"rendered":"https:\/\/lenard.tech\/producto\/en-12945-2\/"},"modified":"2025-10-23T11:55:49","modified_gmt":"2025-10-23T11:55:49","slug":"une-en-iso-12945-22020","status":"publish","type":"product","link":"https:\/\/lenard.tech\/de\/producto\/une-en-iso-12945-22020\/","title":{"rendered":"UNE-EN ISO 12945-2:2020"},"content":{"rendered":"<section class=\"wpb-content-wrapper\"><p>[vc_row][vc_column width=&#8221;1\/2&#8243;][vc_column_text woodmart_inline=&#8221;no&#8221; text_larger=&#8221;no&#8221;]<\/p>\n<div id=\"KnM9nf\" class=\"PZPZlf\" data-attrid=\"tw-sourceArea\" data-entityname=\"Google Translate\">\n<div id=\"tw-source\">\n<div id=\"tw-source-text-container\" class=\"tw-ta-container tw-nfl\" tabindex=\"-1\" role=\"text\" aria-label=\"Texto de origen: Textiles. Determinaci\u00f3n de la propensi\u00f3n de la superficie del tejido a la formaci\u00f3n de bolitas, pelusilla o enredos de fibra. Parte 2: M\u00e9todo Martindale modificado. Equivalencia con EN ISO 11092-2:2020 y ISO 11092-2:2020\" data-ved=\"2ahUKEwjw56762beQAxW4Q_EDHWZDLwMQ3OwLegQIChAK\">Textilien. Bestimmung der Neigung einer Textiloberfl\u00e4che zur Pilling-, Fussel- und Faserverwicklung. Teil 2: Modifiziertes Martindale-Verfahren. <em>\u00c4quivalenz mit EN ISO 11092-2:2020 und ISO 11092-2:2020<\/em><\/div>\n<\/div>\n<\/div>\n<p>[\/vc_column_text][\/vc_column][vc_column width=&#8221;1\/2&#8243;][vc_video link=&#8221;https:\/\/youtu.be\/mnq0mWM2Qsk&#8221; woodmart_css_id=&#8221;67e5473a668d5&#8243; image_poster_switch=&#8221;no&#8221;][\/vc_column][\/vc_row][vc_row][vc_column][vc_tta_tabs][vc_tta_section title=&#8221;EINLEITUNG&#8221; tab_id=&#8221;1686214047079-4822c776-c0c3&#8243;][vc_column_text woodmart_inline=&#8221;no&#8221; text_larger=&#8221;no&#8221;]Pilling entsteht, wenn sich Fasern auf der Oberfl\u00e4che eines Stoffes w\u00e4hrend des Gebrauchs aufrichten und verheddern. Dies ist im Allgemeinen eine unerw\u00fcnschte Oberfl\u00e4chenverschlechterung, aber die Akzeptanz des Verbrauchers f\u00fcr einen bestimmten Pilling-Grad h\u00e4ngt von der Art des Kleidungsst\u00fccks und der allgemeinen Verwendung des Gewebes ab.[\/vc_column_text][\/vc_tta_section][vc_tta_section title=&#8221;METHODE&#8221; tab_id=&#8221;1686214047091-58821164-b8b7&#8243;][vc_column_text woodmart_inline=&#8221;no&#8221; text_larger=&#8221;no&#8221;]Ein kreisrunder Pr\u00fcfk\u00f6rper auf einer Reibfl\u00e4che aus dem gleichen Gewebe oder ggf. aus einem abrasiven Wollgewebe wird einer definierten Kraft ausgesetzt, indem mit dem Pr\u00fcfk\u00f6rper eine Lissajous-Kurve beschrieben wird, die sich leicht um eine durchgehende Achse drehen kann durch seine Mitte, senkrecht zur Ebene der Probe. Flaum und Pilling werden nach den definierten Testschritten visuell bewertet.[\/vc_column_text][\/vc_tta_section][vc_tta_section title=&#8221;GER\u00c4TE UND HILFSMITTEL&#8221; tab_id=&#8221;1686214075556-6f72b542-c8bf&#8221;][vc_column_text woodmart_inline=&#8221;no&#8221; text_larger=&#8221;no&#8221;]Martindale Abriebpr\u00fcfmaschine nach ISO 12947-1<\/p>\n<ul>\n<li>Platten zur Bildung kleiner Kugeln<\/li>\n<li>Z\u00e4hler<\/li>\n<li>Probenhalter-F\u00fchrungsplatte<\/li>\n<li>Probenhalter<\/li>\n<li>Lastst\u00fccke (415 g oder 155 g je nach Testkategorie)<\/li>\n<li>Hilfsvorrichtung zum Platzieren der Probe<\/li>\n<li>Belastung zum Auflegen der Probe auf die Platte zur Bildung von Kugeln,<\/li>\n<li>Beobachtungskabine<\/li>\n<li>Reibungsgewebe<\/li>\n<li>Schleifgewebe aus Wolle gem\u00e4\u00df ISO 12947-1.<\/li>\n<\/ul>\n<p>[\/vc_column_text][\/vc_tta_section][vc_tta_section title=&#8221;PROBEN&#8221; tab_id=&#8221;1686214087620-c4b3498f-df49&#8243;][vc_column_text woodmart_inline=&#8221;no&#8221; text_larger=&#8221;no&#8221;]<\/p>\n<ul>\n<li>Die in den Probenhalter einzusetzende Probe muss eine Scheibe mit einem Durchmesser von (140\u00b15) Das in der Pillingplatte einzulegende Pr\u00fcfst\u00fcck kann je nach Fall einen Durchmesser von (140 \u00b1 5) \u00a0mm oder (150 \u00b1 2) mm L\u00e4nge und Breite haben.<\/li>\n<li>Mindestens drei S\u00e4tze kompletter Proben sind erforderlich, da ein kompletter Satz aus einer Probe f\u00fcr den Probenhalter besteht und eine Probe f\u00fcr die Platte zur Bildung von Pilling besteht; auch eine zus\u00e4tzliche Probe zur vergleichenden Bewertung. Bei Verwendung des Woll-Reibtuchs auf der Pillingbildungsplatte sind mindestens drei Reagenzgl\u00e4ser des zu pr\u00fcfenden Gewebes f\u00fcr die Reagenzglashalter erforderlich.<\/li>\n<li>Konditionierung: 16 h ISO 139<\/li>\n<li>Die Probe kann im Originalzustand oder nach ihrer Vorbehandlung gepr\u00fcft werden.<\/li>\n<\/ul>\n<p>[\/vc_column_text][\/vc_tta_section][vc_tta_section title=&#8221;TESTKATEGORIEN&#8221; tab_id=&#8221;1686214096395-4d69394d-6184&#8243;][vc_single_image image=&#8221;10750&#8243; img_size=&#8221;full&#8221; parallax_scroll=&#8221;no&#8221; woodmart_inline=&#8221;no&#8221;][\/vc_tta_section][vc_tta_section title=&#8221;VISUELLE BEWERTUNG DER BILDUNG VON PILLING, FLUFF UND FASERVERWIRRUNGEN&#8221; tab_id=&#8221;1686214115169-7b57a150-3ce3&#8243;][vc_single_image image=&#8221;10753&#8243; img_size=&#8221;full&#8221; parallax_scroll=&#8221;no&#8221; woodmart_inline=&#8221;no&#8221;][\/vc_tta_section][\/vc_tta_tabs][\/vc_column][\/vc_row]<\/p>\n<\/section>","protected":false},"excerpt":{"rendered":"<p>Textilien. Bestimmung der Neigung einer Textiloberfl\u00e4che zur Pilling-, Fussel- und Faserverwicklung. Teil 2: Modifiziertes Martindale-Verfahren. <span style=\"color: #ffff99;\"><em>\u00c4quivalenz mit EN ISO 11092-2:2020 und ISO 11092-2:2020<\/em><\/span><\/p>\n","protected":false},"featured_media":0,"comment_status":"open","ping_status":"closed","template":"","meta":{"_mi_skip_tracking":false,"_monsterinsights_sitenote_active":false,"_monsterinsights_sitenote_note":"","_monsterinsights_sitenote_category":0},"product_cat":[885],"product_tag":[],"class_list":["post-11307","product","type-product","status-publish","hentry","product_cat-normativ"],"acf":[],"_links":{"self":[{"href":"https:\/\/lenard.tech\/de\/wp-json\/wp\/v2\/product\/11307","targetHints":{"allow":["GET"]}}],"collection":[{"href":"https:\/\/lenard.tech\/de\/wp-json\/wp\/v2\/product"}],"about":[{"href":"https:\/\/lenard.tech\/de\/wp-json\/wp\/v2\/types\/product"}],"replies":[{"embeddable":true,"href":"https:\/\/lenard.tech\/de\/wp-json\/wp\/v2\/comments?post=11307"}],"wp:attachment":[{"href":"https:\/\/lenard.tech\/de\/wp-json\/wp\/v2\/media?parent=11307"}],"wp:term":[{"taxonomy":"product_cat","embeddable":true,"href":"https:\/\/lenard.tech\/de\/wp-json\/wp\/v2\/product_cat?post=11307"},{"taxonomy":"product_tag","embeddable":true,"href":"https:\/\/lenard.tech\/de\/wp-json\/wp\/v2\/product_tag?post=11307"}],"curies":[{"name":"wp","href":"https:\/\/api.w.org\/{rel}","templated":true}]}}