
{"id":11310,"date":"2023-03-31T07:42:28","date_gmt":"2023-03-31T07:42:28","guid":{"rendered":"https:\/\/lenard.tech\/producto\/en-11092\/"},"modified":"2025-10-23T11:52:56","modified_gmt":"2025-10-23T11:52:56","slug":"une-en-iso-110922015","status":"publish","type":"product","link":"https:\/\/lenard.tech\/de\/producto\/une-en-iso-110922015\/","title":{"rendered":"UNE-EN ISO 11092:2015"},"content":{"rendered":"<section class=\"wpb-content-wrapper\"><p>[vc_row][vc_column][vc_column_text woodmart_inline=&#8221;no&#8221; text_larger=&#8221;no&#8221;]<\/p>\n<p id=\"tw-target-text\" class=\"tw-data-text tw-text-large tw-ta\" dir=\"ltr\" style=\"text-align: left;\" tabindex=\"-1\" role=\"text\" data-placeholder=\"Traducci\u00f3n\" data-ved=\"2ahUKEwjw56762beQAxW4Q_EDHWZDLwMQ3ewLegQIChAV\" aria-label=\"Texto traducido: Textilien - Physiologische Wirkungen - Messung des W\u00e4rmewiderstands und des Widerstands gegen Wasserdampf im station\u00e4ren Zustand (Pr\u00fcfung der schwei\u00dfresistenten Platte) Gleichwertigkeit mit EN ISO 11902:2014 und ISO 11092:20214\"><span class=\"Y2IQFc\" lang=\"de\">Textilien &#8211; Physiologische Wirkungen &#8211; Messung des W\u00e4rmewiderstands und des Widerstands gegen Wasserdampf im station\u00e4ren Zustand (Pr\u00fcfung der schwei\u00dfresistenten Platte) <em>Gleichwertigkeit mit EN ISO 11902:2014 und ISO 11092:20214<\/em><\/span><\/p>\n<p>[\/vc_column_text][\/vc_column][\/vc_row][vc_row][vc_column][vc_tta_tabs][vc_tta_section title=&#8221;OBJEKT UND ANWENDUNGSBEREICH&#8221; tab_id=&#8221;1686208956949-2f141b25-5433&#8243;][vc_column_text woodmart_inline=&#8221;no&#8221; text_larger=&#8221;no&#8221;]Der W\u00e4rmewiderstand ist das Nettoergebnis der Kombination von Konvektions-, Leitungs- und Strahlungsw\u00e4rme\u00fcbertragungen. Der Wert des Widerstands h\u00e4ngt von dem Beitrag jeder dieser Komponenten zur gesamten W\u00e4rme\u00fcbertragung ab.<\/p>\n<p>Obwohl es sich um eine intrinsische Eigenschaft des Textilmaterials handelt, kann sich sein gemessener Wert aufgrund der Wechselwirkung von Parametern, wie der Strahlungsw\u00e4rme\u00fcbertragung mit der Umgebung je nach Pr\u00fcfbedingung \u00e4ndern. Das in dieser Internationalen Norm beschriebene schwei\u00dfgesch\u00fctzte W\u00e4rmeplattenverfahren (h\u00e4ufig als \u201eHautmodell\u201c bezeichnet) dient der Simulation von W\u00e4rme- und Stoff\u00fcbertragungsprozessen, die in der N\u00e4he der menschlichen Haut stattfinden.<\/p>\n<p>Die Anwendung dieser Messtechnik ist auf Maximalwerte des W\u00e4rmewiderstands und des Wasserdampfwiderstands beschr\u00e4nkt, die von den Abmessungen und der Konstruktion des verwendeten Ger\u00e4ts abh\u00e4ngen.[\/vc_column_text][\/vc_tta_section][vc_tta_section title=&#8221;BEGRIFFE UND DEFINITIONEN&#8221; tab_id=&#8221;1686208956960-f7bbd5c1-bc32&#8243;][vc_column_text woodmart_inline=&#8221;no&#8221; text_larger=&#8221;no&#8221;]thermischer Widerstand, <em>R<\/em><sub>ct<\/sub>:<\/p>\n<p>Der Temperaturunterschied zwischen den beiden Seiten eines Materials, dividiert durch den resultierenden W\u00e4rmestrom pro Fl\u00e4cheneinheit in Richtung des Gradienten.<\/p>\n<p>2 Wasserdampfbest\u00e4ndigkeit, <em>R<\/em><sub>et<\/sub>:<\/p>\n<p>Der Unterschied im Wasserdampfdruck zwischen den beiden Seiten eines Materials dividiert durch den resultierenden Verdampfungsw\u00e4rmefluss pro Fl\u00e4cheneinheit in Richtung des Gradienten.<\/p>\n<p>3 Wasserdampfdurchl\u00e4ssigkeitsindex, <em>i<\/em><sub>mt<\/sub>:<\/p>\n<p>Zusammenhang zwischen thermischen und Wasserdampfwiderst\u00e4nden.<\/p>\n<p>4 Wasserdampfdurchl\u00e4ssigkeit, <em>W<\/em><sub>d<\/sub>:<\/p>\n<p>Eigenschaft eines Textil- oder Verbundmaterials, die von seiner Wasserdampf- und Temperaturbest\u00e4ndigkeit abh\u00e4ngt.<\/p>\n<p>[\/vc_column_text][\/vc_tta_section][vc_tta_section title=&#8221;AUSR\u00dcSTUNG&#8221; tab_id=&#8221;1686208992589-baaafdb9-2578&#8243;][vc_column_text woodmart_inline=&#8221;no&#8221; text_larger=&#8221;no&#8221;]Messeinheit mit Temperatur- und Wasserzufuhrregelung, bestehend aus einer etwa 3 mm dicken Metallplatte, die auf einem leitf\u00e4higen Metallblock befestigt ist, das ein elektrisches Heizelement enth\u00e4lt. F\u00fcr die Messung des Wasserdampfwiderstandes muss die Metallplatte por\u00f6s sein. Es ist von einem Hitzeschild umgeben, das sich wiederum innerhalb einer \u00d6ffnung in einem Messtisch befindet.[\/vc_column_text][vc_single_image image=&#8221;10684&#8243; img_size=&#8221;full&#8221; parallax_scroll=&#8221;no&#8221; woodmart_inline=&#8221;no&#8221;][\/vc_tta_section][vc_tta_section title=&#8221;TESTST\u00dcCKE&#8221; tab_id=&#8221;1686209004902-dc634229-c2a9&#8243;][vc_column_text woodmart_inline=&#8221;no&#8221; text_larger=&#8221;no&#8221;]<\/p>\n<ul>\n<li>Dicke der Materialien \u00a3 5 mm<\/li>\n<\/ul>\n<p>Von jedem zu pr\u00fcfenden Material sind mindestens drei Proben auszuschneiden und zu pr\u00fcfen.<\/p>\n<p>Vor der Pr\u00fcfung m\u00fcssen die Probek\u00f6rper mindestens 12 Stunden bei einer Temperatur und Feuchtigkeit gem\u00e4\u00df Abschnitt 7.3 bzw. 7.4 konditioniert werden de 20\u00ba C 65% HR im Falle von Ret und 35\u00ba C 40% RH eb im Falle von RET.<\/p>\n<ul>\n<li>Materialst\u00e4rke &gt; 5 mm<\/li>\n<\/ul>\n<p>Proben dieser Kategorie erfordern ein spezielles Testverfahren, um einen W\u00e4rme- oder Wasserdampfverlust durch ihre Kanten zu verhindern und Konditionierung f\u00fcr 24 Stunden unter den im vorherigen Punkt angegebenen Bedingungen[\/vc_column_text][\/vc_tta_section][vc_tta_section title=&#8221;TESTPROZEDUR&#8221; tab_id=&#8221;1686209022186-87421298-8a75&#8243;][vc_column_text woodmart_inline=&#8221;no&#8221; text_larger=&#8221;no&#8221;]Die Werte der W\u00e4rme- und Dampfbest\u00e4ndigkeit, die mit dem in dieser Internationalen Norm beschriebenen Ger\u00e4t gemessen werden, schlie\u00dfen die Eigenkonstanten des Ger\u00e4tes ein.<\/p>\n<p>Zur Bestimmung des Wasserdampfwiderstandes wird eine elektrisch beheizte por\u00f6se Platte mit einer f\u00fcr fl\u00fcssiges Wasser undurchl\u00e4ssigen, aber f\u00fcr Wasserdampf durchl\u00e4ssigen Membran \u00fcberzogen. Das der beheizten Platte zugef\u00fchrte Wasser verdampft und tritt als Dampf durch die Membran, so dass das fl\u00fcssige Wasser nicht mit der Probe in Ber\u00fchrung kommt. Der W\u00e4rmestrom, der erforderlich ist, um die Platte auf einer konstanten Temperatur zu halten, ist ein Ma\u00df f\u00fcr den Verdunstungsgrad des Wassers, und daraus wird der Wasserdampfwiderstand des Probek\u00f6rpers bestimmt.<\/p>\n<ol>\n<li>MONTAGE DER PR\u00dcFST\u00dcCKE AUF DER MESSEINHEIT<\/li>\n<\/ol>\n<p>Die Proben sollten so platziert werden, dass sie flach in der Messeinheit liegen, mit der Seite, die normalerweise dem menschlichen K\u00f6rper zugewandt ist, in Richtung der Messeinheit.<\/p>\n<p>Blasen und Falten in der Probe oder Luftspalte zwischen der Probe und dem Messger\u00e4t m\u00fcssen vermieden werden.<\/p>\n<ol start=\"2\">\n<li>W\u00c4RMEWIDERSTANDSMESSUNG, <em>R<\/em><sub>ct<\/sub><\/li>\n<\/ol>\n<p>Die Temperatur der Messeinheit wird angepasst, <em>T<\/em><sub>m<\/sub>, auf 35 \u00baC und die Lufttemperatur, <em>T<\/em><sub>a<\/sub>, auf 20 \u00baC, mit ein RH von 65%. Die Luftgeschwindigkeit wird angepasst, <em>v<\/em><sub>a<\/sub>, auf 1 m\/s.<\/p>\n<ol start=\"3\">\n<li>MESSUNG DER BEST\u00c4NDIGKEIT GEGEN WASSERDAMPF, <em>R<\/em><sub>et<\/sub><\/li>\n<\/ol>\n<p>F\u00fcr die Messung des Wasserdampfwiderstands muss eine f\u00fcr fl\u00fcssiges Wasser undurchl\u00e4ssige, aber f\u00fcr Wasserdampf durchl\u00e4ssige Cellophanmembran auf die Oberfl\u00e4che der Messeinheit gelegt werden.[\/vc_column_text][\/vc_tta_section][vc_tta_section title=&#8221;ERGEBNISSE&#8221; tab_id=&#8221;1686209033852-2c5cbed1-a72d&#8221;][vc_column_text woodmart_inline=&#8221;no&#8221; text_larger=&#8221;no&#8221;]Die Ergebnisse der thermischen Widerst\u00e4nde (<em>R<\/em><sub>ct<\/sub> ) werden in \u201cm<sup>2<\/sup> \u00b7 K\/W\u201d gemessen.<\/p>\n<p>Die Ergebnisse der Best\u00e4ndigkeit gegen Wasserdampf (<em>R<\/em><sub>et<\/sub> ) werden in \u201cm<sup>2<\/sup> \u00b7 Pa\/W\u201d gemessen.[\/vc_column_text][\/vc_tta_section][\/vc_tta_tabs][\/vc_column][\/vc_row]<\/p>\n<\/section>","protected":false},"excerpt":{"rendered":"<p><span class=\"Y2IQFc\" lang=\"de\">Textilien &#8211; Physiologische Wirkungen &#8211; Messung des W\u00e4rmewiderstands und des Widerstands gegen Wasserdampf im station\u00e4ren Zustand (Pr\u00fcfung der schwei\u00dfresistenten Platte) <span style=\"color: #ffff99;\"><em>Gleichwertigkeit mit EN ISO 11902:2014 und ISO 11092:20214<\/em><\/span><\/span><\/p>\n","protected":false},"featured_media":0,"comment_status":"open","ping_status":"closed","template":"","meta":{"_mi_skip_tracking":false,"_monsterinsights_sitenote_active":false,"_monsterinsights_sitenote_note":"","_monsterinsights_sitenote_category":0},"product_cat":[885],"product_tag":[],"class_list":["post-11310","product","type-product","status-publish","hentry","product_cat-normativ"],"acf":[],"_links":{"self":[{"href":"https:\/\/lenard.tech\/de\/wp-json\/wp\/v2\/product\/11310","targetHints":{"allow":["GET"]}}],"collection":[{"href":"https:\/\/lenard.tech\/de\/wp-json\/wp\/v2\/product"}],"about":[{"href":"https:\/\/lenard.tech\/de\/wp-json\/wp\/v2\/types\/product"}],"replies":[{"embeddable":true,"href":"https:\/\/lenard.tech\/de\/wp-json\/wp\/v2\/comments?post=11310"}],"wp:attachment":[{"href":"https:\/\/lenard.tech\/de\/wp-json\/wp\/v2\/media?parent=11310"}],"wp:term":[{"taxonomy":"product_cat","embeddable":true,"href":"https:\/\/lenard.tech\/de\/wp-json\/wp\/v2\/product_cat?post=11310"},{"taxonomy":"product_tag","embeddable":true,"href":"https:\/\/lenard.tech\/de\/wp-json\/wp\/v2\/product_tag?post=11310"}],"curies":[{"name":"wp","href":"https:\/\/api.w.org\/{rel}","templated":true}]}}