
{"id":11316,"date":"2023-03-31T07:39:53","date_gmt":"2023-03-31T07:39:53","guid":{"rendered":"https:\/\/lenard.tech\/producto\/astm-f1959\/"},"modified":"2025-10-02T13:12:54","modified_gmt":"2025-10-02T13:12:54","slug":"astm-f19592024b","status":"publish","type":"product","link":"https:\/\/lenard.tech\/de\/producto\/astm-f19592024b\/","title":{"rendered":"ASTM F1959:2024b"},"content":{"rendered":"<section class=\"wpb-content-wrapper\"><p>[vc_row][vc_column][vc_column_text woodmart_inline=&#8221;no&#8221; text_larger=&#8221;no&#8221;]BESTIMMUNG DER KLASSIFIZIERUNG DES ELEKTRISCHEN LICHTBOGENS F\u00dcR ARBEITSKLEIDUNG[\/vc_column_text][\/vc_column][\/vc_row][vc_row][vc_column][vc_tta_tabs][vc_tta_section title=&#8221;ZIEL&#8221; tab_id=&#8221;1686300095560-484fda72-f805&#8243;][vc_column_text woodmart_inline=&#8221;no&#8221; text_larger=&#8221;no&#8221;]Dieses Pr\u00fcfverfahren wird verwendet, um die Lichtbogenleistung von Materialien zu messen, die als flammfeste Kleidung f\u00fcr Arbeiter verwendet werden sollen, die Lichtb\u00f6gen ausgesetzt sind, die W\u00e4rmestromraten von 2100kw\/m<sup>2<\/sup> [50 Cal\/Cm<sup>2<\/sup>s] erzeugen w\u00fcrden.<\/p>\n<p>Der Test misst die Lichtbogenleistung von Materialien, die die folgenden Anforderungen erf\u00fcllen: weniger als 150 mm [6 Zoll] Verkohlungsl\u00e4nge und weniger als 2 s nach der Flamme, wenn gem\u00e4\u00df Testmethode D6413 getestet.<\/p>\n<p>Sie gilt nicht f\u00fcr Risiken durch elektrischen Kontakt oder Stromschlag.<\/p>\n<p>Es liegt in der Verantwortung des Benutzers dieser Norm, angemessene Sicherheits- und Gesundheitspraktiken festzulegen und die Anwendbarkeit der beh\u00f6rdlichen Anforderungen vor der Verwendung zu bestimmen.[\/vc_column_text][\/vc_tta_section][vc_tta_section title=&#8221;DEFINITIONEN&#8221; tab_id=&#8221;1686300095570-53ab3fd2-6b6d&#8221;][vc_column_text woodmart_inline=&#8221;no&#8221; text_larger=&#8221;no&#8221;]<\/p>\n<ul>\n<li>Ablation, n-in-Lichtbogenpr\u00fcfung, eine physikalische Reaktion, die sich durch signifikante Erosion oder die Bildung eines oder mehrerer gro\u00dfer L\u00f6cher in einer Schicht eines mehrschichtigen Systems zeigt.<\/li>\n<li>Eab: Die einfallende Energie in einem mehrschichtigen System, die zu einer 50%igen Wahrscheinlichkeit der physikalischen Ablationsreaktion f\u00fchrt.<\/li>\n<li>Der Lichtbogenindex wird in cal\/cm2 ausgedr\u00fcckt und wird aus dem ermittelten ATPV- oder EBT-Wert (f\u00fcr den Fall, dass ein Materialsystem ein Bruchverhalten unterhalb des ATPV-Wertes aufweist) oder der nominalen Lichtbogengrenze abgeleitet. Sie kann in ATPV, EBT oder ARLim ausgedr\u00fcckt werden.<\/li>\n<li>ATPV: Einfallende Energie in einem Material oder einem mehrschichtigen Materialsystem, die zu einer Wahrscheinlichkeit von 50 % f\u00fchrt, dass ein ausreichender W\u00e4rme\u00fcbergang durch die zu pr\u00fcfende Probe erwartet wird, um das Auftreten einer Hautverbrennung zweiten Grades gem\u00e4\u00df der Stoll-Kurve5, kJ\/m2 [cal\/cm2] zu verursachen.<\/li>\n<li>Die Probe gilt als gebrochen, wenn ein Loch mindestens 1,6 cm2 [0,5 in2] oder mindestens 2,5 cm [1,0 in2] gro\u00df ist<span style=\"text-decoration: line-through;\">.<\/span>] in jeder Dimension. Bei mehrschichtigen Proben aus feuerfesten Materialien m\u00fcssen alle Schichten aufgebrochen werden, um der Definition zu entsprechen.<\/li>\n<li>EBT: Die einfallende Energie in einem Material oder Materialsystem, die zu einer \u00d6ffnungswahrscheinlichkeit von 50 % f\u00fchrt, J\/cm2 (cal\/cm2).<\/li>\n<li>ARLim: Die Lichtbogenbewertung gibt den maximalen thermischen Energieschutz an, der dem Produkt gem\u00e4\u00df den Herstellerspezifikationen nach \u00dcberpr\u00fcfung durch Pr\u00fcf- oder Nachweisgrenzen des Analyseverfahrens zugewiesen wurde. Der Wert, der aus dem Datensatz aller Stichproben zugewiesen wird, ist kleiner als die Stoll-Kurve und ohne Unterbrechung.<\/li>\n<li>W\u00e4rmestrom, n: die thermische Intensit\u00e4t, die durch die \u00fcbertragene Energiemenge dividiert durch die Oberfl\u00e4che und die Zeit kW\/m2 [cal \u2044cm2s] angegeben wird.<\/li>\n<li>Einfallsenergie (Ei), <span style=\"text-decoration: line-through;\">n:<\/span> Gesamtw\u00e4rmeenergie, die als direkte Folge eines Lichtbogens an der Oberfl\u00e4che der Platte empfangen wird.<\/li>\n<li>Stoll-Kurve5: Ein empirisches Modell von Hautverbrennungen zweiten Grades, auch bekannt als Stoll-Reaktion.<\/li>\n<li>Nenngewicht: Theoretisches Gewicht (g\/m2)<\/li>\n<li>Aktuelles Gewicht: Probengewicht vor dem Waschen und nach der Konditionierung gem\u00e4\u00df D1776\/D1776M (g\/m2)<\/li>\n<li>Gepr\u00fcftes Gewicht: Pr\u00fcfgewicht der Probe, die zur Ermittlung des Lichtbogenindex verwendet wird (g\/m2)<\/li>\n<li>Zielgewicht des Lichtbogens: Gemessenes Gewicht f\u00fcr eine bestimmte Probe, ausgedr\u00fcckt in g\/m2, das zur Erstellung der Lichtbogenklassifizierung gem\u00e4\u00df F1959\/F1959M verwendet wird<\/li>\n<li>Gemischte Zone: Bereich der einfallenden Energien, die positiv oder negativ sein k\u00f6nnen, um Verbrennungen oder Br\u00fcche zweiten Grades vorherzusagen. Der niedrige Wert des Bereichs beginnt mit der niedrigsten einfallenden Energie, was auf ein positives Ergebnis hinweist, und der hohe Wert des Bereichs ist die h\u00f6chste einfallende Energie, was auf ein negatives Ergebnis hinweist<\/li>\n<\/ul>\n<p><strong>\u00a0<\/strong><\/p>\n<p>Dieses Pr\u00fcfverfahren bestimmt die Reaktion des W\u00e4rmetransports durch ein Material, ein Gewebe oder ein Gewebesystem, wenn es der W\u00e4rmeenergie eines Lichtbogens ausgesetzt wird. Diese W\u00e4rmetransportreaktion wird anhand der Stoll-Kurve bewertet.<\/p>\n<p>Bei diesem Verfahren wird die Menge an W\u00e4rmeenergie gemessen, die vom zu pr\u00fcfenden Material w\u00e4hrend und nach der Einwirkung eines Lichtbogens \u00fcbertragen wird.<\/p>\n<p>Die Leistungsf\u00e4higkeit des Materials f\u00fcr dieses Verfahren wird durch die W\u00e4rmemenge bestimmt, die durch und durch das zu pr\u00fcfende Material \u00fcbertragen wird.<\/p>\n<p>Die mit diesem Pr\u00fcfverfahren ermittelten W\u00e4rme\u00fcbergangsdaten bilden die Grundlage f\u00fcr die Klassifizierung des Lichtbogens des Materials.<\/p>\n<p>Der mit dieser Pr\u00fcfmethode ermittelte Lichtbogenindex ist die Energiemenge, die eine 50%ige Wahrscheinlichkeit einer Verbrennung zweiten Grades vorhersagt, bestimmt durch die Stoll-Kurve oder den Bruch (wenn das Gewebe zeigt, dass es bricht, bevor die Vorhersage der Hautverbrennung erreicht ist). Es kann auch in ARLim exprimiert werden, abh\u00e4ngig von den Einschr\u00e4nkungen des Testger\u00e4ts oder der Leistung des Gewebes. Der ARLim kann ein reduziertes Limit sein, das vom Hersteller festgelegt wird:<\/p>\n<p>Die Reaktion des Materials sollte genauer beschrieben werden, indem die beobachteten Auswirkungen der Lichtbogenexposition auf die Proben aufgezeichnet werden.<\/p>\n<p>Diese Methode legt die Standards f\u00fcr die Durchf\u00fchrung des Tests unter kontrollierten Laborbedingungen fest. Unterschiedliche Expositionsbedingungen k\u00f6nnen ein gro\u00dfes Potenzial f\u00fcr unterschiedliche Ergebnisse haben. Werden abweichende Bedingungen verwendet, m\u00fcssen diese im Abschlussbericht dokumentiert werden.[\/vc_column_text][\/vc_tta_section][vc_tta_section title=&#8221;GER\u00c4TE&#8221; tab_id=&#8221;1686300198228-0a9742ba-8bbf&#8221;][vc_column_text woodmart_inline=&#8221;no&#8221; text_larger=&#8221;no&#8221;]Das Testger\u00e4t besteht aus 3 Panels mit 2 Sensoren, einem Leistungsbus und Elektroden, \u00dcberwachungssensoren, einem Netzteil, einem Testcontroller und einem Datenerfassungssystem<\/p>\n<ol>\n<li>Sensor:<br \/>\nA. Das Kalorimeter muss aus Kupfer mit einer Reinheit von mehr als 99,9 % elektrischer Qualit\u00e4t bestehen. Die Kupferscheibe muss 1,6\u00b10,1 mm dick, 40\u00b10,1 mm Durchmesser und 18\u00b11 g Gewicht haben. Diese Parameter m\u00fcssen gemessen werden, um den tats\u00e4chlichen Ansprechkoeffizienten jedes Kalorimeters zu bestimmen, das bei der Berechnung der W\u00e4rmekapazit\u00e4t verwendet werden soll.<br \/>\nB. Thermoelement Typ K (NiCr-NiAl) mit geschwei\u00dfter Spitze und einer Querschnittsfl\u00e4che von 0,05 mm2. Dieses Thermoelement befindet sich in der Bohrung in der Kupferscheibe. Das Loch wird in der Mitte der Scheibe in einer Tiefe von 1,3\u00b10,1 mm angebracht. Die Spitze sollte in der Kupferscheibe freiliegen. Die Thermoelementdr\u00e4hte trennen sich am Ausgang der Kupferscheibe (siehe Abbildung 1).<\/li>\n<\/ol>\n<p>[\/vc_column_text][vc_single_image image=&#8221;17015&#8243; img_size=&#8221;FULL&#8221; parallax_scroll=&#8221;no&#8221; woodmart_inline=&#8221;no&#8221;][vc_column_text woodmart_inline=&#8221;no&#8221; text_larger=&#8221;no&#8221;]<\/p>\n<p style=\"padding-left: 40px;\">C. Das Isoliermaterial muss eine Leitf\u00e4higkeit von weniger als 0,23 W\/mK bei einer Temperatur von h\u00f6chstens 500 \u00b0C haben.<\/p>\n<p>2. Sensor-Panel:<\/p>\n<p style=\"padding-left: 40px;\">A. Jedes Paneel besteht aus zwei Sensoren, einem Gewebest\u00fctzrahmen, einer Isolierplatte, einem Geweber\u00fcckhaltesystem und zwei Sensoren zur \u00dcberwachung.<br \/>\nB. Die D\u00e4mmplatte muss die Ma\u00dfe 20&#215;55\u00b11,3 cm haben. Es muss hitzebest\u00e4ndig sein und eine W\u00e4rmeleitf\u00e4higkeit von weniger als 0,30 W\/mK bei einer maximalen Temperatur von 200 \u00b0C aufweisen.<br \/>\nC. Beide Sensoren werden in einer vertikalen Linie in die Frontplatte eingesetzt (siehe Bild).<\/p>\n<p>[\/vc_column_text][vc_single_image image=&#8221;17019&#8243; img_size=&#8221;FULL&#8221; parallax_scroll=&#8221;no&#8221; woodmart_inline=&#8221;no&#8221;][vc_column_text woodmart_inline=&#8221;no&#8221; text_larger=&#8221;no&#8221;]<\/p>\n<p style=\"padding-left: 40px;\">D. Um eine Besch\u00e4digung der Isolierung rund um die Kupferscheibe zu vermeiden, kann eine feuerfeste Folie mit einer maximalen Dicke von 3 mm verwendet werden.<br \/>\nE. Die freiliegende Oberfl\u00e4che der Kalorimeter sollte mit einer d\u00fcnnen Schicht mattschwarzer Spr\u00fchfarbe mit einem Emissionsgrad von &gt;0,9 gestrichen werden.<br \/>\nF. Jedes Sensorpanel verf\u00fcgt \u00fcber 4 Klemmen, um die Probe zu halten. Jede Klemme sollte zwischen 4,4 und 6,7 N angebracht werden, um sicherzustellen, dass das Material gesichert ist.<\/p>\n<p>[\/vc_column_text][vc_single_image image=&#8221;17023&#8243; img_size=&#8221;FULL&#8221; parallax_scroll=&#8221;no&#8221; woodmart_inline=&#8221;no&#8221;][vc_column_text woodmart_inline=&#8221;no&#8221; text_larger=&#8221;no&#8221;]3. Layout der Paneele:<br \/>\nDie Paneele m\u00fcssen je nach Bild einen Abstand von 120\u00ba haben[\/vc_column_text][vc_single_image image=&#8221;17027&#8243; img_size=&#8221;FULL&#8221; parallax_scroll=&#8221;no&#8221; woodmart_inline=&#8221;no&#8221;][vc_column_text woodmart_inline=&#8221;no&#8221; text_larger=&#8221;no&#8221;]4. Strukturkasten: Er wird einen Durchmesser zwischen 2,0 und 2,5 m haben, aus leitf\u00e4higen Rohren bestehen und eine H\u00f6he von mindestens 3 m haben.<\/p>\n<p>5. Elektroden: Edelstahlst\u00e4be mit einem Durchmesser von 19 mm<\/p>\n<p>6. Sicherung: Sie wird w\u00e4hrend des Tests verbraucht. Es besteht aus einem Kupferkabel mit einem Durchmesser von weniger als 0,5 mm.<\/p>\n<p>7. Stromversorgung: Es muss die Entladung eines Lichtbogens mit einem Wechselstrom von 8\u00b10,5 kA von 1s mit einer Dauer von 60 oder 50 Hz erm\u00f6glichen<\/p>\n<p>8. Datenerfassungssystem: Es muss die Spannung, den Strom und die Ausg\u00e4nge des Kalorimeters aufzeichnen.<\/p>\n<p style=\"padding-left: 40px;\">A. Die Daten, die der Temperaturwelle entsprechen, m\u00fcssen mit einer Geschwindigkeit von 100 Proben\/s f\u00fcr jedes Kalorimeter erfasst werden, um Temperaturen bis zu 500 \u00b0C mit einer Variabilit\u00e4t von \u00b12 % und einer Aufl\u00f6sung von 0,1 \u00b0C f\u00fcr die Energieberechnung aufzeichnen zu k\u00f6nnen.<\/p>\n<p>[\/vc_column_text][\/vc_tta_section][vc_tta_section title=&#8221;PROBEN&#8221; tab_id=&#8221;1686300358858-8b23988d-e83a&#8221;][vc_column_text woodmart_inline=&#8221;no&#8221; text_larger=&#8221;no&#8221;]<\/p>\n<ul>\n<li>Wiegen einer konditionierten Probe gem\u00e4\u00df Option C D3776\/D3776M f\u00fcr Spezifikation F1506<\/li>\n<li>F\u00fchren Sie 3 W\u00e4schen des Stoffes gem\u00e4\u00df AATCC 1-2021 durch: 3, IV, Aiii<\/li>\n<li>Es trocknet nur einmal.<\/li>\n<li>Vor der Durchf\u00fchrung des Tests m\u00fcssen die Proben 1 Stunde lang bei 25\u00b18 \u00b0C und einer relativen Luftfeuchtigkeit von 50\u00b120 % konditioniert werden.<\/li>\n<li>Um das Gewicht der Probe zu bestimmen, schneiden Sie mit einer Ausstechform einen Kreis mit einem Durchmesser von 3,8 bis 7,6 cm aus. Stellen Sie mindestens 3 Muster desselben Musters her, das \u00fcber den Stoff verteilt ist.<\/li>\n<li>Wiegen Sie die Kreise mit einer analytischen Waage von 0,001 g Genauigkeit.<\/li>\n<li>Berechnen Sie das Gewicht des Stoffes nach der Formel<\/li>\n<\/ul>\n<p>[\/vc_column_text][\/vc_tta_section][vc_tta_section title=&#8221;TEST&#8221; tab_id=&#8221;1686300401259-ada246ac-ae32&#8243;][vc_column_text woodmart_inline=&#8221;no&#8221; text_larger=&#8221;no&#8221;]<\/p>\n<ul>\n<li>ALLGEMEINE METHODE\n<ul>\n<li>Anfangstemperatur der Sensoren vor der Z\u00fcndung 15-35\u00baC<\/li>\n<li>Parameter: 8\u00b10,5 kA; 305\u00b15 mm Elektrodenabstand; Sensoren in Position 1 f\u00fcr einen erwarteten Lichtbogenwert von bis zu 55 cal\/cm2 oder in Position 2 f\u00fcr Werte \u00fcber 40 cal\/cm2.<\/li>\n<li>Die Dauer des Lichtbogens muss variabel sein, um die erforderliche Belichtungsreihe zu erzeugen.<\/li>\n<li>Die Probe ist an der Platte zu befestigen, ohne sie zu dehnen, so dass sich die Probe w\u00e4hrend der Pr\u00fcfung zusammenziehen kann.<\/li>\n<\/ul>\n<\/li>\n<li>BESTIMMUNG DES ATPV\n<ul>\n<li>Es werden 3 Proben des gleichen Stoffes bestimmt, eine f\u00fcr jedes Sensorpanel.<\/li>\n<li>Mindestens ein Satz von 7 Pr\u00fcfungen ist innerhalb des einzufallenden Energiebereichs durchzuf\u00fchren, indem die Lichtbogendauer erh\u00f6ht oder verringert wird. Diese Serie von Sch\u00fcssen verteilt sich wie folgt: mindestens 3 Punkte mit einer negativen SCD, mindestens 3 Punkte mit einer nicht negativen SCD.<\/li>\n<li>Mindestens 10 Punkte m\u00fcssen zwischen \u00b120 % des endg\u00fcltigen ATPV liegen. Alle Punkte sind g\u00fcltig, es sei denn, das Kalorimeter \u00fcberschreitet 500 \u00b0C, es liegt eine Fehlfunktion des Ger\u00e4ts vor oder wenn die Probenanordnung ausf\u00e4llt.<\/li>\n<li>Wenn die Proben gebrochen sind, gelten sie als g\u00fcltige Punkte f\u00fcr die Berechnung des ATPV. F\u00fcr den Fall, dass es 2 oder mehr Risse mit Energien gibt, die weniger als 20 % \u00fcber der ATPV-Bestimmung liegen, ist die Frakturreaktion zu bewerten. In diesem Fall sind mehr als 7 Proben erforderlich.<\/li>\n<\/ul>\n<\/li>\n<li>BESTIMMUNG DES EBT:\n<ul>\n<li>Der Datensatz wird wie folgt verteilt: Mindestens 3 Punkte m\u00fcssen unter der unteren Grenze der Mischfl\u00e4che liegen; Mindestens 3 Punkte m\u00fcssen unter der Obergrenze des \u00f6ffnenden gemischten oberen Bereichs liegen<\/li>\n<li>Mindestens 10 Datenpunkte m\u00fcssen innerhalb des Bereichs von \u00b120 % des endg\u00fcltigen EBT liegen.<\/li>\n<li>Wenn Sie je nach den Einstellungen nicht \u00fcber gen\u00fcgend Daten verf\u00fcgen, f\u00fchren Sie zus\u00e4tzliche Tests aus.<\/li>\n<\/ul>\n<\/li>\n<li>ARLim ARK KLASSIFIZIERUNGSGRENZE:<br \/>\nSie kann in folgenden F\u00e4llen auftreten:<\/p>\n<ul>\n<li>Dieser Grenzwert kann vom Hersteller aus verschiedenen Gr\u00fcnden f\u00fcr jedes System unterhalb des oben ermittelten EBT oder ATPV gew\u00e4hlt werden.<\/li>\n<li>Wenn das Ger\u00e4t einen Grenzwert von 100 cal\/cm2 hat<\/li>\n<li>Nach Wunsch des Herstellers<\/li>\n<\/ul>\n<\/li>\n<\/ul>\n<p>[\/vc_column_text][vc_single_image image=&#8221;17031&#8243; img_size=&#8221;FULL&#8221; alignment=&#8221;center&#8221; onclick=&#8221;link_image&#8221; parallax_scroll=&#8221;no&#8221; woodmart_inline=&#8221;no&#8221;][\/vc_tta_section][vc_tta_section title=&#8221; INTERPRETATION DER ERGEBNISSE&#8221; tab_id=&#8221;1686300584753-4f49ce13-2198&#8243;][vc_column_text woodmart_inline=&#8221;no&#8221; text_larger=&#8221;no&#8221;]-Bestimmung der Zeit 0<\/p>\n<p>-Verfolgung der Sensorreaktion des Panels. Diese wird kurz vor, w\u00e4hrend und 30 Sekunden nach der Einwirkung von Lichtb\u00f6gen bestimmt.<\/p>\n<p>-Berechnen Sie den Wert der \u00fcberwachten einfallenden Energie durch Anwendung des Korrekturfaktors f\u00fcr die einfallende Energie<\/p>\n<p>-Bestimmung von Hautverbrennungen zweiten Grades. Die thermische Energie jedes Panels wird mit dem empirischen Modell der Stoll-Kurve verglichen.<\/p>\n<p>-Bestimmung der ATPV-Werte: Zur Berechnung des ATPV werden mindestens 20 Panelmessungen verwendet.<\/p>\n<p>-Bestimmung Ett: Der Wert 1 wird jedem Panel zugewiesen, das einen Fall hat, und 0, falls kein Fall vorhanden ist. Verwenden Sie die logistische Regression, um die Kurve zu bestimmen, und den y-Achsenabschnitt, um die Wahrscheinlichkeit eines Materialversagens von 50 % zu berechnen.<\/p>\n<p>[\/vc_column_text][\/vc_tta_section][vc_tta_section title=&#8221;BERICHT&#8221; tab_id=&#8221;1686300792271-3d1516f7-df29&#8243;][vc_column_text woodmart_inline=&#8221;no&#8221; text_larger=&#8221;no&#8221;]<\/p>\n<ul>\n<li>Name des Laboratoriums, das den Test durchf\u00fchrt<\/li>\n<li>Identifizierung des Pr\u00fcfberichts<\/li>\n<li>Datum der Pr\u00fcfung und Ausstellung des Berichts<\/li>\n<li>Name des Herstellers, Produzenten oder Auftragnehmers<\/li>\n<li>\u00c4ndern Sie die Norm und erl\u00e4utern Sie etwaige Abweichungen davon<\/li>\n<li>Beschreibung der Probe\n<ul>\n<li>Produzent<\/li>\n<li>Eindeutige Identifikationsnummer f\u00fcr jede Schicht oder jedes System<\/li>\n<li>Platzierungsreihenfolge der Schichten, wobei die \u00e4u\u00dfere Schicht zuerst steht<\/li>\n<li>Gewebeaufbau, einschlie\u00dflich des Fasergehalts des Materials pro Schicht<\/li>\n<li>F\u00fcr jede Schicht das tats\u00e4chliche Gewicht nach F1506, das Gewicht des gepr\u00fcften Stoffes und das Nenngewicht des Stoffes laut Hersteller.<\/li>\n<li>Farbe jeder Schicht<\/li>\n<li>Vorbehandlung der untersuchten Probe<\/li>\n<li>Untersuchungsergebnisse, einschlie\u00dflich Arc-, ATPV-, EBT- und ARLim-Ergebnisse.<\/li>\n<li>Tabelle mit den Ergebnissen<\/li>\n<li>Subjektive Materialbewertung<\/li>\n<li>Diagramm der logistischen Regressionskurve<\/li>\n<li>Fotos von Proben, die vor und nach dem Test analysiert wurden<\/li>\n<li>Detaillierte Prozessaufzeichnungen<\/li>\n<li>Diagramme der einzelnen Lichtbogenspannung, des Stroms und des kalorimetrischen Ansprechverhaltens<\/li>\n<li>Videos und Fotos aller durchgef\u00fchrten Tests<\/li>\n<\/ul>\n<\/li>\n<li>Lichtbogenwerte \u2264 10 cal\/cm2 werden mit einer Genauigkeit von 0,1 cal\/cm2 angegeben. Nennwerte \u00fcber 10 cal\/cm2 m\u00fcssen genau angegeben werden 1 cal\/cm2\n<ul>\n<li>ImARLim kann zus\u00e4tzlich zu ATPV und\/oder EBT gemeldet werden.<\/li>\n<\/ul>\n<\/li>\n<\/ul>\n<p>[\/vc_column_text][\/vc_tta_section][\/vc_tta_tabs][\/vc_column][\/vc_row]<\/p>\n<\/section>","protected":false},"excerpt":{"rendered":"<p>BESTIMMUNG DER KLASSIFIZIERUNG DES ELEKTRISCHEN LICHTBOGENS F\u00dcR ARBEITSKLEIDUNG<\/p>\n","protected":false},"featured_media":0,"comment_status":"open","ping_status":"closed","template":"","meta":{"_mi_skip_tracking":false,"_monsterinsights_sitenote_active":false,"_monsterinsights_sitenote_note":"","_monsterinsights_sitenote_category":0},"product_cat":[885],"product_tag":[],"class_list":["post-11316","product","type-product","status-publish","hentry","product_cat-normativ"],"acf":[],"_links":{"self":[{"href":"https:\/\/lenard.tech\/de\/wp-json\/wp\/v2\/product\/11316","targetHints":{"allow":["GET"]}}],"collection":[{"href":"https:\/\/lenard.tech\/de\/wp-json\/wp\/v2\/product"}],"about":[{"href":"https:\/\/lenard.tech\/de\/wp-json\/wp\/v2\/types\/product"}],"replies":[{"embeddable":true,"href":"https:\/\/lenard.tech\/de\/wp-json\/wp\/v2\/comments?post=11316"}],"wp:attachment":[{"href":"https:\/\/lenard.tech\/de\/wp-json\/wp\/v2\/media?parent=11316"}],"wp:term":[{"taxonomy":"product_cat","embeddable":true,"href":"https:\/\/lenard.tech\/de\/wp-json\/wp\/v2\/product_cat?post=11316"},{"taxonomy":"product_tag","embeddable":true,"href":"https:\/\/lenard.tech\/de\/wp-json\/wp\/v2\/product_tag?post=11316"}],"curies":[{"name":"wp","href":"https:\/\/api.w.org\/{rel}","templated":true}]}}