
{"id":11319,"date":"2023-03-31T07:38:57","date_gmt":"2023-03-31T07:38:57","guid":{"rendered":"https:\/\/lenard.tech\/producto\/astm-f1930\/"},"modified":"2025-10-02T13:41:59","modified_gmt":"2025-10-02T13:41:59","slug":"astm-f19302023","status":"publish","type":"product","link":"https:\/\/lenard.tech\/de\/producto\/astm-f19302023\/","title":{"rendered":"ASTM F1930:2023"},"content":{"rendered":"<section class=\"wpb-content-wrapper\"><p>[vc_row][vc_column][vc_column_text woodmart_inline=&#8221;no&#8221; text_larger=&#8221;no&#8221;]<\/p>\n<div id=\"KnM9nf\">\n<div id=\"tw-smenu\" class=\"tw-menu\">BEWERTUNG VON FEUERFESTER KLEIDUNG ZUM BRANDSCHUTZ: SIMULATIONEN MIT EINER INSTRUMENTIERTEN\u00a0SCHAUFENSTERPUPPE<\/div>\n<\/div>\n<p>[\/vc_column_text][\/vc_column][\/vc_row][vc_row][vc_column][vc_tta_tabs][vc_tta_section title=&#8221;ZIEL&#8221; tab_id=&#8221;1686299572418-8115ca9a-f2b0&#8243;][vc_column_text woodmart_inline=&#8221;no&#8221; text_larger=&#8221;no&#8221;]Standardtestverfahren zur Bewertung von flammhemmender Kleidung zum Schutz vor Flammen durch simulierte Br\u00e4nde unter Verwendung einer instrumentierten Puppe.<\/p>\n<p>Dieses Verfahren ist f\u00fcr 3 Arten von Bewertungen n\u00fctzlich: Entwurf von Kleidungsst\u00fccken, Vergleich von Konstruktionsmaterialien f\u00fcr Kleidungsst\u00fccke und Spezifikation von Kleidungsst\u00fccken f\u00fcr den Endgebrauch.<\/p>\n<p>Pr\u00fcfverfahren zur Messung des W\u00e4rmeschutzes, angeboten durch verschiedene Materialien, Kleidungsst\u00fccke, Bekleidungskombinationen und Systeme, wenn sie einer bestimmten Beflammung ausgesetzt sind:<\/p>\n<ul>\n<li>Simuliert keine erh\u00f6hte Strahlungsexposition, wie sie es z. B. bei Lichtbogenexpositionen, einigen Arten von Feuerexpositionen mit fl\u00fcssigen oder festen Brennstoffen oder nuklearen Explosionsexpositionen geben kann.<\/li>\n<li>Bietet eine Messung der Leistung von Kleidungsst\u00fccken und Kleidungskombinationen an einer station\u00e4ren, aufrechten Schaufensterpuppe mit festgelegten Abmessungen. Dieses Testverfahren wird verwendet, um eine Prognose f\u00fcr Hautverbrennungsverletzungen f\u00fcr ein bestimmtes Kleidungsst\u00fcck oder eine Kombination von Schutzkleidung zu liefern, wenn es einem im Labor simulierten Feuer ausgesetzt wird.<\/li>\n<li>Diese Methode umfasst quantitative Messungen und subjektive Beobachtungen, welche die einlagigen Kleidungsst\u00fccke oder Schutzkleidungsst\u00fccke charakterisieren montiert auf einer station\u00e4ren, vertikalen, instrumentierten Puppe, die dann in einem Labor einer simulierten Brandumgebung mit kontrolliertem W\u00e4rmefluss, Flammenverteilung und -dauer ausgesetzt wird. Der durchschnittliche Expositionsw\u00e4rmefluss betr\u00e4gt 84 kW\/m 2 (2 cal\/s cm 2 ) mit einer Dauer von bis zu 20 s. Der Dummy ist mit Brennern versehen. 12 Brenner in zwei Ebenen von sechs rund um die Schaufensterpuppe.<\/li>\n<\/ul>\n<p>Es werden mindestens 100 W\u00e4rmeenergiesensoren verwendet, diese sind prozentual nach Angaben der Norm auf der Pr\u00fcfpuppe verteilt, mit Ausnahme von H\u00e4nden und F\u00fc\u00dfen, die etwa 12 % der K\u00f6rperoberfl\u00e4che ausmachen.<\/p>\n<ul>\n<li>Das Verbrennungsmodell wird mit Stoll und Greene bewertet.<\/li>\n<\/ul>\n<p>[\/vc_column_text][\/vc_tta_section][vc_tta_section title=&#8221;PROZESS&#8221; tab_id=&#8221;1686299572429-bb699bcc-5d1d&#8221;][vc_column_text woodmart_inline=&#8221;no&#8221; text_larger=&#8221;no&#8221;]Standardtestverfahren zur Bewertung von flammhemmender Kleidung zum Schutz vor Flammen durch simulierte Br\u00e4nde unter Verwendung einer instrumentierten Puppe.<\/p>\n<p>Dieses Verfahren ist f\u00fcr 3 Arten von Bewertungen n\u00fctzlich: Entwurf von Kleidungsst\u00fccken, Vergleich von Konstruktionsmaterialien f\u00fcr Kleidungsst\u00fccke und Spezifikation von Kleidungsst\u00fccken f\u00fcr den Endgebrauch.<\/p>\n<p>Pr\u00fcfverfahren zur Messung des W\u00e4rmeschutzes, angeboten durch verschiedene Materialien, Kleidungsst\u00fccke, Bekleidungskombinationen und Systeme, wenn sie einer bestimmten Beflammung ausgesetzt sind:<\/p>\n<ul>\n<li>Simuliert keine erh\u00f6hte Strahlungsexposition, wie sie es z. B. bei Lichtbogenexpositionen, einigen Arten von Feuerexpositionen mit fl\u00fcssigen oder festen Brennstoffen oder nuklearen Explosionsexpositionen geben kann.<\/li>\n<li>Bietet eine Messung der Leistung von Kleidungsst\u00fccken und Kleidungskombinationen an einer station\u00e4ren, aufrechten Schaufensterpuppe mit festgelegten Abmessungen. Dieses Testverfahren wird verwendet, um eine Prognose f\u00fcr Hautverbrennungsverletzungen f\u00fcr ein bestimmtes Kleidungsst\u00fcck oder eine Kombination von Schutzkleidung zu liefern, wenn es einem im Labor simulierten Feuer ausgesetzt wird.<\/li>\n<li>Diese Methode umfasst quantitative Messungen und subjektive Beobachtungen, welche die einlagigen Kleidungsst\u00fccke oder Schutzkleidungsst\u00fccke charakterisieren montiert auf einer station\u00e4ren, vertikalen, instrumentierten Puppe, die dann in einem Labor einer simulierten Brandumgebung mit kontrolliertem W\u00e4rmefluss, Flammenverteilung und -dauer ausgesetzt wird. Der durchschnittliche Expositionsw\u00e4rmefluss betr\u00e4gt 84 kW\/m 2 (2 cal\/s cm 2 ) mit einer Dauer von bis zu 20 s. Der Dummy ist mit Brennern versehen. 12 Brenner in zwei Ebenen von sechs rund um die Schaufensterpuppe.<\/li>\n<\/ul>\n<p>Es werden mindestens 100 W\u00e4rmeenergiesensoren verwendet, diese sind prozentual nach Angaben der Norm auf der Pr\u00fcfpuppe verteilt, mit Ausnahme von H\u00e4nden und F\u00fc\u00dfen, die etwa 12 % der K\u00f6rperoberfl\u00e4che ausmachen.<\/p>\n<ul>\n<li>Das Verbrennungsmodell wird mit Stoll und Greene bewertet.<\/li>\n<\/ul>\n<p>[\/vc_column_text][\/vc_tta_section][vc_tta_section title=&#8221;ANHANG&#8221; tab_id=&#8221;1686299904902-cf666f5d-77a8&#8243;][vc_column_text woodmart_inline=&#8221;no&#8221; text_larger=&#8221;no&#8221;]Ergebnisse:<\/p>\n<ul>\n<li>Visuelle und physische Ver\u00e4nderungen am einlagigen Kleidungsst\u00fcck oder Schutzkleidungs-Kombination werden aufgezeichnet. Dies soll helfen, die Gesamtleistung des Kleidungsst\u00fccks oder Schutzkleidungs-Kombination zu verstehen und die erwarteten Verbrennungsergebnisse zu interpretieren.<\/li>\n<li>Nachbrennzeit, Porenbildung, Schmelzen, Verspr\u00f6dung, Rauch, Tropfen, Schrumpfung und das Verhalten von Bekleidungszubeh\u00f6r werden erfasst.<\/li>\n<li>Die Vorhersage von Hautverbrennungsverletzungen basiert auf einer begrenzten Anzahl von Experimenten, bei denen die Unterarme von Versuchspersonen hohen thermischen Bedingungen ausgesetzt waren. Diese Informationen zu Hautverbrennungen am Unterarm gelten gleichm\u00e4\u00dfig f\u00fcr den gesamten K\u00f6rper der Puppe, mit Ausnahme der H\u00e4nde und F\u00fc\u00dfe. Die H\u00e4nde und F\u00fc\u00dfe werden nicht in die Vorhersage von Hautverbrennungsverletzungen einbezogen.<\/li>\n<li>Die erhaltenen Messungen und festgestellten Beobachtungen k\u00f6nnen nur auf das (die) bestimmte(n) Kleidungsst\u00fcck(e) oder Kombination(en) angewendet werden, das\/die unter Verwendung des angegebenen W\u00e4rmestroms, der Flammenverteilung und -dauer getestet wurde.<\/li>\n<li>Expositionsergebnisse sind in % f\u00fcr Verbrennungen 2. Grades, Verbrennungen 3. Grades und Verbrennungen 2. und 3. Grades insgesamt in % definiert.<\/li>\n<\/ul>\n<p>Diese Norm wird verwendet, um die Reaktion von Materialien, Produkten oder Baugruppen auf Hitze und Flammen unter kontrollierten Bedingungen zu messen und zu beschreiben, enth\u00e4lt jedoch nicht alle Faktoren, die f\u00fcr die Bewertung der Brandgefahr oder Brandgefahr von Materialien, Produkten oder Baugruppen unter realen Brandbedingungen erforderlich sind.[\/vc_column_text][\/vc_tta_section][\/vc_tta_tabs][\/vc_column][\/vc_row]<\/p>\n<\/section>","protected":false},"excerpt":{"rendered":"<p>BEWERTUNG VON FEUERFESTER KLEIDUNG ZUM BRANDSCHUTZ: SIMULATIONEN MIT EINER INSTRUMENTIERTEN\u00a0SCHAUFENSTERPUPPE<\/p>\n","protected":false},"featured_media":0,"comment_status":"open","ping_status":"closed","template":"","meta":{"_mi_skip_tracking":false,"_monsterinsights_sitenote_active":false,"_monsterinsights_sitenote_note":"","_monsterinsights_sitenote_category":0},"product_cat":[885],"product_tag":[],"class_list":["post-11319","product","type-product","status-publish","hentry","product_cat-normativ"],"acf":[],"_links":{"self":[{"href":"https:\/\/lenard.tech\/de\/wp-json\/wp\/v2\/product\/11319","targetHints":{"allow":["GET"]}}],"collection":[{"href":"https:\/\/lenard.tech\/de\/wp-json\/wp\/v2\/product"}],"about":[{"href":"https:\/\/lenard.tech\/de\/wp-json\/wp\/v2\/types\/product"}],"replies":[{"embeddable":true,"href":"https:\/\/lenard.tech\/de\/wp-json\/wp\/v2\/comments?post=11319"}],"wp:attachment":[{"href":"https:\/\/lenard.tech\/de\/wp-json\/wp\/v2\/media?parent=11319"}],"wp:term":[{"taxonomy":"product_cat","embeddable":true,"href":"https:\/\/lenard.tech\/de\/wp-json\/wp\/v2\/product_cat?post=11319"},{"taxonomy":"product_tag","embeddable":true,"href":"https:\/\/lenard.tech\/de\/wp-json\/wp\/v2\/product_tag?post=11319"}],"curies":[{"name":"wp","href":"https:\/\/api.w.org\/{rel}","templated":true}]}}