
{"id":11322,"date":"2023-03-31T07:38:12","date_gmt":"2023-03-31T07:38:12","guid":{"rendered":"https:\/\/lenard.tech\/producto\/astm-f1506\/"},"modified":"2025-10-02T13:36:48","modified_gmt":"2025-10-02T13:36:48","slug":"astm-f15062022","status":"publish","type":"product","link":"https:\/\/lenard.tech\/de\/producto\/astm-f15062022\/","title":{"rendered":"ASTM F1506:2022"},"content":{"rendered":"<section class=\"wpb-content-wrapper\"><p>[vc_row][vc_column][vc_column_text woodmart_inline=&#8221;no&#8221; text_larger=&#8221;no&#8221;]FLAMMFESTE UND LICHTBOGENFESTE SCHUTZKLEIDUNG[\/vc_column_text][\/vc_column][\/vc_row][vc_row][vc_column][vc_tta_tabs][vc_tta_section title=&#8221;UMFANG&#8221; tab_id=&#8221;1686233410484-cabe989d-a697&#8243;][vc_column_text woodmart_inline=&#8221;no&#8221; text_larger=&#8221;no&#8221;]<\/p>\n<ul>\n<li>\n<ul>\n<li>St\u00f6rlichtbogen-zertifizierte und schwer entflammbare Schutzkleidung<\/li>\n<\/ul>\n<p>Diese Spezifikation gibt die Lichtbogeneinstufung von schwer entflammbaren Geweben an.<\/p>\n<ul>\n<li>Die Mindestanforderungen an die Etikettierung von Kleidungsst\u00fccken sollen den Endverbrauchern die geeigneten Informationen f\u00fcr die Auswahl von Kleidungsst\u00fccken mit der entsprechenden Lichtbogeneinstufung liefern.<\/li>\n<li>Endbenutzer sollten eine Bewertung durchf\u00fchren, um das Risikoniveau und die erforderliche Lichtbogenbewertung von Schutzkleidung f\u00fcr ihre individuellen Gefahren zu bestimmen.<\/li>\n<li>Diese Spezifikation bezieht sich nicht auf Gewebe mit laminierter Schutzkleidung oder Beschichtungen<\/li>\n<li>Waschvorschriften fallen nicht in den Anwendungsbereich dieser Verordnung.<\/li>\n<\/ul>\n<\/li>\n<\/ul>\n<p>[\/vc_column_text][\/vc_tta_section][vc_tta_section title=&#8221;DEFINITION&#8221; tab_id=&#8221;1686233410490-1fc3c23e-1f6a&#8221;][vc_column_text woodmart_inline=&#8221;no&#8221; text_larger=&#8221;no&#8221;]<\/p>\n<ul>\n<li>Hintere Flamme: anhaltende Flamme nach Entfernen der Z\u00fcndquelle<\/li>\n<li>Zeit nach der Flamme. Der Zeitraum, in dem das Material nach dem Entfernen der Z\u00fcndquelle weiter brennt.<\/li>\n<li>Lichtbogen-Bewertung:\n<ol>\n<li>Wert, der Materialien zugeschrieben wird und ihr Verhalten beschreibt, wenn sie einem Bogen ausgesetzt sind<\/li>\n<li>Arc Thermal Performance Value (ATPV), einfallende Energie auf ein Material oder ein mehrschichtiges Materialsystem, die zu einer Wahrscheinlichkeit von 50 % f\u00fchrt, dass die W\u00e4rme\u00fcbertragung durch die getestete Probe das Auftreten einer Hautverbrennungsverletzung zweiten Grades verursacht, basierend auf der Stoll-Kurve9, kW\/m2 (cal\/cm2).<\/li>\n<\/ol>\n<\/li>\n<li>\u00d6ffnungsschwellenenergie (EBT). Einfallende Energie eines Materials, die sich aus der 50%igen Bruchwahrscheinlichkeit ergibt.<\/li>\n<li>Kritische Bauteile, Gegenst\u00e4nde, die bei der Herstellung von schwer entflammbarer und lichtbogengesch\u00fctzter Schutzkleidung verwendet werden<\/li>\n<li>Design-Tests<\/li>\n<li>Identifikator des Gewebes<\/li>\n<li>Hersteller von Stoffen<\/li>\n<li>Nenngewicht des Gewebes, ausgedr\u00fcckt in Gramm pro Quadratmeter (Unzen pro Quadratmeter)<\/li>\n<li>Feuerbest\u00e4ndige Stoff-Gesichtsabdeckung<\/li>\n<li>Thermisches Risiko<\/li>\n<li><\/li>\n<\/ul>\n<p>[\/vc_column_text][\/vc_tta_section][vc_tta_section title=&#8221;STOFFANFORDERUNGEN&#8221; tab_id=&#8221;1686233675155-f13754c0-68fa&#8221;][vc_column_text woodmart_inline=&#8221;no&#8221; text_larger=&#8221;no&#8221;]<\/p>\n<ul>\n<li>F\u00fchren Sie die Entflammbarkeit gem\u00e4\u00df der Norm D6413 vor dem Waschen in jeder Charge durch<\/li>\n<li>Die Tests werden am Originalgewebe durchgef\u00fchrt<\/li>\n<\/ul>\n<p>[\/vc_column_text][\/vc_tta_section][vc_tta_section title=&#8221;Anforderungen an die Bekleidung&#8221; tab_id=&#8221;1686233715682-044f416f-c046&#8243;][vc_column_text woodmart_inline=&#8221;no&#8221; text_larger=&#8221;no&#8221;]<\/p>\n<ul>\n<li>\n<ul>\n<li>Posamenten, die bei der Herstellung von Kleidungsst\u00fccken verwendet werden, tragen nicht zur Schwere der<\/li>\n<\/ul>\n<p>Verletzungen des Benutzers im Falle eines kurzzeitigen Stromschlags, Lichtbogens und der damit verbundenen thermischen Einwirkung.<\/p>\n<ul>\n<li>N\u00e4hgarn werden sie aus einer von Natur aus schwer entflammbaren Faser hergestellt und<\/li>\n<\/ul>\n<p>schmilzt nicht unter einer Temperatur von 260 \u00b0C (500 \u00b0F), wenn es nach der Pr\u00fcfmethode D7138 gepr\u00fcft wird.<\/p>\n<ul>\n<li>Alle Schiebeb\u00e4nder, die bei der Herstellung von Kleidungsst\u00fccken verwendet werden, m\u00fcssen<\/li>\n<\/ul>\n<p>Schwer entflammbar (500 +14\/-0 \u00b0F) und Ofeneinwirkzeit betr\u00e4gt 5 Minuten + Proben sollten nicht schmelzen, tropfen, sich trennen oder entz\u00fcnden.<\/p>\n<ul>\n<li>Sichtbarkeitsverbesserungen, die f\u00fcr die Befestigung an Kleidungsst\u00fccken mit Lichtbogenschutz konzipiert sind, m\u00fcssen gem\u00e4\u00df NFPA2112 getestet und zertifiziert werden, um die Sichtbarkeit zu verbessern, sollten sie getestet werden:<\/li>\n<\/ul>\n<ol>\n<li>Kleidungsst\u00fccke, die als Lichtbogen eingestuft sind und durch N\u00e4hte gekennzeichnet sind, m\u00fcssen gepr\u00fcft werden und d\u00fcrfen nicht auslaufen oder brechen und d\u00fcrfen nicht l\u00e4nger als 2 Sekunden nach dem Entflammen gem\u00e4\u00df der Methode D6413 dauern.<\/li>\n<li>Bei Kleidungsst\u00fccken, die f\u00fcr einen Lichtbogen ausgelegt sind, werden sie mit Hilfe einer Sicherung gepr\u00fcft, nachdem sie zum ersten Mal mit dem Nennlichtbogen des f\u00fcr das Kleidungsst\u00fcck verwendeten Gewebes verbunden wurden und nicht schmelzen oder tropfen, und sie werden nicht mehr als 2 s nach der Flamme gem\u00e4\u00df der Methode D6413 nachgewiesen. Die Verkohlungsdauer und die Nachlumineszenzzeit werden nicht gemessen.<\/li>\n<\/ol>\n<ul>\n<li>Die Materialeigenschaften der Kleidungsst\u00fccke m\u00fcssen den folgenden Tabellen entsprechen:<\/li>\n<\/ul>\n<\/li>\n<\/ul>\n<p>[\/vc_column_text][vc_single_image image=&#8221;10756&#8243; img_size=&#8221;full&#8221; alignment=&#8221;center&#8221; onclick=&#8221;link_image&#8221; parallax_scroll=&#8221;no&#8221; woodmart_inline=&#8221;no&#8221;][\/vc_tta_section][vc_tta_section title=&#8221;Methoden zur Gewebeuntersuchung&#8221; tab_id=&#8221;1686233997780-3279c45c-dccd&#8221;][vc_column_text woodmart_inline=&#8221;no&#8221; text_larger=&#8221;no&#8221;]<\/p>\n<ul>\n<li>\n<ul>\n<li>Bruchlast nach D5034 und nach den Anforderungen der Tabelle 1<\/li>\n<li>Rei\u00dffestigkeit nach D1424 und nach den Anforderungen der Tabelle 1<\/li>\n<li>Berstfestigkeit f\u00fcr Gewirke nach D3786 und Anforderungen in Tabelle 2<\/li>\n<li>Farbechtheit beim Waschen. Vom Hersteller bereitgestellte Waschmethode<\/li>\n<li>Ma\u00df\u00e4nderung gem\u00e4\u00df den Anweisungen des Herstellers des Kleidungsst\u00fccks von nicht mehr als \u00b1 5 % in beide Richtungen. F\u00fcr Gewirke gilt nicht<\/li>\n<li>Entflammbarkeit gem\u00e4\u00df der Norm D6413, f\u00fcr Proben sowohl vor als auch nach dem Waschen Kein Schmelz- und Tropftest. Die Kohlel\u00e4nge sollte 152 mm (6,0 Zoll) nicht \u00fcberschreiten und die Zeit nach dem Brennen sollte 2 s nicht \u00fcberschreiten.<\/li>\n<li>Waschmethoden: 25 Mal mit den folgenden Methoden waschen<\/li>\n<\/ul>\n<p>(a.) NFPA 2112<\/p>\n<p>(b.) AATCC-Methode 135 (3, IV, A iii).<\/p>\n<ul>\n<li>Lichtbogenklassifizierung nach dem Pr\u00fcfverfahren F1959\/F1959M. Der Lichtbogenpr\u00fcfbericht enth\u00e4lt das Gewicht des Gewebes.<\/li>\n<li>Bei der Lichtbogenpr\u00fcfung nach dem Pr\u00fcfverfahren F1959\/F1959M ist die Zeit nach der Flamme nur f\u00fcr Einschichtsysteme zu bestimmen, indem die mittlere Zeit nach der Flamme von mindestens drei Lichtbogenpr\u00fcfmustern berechnet wird, bei denen die einfallende Energie gleich oder gr\u00f6\u00dfer als ATPV oder EBT (je nachdem, was zutrifft) ist. Alle Expositionen von Lichtbogenpr\u00fcfk\u00f6rpern, bei denen die einfallende Energie gleich oder gr\u00f6\u00dfer als ATPV oder EBT ist, sind zu melden und bei der Bestimmung der Nachflamme zu verwenden. Die anschlie\u00dfende Brennzeit darf 5 s nicht \u00fcberschreiten.<\/li>\n<li>Tats\u00e4chliches Gewebegewicht gem\u00e4\u00df den Pr\u00fcfverfahren D3776\/D3776M<\/li>\n<\/ul>\n<p>vor dem Waschen und nach der Konditionierung nach Methode D1776\/D1776M<\/li>\n<\/ul>\n<p>[\/vc_column_text][\/vc_tta_section][vc_tta_section title=&#8221;PR\u00dcFBERICHT&#8221; tab_id=&#8221;1686234148906-76c1c277-8043&#8243;][vc_column_text woodmart_inline=&#8221;no&#8221; text_larger=&#8221;no&#8221;]<\/p>\n<ul>\n<li>Erforderliche Testergebnisse<\/li>\n<li>Losnummer<\/li>\n<li>Losgr\u00f6\u00dfe<\/li>\n<li>Identifizierung von Proben<\/li>\n<li>Beschreibung der Stoffzusammensetzung und des Gewichts<\/li>\n<li>Kleidungsst\u00fccke, die als konform mit ASTM F1506 deklariert sind, m\u00fcssen mit der folgenden Erkl\u00e4rung gekennzeichnet werden:<\/li>\n<\/ul>\n<ol>\n<li>&#8220;Dieses Kleidungsst\u00fcck erf\u00fcllt alle ASTM-Anforderungen F1506&#8221;.<\/li>\n<\/ol>\n<ul>\n<li>Hersteller von Schutzkleidung sind f\u00fcr die Verfolgung von Kleidungsst\u00fccken verantwortlich<\/li>\n<li>Hersteller kritischer Komponenten sind f\u00fcr die Leistung ihrer Produkte verantwortlich und m\u00fcssen \u00fcber ein dokumentiertes Aufzeichnungs- und Qualit\u00e4tsmanagementsystem verf\u00fcgen.<\/li>\n<\/ul>\n<p>[\/vc_column_text][\/vc_tta_section][\/vc_tta_tabs][\/vc_column][\/vc_row]<\/p>\n<\/section>","protected":false},"excerpt":{"rendered":"<p>FLAMMFESTE UND LICHTBOGENFESTE SCHUTZKLEIDUNG<\/p>\n","protected":false},"featured_media":0,"comment_status":"open","ping_status":"closed","template":"","meta":{"_mi_skip_tracking":false,"_monsterinsights_sitenote_active":false,"_monsterinsights_sitenote_note":"","_monsterinsights_sitenote_category":0},"product_cat":[885],"product_tag":[],"class_list":["post-11322","product","type-product","status-publish","hentry","product_cat-normativ"],"acf":[],"_links":{"self":[{"href":"https:\/\/lenard.tech\/de\/wp-json\/wp\/v2\/product\/11322","targetHints":{"allow":["GET"]}}],"collection":[{"href":"https:\/\/lenard.tech\/de\/wp-json\/wp\/v2\/product"}],"about":[{"href":"https:\/\/lenard.tech\/de\/wp-json\/wp\/v2\/types\/product"}],"replies":[{"embeddable":true,"href":"https:\/\/lenard.tech\/de\/wp-json\/wp\/v2\/comments?post=11322"}],"wp:attachment":[{"href":"https:\/\/lenard.tech\/de\/wp-json\/wp\/v2\/media?parent=11322"}],"wp:term":[{"taxonomy":"product_cat","embeddable":true,"href":"https:\/\/lenard.tech\/de\/wp-json\/wp\/v2\/product_cat?post=11322"},{"taxonomy":"product_tag","embeddable":true,"href":"https:\/\/lenard.tech\/de\/wp-json\/wp\/v2\/product_tag?post=11322"}],"curies":[{"name":"wp","href":"https:\/\/api.w.org\/{rel}","templated":true}]}}