
{"id":11325,"date":"2023-03-31T07:37:28","date_gmt":"2023-03-31T07:37:28","guid":{"rendered":"https:\/\/lenard.tech\/producto\/astm-d6413\/"},"modified":"2023-09-01T08:56:26","modified_gmt":"2023-09-01T08:56:26","slug":"astm-d64132022","status":"publish","type":"product","link":"https:\/\/lenard.tech\/de\/producto\/astm-d64132022\/","title":{"rendered":"ASTM D6413:2022"},"content":{"rendered":"<section class=\"wpb-content-wrapper\"><p>[vc_row][vc_column][vc_column_text woodmart_inline=&#8221;no&#8221; text_larger=&#8221;no&#8221;]PR\u00dcFVERFAHREN F\u00dcR FEUERFESTE GEWEBE (VERTIKALTEST)[\/vc_column_text][\/vc_column][\/vc_row][vc_row][vc_column][vc_tta_tabs][vc_tta_section title=&#8221;ZIEL&#8221; tab_id=&#8221;1686296922936-d6e182b0-77b1&#8243;][vc_column_text woodmart_inline=&#8221;no&#8221; text_larger=&#8221;no&#8221;]Mit dieser Methode wird die vertikale Flammwidrigkeit von Textilien bestimmt.<\/p>\n<p>Die Nachgl\u00fch- und Nachbrennzeit nach dem Abbrand wird ebenfalls bewertet.<\/p>\n<p>Standarddefinitionen:<\/p>\n<ul>\n<li>Nachflammen, n: Anhaltende Flamme eines Stoffes, nachdem die Z\u00fcndquelle entfernt wurde.<\/li>\n<li>Nachbrennzeit, die Zeitspanne, w\u00e4hrend der ein Material nach Entfernung der Z\u00fcndquelle weiterbrennt.<\/li>\n<li>Nachgl\u00fchzeit, die Zeit, die nach dem Entfernen der Z\u00fcndquelle und dem Erl\u00f6schen der Flammen nachgl\u00fcht.<\/li>\n<li>Verkohlungsl\u00e4nge, n: Bei der Messung der Flammwidrigkeit von Textilien der Abstand von der direkt der Flamme ausgesetzten Kante des Gewebes bis zur am weitesten entfernten Stelle der sichtbaren Besch\u00e4digung des Gewebes nach dem Aufbringen einer Verkohlung, spezifizierte Rei\u00dffestigkeit.<\/li>\n<li>Beflammungszeit, n: das Zeitintervall, w\u00e4hrend dessen die Z\u00fcndflamme auf ein Material einwirkt.<\/li>\n<li>Schmelzen &#8211; eine Verfl\u00fcssigung des Materials unter W\u00e4rmeeinwirkung.<\/li>\n<\/ul>\n<p>Definition der Methode<\/p>\n<ul>\n<li>Dieses Pr\u00fcfverfahren bestimmt die Reaktion von Textilien auf eine Standard-Z\u00fcndquelle und leitet daraus Messwerte f\u00fcr die Nachbrennzeit, Zeit danach abNachgl\u00fchenund die Zeichenl\u00e4ngeunter einer bestimmten Kraft.<\/li>\n<li>Die nach diesem Pr\u00fcfverfahren ermittelte vertikale Flammwidrigkeit bezieht sich nur auf eine festgelegte Beflammungs- und Einwirkzeit.<\/li>\n<li>Bei dieser Pr\u00fcfmethode wird die Probe in einer statischen aufrechten Position ohne Zugluft gehalten und beinhaltet keine Bewegung au\u00dfer derjenigen, die durch die Exposition entsteht.<\/li>\n<\/ul>\n<p>Die verwendeten Pr\u00fcfmuster sollten mindestens m\u00f6glichst homogen sein.[\/vc_column_text][\/vc_tta_section][vc_tta_section title=&#8221;GER\u00c4T&#8221; tab_id=&#8221;1686296922948-3036ef94-f593&#8243;][vc_column_text woodmart_inline=&#8221;no&#8221; text_larger=&#8221;no&#8221;]<\/p>\n<ul>\n<li>Brenner mit Nadelventil zur Regulierung der Flammenh\u00f6he.<\/li>\n<li>Gasgemisch, Methan, 99 % rein.<\/li>\n<li>Chronometer<\/li>\n<li>Messskala, in Schritten von mindestens 3 mm unterteilt, um die L\u00e4nge der Kohle zu messen.<\/li>\n<li>Metallhaken und Gewichte \u2013 Metallhaken und eine Vielzahl von Gewichten, um eine Reihe von Gesamtladungen zu erzeugen, die zur Bestimmung der Zeichenl\u00e4nge verwendet werden.<\/li>\n<\/ul>\n<p>[\/vc_column_text][vc_single_image image=&#8221;8258&#8243; img_size=&#8221;FULL&#8221; parallax_scroll=&#8221;no&#8221; woodmart_inline=&#8221;no&#8221;][\/vc_tta_section][vc_tta_section title=&#8221;PROBEN&#8221; tab_id=&#8221;1686297053641-7cf231d5-4008&#8243;][vc_column_text woodmart_inline=&#8221;no&#8221; text_larger=&#8221;no&#8221;]<\/p>\n<ul>\n<li>Nehmen Sie von den Rollen mindestens ein 1 m [1 yd] langes Stoffst\u00fcck in voller Breite entlang der Webkante (Maschinenrichtung), nachdem Sie zuerst ein 1 m [1 yd] St\u00fcck entfernt haben. ] L\u00e4nge.<\/li>\n<li>Schneiden Sie aus jeder Laborprobeneinheit f\u00fcnf Testproben in L\u00e4ngsrichtung und f\u00fcnf in Querrichtung mit den Ma\u00dfen 3,0 Zoll [76 mm] mal 12 Zoll [300 mm] aus.<\/li>\n<\/ul>\n<p>[\/vc_column_text][\/vc_tta_section][vc_tta_section title=&#8221;PROZESS&#8221; tab_id=&#8221;1686297093163-7cc08b77-c5ff&#8221;][vc_column_text woodmart_inline=&#8221;no&#8221; text_larger=&#8221;no&#8221;]<\/p>\n<ul>\n<li>Bedingung 24h bei Temperatur und Luftfeuchtigkeit nach ASTM D1776.<\/li>\n<li>Jede Flasche innerhalb von 4 Minuten nach der Entnahme aus dem Konditionierungs- oder Lagerbereich zusammenbauen und einer Flamme aussetzen.<\/li>\n<li>Halten Sie die Testprobe zwischen den beiden H\u00e4lften des Halters, wobei die Unterseite der Probe b\u00fcndig mit der Unterseite des Halters abschlie\u00dft.<\/li>\n<li>Haubenbel\u00fcftung ausschalten.<\/li>\n<li>Positionieren Sie den Brenner so, dass die untere H\u00e4lfte des Testmusters 19 mm [0,75 Zoll] \u00fcber dem Brenner zentriert ist.<\/li>\n<li>Starten Sie den Flammeneinschlag-Timer und setzen Sie die Probe f\u00fcr 12 \u00b1 0,2 s aus. Beobachten Sie, ob die Probe schmilzt oder tropft, w\u00e4hrend sie der Flamme ausgesetzt wird.<\/li>\n<li>Unmittelbar nach dem Entfernen der Flamme einen Timer starten, um die Nachflamm- und Nachgl\u00fchzeit zu messen.<\/li>\n<li>Beobachten Sie, wie lange die Probe nach der Einwirkzeit von 12 s noch brennt. Notieren Sie die Zeit nach der Flamme mit einer Genauigkeit von 0,2 s.<\/li>\n<li>Beachten Sie, wie lange die Probe nach dem Aufh\u00f6ren des Nachgl\u00fchens oder nach dem Entfernen der Flamme weitergl\u00fcht, wenn kein Nachgl\u00fchen auftritt. Notieren Sie diese Nachleuchtzeit auf die n\u00e4chsten 0,2 s.<\/li>\n<li>Entfernen Sie den Probenhalter aus dem Pr\u00fcfschrank. Schalten Sie die Abzugshaube ein, um den Pr\u00fcfschrank von Gasen und Rauch zu reinigen. Lassen Sie die Probe abk\u00fchlen.<\/li>\n<li>Machen Sie eine Falte, indem Sie die Probe entlang einer Linie durch die Spitze des h\u00f6chsten verkohlten Bereichs und parallel zu den Seiten der Probe falten.<\/li>\n<li>Durchstechen Sie die Probe mit dem Haken etwa 0,25 Zoll [6 mm] von der Unterkante und von der Seitenkante der Probe.<\/li>\n<li>Bringen Sie ein Gewicht an, das ausreicht, um eine kombinierte Masse des Gewichts mit dem Haken zu ergeben, die zu der richtigen Rei\u00dfkraft f\u00fchrt. Beziehen Sie sich auf Tabelle 1, um die angegebene Gesamtrei\u00dffestigkeit f\u00fcr Stoffe auf verschiedenen Tr\u00e4gern zu bestimmen.<\/li>\n<li>Wenden Sie die Rei\u00dfkraft wie folgt an. Befestigen Sie die Ecke des Musters an der gegen\u00fcberliegenden unteren Kante des Stoffes, wo der Haken und das Gewicht befestigt sind. Heben Sie die Probe in einer sanften, kontinuierlichen Bewegung an, bis die Probe die volle Rei\u00dfkraft unterst\u00fctzt. Beachten Sie eventuelle Stoffrisse im verkohlten Bereich der Probe. Markieren Sie das Ende des Risses mit einer Linie \u00fcber die Stoffbreite und senkrecht zur Faltlinie.<\/li>\n<li>Messen Sie die Verkohlungsl\u00e4nge entlang der unbesch\u00e4digten Kante der Probe auf 3 mm [0,12 Zoll] genau.<\/li>\n<\/ul>\n<p>[\/vc_column_text][\/vc_tta_section][vc_tta_section title=&#8221;BERECHNUNG&#8221; tab_id=&#8221;1686297125103-3af46642-b667&#8243;][vc_column_text woodmart_inline=&#8221;no&#8221; text_larger=&#8221;no&#8221;]<\/p>\n<ul>\n<li>Nachbrennzeit: Berechnen Sie f\u00fcr jede Laborprobe die durchschnittliche Nachbrennzeit in L\u00e4ngs- und Querrichtung.<\/li>\n<li>Nachgl\u00fchzeit: Berechnen Sie die mittlere Nachgl\u00fchzeit f\u00fcr die L\u00e4ngs- und Querrichtung jeder Laborprobe.<\/li>\n<li>Zeichenl\u00e4nge: Berechnen Sie die durchschnittliche Zeichenl\u00e4nge f\u00fcr die<\/li>\n<\/ul>\n<p>L\u00e4ngs- und Querrichtung f\u00fcr jede Laborprobe.[\/vc_column_text][vc_single_image image=&#8221;8259&#8243; img_size=&#8221;full&#8221; parallax_scroll=&#8221;no&#8221; woodmart_inline=&#8221;no&#8221;][\/vc_tta_section][vc_tta_section title=&#8221;PR\u00dcFBERICHT&#8221; tab_id=&#8221;1686297255319-a224f658-25bf&#8221;][vc_column_text woodmart_inline=&#8221;no&#8221; text_larger=&#8221;no&#8221;]<\/p>\n<ul>\n<li>Zeit nach der Flamme (individuell und durchschnittlich).<\/li>\n<li>Nachgl\u00fchzeit (individuell und durchschnittlich).<\/li>\n<li>Zeichenl\u00e4nge (individuell und durchschnittlich).<\/li>\n<li>Auftreten von Schmelzen oder Tropfen, falls vorhanden.<\/li>\n<\/ul>\n<p>Gem\u00e4\u00df den ASTM2112-Anforderungen wird dieser Test verwendet, um zu bestimmen, wie leicht sich Stoffe entz\u00fcnden und wie leicht sie nach dem Entz\u00fcnden weiterbrennen. Um NFPA 2112 zu bestehen, d\u00fcrfen Materialien keine durchschnittliche Nachbrennzeit von mehr als 2 Sekunden, eine Verkohlungsl\u00e4nge von mehr als 100 mm (4 Zoll) oder tropfende Schmelze aufweisen.[\/vc_column_text][\/vc_tta_section][\/vc_tta_tabs][\/vc_column][\/vc_row]<\/p>\n<\/section>","protected":false},"excerpt":{"rendered":"<p>PR\u00dcFVERFAHREN F\u00dcR FEUERFESTE GEWEBE (VERTIKALTEST)<\/p>\n","protected":false},"featured_media":0,"comment_status":"open","ping_status":"closed","template":"","meta":{"_mi_skip_tracking":false,"_monsterinsights_sitenote_active":false,"_monsterinsights_sitenote_note":"","_monsterinsights_sitenote_category":0},"product_cat":[885],"product_tag":[],"class_list":["post-11325","product","type-product","status-publish","hentry","product_cat-normativ"],"acf":[],"_links":{"self":[{"href":"https:\/\/lenard.tech\/de\/wp-json\/wp\/v2\/product\/11325","targetHints":{"allow":["GET"]}}],"collection":[{"href":"https:\/\/lenard.tech\/de\/wp-json\/wp\/v2\/product"}],"about":[{"href":"https:\/\/lenard.tech\/de\/wp-json\/wp\/v2\/types\/product"}],"replies":[{"embeddable":true,"href":"https:\/\/lenard.tech\/de\/wp-json\/wp\/v2\/comments?post=11325"}],"wp:attachment":[{"href":"https:\/\/lenard.tech\/de\/wp-json\/wp\/v2\/media?parent=11325"}],"wp:term":[{"taxonomy":"product_cat","embeddable":true,"href":"https:\/\/lenard.tech\/de\/wp-json\/wp\/v2\/product_cat?post=11325"},{"taxonomy":"product_tag","embeddable":true,"href":"https:\/\/lenard.tech\/de\/wp-json\/wp\/v2\/product_tag?post=11325"}],"curies":[{"name":"wp","href":"https:\/\/api.w.org\/{rel}","templated":true}]}}