
{"id":11328,"date":"2023-03-31T07:36:29","date_gmt":"2023-03-31T07:36:29","guid":{"rendered":"https:\/\/lenard.tech\/producto\/astm-d5034\/"},"modified":"2025-07-14T07:38:53","modified_gmt":"2025-07-14T07:38:53","slug":"astm-d50342021-2025","status":"publish","type":"product","link":"https:\/\/lenard.tech\/de\/producto\/astm-d50342021-2025\/","title":{"rendered":"ASTM D5034:2021 (2025)"},"content":{"rendered":"<section class=\"wpb-content-wrapper\"><p>[vc_row][vc_column][vc_column_text woodmart_inline=&#8221;no&#8221; text_larger=&#8221;no&#8221;]STANDARDPR\u00dcFVERFAHREN F\u00dcR ZUGFESTIGKEIT UND DEHNUNG VON TEXTILEN FL\u00c4CHENGEBILDEN (GRIP-TEST) 1[\/vc_column_text][\/vc_column][\/vc_row][vc_row][vc_column][vc_tta_tabs][vc_tta_section title=&#8221;ZIEL&#8221; tab_id=&#8221;1686295588914-637c7284-d10a&#8221;][vc_column_text woodmart_inline=&#8221;no&#8221; text_larger=&#8221;no&#8221;]Dieses Pr\u00fcfverfahren umfasst Griffigkeits- und modifizierte Griffigkeitstestverfahren zur Bestimmung der Bruchfestigkeit und Dehnung der meisten textilen Fl\u00e4chengebilde.<\/p>\n<p>Das Griffigkeitstestverfahren ist auf gewebte, nicht gewebte und gefilterte Stoffe anwendbar, w\u00e4hrend das modifizierte Griffigkeitstestverfahren haupts\u00e4chlich f\u00fcr gewebte Stoffe verwendet wird.<\/p>\n<p>Dieses Pr\u00fcfverfahren wird nicht f\u00fcr Glasfaserstoffe oder f\u00fcr Maschenware und andere Textilstoffe mit hoher Elastizit\u00e4t (gr\u00f6\u00dfer als 11 %) empfohlen.<\/p>\n<p>Diese Testmethode liefert Werte sowohl in Zoll-Pfund-Einheiten als auch in SI-Einheiten (International System of Units).[\/vc_column_text][\/vc_tta_section][vc_tta_section title=&#8221;ZUSAMMENFASSUNG DER TESTMETHODE&#8221; tab_id=&#8221;1686295588927-8f536083-5a5d&#8221;][vc_column_text woodmart_inline=&#8221;no&#8221; text_larger=&#8221;no&#8221;]Eine 100 mm (4,0 Zoll) breite Probe wird in der Mitte der Klemmen einer Zugpr\u00fcfmaschine befestigt und es wird eine Kraft ausge\u00fcbt, bis die Probe bricht. Werte f\u00fcr die Bruchkraft und Dehnung des Pr\u00fcfk\u00f6rpers werden von Maschinenwaagen, Skalen, autographischen Registerkarten oder einem an die Pr\u00fcfmaschine angeschlossenen Computer erhalten.<\/p>\n<p>Dieses Pr\u00fcfverfahren beschreibt die Verfahren zur Durchf\u00fchrung von Gewebegreif-Zugversuchen unter Verwendung von zwei Arten von Proben und drei alternativen Arten von Pr\u00fcfmaschinen.[\/vc_column_text][\/vc_tta_section][vc_tta_section title=&#8221;BEDEUTUNG UND VERWENDUNG&#8221; tab_id=&#8221;1686295688394-2a34157a-c606&#8243;][vc_column_text woodmart_inline=&#8221;no&#8221; text_larger=&#8221;no&#8221;]Das Griffigkeitstestverfahren in diesem Testverfahren zur Bestimmung von Bruchfestigkeit und Dehnung wird als zufriedenstellend f\u00fcr kommerzielle Versandannahmetests der meisten gewebten oder nicht gewebten Textilstoffe angesehen.<\/p>\n<p>Diese Pr\u00fcfmethode wird f\u00fcr Maschenware aufgrund ihrer hohen Elastizit\u00e4t nicht empfohlen.<\/p>\n<p>Einige Modifikationen der Technik k\u00f6nnen f\u00fcr jeden Stoff erforderlich sein, der eine Festigkeit von mehr als 200 N\/cm (1140 lb\/in.) in der Breite hat.<\/p>\n<p>Ein Vergleich der Ergebnisse von Zugpr\u00fcfmaschinen, die nach unterschiedlichen Prinzipien arbeiten, wird nicht empfohlen.<\/p>\n<p>Das Grab-Test-Verfahren ist anwendbar auf die Bestimmung der effektiven Festigkeit des Gewebes, dh der Festigkeit der Garne in einer bestimmten Breite zusammen mit Hilfe des Webens der benachbarten Garne. Die durch den Greifvorgang ermittelte Bruchkraft spiegelt nicht die St\u00e4rke der zwischen den Klemmen tats\u00e4chlich gegriffenen Dr\u00e4hte wider und kann nicht f\u00fcr den direkten Vergleich mit Drahtkraftbestimmungen verwendet werden.[\/vc_column_text][\/vc_tta_section][vc_tta_section title=&#8221;HAUSHALTSGER\u00c4TE&#8221; tab_id=&#8221;1686295720688-d7015696-dd49&#8243;][vc_column_text woodmart_inline=&#8221;no&#8221; text_larger=&#8221;no&#8221;]<\/p>\n<ul>\n<li>Zugpr\u00fcfmaschine nach D76:\n<ul>\n<li>CRE: Konstante Verl\u00e4ngerungsrate<\/li>\n<li>CRL: konstante Upload-Rate<\/li>\n<li>CRT: Konstante Fahrgeschwindigkeit<\/li>\n<\/ul>\n<\/li>\n<li>Klemmen<\/li>\n<li>Kiefer<\/li>\n<\/ul>\n<p>[\/vc_column_text][\/vc_tta_section][vc_tta_section title=&#8221;PROBEN&#8221; tab_id=&#8221;1686295785992-375e663d-ab95&#8243;][vc_column_text woodmart_inline=&#8221;no&#8221; text_larger=&#8221;no&#8221;]Chargenprobe \u2013 Entnehmen Sie eine Chargenprobe, wie in der entsprechenden Materialspezifikation angegeben. In Ermangelung einer solchen Spezifikation sind die Rollen oder St\u00fccke, aus denen das Musterlos besteht, nach dem Zufallsprinzip zu entnehmen.<\/p>\n<p>Schneiden Sie mindestens ein Labormuster \u00fcber die gesamte Breite des Stoffes und 1 m (1 yd) entlang der Webkante.<\/p>\n<p>Testproben: Von jeder Laborprobe werden f\u00fcnf Proben in Kettrichtung (Maschinenrichtung) und acht Proben in Schussrichtung (Querrichtung) (falls getestet) f\u00fcr jede Testbedingung entnommen.<\/p>\n<p>Hinweis: (Es ist anerkannt, dass Materialien in der Praxis oft nicht gewogen werden, um festzustellen, wann das Feuchtigkeitsgleichgewicht erreicht ist. W\u00e4hrend eine Konditionierung f\u00fcr eine feste Zeit in strittigen F\u00e4llen nicht akzeptiert werden kann, kann es f\u00fcr Tests ausreichen. Materialien routinem\u00e4\u00dfig der Standardatmosph\u00e4re auszusetzen zum Testen von Textilien f\u00fcr einen angemessenen Zeitraum vor dem Testen von Proben.)<\/p>\n<p>Schneiden Sie jedes Pr\u00fcfst\u00fcck 100 6 1 mm (4 6 0,05 Zoll) breit und mindestens 150 mm (6 Zoll) lang (Anmerkung 7) mit der langen Abmessung parallel zur Pr\u00fcf- und Kraftanwendungsrichtung.<\/p>\n<p>Zeichnen Sie eine Linie auf dem Testst\u00fcck, die parallel zur L\u00e4ngsrichtung (und entlang eines St\u00fccks gewebten Stoffs) verl\u00e4uft und 37 \u00b1 1 mm (1,5 \u00b1 0,02 Zoll) von der Kante einer Seite des Testst\u00fccks entfernt ist .[\/vc_column_text][\/vc_tta_section][vc_tta_section title=&#8221;PROZESS&#8221; tab_id=&#8221;1686295827018-6782d0aa-62fe&#8221;][vc_column_text woodmart_inline=&#8221;no&#8221; text_larger=&#8221;no&#8221;]<\/p>\n<ul>\n<li>Befestigen Sie die Probe so in den Klemmbacken, dass die zuvor gezogene parallele Linie neben der Seite der oberen und unteren Vorderbacken oder der Oberseite liegt, die dieser Kante am n\u00e4chsten liegt, und dass ungef\u00e4hr die gleiche L\u00e4nge des Gewebes an jedem Ende \u00fcber die Klemme hinausragt. Die Parallellinie dient als Richtschnur, damit in beiden Klemmen die gleichen L\u00e4ngsf\u00e4den von Geweben eingespannt werden und die Krafteinwirkung keinen nennenswerten Winkel zur Pr\u00fcfrichtung von Vliesen bildet. Die Belastung der Probe sollte \u00fcber die gesamte Breite der Klemme gleichm\u00e4\u00dfig sein.<\/li>\n<li>Bei dehnbaren oder hochfesten Stoffen, bei denen die Probe nicht zufriedenstellend festgeklemmt werden kann, legen Sie jede Probe um die Stifte und zwischen die Backen, verwenden Sie ggf. Backenpolster.<\/li>\n<li>Die Dehnung h\u00e4ngt von der Ausgangsl\u00e4nge des Probek\u00f6rpers ab, die durch eine eventuell aufgebrachte Vorspannung beim Einbau des Probek\u00f6rpers in die Pr\u00fcfmaschine beeinflusst wird. Wenn eine Messung der Probendehnung erforderlich ist, befestigen Sie die Probe in der oberen Klemme der Maschine und \u00fcben Sie eine gleichm\u00e4\u00dfige Vorspannung von nicht mehr als 0,5 % der vollen Skalenlast auf das untere Ende der Probe aus, bevor Sie die Probe in die untere einspannen Klemme.<\/li>\n<li>Markieren Sie die Probe an der vorderen Innenkante jeder Backe, um zu pr\u00fcfen, ob die Probe verrutscht. Wenn ein Schlupf auftritt, bewegt sich die Markierung von der Kante der Backe weg.<\/li>\n<li>Lesen Sie die Bruchkraft und ggf. die Dehnung ab<\/li>\n<li>Zeichnen Sie die Ergebnisse der Kett- und Schussrichtung getrennt auf.<\/li>\n<li>Wenn ein Reagenzglas in den Backen rutscht oder am Rand oder in den Backen bricht oder wenn das Ergebnis aus irgendeinem Grund deutlich unter dem Durchschnitt des Reagenzglassatzes liegt, verwerfen Sie das Ergebnis und nehmen Sie ein anderes Reagenzglas.<\/li>\n<\/ul>\n<p>[\/vc_column_text][\/vc_tta_section][vc_tta_section title=&#8221;BERECHNUNG&#8221; tab_id=&#8221;1686295893993-ffda027e-4b58&#8243;][vc_column_text woodmart_inline=&#8221;no&#8221; text_larger=&#8221;no&#8221;]Bruchkraft: Berechnen Sie f\u00fcr jede Laborprobe und jede Testbedingung den Durchschnitt der beobachteten Bruchkraft f\u00fcr alle akzeptablen Proben, dh die maximale Kraft, die auf die Probe ausge\u00fcbt wird, wie sie direkt vom Anzeigemechanismus der Pr\u00fcfmaschine abgelesen wird.<\/p>\n<p>Messung der scheinbaren Dehnung. Wenn keine andere Kraft angegeben ist, messen Sie die scheinbare Dehnung der Proben, die bei der Bruchkraft akzeptabel sind. Messen Sie die L\u00e4ngenzunahme vom Beginn der Kraft-Dehnungs-Kurve bis zu einem Punkt, der der Bruchkraft oder einer anderen spezifizierten Kraft entspricht, wie in der autographischen Aufzeichnung angegeben.<\/p>\n<p>Berechnen Sie die scheinbare Dehnung als prozentuale L\u00e4ngenzunahme bezogen auf die Messl\u00e4nge (anf\u00e4ngliche Nennpr\u00fcfl\u00e4nge der Probe).[\/vc_column_text][\/vc_tta_section][vc_tta_section title=&#8221;PR\u00dcFBERICHT&#8221; tab_id=&#8221;1686295923873-9bcef17c-995d&#8221;][vc_column_text woodmart_inline=&#8221;no&#8221; text_larger=&#8221;no&#8221;]<\/p>\n<ul>\n<li>Geben Sie an, dass die Proben gem\u00e4\u00df Testmethode D5034 getestet wurden.<\/li>\n<li>Beschreiben Sie das beprobte Material oder Produkt und die angewandte Probenahmemethode.<\/li>\n<li>Geben Sie die folgenden Informationen f\u00fcr jede Laborprobe an:<\/li>\n<li>Die durchschnittliche Bruchkraft pro Probest\u00fcck, die akzeptable Br\u00fcche ergibt, f\u00fcr jede Testbedingung,<\/li>\n<li>Die durchschnittliche prozentuale Bruchdehnung der akzeptablen Proben f\u00fcr jede Testbedingung, falls gefordert.<\/li>\n<li>Anzahl der Exemplare<\/li>\n<li>Mustertyp und Pr\u00fcfmaschine<\/li>\n<li>maximal erreichbare Kraft<\/li>\n<li>Vorspannung, falls verwendet<\/li>\n<\/ul>\n<p>[\/vc_column_text][\/vc_tta_section][\/vc_tta_tabs][\/vc_column][\/vc_row]<\/p>\n<\/section>","protected":false},"excerpt":{"rendered":"<p>STANDARDPR\u00dcFVERFAHREN F\u00dcR ZUGFESTIGKEIT UND DEHNUNG VON TEXTILEN FL\u00c4CHENGEBILDEN (GRIP-TEST) 1<\/p>\n","protected":false},"featured_media":0,"comment_status":"open","ping_status":"closed","template":"","meta":{"_mi_skip_tracking":false,"_monsterinsights_sitenote_active":false,"_monsterinsights_sitenote_note":"","_monsterinsights_sitenote_category":0},"product_cat":[885],"product_tag":[],"class_list":["post-11328","product","type-product","status-publish","hentry","product_cat-normativ"],"acf":[],"_links":{"self":[{"href":"https:\/\/lenard.tech\/de\/wp-json\/wp\/v2\/product\/11328","targetHints":{"allow":["GET"]}}],"collection":[{"href":"https:\/\/lenard.tech\/de\/wp-json\/wp\/v2\/product"}],"about":[{"href":"https:\/\/lenard.tech\/de\/wp-json\/wp\/v2\/types\/product"}],"replies":[{"embeddable":true,"href":"https:\/\/lenard.tech\/de\/wp-json\/wp\/v2\/comments?post=11328"}],"wp:attachment":[{"href":"https:\/\/lenard.tech\/de\/wp-json\/wp\/v2\/media?parent=11328"}],"wp:term":[{"taxonomy":"product_cat","embeddable":true,"href":"https:\/\/lenard.tech\/de\/wp-json\/wp\/v2\/product_cat?post=11328"},{"taxonomy":"product_tag","embeddable":true,"href":"https:\/\/lenard.tech\/de\/wp-json\/wp\/v2\/product_tag?post=11328"}],"curies":[{"name":"wp","href":"https:\/\/api.w.org\/{rel}","templated":true}]}}