
{"id":11331,"date":"2023-03-31T07:33:45","date_gmt":"2023-03-31T07:33:45","guid":{"rendered":"https:\/\/lenard.tech\/producto\/astm-d3787\/"},"modified":"2023-09-01T08:54:59","modified_gmt":"2023-09-01T08:54:59","slug":"astm-d37872020","status":"publish","type":"product","link":"https:\/\/lenard.tech\/de\/producto\/astm-d37872020\/","title":{"rendered":"ASTM D3787:2020"},"content":{"rendered":"<section class=\"wpb-content-wrapper\"><p>[vc_row][vc_column][vc_column_text woodmart_inline=&#8221;no&#8221; text_larger=&#8221;no&#8221;]BERSTWIDERSTAND: BALL-EXPOSITION-TEST[\/vc_column_text][\/vc_column][\/vc_row][vc_row][vc_column][vc_tta_tabs][vc_tta_section title=&#8221;ZIEL&#8221; tab_id=&#8221;1686236123488-f326608a-f528&#8243;][vc_column_text woodmart_inline=&#8221;no&#8221; text_larger=&#8221;no&#8221;]Diese Norm beschreibt die Berstfestigkeit von Textilb\u00e4llen, die eine hohe Dehnung aufweisen. Die angegebenen Werte sind in SI-Einheiten oder Zoll-Pfund-Einheiten.[\/vc_column_text][\/vc_tta_section][vc_tta_section title=&#8221;TESTMETHODE&#8221; tab_id=&#8221;1686236123496-e4013a9c-7029&#8243;][vc_column_text woodmart_inline=&#8221;no&#8221; text_larger=&#8221;no&#8221;]Eine Probe wird spannungsfrei zwischen den kreisf\u00f6rmigen geschlitzten Platten der Kugelbruchvorrichtung festgeklemmt, die an der (beweglichen) Zugbacke f\u00fcr die CRT-Maschine (Constant Velocity Travel Testing) befestigt ist. Durch eine geh\u00e4rtete und polierte Stahlkugel, die an der (festen) Pendelbacke der Maschine befestigt ist, wird eine Kraft auf die Probe ausge\u00fcbt, bis es zum Bruch kommt.[\/vc_column_text][\/vc_tta_section][vc_tta_section title=&#8221;HAUSHALTSGER\u00c4TE&#8221; tab_id=&#8221;1686236239562-82f8497e-52f7&#8243;][vc_column_text woodmart_inline=&#8221;no&#8221; text_larger=&#8221;no&#8221;]<\/p>\n<ul>\n<li>Zugpr\u00fcfmaschine (CRT) mit konstanter Geschwindigkeit (CRT) mit einer Kugelberstvorrichtung, die die Klemmbaugruppe ersetzt.<\/li>\n<li>Die polierte Stahlkugel muss einen Durchmesser von 25,400 \u00b1 0,005 mm (1,0000 \u00b1 0,0002 Zoll) haben und kugelf\u00f6rmig sein. Die Ringklemme muss einen Durchmesser von 44,450 \u00b1 0,025 mm (1,750 \u00b1 0,001 Zoll) haben.<\/li>\n<\/ul>\n<p>[\/vc_column_text][vc_single_image image=&#8221;8245&#8243; img_size=&#8221;FULL&#8221; alignment=&#8221;center&#8221; onclick=&#8221;link_image&#8221; parallax_scroll=&#8221;no&#8221; woodmart_inline=&#8221;no&#8221;][\/vc_tta_section][vc_tta_section title=&#8221;PROBEN&#8221; tab_id=&#8221;1686236275946-3e7bfc64-daa8&#8243;][vc_column_text woodmart_inline=&#8221;no&#8221; text_larger=&#8221;no&#8221;]<\/p>\n<ol>\n<li>Entnehmen Sie eine Probe aus der Charge, wie in der entsprechenden Materialspezifikation angegeben.<\/li>\n<li>Schneiden Sie mindestens eine Laborprobe \u00fcber die gesamte Breite des Stoffes und mindestens 1 m (1 yd) entlang der Webkante.<\/li>\n<li>Nimm f\u00fcnf Reagenzgl\u00e4ser<\/li>\n<li>Jede Probe muss mindestens ein Quadrat von 125 mm (5 Zoll) oder einen Kreis von 125 mm (5 Zoll) Durchmesser haben.<\/li>\n<\/ol>\n<p>[\/vc_column_text][\/vc_tta_section][vc_tta_section title=&#8221;KONDITIONIERUNG&#8221; tab_id=&#8221;1686236320264-df5a8f05-78bc&#8221;][vc_column_text woodmart_inline=&#8221;no&#8221; text_larger=&#8221;no&#8221;]<\/p>\n<ul>\n<li>Gem\u00e4\u00df Standard D1776<\/li>\n<li>Probe spannungsfrei in den Spannring einlegen und mittels Schraub- oder Hebelvorrichtung festklemmen. Starten Sie die CRT-Zugpr\u00fcfmaschine mit einer Zugklemmengeschwindigkeit von 305 \u00b1 13 mm\/min (12 \u00b1 0,5 Zoll\/min) und fahren Sie mit dieser Geschwindigkeit fort, bis die Probe platzt.<\/li>\n<li>Notieren Sie auf 0,5 N (0,1 lb) genau den Widerstand gegen das Bersten der Probenkugel.<\/li>\n<\/ul>\n<p>ERGEBNISSE<\/p>\n<p>Berechnen Sie die durchschnittliche Berstkraft auf 0,5 N (0,1 lb) genau f\u00fcr jede Laborprobe und f\u00fcr die Charge.<\/p>\n<p>Proben auflisten, die gem\u00e4\u00df der Testmethode ASTM D3787 getestet wurden.<\/p>\n<p>Beschreiben Sie das Material oder Produkt.<\/p>\n<p>Geben Sie die Berstfestigkeit jeder Probe und die durchschnittliche Berstfestigkeit auf 0,5 N (0,1 lbf.<\/p>\n<p>[\/vc_column_text][\/vc_tta_section][vc_tta_section title=&#8221;RESULTADOS&#8221; tab_id=&#8221;1686236359800-25e876b8-4818&#8243;][vc_column_text woodmart_inline=&#8221;no&#8221; text_larger=&#8221;no&#8221;]Calcule la fuerza de estallido promedio con una precisi\u00f3n de 0,5 N (0,1 lb) para cada muestra de laboratorio y para el lote.<\/p>\n<p>Indique las probetas probadas tal y como se indica en el m\u00e9todo de prueba ASTM D3787.<\/p>\n<p>Describa el material o producto.<\/p>\n<p>Informar la resistencia al estallido de cada probeta y la resistencia al estallido promedio con una precisi\u00f3n de 0,5 N (0,1 lbf.[\/vc_column_text][\/vc_tta_section][\/vc_tta_tabs][\/vc_column][\/vc_row]<\/p>\n<\/section>","protected":false},"excerpt":{"rendered":"<p>BERSTWIDERSTAND: BALL-EXPOSITION-TEST<\/p>\n","protected":false},"featured_media":0,"comment_status":"open","ping_status":"closed","template":"","meta":{"_mi_skip_tracking":false,"_monsterinsights_sitenote_active":false,"_monsterinsights_sitenote_note":"","_monsterinsights_sitenote_category":0},"product_cat":[885],"product_tag":[],"class_list":["post-11331","product","type-product","status-publish","hentry","product_cat-normativ"],"acf":[],"_links":{"self":[{"href":"https:\/\/lenard.tech\/de\/wp-json\/wp\/v2\/product\/11331","targetHints":{"allow":["GET"]}}],"collection":[{"href":"https:\/\/lenard.tech\/de\/wp-json\/wp\/v2\/product"}],"about":[{"href":"https:\/\/lenard.tech\/de\/wp-json\/wp\/v2\/types\/product"}],"replies":[{"embeddable":true,"href":"https:\/\/lenard.tech\/de\/wp-json\/wp\/v2\/comments?post=11331"}],"wp:attachment":[{"href":"https:\/\/lenard.tech\/de\/wp-json\/wp\/v2\/media?parent=11331"}],"wp:term":[{"taxonomy":"product_cat","embeddable":true,"href":"https:\/\/lenard.tech\/de\/wp-json\/wp\/v2\/product_cat?post=11331"},{"taxonomy":"product_tag","embeddable":true,"href":"https:\/\/lenard.tech\/de\/wp-json\/wp\/v2\/product_tag?post=11331"}],"curies":[{"name":"wp","href":"https:\/\/api.w.org\/{rel}","templated":true}]}}