
{"id":11334,"date":"2023-03-31T07:32:53","date_gmt":"2023-03-31T07:32:53","guid":{"rendered":"https:\/\/lenard.tech\/producto\/astm-d3786\/"},"modified":"2024-06-03T10:20:55","modified_gmt":"2024-06-03T10:20:55","slug":"astm-d37862023","status":"publish","type":"product","link":"https:\/\/lenard.tech\/de\/producto\/astm-d37862023\/","title":{"rendered":"ASTM D3786:2023"},"content":{"rendered":"<section class=\"wpb-content-wrapper\"><p>[vc_row][vc_column][vc_column_text woodmart_inline=&#8221;no&#8221; text_larger=&#8221;no&#8221;]BERSTWIDERSTAND: MEMBRANBRUCH[\/vc_column_text][\/vc_column][\/vc_row][vc_row][vc_column][vc_tta_tabs][vc_tta_section title=&#8221;ZIEL&#8221; tab_id=&#8221;1686235717215-87808516-7619&#8243;][vc_column_text woodmart_inline=&#8221;no&#8221; text_larger=&#8221;no&#8221;]Diese Norm beschreibt die Messung der Festigkeit von textilen Fl\u00e4chengebilden mit einem hydraulischen oder pneumatischen Membranbruchpr\u00fcfger\u00e4t. Es kann auch zum Strecken von gewebten und industriellen Stoffen verwendet werden. Werte in SI-Einheiten oder Zoll-Pfund-Einheiten angegeben.[\/vc_column_text][\/vc_tta_section][vc_tta_section title=&#8221;TESTMETHODE&#8221; tab_id=&#8221;1686235717222-51e6c12b-b02e&#8221;][vc_column_text woodmart_inline=&#8221;no&#8221; text_larger=&#8221;no&#8221;]Eine Probe wird auf eine dehnbare Membran geklemmt. Die Membran wird durch Fluiddruck bis zum Bruchpunkt der Probe gedehnt. Die Differenz zwischen dem zum Bersten der Probe erforderlichen Gesamtdruck und dem zum Aufblasen der Membran erforderlichen Druck wird als Berstkraft angegeben.[\/vc_column_text][\/vc_tta_section][vc_tta_section title=&#8221;HAUSHALTSGER\u00c4TE&#8221; tab_id=&#8221;1686235802776-11aa6d2e-08c0&#8243;][vc_column_text woodmart_inline=&#8221;no&#8221; text_larger=&#8221;no&#8221;]<\/p>\n<ul>\n<li>Membranbruchr\u00e4uber<\/li>\n<li>Klemmen, um die Probe fest und gleichm\u00e4\u00dfig zwischen zwei dauerhaften, parallelen, ringf\u00f6rmigen Oberfl\u00e4chen zu befestigen, ohne w\u00e4hrend des Tests zu rutschen. Verwenden Sie gen\u00fcgend Druck, um eine praktikable Minimierung des Schlupfes zu bewirken. Die oberen und unteren Klemmfl\u00e4chen m\u00fcssen eine kreisf\u00f6rmige koaxiale \u00d6ffnung mit einem Durchmesser von 31 \u00b1 0,75 mm (1,22 \u00b1 0,023 Zoll) haben. Klemmfl\u00e4chen m\u00fcssen haltbar sein und alle Kanten, die eine Schneidwirkung verursachen k\u00f6nnen, m\u00fcssen auf einen Radius von nicht mehr als 0,4 mm abgerundet sein. Die untere Klemme ist genauso fest mit der Kammer verbunden, wie ein Druckmedium die Gummimembran aufbl\u00e4ht.<\/li>\n<li>eine Membran aus geformtem synthetischem Material oder Naturkautschuk, die zwischen der unteren Klemmplatte und dem Rest der Vorrichtung gehalten wird, so dass, bevor die Membran durch Druck darunter gedehnt wird, die Mitte ihrer oberen Fl\u00e4che nominell auf gleicher H\u00f6he mit der Ebene der Klemmfl\u00e4che ist.<\/li>\n<li>Druckanzeige<\/li>\n<li>Drucksystem zum Aufbringen von kontrolliertem Druck<\/li>\n<li>Hydraulischer Druck wird durch eine Fl\u00fcssigkeit erzeugt, die mit einer Geschwindigkeit von 95 6 5 ml\/min verdr\u00e4ngt wird.<\/li>\n<li>Pneumatischer Druck wird erzeugt, indem der Strom sauberer, trockener Luft durch ein Ventil gesteuert wird.<\/li>\n<li>Pneumatischer Druck wird erzeugt, indem der Strom sauberer, trockener Luft durch das Ventil gesteuert wird.<\/li>\n<li>Aluminiumblech zur \u00dcberpr\u00fcfung der Ger\u00e4teleistung.<\/li>\n<\/ul>\n<p>[\/vc_column_text][\/vc_tta_section][vc_tta_section title=&#8221;PROBEN&#8221; tab_id=&#8221;1686235832854-b266522d-c077&#8243;][vc_column_text woodmart_inline=&#8221;no&#8221; text_larger=&#8221;no&#8221;]<\/p>\n<ul>\n<li>Chargenmuster gem\u00e4\u00df geltender Materialspezifikation.<\/li>\n<li>Laborprobe: eine Probe in voller Breite, 1 m (1 yd) lang vom Ende jeder Stoffrolle in der Chargenprobe, nach dem ersten Verwerfen mindestens 1 m (1 yd) von jede ausgew\u00e4hlte Rolle oder jedes St\u00fcck Rundstrickstoff.<\/li>\n<\/ul>\n<ul>\n<li>Schneiden Sie ein Band mit einer Breite von mindestens 305 mm (14 ft) zu.<\/li>\n<\/ul>\n<p>[\/vc_column_text][\/vc_tta_section][vc_tta_section title=&#8221;KONDITIONIERUNG&#8221; tab_id=&#8221;1686235891154-1b3d5c96-27f1&#8243;][vc_column_text woodmart_inline=&#8221;no&#8221; text_larger=&#8221;no&#8221;]<\/p>\n<ul>\n<li>Gem\u00e4\u00df Standard D1776.<\/li>\n<li>Nehmen Sie zehn Reagenzgl\u00e4ser aus dem Gewebelabor. Jede Probe muss mindestens ein Quadrat von 125 mm (5 Zoll) oder einen Kreis von 125 mm (5 Zoll) Durchmesser haben.<\/li>\n<\/ul>\n<p>[\/vc_column_text][\/vc_tta_section][vc_tta_section title=&#8221;VERFAHREN&#8221; tab_id=&#8221;1686235930477-18cb1630-7291&#8243;][vc_column_text woodmart_inline=&#8221;no&#8221; text_larger=&#8221;no&#8221;]<\/p>\n<ul>\n<li>Handbet\u00e4tigte hydraulische Ausr\u00fcstung:\n<ul>\n<li>Den konditionierten Zylinder unter das Stativ einf\u00fchren, die Probe durch die Platte spannen und die Probe festklemmen, indem der Klemmhebel ganz nach rechts bewegt wird.<\/li>\n<li>Drehen Sie das Handrad im Uhrzeigersinn mit einer gleichm\u00e4\u00dfigen Drehzahl von 120 U\/min, bis der Zylinder platzt.<\/li>\n<li>H\u00f6ren Sie auf, das Handrad zu drehen, wenn die Probe bricht.<\/li>\n<li>Unmittelbar nach dem Brechen und kurz hintereinander den Klemmhebel an der Probe loslassen. L\u00f6sen Sie die Spannung an der Membran, indem Sie das Rad gegen den Uhrzeigersinn in seine Ausgangsposition drehen, und notieren Sie den erforderlichen Druck, den Druck, der zum Aufblasen der Membran erforderlich ist.<\/li>\n<li>Notieren Sie den zum Brechen der Probe erforderlichen Gesamtdruck.<\/li>\n<\/ul>\n<\/li>\n<\/ul>\n<ul>\n<li>Motorgetriebene hydraulische Ausr\u00fcstung:<\/li>\n<li>F\u00fchren Sie die Probe mit der Klemme zwischen Ober- und Unterseite ein und achten Sie darauf, dass die Probe keine Falten und Knicke aufweist. Halten Sie die Probe fest. Betreiben Sie den Druck, bis die Probe platzt.<\/li>\n<li>Pneumatische Ausr\u00fcstung:<\/li>\n<li>Stellen Sie das Steuerventil der Berstausr\u00fcstung so ein, dass die mittlere Zeit zum Bersten der Probe 20 \u00b1 5 s betr\u00e4gt. Die Berstzeit zwischen dem Beginn des Taumelns und dem Bersten des Pr\u00fcfmusters ist aufzuzeichnen.<\/li>\n<\/ul>\n<p>[\/vc_column_text][\/vc_tta_section][vc_tta_section title=&#8221;ERGEBNISSE&#8221; tab_id=&#8221;1686235979710-8b6db562-af9e&#8221;][vc_column_text woodmart_inline=&#8221;no&#8221; text_larger=&#8221;no&#8221;]<\/p>\n<ul>\n<li>Berechnen Sie den Berstdruck des Pr\u00fcflings, indem Sie den zum Aufblasen der Membran erforderlichen Einstelldruck von dem zum Bersten des Pr\u00fcflings erforderlichen Gesamtdruck abziehen.<\/li>\n<li>Geben Sie die Art der verwendeten Brechausr\u00fcstung gem\u00e4\u00df Standard D3786 an.<\/li>\n<li>Beschreiben Sie das Material oder Produkt.<\/li>\n<li>Geben Sie die Berstfestigkeit jeder einzelnen Probe und ihren Durchschnitt in kPa (psi) an. Wenn das Tuch nicht platzt, sollte der Bericht den maximalen Berstdruck des Instruments angeben und dass die Probe bei diesem Druck nicht geplatzt ist.<\/li>\n<\/ul>\n<p>[\/vc_column_text][\/vc_tta_section][\/vc_tta_tabs][\/vc_column][\/vc_row]<\/p>\n<\/section>","protected":false},"excerpt":{"rendered":"<p>BERSTWIDERSTAND: MEMBRANBRUCH<\/p>\n","protected":false},"featured_media":0,"comment_status":"open","ping_status":"closed","template":"","meta":{"_mi_skip_tracking":false,"_monsterinsights_sitenote_active":false,"_monsterinsights_sitenote_note":"","_monsterinsights_sitenote_category":0},"product_cat":[885],"product_tag":[],"class_list":["post-11334","product","type-product","status-publish","hentry","product_cat-normativ"],"acf":[],"_links":{"self":[{"href":"https:\/\/lenard.tech\/de\/wp-json\/wp\/v2\/product\/11334","targetHints":{"allow":["GET"]}}],"collection":[{"href":"https:\/\/lenard.tech\/de\/wp-json\/wp\/v2\/product"}],"about":[{"href":"https:\/\/lenard.tech\/de\/wp-json\/wp\/v2\/types\/product"}],"replies":[{"embeddable":true,"href":"https:\/\/lenard.tech\/de\/wp-json\/wp\/v2\/comments?post=11334"}],"wp:attachment":[{"href":"https:\/\/lenard.tech\/de\/wp-json\/wp\/v2\/media?parent=11334"}],"wp:term":[{"taxonomy":"product_cat","embeddable":true,"href":"https:\/\/lenard.tech\/de\/wp-json\/wp\/v2\/product_cat?post=11334"},{"taxonomy":"product_tag","embeddable":true,"href":"https:\/\/lenard.tech\/de\/wp-json\/wp\/v2\/product_tag?post=11334"}],"curies":[{"name":"wp","href":"https:\/\/api.w.org\/{rel}","templated":true}]}}