
{"id":11337,"date":"2023-03-31T07:31:39","date_gmt":"2023-03-31T07:31:39","guid":{"rendered":"https:\/\/lenard.tech\/producto\/astm-d3512\/"},"modified":"2023-09-01T08:53:48","modified_gmt":"2023-09-01T08:53:48","slug":"astm-d35122022","status":"publish","type":"product","link":"https:\/\/lenard.tech\/de\/producto\/astm-d35122022\/","title":{"rendered":"ASTM D3512:2022"},"content":{"rendered":"<section class=\"wpb-content-wrapper\"><p>[vc_row][vc_column][vc_column_text woodmart_inline=&#8221;no&#8221; text_larger=&#8221;no&#8221;]STANDARDTESTVERFAHREN F\u00dcR DIE BEST\u00c4NDIGKEIT GEGEN PILLING UND ANDERE VERWANDTE OBERFL\u00c4CHENVER\u00c4NDERUNGEN VON TEXTILGEWEBEN: RANDOM PILLING TESTER[\/vc_column_text][\/vc_column][\/vc_row][vc_row][vc_column][vc_tta_tabs][vc_tta_section title=&#8221;ZIEL&#8221; tab_id=&#8221;1686235121192-68c17052-34d2&#8243;][vc_column_text woodmart_inline=&#8221;no&#8221; text_larger=&#8221;no&#8221;]Diese Testmethode umfasst die Bestimmung der Neigung eines Stoffes zu Pilling und anderen damit verbundenen Oberfl\u00e4chenver\u00e4nderungen in Textilien mit dem Random Pill Tester.<\/p>\n<p>Einige Stoffe, die mit Silikonharz behandelt wurden, k\u00f6nnen mit diesem Verfahren m\u00f6glicherweise nicht zufriedenstellend getestet werden, da das Silikonharz auf die Korkeinlagen in der Testkammer \u00fcbertragen und zu fehlerhaften Ergebnissen f\u00fchren kann.[\/vc_column_text][\/vc_tta_section][vc_tta_section title=&#8221;ZUSAMMENFASSUNG DER TESTMETHODE&#8221; tab_id=&#8221;1686235121204-2a937092-170f&#8221;][vc_column_text woodmart_inline=&#8221;no&#8221; text_larger=&#8221;no&#8221;]Auf einer Laborpr\u00fcfmaschine werden Pilling und andere Ver\u00e4nderungen des Oberfl\u00e4chenbildes wie Fusseln simuliert, die bei normalem Gebrauch auftreten. Pilling des Gewebes wird durch eine zuf\u00e4llige Reibungswirkung verursacht, die durch Taumeln der Testst\u00fccke in einer zylindrischen Testkammer, die mit einem leicht abrasiven Material ausgekleidet ist, erzeugt wird. Um Pillen mit einem Aussehen und einer Struktur zu bilden, die den tats\u00e4chlich hergestellten \u00e4hneln, werden kleine Mengen kurzer grauer Baumwollfasern in jede Testkammer mit den Proben gegeben. Der Grad der Kn\u00f6tchenbildung im Stoff wird durch Vergleichen der getesteten Proben mit visuellen Standards bewertet, die tats\u00e4chliche Stoffe oder Fotografien von Stoffen sein k\u00f6nnen, die einen Bereich der Best\u00e4ndigkeit gegen Kn\u00f6tchenbildung zeigen. Die beobachtete Pillingbest\u00e4ndigkeit wird unter Verwendung einer willk\u00fcrlichen Bewertungsskala angegeben.[\/vc_column_text][\/vc_tta_section][vc_tta_section title=&#8221;GER\u00c4T&#8221; tab_id=&#8221;1686235213148-a99b4c88-78c8&#8243;][vc_single_image image=&#8221;8240&#8243; img_size=&#8221;FULL&#8221; alignment=&#8221;center&#8221; parallax_scroll=&#8221;no&#8221; woodmart_inline=&#8221;no&#8221;][\/vc_tta_section][vc_tta_section title=&#8221;PROBEN&#8221; tab_id=&#8221;1686235264849-03d46fca-82b5&#8243;][vc_column_text woodmart_inline=&#8221;no&#8221; text_larger=&#8221;no&#8221;]<\/p>\n<ul>\n<li>Nehmen Sie ein 1 m langes St\u00fcck Stoff in voller Breite entlang der Webkante (Maschinenrichtung), nachdem Sie zuerst ein 1 m langes St\u00fcck entfernt haben.<\/li>\n<li>Die Proben k\u00f6nnen gewaschen oder chemisch gereinigt werden, bevor die Testproben geschnitten werden, wobei Bedingungen verwendet werden, die f\u00fcr die Endverwendung des Gewebes geeignet sind, oder Bedingungen, die von allen betroffenen Parteien vereinbart werden.<\/li>\n<li>Die Proben in Quadrate von 105 mm [4,13 Zoll] schneiden(45\u00ba in Bezug auf die Kettrichtungen).Nehmen Sie die beabstandeten Proben. Vermeiden Sie Bereiche mit Falten und anderen Verzerrungen<\/li>\n<li>3 Reagenzgl\u00e4ser werden alle derselben Probe entnommen.<\/li>\n<\/ul>\n<p>[\/vc_column_text][\/vc_tta_section][vc_tta_section title=&#8221;AUSWERTUNG&#8221; tab_id=&#8221;1686235292396-88fa82c8-f5d4&#8243;][vc_single_image image=&#8221;8241&#8243; img_size=&#8221;MEDIUM&#8221; alignment=&#8221;center&#8221; style=&#8221;vc_box_shadow_3d&#8221; onclick=&#8221;link_image&#8221; parallax_scroll=&#8221;no&#8221; woodmart_inline=&#8221;no&#8221;][vc_column_text woodmart_inline=&#8221;no&#8221; text_larger=&#8221;no&#8221;]Legen Sie jede Probe auf das doppelseitige Klebeband im Beobachtungsschrank.<\/p>\n<p>Bewerten Sie mit dem Beobachtungsger\u00e4t subjektiv das Gesichtsaussehen (wie durch die Markierungen und nach den jeweiligen Taumelzeiten angegeben) jeder Probe anhand der folgenden Skala:<\/p>\n<p>Zum Pilling:<\/p>\n<p>5 \u2013 kein Pilling<\/p>\n<p>4 \u2013 leichtes Pilling<\/p>\n<p>3 \u2013 m\u00e4\u00dfiges Pilling<\/p>\n<p>2 \u2013 starkes Pilling<\/p>\n<p>1 \u2013 sehr starkes Pilling[\/vc_column_text][\/vc_tta_section][vc_tta_section title=&#8221;PR\u00dcFBERICHT&#8221; tab_id=&#8221;1686235412617-39127f2c-e531&#8243;][vc_column_text woodmart_inline=&#8221;no&#8221; text_larger=&#8221;no&#8221;]<\/p>\n<ul>\n<li>Geben Sie an, dass die Proben gem\u00e4\u00df Testmethode D3512 getestet wurden. Beschreiben Sie das beprobte Material oder Produkt und die angewandte Probenahmemethode.<\/li>\n<li>Bewertungen jeder einzelnen Probe<\/li>\n<li>Ob die Kanten der Proben mit Klebstoff verklebt waren oder nicht<\/li>\n<li>Wenn der Stoff vor dem Testen gewaschen wurde, die verwendeten Waschbedingungen<\/li>\n<li>Ausf\u00fchrungszeiten<\/li>\n<li>Art des Anzeigeger\u00e4ts.<\/li>\n<\/ul>\n<p>[\/vc_column_text][\/vc_tta_section][\/vc_tta_tabs][\/vc_column][\/vc_row]<\/p>\n<\/section>","protected":false},"excerpt":{"rendered":"<p>STANDARDTESTVERFAHREN F\u00dcR DIE BEST\u00c4NDIGKEIT GEGEN PILLING UND ANDERE VERWANDTE OBERFL\u00c4CHENVER\u00c4NDERUNGEN VON TEXTILGEWEBEN: RANDOM PILLING TESTER<\/p>\n","protected":false},"featured_media":0,"comment_status":"open","ping_status":"closed","template":"","meta":{"_mi_skip_tracking":false,"_monsterinsights_sitenote_active":false,"_monsterinsights_sitenote_note":"","_monsterinsights_sitenote_category":0},"product_cat":[885],"product_tag":[],"class_list":["post-11337","product","type-product","status-publish","hentry","product_cat-normativ"],"acf":[],"_links":{"self":[{"href":"https:\/\/lenard.tech\/de\/wp-json\/wp\/v2\/product\/11337","targetHints":{"allow":["GET"]}}],"collection":[{"href":"https:\/\/lenard.tech\/de\/wp-json\/wp\/v2\/product"}],"about":[{"href":"https:\/\/lenard.tech\/de\/wp-json\/wp\/v2\/types\/product"}],"replies":[{"embeddable":true,"href":"https:\/\/lenard.tech\/de\/wp-json\/wp\/v2\/comments?post=11337"}],"wp:attachment":[{"href":"https:\/\/lenard.tech\/de\/wp-json\/wp\/v2\/media?parent=11337"}],"wp:term":[{"taxonomy":"product_cat","embeddable":true,"href":"https:\/\/lenard.tech\/de\/wp-json\/wp\/v2\/product_cat?post=11337"},{"taxonomy":"product_tag","embeddable":true,"href":"https:\/\/lenard.tech\/de\/wp-json\/wp\/v2\/product_tag?post=11337"}],"curies":[{"name":"wp","href":"https:\/\/api.w.org\/{rel}","templated":true}]}}