
{"id":11340,"date":"2023-03-31T07:22:49","date_gmt":"2023-03-31T07:22:49","guid":{"rendered":"https:\/\/lenard.tech\/producto\/astm-d1424\/"},"modified":"2023-09-01T08:53:10","modified_gmt":"2023-09-01T08:53:10","slug":"astm-d14242021","status":"publish","type":"product","link":"https:\/\/lenard.tech\/de\/producto\/astm-d14242021\/","title":{"rendered":"ASTM D1424:2021"},"content":{"rendered":"<section class=\"wpb-content-wrapper\"><p>[vc_row][vc_column][vc_column_text woodmart_inline=&#8221;no&#8221; text_larger=&#8221;no&#8221;]STANDARDTESTVERFAHREN F\u00dcR<\/p>\n<p>REI\u00dfFESTIGKEIT VON STOFFEN BEI PENDELFALL (TYP ELMENDORF)[\/vc_column_text][\/vc_column][\/vc_row][vc_row][vc_column][vc_tta_tabs][vc_tta_section title=&#8221;ZIEL&#8221; tab_id=&#8221;1686234479888-b694a5ab-f291&#8243;][vc_column_text woodmart_inline=&#8221;no&#8221; text_larger=&#8221;no&#8221;]Dieses Pr\u00fcfverfahren umfasst die Bestimmung der Kraft, die erforderlich ist, um einen Riss von einem Schnitt in einem Gewebe fortzupflanzen, und unter Verwendung einer nach unten gerichteten Pendelvorrichtung (Typ Elmendorf).<\/p>\n<p>Dieses Pr\u00fcfverfahren gilt f\u00fcr die meisten Stoffe, einschlie\u00dflich gewebter Stoffe, Lagendecken, Pl\u00fcschstoffe, Decken und Airbags, solange der Stoff nicht quer zur Fahrtrichtung rei\u00dft.<\/p>\n<p>Nur f\u00fcr Kettrichtungspr\u00fcfungen von Kettwirkstoffen. Es ist nicht f\u00fcr die Laufrichtung von Kettenwirkstoffen und f\u00fcr jede Laufrichtung der meisten anderen Maschenware geeignet.[\/vc_column_text][\/vc_tta_section][vc_tta_section title=&#8221;PROBEN&#8221; tab_id=&#8221;1686234479897-6552651f-3c95&#8243;][vc_column_text woodmart_inline=&#8221;no&#8221; text_larger=&#8221;no&#8221;]Chargenmuster \u2013 W\u00e4hlen Sie zuf\u00e4llig die Anzahl von Rollen oder Stoffst\u00fccken aus, die in einer zutreffenden Materialspezifikation angegeben ist<\/p>\n<p>Laborprobe: Nehmen Sie f\u00fcr Abnahmetests eine Probe, die sich \u00fcber die Breite des Gewebes und ungef\u00e4hr 1 m (1 yd) entlang der Maschinenrichtung von jeder Rolle oder jedem St\u00fcck der Probencharge erstreckt.<\/p>\n<p>Von jeder Laborprobeneinheit f\u00fcnf Proben in Kett- und Schussrichtung entnehmen.<\/p>\n<p>Achten Sie beim Schneiden von Gewebeproben darauf, die in der kurzen Richtung parallel zur Matrize verlaufenden F\u00e4den so auszurichten, dass beim Schneiden des Schlitzes der sp\u00e4tere Riss zwischen diesen F\u00e4den und nicht durch sie hindurch verl\u00e4uft.<\/p>\n<p>Schnittproben, die eine breite Verteilung \u00fcber die Breite und L\u00e4nge und vorzugsweise entlang der Diagonale der Laborprobe und nicht n\u00e4her als ein Zehntel ihrer Breite am Rand darstellen.[\/vc_column_text][\/vc_tta_section][vc_tta_section title=&#8221;VORBEREITUNG UND KALIBRIERUNG&#8221; tab_id=&#8221;1686234569702-bad0f979-5a79&#8243;][vc_column_text woodmart_inline=&#8221;no&#8221; text_larger=&#8221;no&#8221;]W\u00e4hlen Sie den Kraftbereich des Pr\u00fcfger\u00e4ts so, dass das Rei\u00dfen je nach Bedarf zwischen 20 und 80 % oder 20 und 60 % des Skalenendwerts auftritt.<\/p>\n<p>Der maximale Manometerdruck darf nicht mehr als 620 kPa (90 psi) und der minimale Manometerdruck nicht weniger als 410 kPa (60 psi) betragen.[\/vc_column_text][\/vc_tta_section][vc_tta_section title=&#8221;KONDITIONIERUNG&#8221; tab_id=&#8221;1686234608850-49944aa3-5e8f&#8221;][vc_column_text woodmart_inline=&#8221;no&#8221; text_larger=&#8221;no&#8221;]<\/p>\n<ul>\n<li>Um die Proben zu konditionieren, um sie in der Standardatmosph\u00e4re zum Konditionieren von Textilien, wie in der Praxis D1776 angegeben, auf ein ungef\u00e4hres Feuchtigkeitsgleichgewicht zu bringen<\/li>\n<li>Testkonditionierung nasser Proben:<\/li>\n<\/ul>\n<p>Wenn Entschlichtungsbehandlungen vor dem Nasstest vorgeschrieben sind, verwenden Sie Entschlichtungsbehandlungen, die die normalen physikalischen Eigenschaften des Gewebes nicht beeintr\u00e4chtigen, wie in Testmethode D629 angegeben.[\/vc_column_text][\/vc_tta_section][vc_tta_section title=&#8221;METHODE&#8221; tab_id=&#8221;1686234642607-10704c13-e54e&#8221;][vc_column_text woodmart_inline=&#8221;no&#8221; text_larger=&#8221;no&#8221;]<\/p>\n<ul>\n<li>Testen Sie die konditionierten Flaschen im Normklima. Kugel zum Testen von Textilien bei 21 \u00b1 1 \u00b0C (70 \u00b1 2 \u00b0F) und 65 \u00b1 2 % relativer Luftfeuchtigkeit<\/li>\n<li>Bringen Sie das Pendel in die Ausgangsposition und den Kraftmessmechanismus in seine Nullkraftposition.<\/li>\n<\/ul>\n<p>F\u00fcr geschlitzte (schlitzgeschnittene) Proben<\/p>\n<ul>\n<li>Legen Sie die langen Seiten der Probe in die Mitte der Klemmen<\/li>\n<li>Schlie\u00dfen Sie die Klemmen und sichern Sie die Probe mit ungef\u00e4hr der gleichen Spannung an beiden Klemmen.<\/li>\n<\/ul>\n<p>Der Probek\u00f6rper muss frei sein, wobei seine Oberseite zum Pendel gerichtet ist, um eine Scherwirkung zu gew\u00e4hrleisten.<\/p>\n<ul>\n<li>Schneiden Sie mit der eingebauten Klinge einen 20 mm (0,787 Zoll) Schlitz (Schlitz) in das Stoffmuster, der sich von der Unterkante erstreckt, und lassen Sie einen 43,0-Stoffrest \u00fcbrig.\u00b10,15 mm (1,69 \u00b1 0,005 Zoll) zum Rei\u00dfen verbleiben.<\/li>\n<\/ul>\n<p>F\u00fcr gestanzte oder handgeschnittene Muster:<\/p>\n<ul>\n<li>Wenn eine ungeschlitzte Matrize verwendet wird, schneiden Sie manuell einen 20 mm (0,787 Zoll) langen Schlitz (Schlitz) in die Mitte einer Kante in L\u00e4ngsrichtung der Probe.<\/li>\n<li>Legen Sie die parallelen, nicht geschlitzten Seiten der Probe in die Klemmen, wobei die untere Kante sorgf\u00e4ltig gegen die Anschl\u00e4ge, die obere Kante parallel zur Oberseite der Klemme und der Schlitz in der Mitte zwischen den Klemmen platziert werden.<\/li>\n<li>Schlie\u00dfen Sie die Klemmen und sichern Sie die Probe mit ungef\u00e4hr der gleichen Spannung an beiden Klemmen.<\/li>\n<\/ul>\n<p>Zum Testen nasser Proben:<\/p>\n<ul>\n<li>Nehmen Sie eine Probe aus dem Wasser und montieren Sie sie sofort in der normalen Einstellung an der Testmaschine. F\u00fchren Sie den Test innerhalb von 2 Minuten nach dem Herausnehmen des Zylinders aus dem Wasser durch.<\/li>\n<li>Dr\u00fccken Sie den Pendelstopper bis zum Anschlag nach unten und halten Sie ihn gedr\u00fcckt, bis der Riss vollst\u00e4ndig ist und das Pendel seinen Vorw\u00e4rtsschwung beendet hat.<\/li>\n<li>Es f\u00e4ngt das Pendel kurz nach der Schwelle seines R\u00fcckschwungs auf und kehrt in seine anf\u00e4ngliche Verriegelungsposition zur\u00fcck.<\/li>\n<\/ul>\n<p>Entfernen Sie die Rissprobe und fahren Sie fort, bis f\u00fcnf Risse f\u00fcr jede Testrichtung und Testbedingung aufgezeichnet wurden.[\/vc_column_text][\/vc_tta_section][vc_tta_section title=&#8221;BERECHNUNGEN&#8221; tab_id=&#8221;1686234701743-bafd86ae-94a9&#8243;][vc_column_text woodmart_inline=&#8221;no&#8221; text_larger=&#8221;no&#8221;]Berechnen Sie die Rei\u00dffestigkeit als durchschnittliche Rei\u00dfkraft f\u00fcr jede Testrichtung und Testbedingung f\u00fcr die Labormustereinheit und f\u00fcr das Los auf 1 % des Skalenendwerts in cN, (gf) oder lbf.[\/vc_column_text][\/vc_tta_section][vc_tta_section title=&#8221;PR\u00dcFBERICHT&#8221; tab_id=&#8221;1686234725979-ed63127e-5e8f&#8221;][vc_column_text woodmart_inline=&#8221;no&#8221; text_larger=&#8221;no&#8221;]<\/p>\n<ul>\n<li>Berichten Sie, dass die Elmendorf-Rei\u00dffestigkeit gem\u00e4\u00df Testmethode D1424 bestimmt wurde.<\/li>\n<li>Geben Sie die folgenden Informationen f\u00fcr jede Labormustereinheit und f\u00fcr das Los an, sofern dies f\u00fcr eine Materialspezifikation oder einen Auftragsauftrag gilt.<\/li>\n<li>Elmendorf Rei\u00dffestigkeit f\u00fcr jede Testrichtung und Testbedingung, wie gefordert.<\/li>\n<li>Pr\u00fcfbedingung (mit oder ohne Benetzung).<\/li>\n<li>Anzahl der wegen Querriss abgelehnten Versuche.<\/li>\n<li>Bei der Berechnung die Standardabweichung oder der Variationskoeffizient.<\/li>\n<li>Geben Sie bei computerverarbeiteten Daten das verwendete Programm (Software) an.<\/li>\n<li>Marke, Modell und Kapazit\u00e4t der Pr\u00fcfmaschine.<\/li>\n<li>Art der verwendeten Klemmen, manuell oder pneumatisch (einschlie\u00dflich Druck).<\/li>\n<\/ul>\n<p>[\/vc_column_text][\/vc_tta_section][\/vc_tta_tabs][\/vc_column][\/vc_row]<\/p>\n<\/section>","protected":false},"excerpt":{"rendered":"<p>STANDARDTESTVERFAHREN F\u00dcR<\/p>\n<p>REI\u00dfFESTIGKEIT VON STOFFEN BEI PENDELFALL (TYP ELMENDORF)<\/p>\n","protected":false},"featured_media":0,"comment_status":"open","ping_status":"closed","template":"","meta":{"_mi_skip_tracking":false,"_monsterinsights_sitenote_active":false,"_monsterinsights_sitenote_note":"","_monsterinsights_sitenote_category":0},"product_cat":[885],"product_tag":[],"class_list":["post-11340","product","type-product","status-publish","hentry","product_cat-normativ"],"acf":[],"_links":{"self":[{"href":"https:\/\/lenard.tech\/de\/wp-json\/wp\/v2\/product\/11340","targetHints":{"allow":["GET"]}}],"collection":[{"href":"https:\/\/lenard.tech\/de\/wp-json\/wp\/v2\/product"}],"about":[{"href":"https:\/\/lenard.tech\/de\/wp-json\/wp\/v2\/types\/product"}],"replies":[{"embeddable":true,"href":"https:\/\/lenard.tech\/de\/wp-json\/wp\/v2\/comments?post=11340"}],"wp:attachment":[{"href":"https:\/\/lenard.tech\/de\/wp-json\/wp\/v2\/media?parent=11340"}],"wp:term":[{"taxonomy":"product_cat","embeddable":true,"href":"https:\/\/lenard.tech\/de\/wp-json\/wp\/v2\/product_cat?post=11340"},{"taxonomy":"product_tag","embeddable":true,"href":"https:\/\/lenard.tech\/de\/wp-json\/wp\/v2\/product_tag?post=11340"}],"curies":[{"name":"wp","href":"https:\/\/api.w.org\/{rel}","templated":true}]}}