
{"id":11343,"date":"2023-03-30T09:31:40","date_gmt":"2023-03-30T09:31:40","guid":{"rendered":"https:\/\/lenard.tech\/producto\/ansi-107\/"},"modified":"2023-09-01T08:52:23","modified_gmt":"2023-09-01T08:52:23","slug":"ansi-1072020","status":"publish","type":"product","link":"https:\/\/lenard.tech\/de\/producto\/ansi-1072020\/","title":{"rendered":"ANSI 107:2020"},"content":{"rendered":"<section class=\"wpb-content-wrapper\"><p>[vc_row][vc_column][vc_column_text woodmart_inline=&#8221;no&#8221; text_larger=&#8221;no&#8221;]HOCHSICHTBARE SICHERHEITSKLEIDUNG[\/vc_column_text][\/vc_column][\/vc_row][vc_row][vc_column][vc_tta_tabs][vc_tta_section title=&#8221;ZIEL&#8221; tab_id=&#8221;1686225205760-f63a4eb8-5e2d&#8221;][vc_column_text woodmart_inline=&#8221;no&#8221; text_larger=&#8221;no&#8221;]Diese Norm legt die Leistungsanforderungen f\u00fcr Warnschutzkleidung fest. F\u00fcr die Zwecke dieser Norm bezieht sich der Begriff \u201eSicherheitskleidung mit hoher Sichtbarkeit (HVSA)\u201c auf PSA-Kleidung, die dazu bestimmt ist, dem Tr\u00e4ger in gef\u00e4hrlichen Situationen bei allen Lichtverh\u00e4ltnissen tags\u00fcber und bei Flutlicht Sichtbarkeit zu bieten Scheinwerfer im Dunkeln oder bei anderen schlechten Lichtverh\u00e4ltnissen.<\/p>\n<p>Leistungsanforderungen f\u00fcr Farbe, Retroreflexion, physikalische Eigenschaften und Mindestfl\u00e4chen von Hintergrund-, retroreflektierenden und leistungsgemischten Materialien sind ebenso enthalten wie empfohlene Materialkonfigurationen. In der Norm werden Testmethoden bereitgestellt, um sicherzustellen, dass ein Mindestma\u00df an Sichtbarkeit aufrechterhalten wird, wenn Kleidungsst\u00fccke kontinuierlichen Pflegeverfahren unterzogen werden. Diese Spezifikationen k\u00f6nnen eine Vielzahl von berufsbezogenen HVSAs vorschreiben, sollten jedoch nicht f\u00fcr Brandschutzausr\u00fcstung gelten.[\/vc_column_text][\/vc_tta_section][vc_tta_section title=&#8221;ARTEN VON HV-PSA&#8221; tab_id=&#8221;1686225205772-d08813ac-dfd3&#8243;][vc_column_text woodmart_inline=&#8221;no&#8221; text_larger=&#8221;no&#8221;]HVSA-Typen werden durch die Arbeitsumgebung bestimmt, in der der Benutzer eine Aufgabe ausf\u00fchrt.<\/p>\n<ul>\n<li>Kleidung umfasst, ist aber nicht beschr\u00e4nkt auf Kleidung wie Westen, Jacken, Hosen, Hemden, Regenkleidung und Overalls.<\/li>\n<li>Geben Sie O ein<\/li>\n<li>Arbeits-HVSA f\u00fcr den Off-Highway-Einsatz<\/li>\n<li>Typ R (&#8220;Highway&#8221;): Berufs-HVSA f\u00fcr den Einsatz auf Autobahnen<\/li>\n<li>Typ P (\u201e\u00d6ffentliche Sicherheit\u201c): HVSA am Arbeitsplatz f\u00fcr Notfall- und Vorfallreaktionspersonal und Strafverfolgungspersonal<\/li>\n<\/ul>\n<p>[\/vc_column_text][\/vc_tta_section][vc_tta_section title=&#8221;LEISTUNGSKLASSEN&#8221; tab_id=&#8221;1686225294553-855bc77f-f8ed&#8221;][vc_column_text woodmart_inline=&#8221;no&#8221; text_larger=&#8221;no&#8221;]Die Leistungsklassen, die in jedem HVSA-Typ vorhanden sind, werden in Bezug auf die Mindestfl\u00e4che der einzubauenden Materialien mit hoher Sichtbarkeit angegeben. Leistungsklassen bieten eine Reihe von Gestaltungsm\u00f6glichkeiten, die den Bed\u00fcrfnissen des Anwenders im zu erwartenden Risikoumfeld entsprechen. Der O-Typ umfasst eine Leistungsklasse, und der R-Typ und der P-Typ haben jeweils zwei Leistungsklassen.<\/p>\n<ul>\n<li>Leistungsklasse 1 (Typ O)<\/li>\n<\/ul>\n<p>Unterscheiden Sie den Benutzer visuell von einfachen Arbeitsumgebungen in Szenarien, in denen die Gefahren eines Aufpralls nicht den Geschwindigkeiten von Autobahnen und damit der Erkennungs- und Identifizierungsreichweite entsprechen.<\/p>\n<ul>\n<li>Leistungsklasse 2 (Typ R oder P)<\/li>\n<\/ul>\n<p>es kann Gestaltungsm\u00f6glichkeiten erm\u00f6glichen, um die menschliche Form effektiver zu definieren. Leistungsklasse 2 HVSA hat das Potenzial, l\u00e4ngere Erkennungs- und Identifizierungsentfernungen und eine verbesserte Sichtbarkeitsleistung im Vergleich zu Leistungsklasse 1 HVSA bereitzustellen.<\/p>\n<ul>\n<li>Effizienzklasse 3 (Typ R oder P)<\/li>\n<\/ul>\n<p>kann dem Tr\u00e4ger eine erh\u00f6hte Sichtbarkeit sowohl vor komplexen Hintergr\u00fcnden als auch durch eine vollst\u00e4ndige Palette von K\u00f6rperbewegungen bieten, indem Hintergrund-, retroreflektierende und leistungsgemischte Materialien an den \u00c4rmeln und Hosenbeinen (falls vorhanden) obligatorisch angebracht werden . Unabh\u00e4ngig vom verwendeten Materialbereich gilt ein \u00e4rmelloses Kleidungsst\u00fcck oder eine Weste allein nicht als Leistungsklasse 3.<\/p>\n<ul>\n<li>Hosen, Overalls, Shorts und Leggings werden als Klasse E bezeichnet.<\/li>\n<\/ul>\n<p>Sie sollten nicht allein zur Erf\u00fcllung der PSA-Anforderungen der HVSA verwendet werden.<\/p>\n<p>Hosen, Overalls, Shorts und Leggings werden als Klasse E bezeichnet. Sie d\u00fcrfen nicht alleine getragen werden, um die PSA-Anforderungen zu erf\u00fcllen, und werden in Klasse 3 eingestuft.[\/vc_column_text][\/vc_tta_section][vc_tta_section title=&#8221;DESIGN\/ERGONOMIE&#8221; tab_id=&#8221;1686225337129-eca5cac1-c0b8&#8243;][vc_column_text woodmart_inline=&#8221;no&#8221; text_larger=&#8221;no&#8221;]Die Teile des Kleidungsst\u00fccks, die mit dem Endverbraucher in Kontakt kommen, d\u00fcrfen keine rauen Kanten, scharfen Kanten oder Vorspr\u00fcnge aufweisen, die Reizungen oder Verletzungen verursachen k\u00f6nnten.<\/p>\n<ul>\n<li>Das Kleidungsst\u00fcck muss f\u00fcr den korrekten Sitz und Sitz am Tr\u00e4ger konzipiert sein und muss so gestaltet sein, dass es w\u00e4hrend der erwarteten Nutzungsdauer an Ort und Stelle bleibt.<\/li>\n<\/ul>\n<p>Informative Kleidungsst\u00fcckkonfigurationen[\/vc_column_text][vc_single_image image=&#8221;8223&#8243; img_size=&#8221;full&#8221; onclick=&#8221;link_image&#8221; parallax_scroll=&#8221;no&#8221; woodmart_inline=&#8221;no&#8221;][\/vc_tta_section][vc_tta_section title=&#8221;ALLGEMEINES&#8221; tab_id=&#8221;1686230858640-85db6eef-1577&#8243;][vc_single_image image=&#8221;8216&#8243; img_size=&#8221;full&#8221; onclick=&#8221;link_image&#8221; parallax_scroll=&#8221;no&#8221; woodmart_inline=&#8221;no&#8221;][vc_column_text woodmart_inline=&#8221;no&#8221; text_larger=&#8221;no&#8221;]HVSA wird die in Tabelle 1 angegebenen minimalen Materialbereiche einbeziehen.<\/p>\n<ul>\n<li>Das geteilte Akkorddesign besteht aus zwei Streifen aus gemischtem oder retroreflektierendem Material mit einer Mindestbreite von 25 mm (1 Zoll), die als paralleles Paar auf kompatiblem fluoreszierendem Hintergrundmaterial derselben Farbe angebracht werden<\/li>\n<li>Die beiden paarigen Streifen aus retroreflektierendem Material d\u00fcrfen nicht mehr als 50 mm (2 Zoll) voneinander entfernt sein.<\/li>\n<li>Immer wenn mehrere B\u00e4nder auf dem HVSA angebracht werden, sollte der Mindestabstand zwischen B\u00e4ndern aus gemischtem oder retroreflektierendem Material mindestens gleich der Breite des Bandes sein.<\/li>\n<li>Horizontale oder leistungsgemischte retroreflektierende Materialien m\u00fcssen mindestens 50 mm (2 Zoll) \u00fcber der Unterkante des Oberk\u00f6rpersaums, der langen \u00c4rmel und der langen Hose angebracht werden.<\/li>\n<\/ul>\n<p>Arme oder Beine m\u00fcssen sie so umschlie\u00dfen, dass eine 360\u00b0-Sicht auf den Tr\u00e4ger aus allen Betrachtungswinkeln in einer horizontalen Ebene gew\u00e4hrleistet ist.<\/p>\n<ul>\n<li>Die B\u00e4nder werden zwischen Ellbogen und Schulter platziert. Untere B\u00e4nder k\u00f6nnen zwischen Ellbogen und Handgelenk platziert werden, m\u00fcssen jedoch mindestens 50 mm (2 Zoll) \u00fcber dem unteren Rand des \u00c4rmels liegen.<\/li>\n<li>L\u00fccken in retroreflektierenden Materialien sollten horizontal nicht mehr als 2 Zoll (50 mm) betragen, um Klemm- oder Nahtzugabe zu erm\u00f6glichen.<\/li>\n<li>360\u00b0-Sichtbarkeit<\/li>\n<\/ul>\n<p>Retroreflektierende oder gemischte Leistungs- und Hintergrundmaterialien f\u00fcr alle Arten von Kleidungsst\u00fccken und Leistungsklassen m\u00fcssen so auf den Artikeln angebracht werden, dass der Tr\u00e4ger aus allen Betrachtungswinkeln in einer horizontalen Ebene rundum sichtbar ist.<\/p>\n<ul>\n<li>Herstellungsklasse 1<\/li>\n<\/ul>\n<p>Seitenteile Dieses Band muss den Oberk\u00f6rper vollst\u00e4ndig umschlie\u00dfen und mindestens 25 mm (1 Zoll) breit sein.<\/p>\n<ul>\n<li>Herstellungsklasse 2<\/li>\n<\/ul>\n<p>Dieses Band muss den Oberk\u00f6rper vollst\u00e4ndig umschlie\u00dfen und mindestens 35 mm (1,38 Zoll) breit f\u00fcr Typ R und 50 mm (2 Zoll) breit f\u00fcr Typ P sein. Au\u00dferdem muss es mindestens 150 cm\u00b2 (23.3 ein\u00b2). im Schulterbereich bei HV-PSA vorhanden, wo die umlaufenden B\u00e4nder an den \u00c4rmeln nicht vorhanden sind.<\/p>\n<ul>\n<li>Herstellungsklasse 3<\/li>\n<\/ul>\n<p>Dieses Band muss den Oberk\u00f6rper und jeden Arm vollst\u00e4ndig umschlie\u00dfen und mindestens 50 mm (2 Zoll) breit sein.<\/p>\n<ul>\n<li>Herstellungsklasse E<\/li>\n<\/ul>\n<p>Dieses Band wird jedes Bein vollst\u00e4ndig umschlie\u00dfen und mindestens 50 mm (2 Zoll) breit sein.<\/p>\n<p>[\/vc_column_text][\/vc_tta_section][vc_tta_section title=&#8221;VERWENDUNG VON MATERIALEN UND DESIGN-BALANCE&#8221; tab_id=&#8221;1686230989207-627576da-aa6f&#8221;][vc_column_text woodmart_inline=&#8221;no&#8221; text_larger=&#8221;no&#8221;]<\/p>\n<ul>\n<li>Kleidungsst\u00fccke m\u00fcssen im Design so ausgewogen sein, dass mindestens 40 % der erforderlichen Mindestmenge an Hintergrund- und Blendleistung oder retroreflektierenden Materialien, die in Tabelle 1 angegeben sind, beim Tragen sowohl auf der Vorder- als auch auf der R\u00fcckseite vorhanden sind.<\/li>\n<li>Schulterbereich<\/li>\n<\/ul>\n<p>HV-PSA ohne retroreflektierendes oder hochleistungsf\u00e4higes Mischmaterial, das den Arm umgibt, muss mindestens 150 cm2 (23,3 in.2) retroreflektierendes oder hochleistungsf\u00e4higes Mischmaterial im Schulterbereich aufweisen, um eine 180\u00b0-Sichtbarkeit des Benutzers zu gew\u00e4hrleisten.<\/p>\n<ul>\n<li>Taschen, Namensschilder, Schriftz\u00fcge und Logos d\u00fcrfen horizontal nicht mehr als 50 mm Abstand haben.<\/li>\n<\/ul>\n<p>[\/vc_column_text][vc_single_image image=&#8221;8217&#8243; parallax_scroll=&#8221;no&#8221; woodmart_inline=&#8221;no&#8221;][\/vc_tta_section][vc_tta_section title=&#8221;ANFORDERUNGEN AN RETROREFLEKTIERENDE MATERIALEN MIT HINTERGRUND UND KOMBINIERTER LEISTUN&#8221; tab_id=&#8221;1686231067664-142620bc-6e9a&#8221;][vc_column_text woodmart_inline=&#8221;no&#8221; text_larger=&#8221;no&#8221;]Farbe: (Siehe Koordinatendiagramm.)<\/p>\n<ul>\n<li>Der Mittelwert des Gesamtleuchtdichtefaktors und der Farbkoordinaten des kombinierten Leistungs- und Hintergrundmaterials muss die Anforderungen der obigen Tabelle erf\u00fcllen<\/li>\n<li>Die Farbechtheit der kombinierten Leistungs- und Hintergrundmaterialien muss nach dem Xenontest innerhalb eines der durch die Koordinaten in Tabelle 2 definierten Bereiche liegen, und der Gesamtleuchtdichtefaktor (Y ausgedr\u00fcckt in Prozent) darf nicht unter den entsprechenden Mindestwerten liegen in der Tabelle oben<\/li>\n<li>Die Farbechtheit gegen\u00fcber Reiben, sowohl trocken als auch nass, muss mindestens eine Note 3,0 gem\u00e4\u00df der Grauskala aufweisen.<\/li>\n<li>Die Farbechtheit gegen\u00fcber Schwei\u00df muss mindestens die Note 4,0 f\u00fcr Farbver\u00e4nderungen gem\u00e4\u00df der Grauskala aufweisen<\/li>\n<li>Farbechtheit: Die gewaschenen Proben m\u00fcssen zum Trocknen an der Luft bei einer Temperatur von nicht mehr als 60 \u00b0C (140 \u00b0F) aufgeh\u00e4ngt werden, wobei die Teile nur an den Nahtlinien in Kontakt kommen.<\/li>\n<li>Schrumpfung nach 5 Reinigungszyklen gem\u00e4\u00df Anwendungsnormen.<\/li>\n<\/ul>\n<p>bei Stoffen sollte sie in der L\u00e4nge \u00b14 % und in der Breite \u00b14 % nicht \u00fcberschreiten. Die Ma\u00df\u00e4nderung des Hintergrundmaterials darf bei Maschenware und allen anderen Materialien \u00b17 % in der L\u00e4nge und \u00b15 % in der Breite nicht \u00fcberschreiten.<\/p>\n<ul>\n<li>Mechanische Eigenschaften der Bodenmaterialien\n<ul>\n<li>Die Berstfestigkeit betr\u00e4gt 178 N (18,1 kgf; 40 lbf) gem\u00e4\u00df ASTM D3787-07 (2016)<\/li>\n<li>Die Rei\u00dffestigkeit wird gem\u00e4\u00df ASTM D1424-09 (2019) mit einer Mindestanforderung von 13 N (1,3 kg; 2,92 lbf) in beide Richtungen getestet .<\/li>\n<li>Wasserbest\u00e4ndigkeit: Regentest mit einer Druckh\u00f6he von 0,6 m (24 Zoll) und kontinuierlichem Bespr\u00fchen mit Wasser f\u00fcr 2 Minuten. Die durchschnittliche Wasserdurchdringung betr\u00e4gt weniger als oder gleich 1,0 Gramm.<\/li>\n<li>Hydrostatischer Drucktest mit Wasser auf der Vorderseite mit einer Mindestanforderung von 200 cm (79 Zoll) urspr\u00fcnglich und nach f\u00fcnf W\u00e4schen gem\u00e4\u00df AATCC 127:2017.<\/li>\n<li>Wasserdampfdurchl\u00e4ssigkeit: gem\u00e4\u00df ASTM E96-16-Standard (vertikal f\u00fcr mikropor\u00f6s) mit einer Mindestanforderung von nicht weniger als 600 g\/m2\/24 Stunden (1,94 oz.\/ft2\/24 Stunden); o Verfahren BW- (umgekehrt f\u00fcr hydrophil) mit einer Mindestanforderung von nicht weniger als 3.600 g\/m2\/24 Stunden (11,79 oz.\/ft2\/24 Stunden).<\/li>\n<\/ul>\n<\/li>\n<\/ul>\n<ul>\n<li>Physikalische und photometrische Leistungsanforderungen f\u00fcr retroreflektierende Materialien<\/li>\n<\/ul>\n<p>Retroreflektierende Materialien m\u00fcssen vor der Testbelichtung die Anforderungen von Tabelle 4 erf\u00fcllen.[\/vc_column_text][vc_single_image image=&#8221;8220&#8243; img_size=&#8221;full&#8221; parallax_scroll=&#8221;no&#8221; woodmart_inline=&#8221;no&#8221;][\/vc_tta_section][vc_tta_section title=&#8221;RETROREFLEKTIERENDE LEISTUNGSANFORDERUNGEN NACH TESTBELICHTUNG&#8221; tab_id=&#8221;1688022127065-111272b3-6a42&#8243;][vc_column_text woodmart_inline=&#8221;no&#8221; text_larger=&#8221;no&#8221;]Der R\u00fcckstrahlungskoeffizient RA, gemessen bei einem Beobachtungswinkel von 0,20\u00b0 [12&#8242;] und einem Einfallswinkel von 5\uf0b0, sollte in einer der beiden in Abschnitt 10.3 beschriebenen Ausrichtungen 100 cd\/(lx \u2022 m2) nicht unterschreiten und darf in der anderen Ausrichtung nicht weniger als 75 cd\/(lx \u2022 m2) betragen.[\/vc_column_text][\/vc_tta_section][vc_tta_section title=&#8221;PR\u00dcFUNG AUF RETROFLEKTIVE MATERIALIEN VOR UND NACH DER TESTBELICHTUNG&#8221; tab_id=&#8221;1686231685035-3e96b3d0-d504&#8243;][vc_column_text woodmart_inline=&#8221;no&#8221; text_larger=&#8221;no&#8221;]<\/p>\n<ul>\n<li>Konditionierung 24 Std. 20 \u00baC 65 % relative Luftfeuchtigkeit<\/li>\n<li>Die Probek\u00f6rper werden stichprobenartig gezogen. Zum Nachweis der Einhaltung der Mindestanforderungen sind drei Proben zu entnehmen. Der Durchschnitt der drei Proben muss die Mindestanforderung erf\u00fcllen.<\/li>\n<li>Die Farbbestimmung wird gem\u00e4\u00df ASTM E1164-17 gemessen.<\/li>\n<li>Verfahren zur Bestimmung der retroreflektierenden photometrischen Leistung<\/li>\n<li>Sie wird gem\u00e4\u00df dem in ASTM E808-01 (2016) definierten Verfahren bestimmt. F\u00fcr nur getestetes segmentiertes oder perforiertes Material sollte das Hintergrundmaterial einen RA von weniger als 0,5 haben. Messungen werden an quadratischen Proben von 10 cm x 10 cm (4 Inch x 4 Inch) durchgef\u00fchrt.<\/li>\n<li>Proben werden nach 5000 Zyklen mit einem Gewicht von 9 kPa [1,3 lb\/in2] gemessen.<\/li>\n<li>Flexion: gem\u00e4\u00df ISO 7854:1995. Die Proben werden nach 7500 Zyklen gemessen.<\/li>\n<li>Falten bei niedrigen Temperaturen<\/li>\n<li>Temperaturschwankungen ausgesetzt<\/li>\n<li>Waschen, chemische Reinigung<\/li>\n<li>Retroreflektierende Leistung bei N\u00e4sse\n<ul>\n<li>Flammbest\u00e4ndigkeit: Muss die Anforderungen einer der folgenden Spezifikationen oder Standards vollst\u00e4ndig erf\u00fcllen:ASTM F1506-19,ASTM F1891-19,ASTM F2302-19,ASTM F 2733-17,NFPA 1977,NFPA 2112.<\/li>\n<\/ul>\n<\/li>\n<\/ul>\n<p>[\/vc_column_text][\/vc_tta_section][vc_tta_section title=&#8221;FLAMMENSCHUTZ&#8221; tab_id=&#8221;1686231746736-6bd1003a-032f&#8221;][vc_column_text woodmart_inline=&#8221;no&#8221; text_larger=&#8221;no&#8221;]Hersteller k\u00f6nnen sich daf\u00fcr entscheiden, HVSA auf Flammbest\u00e4ndigkeit pr\u00fcfen und entsprechend kennzeichnen zu lassen. Als feuerbest\u00e4ndig gekennzeichnete HVSA m\u00fcssen die Anforderungen einer der folgenden Spezifikationen oder Normen vollst\u00e4ndig erf\u00fcllen:<\/p>\n<ul>\n<li>ASTM F1891-19 Lichtbogen- und flammfeste Kleidung<\/li>\n<li>ASTM F2302-19 Schutzkleidung f\u00fcr Hitze oder offene Flammen.<\/li>\n<li>ASTM F2733-17 Feuerfeste, wasserdichte Kleidung.<\/li>\n<li>NFPA 1977-16 Kleidung f\u00fcr die Waldbrandbek\u00e4mpfung.<\/li>\n<\/ul>\n<p>NFPA 2112-18 Feuerfeste Kleidung zum Schutz von Industriepersonal.[\/vc_column_text][\/vc_tta_section][vc_tta_section title=&#8221;MARKIERT&#8221; tab_id=&#8221;1686231784355-051d9a54-c78b&#8221;][vc_column_text woodmart_inline=&#8221;no&#8221; text_larger=&#8221;no&#8221;]<\/p>\n<ul>\n<li>Auf dem Produkt selbst oder auf den am Produkt angebrachten Etiketten; dauerhaft sichtbar und lesbar angebracht; Langlebig f\u00fcr die richtige Anzahl von Reinigungsvorg\u00e4ngen.<\/li>\n<li>Name, Warenzeichen oder andere Identifikationsmittel des Herstellers oder autorisierten Vertreters;<\/li>\n<\/ul>\n<ol>\n<li>Bezeichnung des Handelsnamens oder Code des Produkttyps;<\/li>\n<li>Gr\u00f6\u00dfenbezeichnung;<\/li>\n<li>Nummer dieses spezifischen ANSI-Standards (ANSI\/ISEA 107-2020);<\/li>\n<\/ol>\n<ul>\n<li>Angaben zur Flammwidrigkeit m\u00fcssen die Buchstaben FR gefolgt von der Bezeichnung der ASTM-Spezifikation enthalten, die zur Bewertung der Flammwidrigkeit verwendet wird. Bringen Sie ein separates Etikett an, das die Zertifizierung nach NFPA 1977 oder 2112 angibt. Wenn keine der Flammbest\u00e4ndigkeitsspezifikationen oder -standards erf\u00fcllt sind, ist dieses Kleidungsst\u00fcck nicht flammbest\u00e4ndig gem\u00e4\u00df ANSI\/ISEA-Abschnitt 107-2020.<\/li>\n<li>Piktogramm mit HVSA-Typ, Leistungsklasse und Flammwidrigkeitsstatus.<\/li>\n<li>oder Gebrauchsanweisung<\/li>\n<li>oder Produktinformationen<\/li>\n<li>Notwendige Warnungen vor Missbrauch.<\/li>\n<li>Nutzungsbeschr\u00e4nkungen.<\/li>\n<li>oder Lagerung<\/li>\n<li>Die Anzahl der Reinigungsvorg\u00e4nge<\/li>\n<\/ul>\n<p>[\/vc_column_text][vc_single_image image=&#8221;8228&#8243; img_size=&#8221;full&#8221; onclick=&#8221;link_image&#8221; parallax_scroll=&#8221;no&#8221; woodmart_inline=&#8221;no&#8221;][\/vc_tta_section][\/vc_tta_tabs][\/vc_column][\/vc_row]<\/p>\n<\/section>","protected":false},"excerpt":{"rendered":"<p>HOCHSICHTBARE SICHERHEITSKLEIDUNG<\/p>\n","protected":false},"featured_media":0,"comment_status":"open","ping_status":"closed","template":"","meta":{"_mi_skip_tracking":false,"_monsterinsights_sitenote_active":false,"_monsterinsights_sitenote_note":"","_monsterinsights_sitenote_category":0},"product_cat":[885],"product_tag":[],"class_list":["post-11343","product","type-product","status-publish","hentry","product_cat-normativ"],"acf":[],"_links":{"self":[{"href":"https:\/\/lenard.tech\/de\/wp-json\/wp\/v2\/product\/11343","targetHints":{"allow":["GET"]}}],"collection":[{"href":"https:\/\/lenard.tech\/de\/wp-json\/wp\/v2\/product"}],"about":[{"href":"https:\/\/lenard.tech\/de\/wp-json\/wp\/v2\/types\/product"}],"replies":[{"embeddable":true,"href":"https:\/\/lenard.tech\/de\/wp-json\/wp\/v2\/comments?post=11343"}],"wp:attachment":[{"href":"https:\/\/lenard.tech\/de\/wp-json\/wp\/v2\/media?parent=11343"}],"wp:term":[{"taxonomy":"product_cat","embeddable":true,"href":"https:\/\/lenard.tech\/de\/wp-json\/wp\/v2\/product_cat?post=11343"},{"taxonomy":"product_tag","embeddable":true,"href":"https:\/\/lenard.tech\/de\/wp-json\/wp\/v2\/product_tag?post=11343"}],"curies":[{"name":"wp","href":"https:\/\/api.w.org\/{rel}","templated":true}]}}