
{"id":13587,"date":"2023-08-04T07:47:37","date_gmt":"2023-08-04T07:47:37","guid":{"rendered":"https:\/\/lenard.tech\/?post_type=product&#038;p=13587"},"modified":"2025-10-02T13:21:55","modified_gmt":"2025-10-02T13:21:55","slug":"nfpa-19712018","status":"publish","type":"product","link":"https:\/\/lenard.tech\/de\/producto\/nfpa-19712018\/","title":{"rendered":"NFPA 1971:2018"},"content":{"rendered":"<section class=\"wpb-content-wrapper\"><p>[vc_row woodmart_css_id=&#8221;64770fff47a07&#8243; responsive_spacing=&#8221;eyJwYXJhbV90eXBlIjoid29vZG1hcnRfcmVzcG9uc2l2ZV9zcGFjaW5nIiwic2VsZWN0b3JfaWQiOiI2NDc3MGZmZjQ3YTA3Iiwic2hvcnRjb2RlIjoidmNfcm93IiwiZGF0YSI6eyJ0YWJsZXQiOnt9LCJtb2JpbGUiOnt9fX0=&#8221; mobile_bg_img_hidden=&#8221;no&#8221; tablet_bg_img_hidden=&#8221;no&#8221; woodmart_parallax=&#8221;0&#8243; woodmart_gradient_switch=&#8221;no&#8221; woodmart_box_shadow=&#8221;no&#8221; wd_z_index=&#8221;no&#8221; woodmart_disable_overflow=&#8221;0&#8243; row_reverse_mobile=&#8221;0&#8243; row_reverse_tablet=&#8221;0&#8243;][vc_column][vc_column_text woodmart_inline=&#8221;no&#8221; text_larger=&#8221;no&#8221;]<strong>Strukturelle und r\u00e4umliche Brandbek\u00e4mpfungsschutzbaugruppen<\/strong>[\/vc_column_text][\/vc_column][\/vc_row][vc_row][vc_column][vc_tta_tabs title_tag=&#8221;h3&#8243; section_title_tag=&#8221;h3&#8243; style=&#8221;modern&#8221; color=&#8221;white&#8221; active_section=&#8221;1&#8243; no_fill_content_area=&#8221;true&#8221;][vc_tta_section title=&#8221;UMFANG&#8221; tab_id=&#8221;1685522856905-7d802a20-a20a&#8221; el_class=&#8221;Bold&#8221;][vc_column_text woodmart_inline=&#8221;no&#8221; text_larger=&#8221;no&#8221;]Mindestanforderungen an Konstruktion, Leistung, Pr\u00fcfung und Zertifizierung von baulichen Brandschutzbaugruppen und Montageelementen, einschlie\u00dflich Hosen, Overalls, Helmen, Handschuhen, Schuhen und Schnittstellenkomponenten<\/p>\n<p>Diese Norm legt KEINE Anforderungen an den Schutz vor CBRN-Terrorstoffen (Chemikalien, biologische Arbeitsstoffe, radiologische Partikel) fest<\/p>\n<p>Ziel ist es, ein Mindestma\u00df an Schutz f\u00fcr Feuerwehrpersonal festzulegen, das den R\u00e4umen der Feuerwehr (Struktur- oder Nahbrand), der Rettung, medizinischen Notf\u00e4llen und anderen Erste-Hilfe-Funktionen zugewiesen ist.<\/p>\n<p>Es bietet ein begrenztes Ma\u00df an Schutz gegen thermische, physikalische, umweltbedingte und\u00a0 durch Blut \u00fcbertragene pathogene \u00a0Gefahren, die bei der Brandbek\u00e4mpfung in Geb\u00e4uden auftreten. Sie legt ihrerseits die Anforderungen an einen begrenzten Schutz gegen thermische Expositionen mit hohen Niveaus an Strahlungsw\u00e4rme, konvektiver und leitf\u00e4higer W\u00e4rme und physikalischer Exposition fest; auch gegen\u00fcber umweltsch\u00e4dlichen Fl\u00fcssigkeiten und Partikeln.<\/p>\n<p>Alle einzelnen Elemente der Schutzanordnung, die von einem akkreditierten Labor als konform mit dieser Norm gekennzeichnet sind, m\u00fcssen j\u00e4hrlich einer Rezertifizierung unterzogen werden.<\/p>\n<p>Alle Unternehmen (Hersteller, Produktionsst\u00e4tte, Produktkontrolle, Qualit\u00e4tssicherung, konforme Produktsicherung und Vermarkter) m\u00fcssen durch das registrierte ISO 9001-Qualit\u00e4tssystem akkreditiert sein.[\/vc_column_text][\/vc_tta_section][vc_tta_section title=&#8221;KENNZEICHNUNG&#8221; tab_id=&#8221;1685522856916-22531c7c-aaf1&#8243;][vc_column_text woodmart_inline=&#8221;no&#8221; text_larger=&#8221;no&#8221;]Jedes Element der Schutzanordnung muss mit mindestens 1 dauerhaft und sichtbar angebrachten Etikett versehen sein, das mindestens in englischer Sprache gedruckt ist. Anzugeben sind der Name des Herstellers, seine Anschrift, das Herstellungsland und die Kennnummer des Gegenstands mit einer Chargen- oder Seriennummer sowie das Jahr und der Monat der Herstellung; Name, Nummer oder Design des Modells und Vorsichtsma\u00dfnahmen bei der Reinigung.[\/vc_column_text][\/vc_tta_section][vc_tta_section title=&#8221;ANFORDERUNGEN AN DAS DESIGN&#8221; tab_id=&#8221;1685522905490-667bc0bb-5e1a&#8221;][vc_column_text woodmart_inline=&#8221;no&#8221; text_larger=&#8221;no&#8221;]Dies wird durch eine \u00e4u\u00dfere Schicht, eine Feuchtigkeitsbarriere und eine thermische Barriere erm\u00f6glicht, die aus einer oder mehreren Schichten besteht.<\/p>\n<p>Die Kleidungsst\u00fccke m\u00fcssen mit einer Vorrichtung versehen sein, mit der die Feuchtigkeitsbarriere und die W\u00e4rmebarriere an der Au\u00dfenh\u00fclle befestigt werden k\u00f6nnen.<\/p>\n<p>Verschlusssysteme (Jacke, Hosenschlitz, Hose) m\u00fcssen so gefertigt sein, dass sie einen thermischen und kontinuierlichen Feuchtigkeitsschutz bieten. Das Kleidungsst\u00fcck muss aus N\u00e4hgarn hergestellt werden, das von Natur aus schwer entflammbar ist (Schmelztemperatur &gt; = 260 \u00b0C (500 \u00b0F).[\/vc_column_text][\/vc_tta_section][vc_tta_section title=&#8221;BESONDERE ANFORDERUNGEN F\u00dcR DIE PR\u00dcFUNG VON SCHUTZKLEIDUNG&#8221; tab_id=&#8221;1685522925803-967944e9-6499&#8243;][vc_column_text woodmart_inline=&#8221;no&#8221; text_larger=&#8221;no&#8221;]<\/p>\n<ul>\n<li>Die Proben werden nach 5 Wasch- und Trocknungszyklen gem\u00e4\u00df AATCC 135 Zyklus Maschine 1, Waschtemperatur V und konditioniert gem\u00e4\u00df ASTM D1776\/D1776M (21 \u00b0C\u00b13 \u00b0C, 65 %\u00b15 % relative Luftfeuchtigkeit) f\u00fcr 24 Stunden analysiert und innerhalb von 5 Minuten nach der Konditionierung analysiert.<\/li>\n<li><u>Burst<\/u>: 10 konditionierte Proben, Assay nach ASTM D6797<\/li>\n<li><u>Test der Wasserabsorptionsbest\u00e4ndigkeit<\/u>: 3 Proben; Test gem\u00e4\u00df AATCC 42 Volumen Wasser aus 500 ml bei 27 \u00b0C +\/-1 \u00b0C (80 \u00b0F +\/- 2 \u00b0F), das \u00fcber die Probe gegossen wird. PWA-Wasseraufnahme in % berechnet<\/li>\n<li><u>Test der <\/u>5 Proben; Test nach Methode 5512 (25psi)<\/li>\n<li><u>Best\u00e4ndigkeit gegen das Eindringen von Fl\u00fcssigkeiten<\/u>: Test auf Textilien und N\u00e4hen. 3 Proben, konditioniert bei 21\u00baC +\/-3\u00baC (70\u00baF) und einer relativen Luftfeuchtigkeit von 65% +\/-5% f\u00fcr 4 Stunden. Pr\u00fcfung nach ASTM F903. Jede Fl\u00fcssigkeit sollte gegen jede Probe separat getestet werden: AFFF 3 % w\u00e4ssriger filmbildender Schaum, 37 % Batteries\u00e4ure, feuerfeste Hydraulikfl\u00fcssigkeit auf Phosphatesterbasis, die 50-80 % Tributylphosphat enth\u00e4lt, Ersatzbenzin (ASTM D471), Chlorierungschemikalie f\u00fcr Schwimmb\u00e4der mindestens 65 % freies Chlor, Frostschutzmittel f\u00fcr Kraftfahrzeuge (Ethylenglykol 90 %) Die normale Au\u00dfenfl\u00e4che des Materials sollte der Fl\u00fcssigkeit entsprechend der Ausrichtung ausgesetzt werden des Pfands.<\/li>\n<li><u>Testet die Anforderungen an die fluoreszierende Farbe (gelb, orange, rot). <\/u>3 Proben. Bestimmung des Retroreflexionskoeffizienten nach ASTM E809. Messen Sie die Farbe nach ASTM E991<\/li>\n<\/ul>\n<p>[\/vc_column_text][vc_single_image image=&#8221;17637&#8243; img_size=&#8221;FULL&#8221; parallax_scroll=&#8221;no&#8221; woodmart_inline=&#8221;no&#8221;][vc_column_text woodmart_inline=&#8221;no&#8221; text_larger=&#8221;no&#8221;]<\/p>\n<ul>\n<li><u>Fl\u00fcssigkeitspenetrationstest in Outfits und kompletten Kleidungsst\u00fccken<\/u>; Anwendbar auf Schutzkleidung, Kittel mit Schnittstelle, Kleidungsst\u00fccke, Handschuhe oder Hosen mit integrierten Stiefeletten oder komplette Sets.<\/li>\n<\/ul>\n<p>3 Getestet und an die Schaufensterpuppe angepasst (Brustumfang, Taillen- und Schrittl\u00e4nge). Test nach ASTM F1359\/F1359M mit Wasseroberfl\u00e4chenspannung von 35 dyn\/cm +\/-; Schaufensterpuppe in vertikaler Position, Arme und Beine gestreckt. Verfahren B: 10 min mit 2,5 min in jeder der 4 Orientierungen. Eine der 3 Proben darf in einem Bereich von nicht mehr als 20 cm2 (3,1 Zoll) auf das Kleidungsst\u00fcck auslaufen<\/p>\n<ul>\n<li><u>Rei\u00dffestigkeitstest<\/u>: Konditionieren Sie Kleidungsst\u00fccke 10 Zyklen und analysieren Sie sie gem\u00e4\u00df ASTM D5034<\/li>\n<li><u>Leitf\u00e4higkeits- und Drucktemperaturbest\u00e4ndigkeitstest (CCHR):<\/u> Proben von Verbindungen, die f\u00fcr alle Schichten des Schulter- und Kniebereichs repr\u00e4sentativ sind, die in der Kleidung verwendet werden. 6 konditionierte Proben. Test gem\u00e4\u00df ASTM F1060 bei 280 \u00b0C +\/-3 \u00b0C (536 \u00b0F) t0: Sensor und Probe in direktem Kontakt mit der Expositionsoberfl\u00e4che.<\/li>\n<\/ul>\n<p>Bestimmen Sie die Zeit, bis eine Verbrennung 2. Grades oder t&gt;= 25 Sekunden auftritt.<\/p>\n<ul>\n<li><u>Nassbiegetest<\/u>; Anwendbar auf die Au\u00dfenmaterialien des Kleidungsst\u00fccks, 5 Proben, die 15 Minuten lang in Wasser bei 60 \u00b0C +\/-3 \u00b0C (140 \u00b0F) getaucht wurden. Nach dem Platzieren der nassen Proben zwischen L\u00f6schpapier mit einem Gewicht von 4,5 kg (10 lb) wird eine 125 mm lange Stahlstange mit einem Durchmesser von 75 mm f\u00fcr vier Zyklen und 8 Durchg\u00e4nge \u00fcber die Probe gerollt. Die Probe wird bei einer Spannung von 13,5 N bis 15,75 N in die Biegevorrichtung eingebracht.<\/li>\n<li><u>Adh\u00e4sionspr\u00fcfung nach dem Nassbiegen<\/u>. Zum Einsatz kommen Nassbiegepr\u00fcfmuster. Sie sind nach ASTM D5034 gepr\u00fcft.<\/li>\n<li><u>Biegetest bei niedriger Temperatur<\/u> f\u00fcr Shell-Materialien der Oberbekleidung, 5 Proben. 4-st\u00fcndige Konditionierung bei -32\u00baCF (-25\u00baF). Die Probe wird auf eine Schablone gelegt, die sich in weniger als 3 Sekunden schlie\u00dft, so dass sie auf den Kopf gestellt wird.<\/li>\n<li><u>Test der Best\u00e4ndigkeit gegen hohe Temperaturen<\/u> f\u00fcr Shell-Materialien der Oberbekleidung gem\u00e4\u00df Methode 5872<\/li>\n<li><u>Pr\u00fcfung der Best\u00e4ndigkeit gegen leichte Degradation <\/u>gem\u00e4\u00df ASTM G155. Die Proben werden konditioniert und 40 Stunden lang ununterbrochen Licht ausgesetzt. Sie werden entfernt und 4 Stunden lang bei 21 \u00b0C +\/-3 (70 \u00b0F) und 65 % +\/- 5 % relativer Luftfeuchtigkeit konditioniert.<\/li>\n<li><u>Interner Partikellecktest f\u00fcr Fl\u00fcssigkeits- und Partikelschutzbaugruppen<\/u>; 3 Proben. Der Test wird in einer ausreichend gro\u00dfen Kammer mit einem stabilen Luftstrom durchgef\u00fchrt, der auf den Probanden gerichtet ist. Das verwendete Aerosol wird eine Kombination aus Kiesels\u00e4ure 50%, Tetraethylenglykol 42%, Uranin 6% und <span style=\"text-decoration: line-through;\">6&amp;<\/span>Tinopal 2% sein. Visuelle Inspektion mit Schwarzlicht mit einer Wellenl\u00e4nge von 365 nm. Eine 35-mm-Kamera oder eine gleichwertige Kamera wird verwendet, um unter ultraviolettem Licht vor und nach der Belichtung des Aerosols zu fotografieren.<\/li>\n<li><u>Pr\u00fcfung der \u00fcbertragenen und gespeicherten W\u00e4rmeenergie f\u00fcr Kleidungs\u00e4rmel.<\/u>Test nach F2731 mit einer Belichtungszeit von 120 Sekunden. Die Zeit bis zur Verbrennung 2. Grades wird berechnet<\/li>\n<li><u>Flammbest\u00e4ndigkeitspr\u00fcfung nach ASTM D6413\/D6413M<\/u>, vertikale Pr\u00fcfung im Originalzustand und nach 5 Waschg\u00e4ngen. Wir haben die F\u00e4higkeit untersucht, die angewendete Flamme nach dem Entfernen 12 Sekunden lang selbst zu l\u00f6schen. Auch die verkohlte L\u00e4nge des Materials nach Flammeneinwirkung wird gemessen. Die Verbindungen werden einzeln getestet. Wir haben die Leichtigkeit der Z\u00fcndung und die Verkohlungseigenschaften beobachtet und festgestellt. Diese L\u00e4nge darf 100 mm nicht \u00fcberschreiten und darf 2 Sekunden nach der Entnahme keine Restflamme aufweisen und darf nicht schmelzen.<\/li>\n<li><u>Leistungstest f\u00fcr den W\u00e4rmeschutz (TPP).<\/u> Nach ISO 17492. 3 Proben vor und nach dem Waschen 5 Zyklen. Wenn ein einzelnes Ergebnis um mehr als 8 % vom Mittelwert abweicht, werden die Ergebnisse verworfen und der Test wiederholt.<\/li>\n<li><u>Pr\u00fcfung der W\u00e4rme- und W\u00e4rmeschrumpfbest\u00e4ndigkeit gem\u00e4\u00df <\/u><u>ASTMF2894\/F2894M<\/u><u>.<\/u> Urspr\u00fcnglicher Test und nach 5 Zyklen Vorbehandlung. Der Stoff wird 5 Minuten lang in einem Ofen bei 260 \u00b0C (500 \u00b0F) Hitze ausgesetzt. Die thermische Kontraktion des Gewebes nach Einwirkung hoher Temperaturen wird bewertet. Eine Kontraktion &gt; 10 % ist nicht g\u00fcltig. Ein \u00fcberm\u00e4\u00dfiger Schrumpf kann die Beweglichkeit des Feuerwehrmanns beeintr\u00e4chtigen und die isolierenden Eigenschaften des Kleidungsst\u00fccks beeintr\u00e4chtigen.<\/li>\n<li>ASTM D5587 Rei\u00dffestigkeitspr\u00fcfung durch trapezf\u00f6rmiges Verfahren im Original und nach 5 Waschzyklen. Der Test misst die Kraft (in Newton), die erforderlich ist, um einen bereits bestehenden Riss fortzusetzen.<\/li>\n<li><u>Virendurchdringungswiderstandstest gem\u00e4\u00df ASTM F1671\/F1671M<\/u> zum Schutz vor durch Blut \u00fcbertragbaren Krankheitserregern mit Phi-X-174. Bewertet die F\u00e4higkeit von Feuchtigkeitsbarrieregewebe und N\u00e4hten, den Kontakt von Krankheitserregern mit dem Feuerwehrmann zu verhindern. Jeder Hinweis auf eine Viruspassage durch das Gewebe stellt ein Versagen dar<span style=\"text-decoration: line-through;\">.<\/span><\/li>\n<li><u>Test des Gesamtw\u00e4rmeverlusts (THL)<\/u> gem\u00e4\u00df ASTM F1868<span style=\"text-decoration: line-through;\">, <\/span>Mindestens 3 Proben werden auf einer hei\u00dfen Schwei\u00dfplatte analysiert, um die W\u00e4rme\u00fcbertragung unter nassen Bedingungen und die W\u00e4rmebest\u00e4ndigkeit unter trockenen Bedingungen zu bewerten. Der intrinsische W\u00e4rmewiderstand (Rcf), der intrinsische scheinbare Widerstand der Verdunstung (ARcf) und der Gesamtzugverlust (Qt) werden berechnet<\/li>\n<li><u>Reinigung der Schrumpffestigkeit nach AATCC 135<\/u>. 3 Proben von jedem Material. Bei mehrlagigem Gewebe wird jede Schicht separat analysiert. Es wird die prozentuale Schrumpfung nach dem Waschen berechnet.<\/li>\n<li><u>Leistungstest f\u00fcr Strahlungsschutz<\/u>: Zur Anwendung auf die Materialien der \u00e4u\u00dferen Schicht von Kleidungsst\u00fccken, Materialien f\u00fcr \u00e4u\u00dfere Handschuhe, Gesichtsschutzschilde f\u00fcr Helme, \u00e4u\u00dfere Helmabdeckungen und Helmprotektoren. 5 Proben, konditioniert nach ASTM D4157. Pr\u00fcfverfahren nach ASTM F1939<\/li>\n<\/ul>\n<p>[\/vc_column_text][\/vc_tta_section][\/vc_tta_tabs][\/vc_column][\/vc_row]<\/p>\n<\/section>","protected":false},"excerpt":{"rendered":"<p><strong>Strukturelle und r\u00e4umliche Brandbek\u00e4mpfungsschutzbaugruppen<\/strong><\/p>\n","protected":false},"featured_media":0,"comment_status":"open","ping_status":"closed","template":"","meta":{"_mi_skip_tracking":false,"_monsterinsights_sitenote_active":false,"_monsterinsights_sitenote_note":"","_monsterinsights_sitenote_category":0},"product_cat":[885],"product_tag":[],"class_list":["post-13587","product","type-product","status-publish","hentry","product_cat-normativ"],"acf":[],"_links":{"self":[{"href":"https:\/\/lenard.tech\/de\/wp-json\/wp\/v2\/product\/13587","targetHints":{"allow":["GET"]}}],"collection":[{"href":"https:\/\/lenard.tech\/de\/wp-json\/wp\/v2\/product"}],"about":[{"href":"https:\/\/lenard.tech\/de\/wp-json\/wp\/v2\/types\/product"}],"replies":[{"embeddable":true,"href":"https:\/\/lenard.tech\/de\/wp-json\/wp\/v2\/comments?post=13587"}],"wp:attachment":[{"href":"https:\/\/lenard.tech\/de\/wp-json\/wp\/v2\/media?parent=13587"}],"wp:term":[{"taxonomy":"product_cat","embeddable":true,"href":"https:\/\/lenard.tech\/de\/wp-json\/wp\/v2\/product_cat?post=13587"},{"taxonomy":"product_tag","embeddable":true,"href":"https:\/\/lenard.tech\/de\/wp-json\/wp\/v2\/product_tag?post=13587"}],"curies":[{"name":"wp","href":"https:\/\/api.w.org\/{rel}","templated":true}]}}