
{"id":16179,"date":"2024-12-17T07:54:17","date_gmt":"2024-12-17T07:54:17","guid":{"rendered":"https:\/\/lenard.tech\/?post_type=product&#038;p=16179"},"modified":"2026-03-12T11:23:13","modified_gmt":"2026-03-12T11:23:13","slug":"une-en-iso-50772008-errantum-2008","status":"publish","type":"product","link":"https:\/\/lenard.tech\/de\/producto\/une-en-iso-50772008-errantum-2008\/","title":{"rendered":"UNE-EN ISO 5077:2008 Errantum: 2008"},"content":{"rendered":"<section class=\"wpb-content-wrapper\"><p>[vc_row woodmart_css_id=&#8221;64770fff47a07&#8243; responsive_spacing=&#8221;eyJwYXJhbV90eXBlIjoid29vZG1hcnRfcmVzcG9uc2l2ZV9zcGFjaW5nIiwic2VsZWN0b3JfaWQiOiI2NDc3MGZmZjQ3YTA3Iiwic2hvcnRjb2RlIjoidmNfcm93IiwiZGF0YSI6eyJ0YWJsZXQiOnt9LCJtb2JpbGUiOnt9fX0=&#8221; mobile_bg_img_hidden=&#8221;no&#8221; tablet_bg_img_hidden=&#8221;no&#8221; woodmart_parallax=&#8221;0&#8243; woodmart_gradient_switch=&#8221;no&#8221; woodmart_box_shadow=&#8221;no&#8221; wd_z_index=&#8221;no&#8221; woodmart_disable_overflow=&#8221;0&#8243; row_reverse_mobile=&#8221;0&#8243; row_reverse_tablet=&#8221;0&#8243;][vc_column][vc_column_text woodmart_inline=&#8221;no&#8221; text_larger=&#8221;no&#8221;]<\/p>\n<p id=\"tw-target-text\" class=\"tw-data-text tw-text-large tw-ta\" dir=\"ltr\" tabindex=\"-1\" role=\"text\" data-placeholder=\"Traducci\u00f3n\" data-ved=\"2ahUKEwihwMmotpKTAxWQa0EAHTh7JOYQ3ewLegQIDBAV\" aria-label=\"Texto traducido: TEXTILIEN. BESTIMMUNG VON DIMENSIONSVER\u00c4NDERUNGEN BEIM WASCHEN UND TROCKNEN\"><span class=\"Y2IQFc\" lang=\"de\">TEXTILIEN. BESTIMMUNG VON DIMENSIONSVER\u00c4NDERUNGEN BEIM WASCHEN UND TROCKNEN<\/span><\/p>\n<p>[\/vc_column_text][\/vc_column][\/vc_row][vc_row][vc_column][vc_tta_tabs title_tag=&#8221;h3&#8243; section_title_tag=&#8221;h3&#8243; style=&#8221;modern&#8221; color=&#8221;white&#8221; active_section=&#8221;1&#8243; no_fill_content_area=&#8221;true&#8221;][vc_tta_section title=&#8221;OBJEKT&#8221; tab_id=&#8221;1685522856905-7d802a20-a20a&#8221; el_class=&#8221;Bold&#8221;][vc_column_text woodmart_inline=&#8221;no&#8221; text_larger=&#8221;no&#8221;]Dieser Standard legt eine Methode zur Bestimmung der Ma\u00dfvariationen von Stoffen, Kleidungsst\u00fccken und anderen Textilartikeln fest, die Wasch- und Trocknungsverfahren unterzogen werden. F\u00fcr Textilartikel und verformbare Materialien sollten Sie bei der Interpretation der Ergebnisse alle Vorsichtsma\u00dfnahmen treffen.[\/vc_column_text][\/vc_tta_section][vc_tta_section title=&#8221;MATERIALIEN UND AUSR\u00dcSTUNG&#8221; tab_id=&#8221;1685522856916-22531c7c-aaf1&#8243;][vc_column_text woodmart_inline=&#8221;no&#8221; text_larger=&#8221;no&#8221;]Die notwendigen Ger\u00e4te und Reagenzien sind in ISO 3759 und ISO 6330 festgelegt[\/vc_column_text][\/vc_tta_section][vc_tta_section title=&#8221;VERFAHREN UND ERGEBNISSE&#8221; tab_id=&#8221;1685522905490-667bc0bb-5e1a&#8221;][vc_column_text woodmart_inline=&#8221;no&#8221; text_larger=&#8221;no&#8221;]Die Pr\u00fcfprobe wird gem\u00e4\u00df den ISO-3759-Spezifikationen vorbereitet. Wenn m\u00f6glich, sollten aus jeder Probe 3 Proben verwendet werden. Wenn du nicht genug Probe hast, mach ein oder zwei.<\/p>\n<p>-Proben konditionieren und messen gem\u00e4\u00df ISO 139 und ISO 3759. Bestimmen Sie korrekt die Anfangsl\u00e4nge und -breite der Proben (X<sub>0<\/sub>).<\/p>\n<p>-Waschen und trocknen Sie Proben gem\u00e4\u00df ISO 6330<\/p>\n<p>&#8211; Nach dem Waschen und Trocknen, Konditionieren und Messen der Proben zur Berechnung der Ma\u00dfvariation gem\u00e4\u00df ISO 3759 (X<sub>t<\/sub>).<\/p>\n<p>ERGEBNISSE:<\/p>\n<p>Berechnung der Dimensionsvariation:<\/p>\n<p><a href=\"https:\/\/lenard.tech\/wp-content\/uploads\/2024\/12\/Screenshot_6.png\"><img loading=\"lazy\" decoding=\"async\" class=\"alignnone size-full wp-image-19646\" src=\"https:\/\/lenard.tech\/wp-content\/uploads\/2024\/12\/Screenshot_6.png\" alt=\"\" width=\"270\" height=\"47\" srcset=\"https:\/\/lenard.tech\/wp-content\/uploads\/2024\/12\/Screenshot_6.png 270w, https:\/\/lenard.tech\/wp-content\/uploads\/2024\/12\/Screenshot_6-150x26.png 150w\" sizes=\"auto, (max-width: 270px) 100vw, 270px\" \/><\/a><\/p>\n<p>Die Ergebnisse werden mit einer Ann\u00e4herung von 0,5 % angegeben und zeigen an, ob die Dimension durch die Vorzeichen &#8220;-&#8221; oder &#8220;+&#8221; geschrumpft oder zugenommen hat.[\/vc_column_text][\/vc_tta_section][\/vc_tta_tabs][\/vc_column][\/vc_row]<\/p>\n<\/section>","protected":false},"excerpt":{"rendered":"<p id=\"tw-target-text\" class=\"tw-data-text tw-text-large tw-ta\" dir=\"ltr\" tabindex=\"-1\" role=\"text\" data-placeholder=\"Traducci\u00f3n\" data-ved=\"2ahUKEwihwMmotpKTAxWQa0EAHTh7JOYQ3ewLegQIDBAV\" aria-label=\"Texto traducido: TEXTILIEN. BESTIMMUNG VON DIMENSIONSVER\u00c4NDERUNGEN BEIM WASCHEN UND TROCKNEN\"><span class=\"Y2IQFc\" lang=\"de\">TEXTILIEN. BESTIMMUNG VON DIMENSIONSVER\u00c4NDERUNGEN BEIM WASCHEN UND TROCKNEN<\/span><\/p>\n","protected":false},"featured_media":0,"comment_status":"open","ping_status":"closed","template":"","meta":{"_mi_skip_tracking":false,"_monsterinsights_sitenote_active":false,"_monsterinsights_sitenote_note":"","_monsterinsights_sitenote_category":0},"product_cat":[885],"product_tag":[3722],"class_list":["post-16179","product","type-product","status-publish","hentry","product_cat-normativ","product_tag-lenard-de"],"acf":[],"_links":{"self":[{"href":"https:\/\/lenard.tech\/de\/wp-json\/wp\/v2\/product\/16179","targetHints":{"allow":["GET"]}}],"collection":[{"href":"https:\/\/lenard.tech\/de\/wp-json\/wp\/v2\/product"}],"about":[{"href":"https:\/\/lenard.tech\/de\/wp-json\/wp\/v2\/types\/product"}],"replies":[{"embeddable":true,"href":"https:\/\/lenard.tech\/de\/wp-json\/wp\/v2\/comments?post=16179"}],"wp:attachment":[{"href":"https:\/\/lenard.tech\/de\/wp-json\/wp\/v2\/media?parent=16179"}],"wp:term":[{"taxonomy":"product_cat","embeddable":true,"href":"https:\/\/lenard.tech\/de\/wp-json\/wp\/v2\/product_cat?post=16179"},{"taxonomy":"product_tag","embeddable":true,"href":"https:\/\/lenard.tech\/de\/wp-json\/wp\/v2\/product_tag?post=16179"}],"curies":[{"name":"wp","href":"https:\/\/api.w.org\/{rel}","templated":true}]}}