
{"id":16271,"date":"2025-01-14T11:36:03","date_gmt":"2025-01-14T11:36:03","guid":{"rendered":"https:\/\/lenard.tech\/?post_type=product&#038;p=16271"},"modified":"2025-01-14T11:52:32","modified_gmt":"2025-01-14T11:52:32","slug":"une-en-61482-1-22014","status":"publish","type":"product","link":"https:\/\/lenard.tech\/de\/producto\/une-en-61482-1-22014\/","title":{"rendered":"UNE-EN 61482-1-2:2014"},"content":{"rendered":"<section class=\"wpb-content-wrapper\"><p>[vc_row][vc_column][vc_column_text woodmart_inline=&#8221;no&#8221; text_larger=&#8221;no&#8221;]SCHUTZKLEIDUNG GEGEN LICHTBOGEN[\/vc_column_text][\/vc_column][\/vc_row][vc_row][vc_column][vc_tta_tabs][vc_tta_section title=&#8221; ANWENDUNG: &#8221; tab_id=&#8221;1686221073399-e88b523d-20e2&#8243;][vc_column_text woodmart_inline=&#8221;no&#8221; text_larger=&#8221;no&#8221;]Dieser Teil der Norm gibt das Verfahren zur Pr\u00fcfung von hitze- und schwer entflammbaren Materialien und Kleidungsst\u00fccken an, wenn die Gefahr eines Lichtbogens mit einem begrenzten und gerichteten Lichtbogen besteht, um das Material und die Kleidung in 2 in der EN 61482-1-1 vorgeschriebene Schutzklassen einzuteilen.[\/vc_column_text][\/vc_tta_section][vc_tta_section title=&#8221;DEFINITIONEN:&#8221; tab_id=&#8221;1686221073407-ddcbeaca-bfce&#8221;][vc_column_text woodmart_inline=&#8221;no&#8221; text_larger=&#8221;no&#8221;]-Lichtbogenintensit\u00e4t Iarc: Tats\u00e4chlicher Strom, der w\u00e4hrend der Dauer des Lichtbogens durch den Stromkreis flie\u00dft, ausgedr\u00fcckt in effektivem kA.<\/p>\n<p>-Lichtbogenenergie Warc: Die Summe der momentanen Lichtbogenspannung multipliziert mit der momentanen Lichtbogenintensit\u00e4t multipliziert mit den Zeitschritten der Lichtbogendauer, ausgedr\u00fcckt in kJ oder kW\u03b7s.<\/p>\n<p>-Lichtbogenintervall: Abstand zwischen den Lichtbogenelektroden<\/p>\n<p>-Thermischer Schutz gegen Lichtb\u00f6gen: Bei Kleidung wird die thermische Leistung des Lichtbogens durch Bewertung der Brenndauer, der Lochbildung, des Schmelzens und des Betriebs von Befestigungselementen und Zubeh\u00f6r ermittelt.<\/p>\n<p>&#8211; Lichtbogenspannung: ausgedr\u00fcckt in V.<\/p>\n<p>-Spitzen-Delta-Temperatur \u0394Tp: Die Differenz zwischen der Maximaltemperatur und der Anfangstemperatur des Sensors w\u00e4hrend der Expositionszeit, ausgedr\u00fcckt in \u00baC.<\/p>\n<p>-Einfallsenergie der direkten Exposition, Ei0: Thermische oder einfallende Energie, die von einem Kalorimeter empfangen wird und vom Lichtbogen emittiert wurde, ausgedr\u00fcckt in kJ\/m2 oder kW\u00b7s\/m2 (cal\/cm2).<\/p>\n<p>-Lichtbogen: Gasleitung, bei der Elektronen den Gro\u00dfteil der Ladungstr\u00e4ger ausmachen, die durch prim\u00e4re elektronische Emission erzeugt werden.<\/p>\n<p>-W\u00e4rmestrom: Dies ist die \u00fcbertragene Energiemenge pro Fl\u00e4cheneinheit und Zeit, ausgedr\u00fcckt in kW\/m2.<\/p>\n<p>-Einfallsenergie, Ei: Gesamtw\u00e4rme pro Fl\u00e4cheneinheit infolge eines Lichtbogens, ausgedr\u00fcckt in kJ\/m2 oder kW\u03b7s\/m2 (cal\/cm2).<\/p>\n<p>-Erwarteter Kurzschlussstrom: Der erwartete Strom, der flie\u00dft, wenn die Lichtbogenelektroden durch einen Leiter verbunden sind, ausgedr\u00fcckt in kA rms.<\/p>\n<p>-Stoll-Kurve: Dies ist ein empirisches Modell, das Verbrennungen 2. Grades der Haut vorhersagt, indem es die Menge an W\u00e4rmeenergie, die auf das Humelgewebe \u00fcbertragen wird, mit der Expositionszeit in Beziehung setzt.<\/p>\n<p>-Pr\u00fcfstrom, Klasse I: Erwarteter Kurzschlussstrom, ausgedr\u00fcckt in kA rms.<\/p>\n<p>-Zeit bis zur maximalen Delta-Temperatur, tmax: Zeit in Sekunden vom Beginn der Lichtbogeninitiierung bis zum Erreichen der maximalen Delta-Temperatur.<\/p>\n<p>-\u00dcbertragene Energie, Eit: Einfallende Energie, die ein Kalorimeter w\u00e4hrend der Pr\u00fcfung von Kleidung oder Materialien empf\u00e4ngt, ausgedr\u00fcckt in kJ\/m2 oder kW\u03b7s\/m2 (cal\/cm2).[\/vc_column_text][\/vc_tta_section][vc_tta_section title=&#8221;MATERIELLES VERFAHREN:&#8221; tab_id=&#8221;1686221108251-6d53561e-8320&#8243;][vc_column_text woodmart_inline=&#8221;no&#8221; text_larger=&#8221;no&#8221;]<\/p>\n<ul>\n<li>Gemessen wird die Menge an W\u00e4rmeenergie, die von flachen Materialien w\u00e4hrend und nach der Einwirkung von Lichtb\u00f6gen \u00fcbertragen wird.Diese Daten werden verwendet, um die H\u00e4ufigkeit von Verbrennungen zweiten Grades anhand der Stoll-Kurve zu beurteilen.\n<p>Der Abstand zwischen der Elektrode und der Pr\u00fcfplatte sollte 300 \u00b1 5 mm betragen, und der Abstand zwischen den Elektroden sollte 30 \u00b1 1 mm betragen.<\/p>\n<p>Die Pr\u00fcfplatte muss aus 400 x 400 \u00b1 10 mm hitzebest\u00e4ndigem, nicht leitendem Material mit einer Mindestdicke von 10 mm bestehen.<\/p>\n<p>Die zu pr\u00fcfende Probe hat einen Querschnitt von 500 mm \u00b1 10 mm und einen Querschnitt von 500 \u00b1 10 mm, abh\u00e4ngig von der L\u00e4nge und Breite des Materials. Es werden 4 Proben analysiert. Erf\u00fcllt eine von ihnen die Akzeptanzkriterien nicht, wird eine f\u00fcnfte Probe getestet. Es d\u00fcrfen nicht mehr als 5 Proben entnommen werden.<\/p>\n<p>Die Proben sollten durch Vorreinigung gem\u00e4\u00df den Anweisungen des Herstellers oder durch 5 Wasch- und Trockeng\u00e4nge vorbehandelt werden. Anschlie\u00dfend m\u00fcssen sie mindestens 24 Stunden lang bei 18 bis 28 \u00baC mit einer relativen Luftfeuchtigkeit von 45 bis 75 % verpackt werden.<\/p>\n<p>Die Proben werden in einer flachen Position um die Testplatte gefaltet. Das Material wird an der R\u00fcckseite der Platte befestigt, um einen optimalen Kontakt mit der Platte zu gew\u00e4hrleisten, ohne dass Luft zwischen der Probe und dem Kalorimeter vorhanden ist.<\/li>\n<\/ul>\n<p>[\/vc_column_text][\/vc_tta_section][vc_tta_section title=&#8221;VERFAHREN F\u00dcR KLEIDUNG:&#8221; tab_id=&#8221;1686221117539-22b09637-2054&#8243;][vc_column_text woodmart_inline=&#8221;no&#8221; text_larger=&#8221;no&#8221;]<\/p>\n<ul>\n<li>W\u00e4rmestr\u00f6me werden in diesem Test nicht gemessen.Eine Pr\u00fcfpuppe sollte verwendet werden, um Kleidung mit einem Oberk\u00f6rper zu testen, und sollte so positioniert werden, dass der Mittelpunkt des Brustbeinbereichs horizontal und vertikal mit dem Elektrodenintervall ausgerichtet ist.\n<p>Der Abstand zwischen der Pr\u00fcfpuppe und der Elektrode sollte 300 \u00b1 5 mm betragen.<\/p>\n<p>Wenn der Test f\u00fcr das Ges\u00e4\u00df ist, kann ein Schnuller mit den H\u00fcften und Beinen verwendet werden, indem die Mitte des Elektrodenbereichs im Schritt verwendet wird.<\/p>\n<p>Wenn andere Teile der Kleidungsst\u00fccke von Interesse sind, k\u00f6nnen diese auf einer flachen Testplatte getestet werden.<\/p>\n<p>Die Schaltung muss in der Lage sein, eine nahezu konstante Quelle f\u00fcr Wechselspannung und Kurzschlussstrom bereitzustellen. F\u00fcr Wechselstrom sind 50 und 60 Hz zugelassen.<\/p>\n<p>Es muss ein Schmelzdraht verwendet werden, der mit den Enden der gegen\u00fcberliegenden Elektroden verbunden ist und w\u00e4hrend der Pr\u00fcfung verbraucht wird. Dieser Draht wird aus Kupfer mit einem maximalen Durchmesser von 0,5 mm hergestellt.<\/p>\n<p>Eigenschaften des Objektivs:<\/p>\n<p>-Pr\u00fcfspannung: 400 V \u00b1 5% AC<\/p>\n<p>-Pr\u00fcfstrom Iclass: f\u00fcr Klasse 1, 4 kA \u00b1 5 % und f\u00fcr Klasse 2, 7 kA \u00b1 5 %<\/p>\n<p>-Lichtbogendauer: 500ms \u00b1 5%<\/p>\n<p>-Frequenz: 50 \u00b1 0,1 Hz oder 60 \u00b1 0,12 Hz<\/p>\n<p>Die Abtastrate muss mindestens 5 kHz betragen<\/p>\n<p>Die Temperatur ist \u00fcber mindestens 5 ms pro Kanal f\u00fcr 30 s bei einer Aufl\u00f6sung von 0,1 \u00b0C zu messen.<\/p>\n<p>Das Kleidungsst\u00fcck sollte mit all seinen Standardeinschl\u00fcssen, Rei\u00dfverschl\u00fcssen und Taschen hergestellt werden. Dieses Kleidungsst\u00fcck wird gem\u00e4\u00df den Anweisungen des Herstellers auf der Grundlage standardisierter Verfahren vorbehandelt. Wenn keine Anweisungen angegeben sind, wird der Test nach 5 Wasch- und Trocknungszyklen durchgef\u00fchrt.<\/p>\n<p>Die Probe muss mindestens 24 Stunden lang bei einer Temperatur von 18 bis 28 \u00b0C und einer relativen Luftfeuchtigkeit zwischen 45 und 75 % konditioniert und innerhalb von 5 Minuten nach dem Verpacken getestet werden.<\/p>\n<p>Es wird mindestens 1 Exemplar eines Kleidungsst\u00fccks getestet. Zus\u00e4tzliche Proben werden ben\u00f6tigt, falls die Lichtbogenenergie w\u00e4hrend der Entladungen au\u00dferhalb des Bereichs liegt.<\/p>\n<p>Die Pr\u00fcfung ist bei einer Umgebungstemperatur zwischen 15 und 35 \u00b0C und einer relativen Luftfeuchtigkeit von 25 bis 75 % durchzuf\u00fchren.<\/li>\n<\/ul>\n<p>[\/vc_column_text][\/vc_tta_section][vc_tta_section title=&#8221;INTERPRETATION DER ERGEBNISSE:&#8221; tab_id=&#8221;1736855471811-e5a947b1-a9c2&#8243;][vc_column_text woodmart_inline=&#8221;no&#8221; text_larger=&#8221;no&#8221;]Einfallende Energie Ei: Diese wird berechnet, indem die Delta-Spitzentemperatur mit der Konstante 5,52 kJ\/m2 \u00baC des Kollektors multipliziert wird. Die einfallende Energie der direkten Exposition Ei0 und die 4 Werte der \u00fcbertragenen Energie Eit sind zu bestimmen, ebenso wie der Mittelwert der 4 Eit-Werte und ihr 95 %-Konfidenzintervall<\/p>\n<p>Reaktion des Sensors auf die Stoll-Kurve: Die Stoll-Kurve muss auf die Spur der 4 Wertepaare (Eit und Zeit bis zum Peak Delta tmax) und auch auf die Spur der 4 W\u00e4rmekurven Eit(t) der \u00fcbertragenen einfallenden Energie \u00fcberlagert werden.<\/p>\n<p>Nach dem Abk\u00fchlen der Proben wird eine Sichtpr\u00fcfung durchgef\u00fchrt.<\/p>\n<p>Der Test gilt als bestanden, wenn:<\/p>\n<p>-Das Material des Kleidungsst\u00fccks hat den Materialtest bestanden<\/p>\n<p>-Der Eingriff ist konform: Die Leuchtdauer betr\u00e4gt mindestens 5 s; Auf der Innenseite gibt es keine Verschmelzung; In der innersten Schicht gibt es keine L\u00f6cher, die gr\u00f6\u00dfer als 5 mm sind. Zubeh\u00f6r hat keinen negativen Einfluss auf die Ergebnisse.[\/vc_column_text][\/vc_tta_section][\/vc_tta_tabs][\/vc_column][\/vc_row]<\/p>\n<\/section>","protected":false},"excerpt":{"rendered":"<p><strong>SCHUTZKLEIDUNG. GEGEN DEN LICHTBOGEN. BOX-TEST<\/strong><\/p>\n","protected":false},"featured_media":0,"comment_status":"open","ping_status":"closed","template":"","meta":{"_mi_skip_tracking":false,"_monsterinsights_sitenote_active":false,"_monsterinsights_sitenote_note":"","_monsterinsights_sitenote_category":0},"product_cat":[885],"product_tag":[],"class_list":["post-16271","product","type-product","status-publish","hentry","product_cat-normativ"],"acf":[],"_links":{"self":[{"href":"https:\/\/lenard.tech\/de\/wp-json\/wp\/v2\/product\/16271","targetHints":{"allow":["GET"]}}],"collection":[{"href":"https:\/\/lenard.tech\/de\/wp-json\/wp\/v2\/product"}],"about":[{"href":"https:\/\/lenard.tech\/de\/wp-json\/wp\/v2\/types\/product"}],"replies":[{"embeddable":true,"href":"https:\/\/lenard.tech\/de\/wp-json\/wp\/v2\/comments?post=16271"}],"wp:attachment":[{"href":"https:\/\/lenard.tech\/de\/wp-json\/wp\/v2\/media?parent=16271"}],"wp:term":[{"taxonomy":"product_cat","embeddable":true,"href":"https:\/\/lenard.tech\/de\/wp-json\/wp\/v2\/product_cat?post=16271"},{"taxonomy":"product_tag","embeddable":true,"href":"https:\/\/lenard.tech\/de\/wp-json\/wp\/v2\/product_tag?post=16271"}],"curies":[{"name":"wp","href":"https:\/\/api.w.org\/{rel}","templated":true}]}}