
{"id":16855,"date":"2025-04-29T09:16:37","date_gmt":"2025-04-29T09:16:37","guid":{"rendered":"https:\/\/lenard.tech\/?post_type=product&#038;p=16855"},"modified":"2025-04-29T09:45:46","modified_gmt":"2025-04-29T09:45:46","slug":"une-en-8631996","status":"publish","type":"product","link":"https:\/\/lenard.tech\/de\/producto\/une-en-8631996\/","title":{"rendered":"UNE EN 863:1996"},"content":{"rendered":"<section class=\"wpb-content-wrapper\"><p>[vc_row woodmart_css_id=&#8221;64770fff47a07&#8243; responsive_spacing=&#8221;eyJwYXJhbV90eXBlIjoid29vZG1hcnRfcmVzcG9uc2l2ZV9zcGFjaW5nIiwic2VsZWN0b3JfaWQiOiI2NDc3MGZmZjQ3YTA3Iiwic2hvcnRjb2RlIjoidmNfcm93IiwiZGF0YSI6eyJ0YWJsZXQiOnt9LCJtb2JpbGUiOnt9fX0=&#8221; mobile_bg_img_hidden=&#8221;no&#8221; tablet_bg_img_hidden=&#8221;no&#8221; woodmart_parallax=&#8221;0&#8243; woodmart_gradient_switch=&#8221;no&#8221; woodmart_box_shadow=&#8221;no&#8221; wd_z_index=&#8221;no&#8221; woodmart_disable_overflow=&#8221;0&#8243; row_reverse_mobile=&#8221;0&#8243; row_reverse_tablet=&#8221;0&#8243;][vc_column][vc_column_text woodmart_inline=&#8221;no&#8221; text_larger=&#8221;no&#8221;]<strong>Schutzkleidung. Mechanische Eigenschaften. Pr\u00fcfmethode: Durchsto\u00dffestigkeit.<\/strong>[\/vc_column_text][\/vc_column][\/vc_row][vc_row][vc_column][vc_tta_tabs title_tag=&#8221;h3&#8243; section_title_tag=&#8221;h3&#8243; style=&#8221;modern&#8221; color=&#8221;white&#8221; active_section=&#8221;1&#8243; no_fill_content_area=&#8221;true&#8221;][vc_tta_section title=&#8221;DEFINITIONEN&#8221; tab_id=&#8221;1685522856916-22531c7c-aaf1&#8243;][vc_column_text woodmart_inline=&#8221;no&#8221; text_larger=&#8221;no&#8221;]Die Durchsto\u00dffestigkeit wird ausgedr\u00fcckt als die maximale Kraft, die erforderlich ist, um die Probe bei einer bestimmten Geschwindigkeit zu durchstechen.<\/p>\n<ul>\n<li>F\u00fcr die Untersuchung m\u00fcssen 4 Proben mit einem Mindestdurchmesser von 50 mm entnommen werden.<\/li>\n<li>Bei der Pr\u00fcfeinrichtung handelt es sich um die Zugpr\u00fcfmaschine Typ CRE nach EN 10002-2<\/li>\n<li>Der Pr\u00fcfstempel muss aus Stahl mit einer Mindesth\u00e4rte von 60 HRC und den in der Norm beschriebenen Abmessungen bestehen.<\/li>\n<li>Die Backen verhindern, dass die Probe w\u00e4hrend des Tests verrutscht. Sie m\u00fcssen aus zwei mindestens 10 mm dicken Flachstahlplatten mit einem Loch in der Mitte von 20 \u00b1 0,5 mm und 4 Befestigungsschrauben bestehen.<\/li>\n<li>Die Proben m\u00fcssen gem\u00e4\u00df ISO 2231 verpackt werden (Temperatur 20 \u00b1 2 \u00b0C und relative Luftfeuchtigkeit 65 \u00b1 5 %)<\/li>\n<\/ul>\n<p>[\/vc_column_text][\/vc_tta_section][vc_tta_section title=&#8221;VERFAHREN&#8221; tab_id=&#8221;1685524433844-5372b319-8d81&#8243;][vc_column_text woodmart_inline=&#8221;no&#8221; text_larger=&#8221;no&#8221;]<\/p>\n<ul>\n<li>Die Probe sollte zwischen den beiden Backen platziert werden, wobei die Au\u00dfenfl\u00e4che dem Stempel ausgesetzt ist.<\/li>\n<li>Ziehen Sie die Schrauben fest, um ein Verrutschen oder eine Verschlechterung der Probe zu verhindern.<\/li>\n<li>Legen Sie die Probe und die Backen auf die Pr\u00fcfmaschine.<\/li>\n<li>Schieben Sie den Stempel mit 100 \u00b1 10 mm\/min zur Probe vor. Gelingt es dem Stempel nach einer Bewegung von 25 mm nicht, die Probe zu durchdringen, gilt die Pr\u00fcfung als abgeschlossen.<\/li>\n<li>F\u00fcr jede Pr\u00fcfung ist die maximale Kraft (N) zum Durchstechen der Probe aufzuzeichnen.<\/li>\n<\/ul>\n<p>[\/vc_column_text][\/vc_tta_section][vc_tta_section title=&#8221;ERGEBNISSE&#8221; tab_id=&#8221;1686224745481-027602d2-0154&#8243;][vc_column_text woodmart_inline=&#8221;no&#8221; text_larger=&#8221;no&#8221;]Das arithmetische Mittel der maximalen Kraft, die in den 4 Proben (N) erreicht wurde, wird angezeigt.[\/vc_column_text][\/vc_tta_section][\/vc_tta_tabs][\/vc_column][\/vc_row]<\/p>\n<\/section>","protected":false},"excerpt":{"rendered":"<p><strong>PANNENFESTIGKEIT <\/strong><strong>OSTEN<\/strong><\/p>\n","protected":false},"featured_media":0,"comment_status":"open","ping_status":"closed","template":"","meta":{"_mi_skip_tracking":false,"_monsterinsights_sitenote_active":false,"_monsterinsights_sitenote_note":"","_monsterinsights_sitenote_category":0},"product_cat":[885],"product_tag":[3154,1670,2370],"class_list":["post-16855","product","type-product","status-publish","hentry","product_cat-normativ","product_tag-863-de","product_tag-perforacion-de","product_tag-alta-resistencia-de"],"acf":[],"_links":{"self":[{"href":"https:\/\/lenard.tech\/de\/wp-json\/wp\/v2\/product\/16855","targetHints":{"allow":["GET"]}}],"collection":[{"href":"https:\/\/lenard.tech\/de\/wp-json\/wp\/v2\/product"}],"about":[{"href":"https:\/\/lenard.tech\/de\/wp-json\/wp\/v2\/types\/product"}],"replies":[{"embeddable":true,"href":"https:\/\/lenard.tech\/de\/wp-json\/wp\/v2\/comments?post=16855"}],"wp:attachment":[{"href":"https:\/\/lenard.tech\/de\/wp-json\/wp\/v2\/media?parent=16855"}],"wp:term":[{"taxonomy":"product_cat","embeddable":true,"href":"https:\/\/lenard.tech\/de\/wp-json\/wp\/v2\/product_cat?post=16855"},{"taxonomy":"product_tag","embeddable":true,"href":"https:\/\/lenard.tech\/de\/wp-json\/wp\/v2\/product_tag?post=16855"}],"curies":[{"name":"wp","href":"https:\/\/api.w.org\/{rel}","templated":true}]}}